{"id":81,"date":"2008-02-27T16:16:00","date_gmt":"2008-02-27T15:16:00","guid":{"rendered":"https:\/\/www.diocesitn.it\/vitaconsacrata\/silenziosi-operai-della-croce\/"},"modified":"2017-12-04T11:26:16","modified_gmt":"2017-12-04T10:26:16","slug":"silenziosi-operai-della-croce","status":"publish","type":"page","link":"https:\/\/www.diocesitn.it\/vitaconsacrata\/associazioni-e-comunita\/silenziosi-operai-della-croce\/","title":{"rendered":"SILENZIOSI OPERAI DELLA CROCE"},"content":{"rendered":"<p><DIV><STRONG><FONT face=\"Geneva, Arial, Sans-serif\" color=\"#ff0000\" size=\"2\">Origine dell&#8217;Istituto<\/FONT><\/STRONG><\/DIV> <BLOCKQUOTE> <P align=\"justify\"><FONT face=\"Geneva, Arial, Sans-serif\" size=\"2\">Il fondatore dell&#8217;opera, Mons. Luigi Novarese, nato a Casale Monferrato il 29\/07\/1914, in seguito alla personale esperienza di malattia, avvert\u00ec la necessit\u00e0 di superarne il non senso e la conseguente deresponsabilizzazione. Avendo maturato fin dall&#8217;infanzia una tenera e filiale devozione alla Madre di Dio, caratterizz\u00f2 il suo intero cammino di crescita cristiana con un costante riferimento alla presenza ed all&#8217;azione della Vergine Santa. Tale dimensione mariana si espresse poi con evidenza nella fondazione delle opere in risposta alle richieste di preghiera e penitenza che caratterizzano le apparizioni di Lourdes e di Fatima.<\/FONT><\/P> <P align=\"justify\"><FONT face=\"Geneva, Arial, Sans-serif\" size=\"2\">In seguito alla propria guarigione miracolosa (1931) scopr\u00ec nella vocazione sacerdotale la via per offrire un sostegno pi\u00f9 radicale e decisivo agli ammalati, divenne sacerdote (1938) e prest\u00f2 il suo servizio nella Segreteria di Stato e diresse l&#8217;ufficio per l&#8217;assistenza spirituale ospedaliera presso la CEI. Mor\u00ec a Rocca Priora (Roma) il 20 luglio 1984.<\/FONT><\/P> <P align=\"justify\"><FONT face=\"Geneva, Arial, Sans-serif\" size=\"2\">Nel mese di maggio del 1943 mons. Luigi Novarese, in accordo e su esortazione dei propri superiori presso la Segreteria di Stato, delle origine alla &#8220;Lega Sacerdotale Mariana&#8221; con lo scopo, nel vincolo di Maria Ss.ma e della fraternit\u00e0 sacerdotale, di sovvenire alle necessit\u00e0 dei sacerdoti ammalati o comunque bisognosi.<\/FONT><\/P> <P align=\"justify\"><FONT face=\"Geneva, Arial, Sans-serif\" size=\"2\">Tale azione pastorale fu subito intesa come attuazione delle richieste rivolte dalla Vergine Santa a Lourdes e Fatima. Sulle medesime basi attuative l&#8217;attivit\u00e0 apostolica si estese anche ai laici (17 maggio 1947) con movimento dei &#8220;Volontari della Sofferenza&#8221; cui appartenevano persone ammalate. La Sorella Maggiore Elvira Myriam Psorulla coadiuv\u00f2 nel dare vita all&#8217;intera opera. nella fondazione si afferm\u00f2 con forza il pieno impegno battesimale nella persona sofferente, non solo &#8220;oggetto&#8221; di assistenza, ma &#8220;soggetto&#8221; di azione con uno specifico apostolato da svolgere a beneficio della chiesa e della societ\u00e0.<\/FONT><\/P> <P align=\"justify\"><FONT face=\"Geneva, Arial, Sans-serif\" size=\"2\">All&#8217;interno del movimento il fondatore avvert\u00ec in seguito la necessit\u00e0 di definire, col nome di Silenziosi Operai della Croce, un gruppo di persone che garantisse continuit\u00e0 all&#8217;opera assumendo ruoli direttivi, vivendo la radicalit\u00e0 della dedizione all&#8217;apostolato mediante la pratica dei consigli evangelici e la &#8220;consacrazione&#8221; alla Vergine Immacolata. Il 1 novembre 1950 fu deciso di dare inizio a tale gruppo, che in seguito si costitu\u00ec accogliendo persone ammalate o disabili che gi\u00e0 aderivano alla spiritualit\u00e0 dei &#8220;Volontari della Sofferenza&#8221;. Con atto pubblico notarile, 1 febbraio 1960, si qualific\u00f2 giuridicamente come &#8220;associazione&#8221;.<\/FONT><\/P> <P align=\"justify\"><FONT face=\"Geneva, Arial, Sans-serif\" size=\"2\">Il 16 febbraio 1960, i Silenziosi Operai della Croce ricevettero il decreto di approvazione diocesana, emanato dal vescovo di Ariano Irpino, mons. Pasquale Venezia. Il 6 novembre 1960, con decreto del Presidente della Repubblica, vi fu il riconoscimento della personalit\u00e0 giuridica civile. La Pia Unione dei Silenziosi Operai della Croce fu infine elevata al titolo di &#8220;Primaria&#8221;, con il breve apostolico &#8220;Valde probandae&#8221; il 24 novembre 1960.<\/FONT><\/P><\/BLOCKQUOTE> <P><STRONG><B><SPAN><A name=\"spirito\"><\/A><A href=\"\/AAinternet\/web_vitaconsacrata\/secolari\/vc_laici_silenziosioperaidellacroce.htm#inizio_pagina\"><\/A><FONT face=\"Geneva, Arial, Sans-serif\" color=\"#ff0000\" size=\"2\">Spirito dell&#8217;Istituto<\/FONT><\/SPAN><\/B><\/STRONG><\/P> <BLOCKQUOTE> <P align=\"justify\"><FONT face=\"Geneva, Arial, Sans-serif\" size=\"2\">Le richieste di preghiera e penitenza presentate dalla Vergine Santa a Lourdes e a Fatima, hanno ispirato e guidato il fondatore mons. Luigi Novarese nel dare vita all&#8217;Associazione. I Silenziosi Operai della Croce, mediante la pratica dei consigli evangelici, attuano tali richieste nella &#8220;totale dedizione al piano redentivo della Croce&#8221;.<\/FONT><\/P> <P align=\"justify\"><FONT face=\"Geneva, Arial, Sans-serif\" size=\"2\">L&#8217;appartenenza a Dio dei Silenziosi Operai della Croce si attua nell&#8217;unit\u00e0 interiore di mente, cuore ed azione, allo scopo di &#8220;realizzare il fine della tanto ricercata solitudine e del silenzio interiore&#8230; Dio diventa cos\u00ec l&#8217;unico ed esclusivo fine della propria esistenza: unico bene ricercato e posseduto, unico affetto che pienamente appaga le esigenze del cuore, unico motivo delle proprie azioni&#8230; La vita di un Silenzioso Operaio della Croce deve essere una proclamazione vissuta della forza e perenne necessit\u00e0 della Croce, che scorre sul binario tracciato e percorso da Ges\u00f9 Cristo in tutto l&#8217;arco della sua preziosissima esistenza fino alla morte di Croce, seguita poi dalla sua gloriosa risurrezione.<\/FONT><\/P> <P align=\"justify\"><FONT face=\"Geneva, Arial, Sans-serif\" size=\"2\">Nell&#8217;icona biblica di Maria ai piedi della croce i Silenziosi Operai della Croce contemplano la dimensione teologica e spirituale della propria missione di annuncio della salvezza e della speranza. Ges\u00f9 dalla croce rivela la nuova dimensione della maternit\u00e0 di Maria nell&#8217;economia della salvezza ed il primo compito dei discepoli nell&#8217;essere figli della Madre. 1 Silenziosi Operai della Croce si impegnano nella pratica dell&#8217;infanzia spirituale alla scuola dell&#8217;Immacolata imitando la personalit\u00e0 di Maria Santissima che confrontava dentro di s\u00e9 le parole di Dio per scorgere ed attuare sempre la volont\u00e0 divina.<\/FONT><\/P><\/BLOCKQUOTE> <P><STRONG><B><SPAN><A name=\"recapiti\"><\/A><\/SPAN><SPAN><A href=\"\/AAinternet\/web_vitaconsacrata\/secolari\/vc_laici_silenziosioperaidellacroce.htm#inizio_pagina\"><\/A><\/SPAN><SPAN><FONT face=\"Geneva, Arial, Sans-serif\" color=\"#ff0000\" size=\"2\">Recapiti<\/FONT><\/SPAN><\/B><\/STRONG><FONT face=\"Geneva, Arial, Sans-serif\" size=\"2\"> <\/FONT> <BLOCKQUOTE> <P><FONT face=\"Geneva, Arial, Sans-serif\" size=\"2\"><B>38062 ARCO &#8211; TN<BR><\/B><\/FONT><FONT face=\"Geneva, Arial, Sans-serif\" size=\"2\">Associazione Silenziosi Operai della Croce (Centro di Riabilitazione &#8220;Villa San Pietro&#8221;)\u00a0 <BR>via San Pietro,<BR><\/FONT><FONT face=\"Geneva, Arial, Sans-serif\" size=\"2\">tel. 0464\/516.789 fax 0464\/531.792<\/FONT><\/P><\/BLOCKQUOTE><\/p>\n","protected":false},"excerpt":{"rendered":"<p>Origine dell&#8217;Istituto Il fondatore dell&#8217;opera, Mons. Luigi Novarese, nato a Casale Monferrato il 29\/07\/1914, in seguito alla personale esperienza di malattia, avvert\u00ec la necessit\u00e0 di superarne il non senso e la conseguente deresponsabilizzazione. Avendo maturato<\/p>\n","protected":false},"author":2,"featured_media":0,"parent":76,"menu_order":4,"comment_status":"closed","ping_status":"closed","template":"","meta":{"footnotes":""},"class_list":["post-81","page","type-page","status-publish","hentry"],"acf":{"seed-localization-paese-cod":"IT","seed-localization-address":"","seed-localization-citta":"","seed-localization-regione-cod-istat":"04","seed-localization-citta-cod-istat":"","seed-localization-localita":"","seed-localization-cap":"","seed-localization-marker-visibility":false,"seed-localization-children-visibility":false,"seed-localization-kml":null,"seed-localization-custom-marker":null},"yoast_head":"<!-- This site is optimized with the Yoast SEO Premium plugin v20.2.1 (Yoast SEO v25.9) - https:\/\/yoast.com\/wordpress\/plugins\/seo\/ -->\n<title>SILENZIOSI OPERAI DELLA CROCE - Vita consacrata<\/title>\n<meta name=\"robots\" content=\"index, follow, max-snippet:-1, max-image-preview:large, max-video-preview:-1\" \/>\n<link rel=\"canonical\" href=\"https:\/\/www.diocesitn.it\/vitaconsacrata\/associazioni-e-comunita\/silenziosi-operai-della-croce\/\" \/>\n<meta property=\"og:locale\" content=\"it_IT\" \/>\n<meta property=\"og:type\" content=\"article\" \/>\n<meta property=\"og:title\" content=\"SILENZIOSI OPERAI DELLA CROCE\" \/>\n<meta property=\"og:description\" content=\"Origine dell&#8217;Istituto Il fondatore dell&#8217;opera, Mons. Luigi Novarese, nato a Casale Monferrato il 29\/07\/1914, in seguito alla personale esperienza di malattia, avvert\u00ec la necessit\u00e0 di superarne il non senso e la conseguente deresponsabilizzazione. Avendo maturato\" \/>\n<meta property=\"og:url\" content=\"https:\/\/www.diocesitn.it\/vitaconsacrata\/associazioni-e-comunita\/silenziosi-operai-della-croce\/\" \/>\n<meta property=\"og:site_name\" content=\"Vita consacrata\" \/>\n<meta property=\"article:modified_time\" content=\"2017-12-04T10:26:16+00:00\" \/>\n<meta name=\"twitter:card\" content=\"summary_large_image\" \/>\n<meta name=\"twitter:label1\" content=\"Tempo di lettura stimato\" \/>\n\t<meta name=\"twitter:data1\" content=\"3 minuti\" \/>\n<script type=\"application\/ld+json\" class=\"yoast-schema-graph\">{\"@context\":\"https:\/\/schema.org\",\"@graph\":[{\"@type\":\"WebPage\",\"@id\":\"https:\/\/www.diocesitn.it\/vitaconsacrata\/associazioni-e-comunita\/silenziosi-operai-della-croce\/\",\"url\":\"https:\/\/www.diocesitn.it\/vitaconsacrata\/associazioni-e-comunita\/silenziosi-operai-della-croce\/\",\"name\":\"SILENZIOSI OPERAI DELLA CROCE - Vita consacrata\",\"isPartOf\":{\"@id\":\"https:\/\/www.diocesitn.it\/vitaconsacrata\/#website\"},\"datePublished\":\"2008-02-27T15:16:00+00:00\",\"dateModified\":\"2017-12-04T10:26:16+00:00\",\"breadcrumb\":{\"@id\":\"https:\/\/www.diocesitn.it\/vitaconsacrata\/associazioni-e-comunita\/silenziosi-operai-della-croce\/#breadcrumb\"},\"inLanguage\":\"it-IT\",\"potentialAction\":[{\"@type\":\"ReadAction\",\"target\":[\"https:\/\/www.diocesitn.it\/vitaconsacrata\/associazioni-e-comunita\/silenziosi-operai-della-croce\/\"]}]},{\"@type\":\"BreadcrumbList\",\"@id\":\"https:\/\/www.diocesitn.it\/vitaconsacrata\/associazioni-e-comunita\/silenziosi-operai-della-croce\/#breadcrumb\",\"itemListElement\":[{\"@type\":\"ListItem\",\"position\":1,\"name\":\"Home\",\"item\":\"https:\/\/www.diocesitn.it\/vitaconsacrata\/\"},{\"@type\":\"ListItem\",\"position\":2,\"name\":\"ASSOCIAZIONI E COMUNIT\u00c0\",\"item\":\"https:\/\/www.diocesitn.it\/vitaconsacrata\/associazioni-e-comunita\/\"},{\"@type\":\"ListItem\",\"position\":3,\"name\":\"SILENZIOSI OPERAI DELLA CROCE\"}]},{\"@type\":\"WebSite\",\"@id\":\"https:\/\/www.diocesitn.it\/vitaconsacrata\/#website\",\"url\":\"https:\/\/www.diocesitn.it\/vitaconsacrata\/\",\"name\":\"Vita consacrata\",\"description\":\"Chiesa di TRENTO\",\"potentialAction\":[{\"@type\":\"SearchAction\",\"target\":{\"@type\":\"EntryPoint\",\"urlTemplate\":\"https:\/\/www.diocesitn.it\/vitaconsacrata\/?s={search_term_string}\"},\"query-input\":{\"@type\":\"PropertyValueSpecification\",\"valueRequired\":true,\"valueName\":\"search_term_string\"}}],\"inLanguage\":\"it-IT\"},{\"@type\":\"ImageObject\",\"inLanguage\":\"it-IT\",\"@id\":\"https:\/\/www.diocesitn.it\/vitaconsacrata\/associazioni-e-comunita\/silenziosi-operai-della-croce\/#local-main-organization-logo\",\"url\":\"\",\"contentUrl\":\"\",\"caption\":\"Vita consacrata\"}]}<\/script>\n<!-- \/ Yoast SEO Premium plugin. -->","yoast_head_json":{"title":"SILENZIOSI OPERAI DELLA CROCE - Vita consacrata","robots":{"index":"index","follow":"follow","max-snippet":"max-snippet:-1","max-image-preview":"max-image-preview:large","max-video-preview":"max-video-preview:-1"},"canonical":"https:\/\/www.diocesitn.it\/vitaconsacrata\/associazioni-e-comunita\/silenziosi-operai-della-croce\/","og_locale":"it_IT","og_type":"article","og_title":"SILENZIOSI OPERAI DELLA CROCE","og_description":"Origine dell&#8217;Istituto Il fondatore dell&#8217;opera, Mons. Luigi Novarese, nato a Casale Monferrato il 29\/07\/1914, in seguito alla personale esperienza di malattia, avvert\u00ec la necessit\u00e0 di superarne il non senso e la conseguente deresponsabilizzazione. Avendo maturato","og_url":"https:\/\/www.diocesitn.it\/vitaconsacrata\/associazioni-e-comunita\/silenziosi-operai-della-croce\/","og_site_name":"Vita consacrata","article_modified_time":"2017-12-04T10:26:16+00:00","twitter_card":"summary_large_image","twitter_misc":{"Tempo di lettura stimato":"3 minuti"},"schema":{"@context":"https:\/\/schema.org","@graph":[{"@type":"WebPage","@id":"https:\/\/www.diocesitn.it\/vitaconsacrata\/associazioni-e-comunita\/silenziosi-operai-della-croce\/","url":"https:\/\/www.diocesitn.it\/vitaconsacrata\/associazioni-e-comunita\/silenziosi-operai-della-croce\/","name":"SILENZIOSI OPERAI DELLA CROCE - Vita consacrata","isPartOf":{"@id":"https:\/\/www.diocesitn.it\/vitaconsacrata\/#website"},"datePublished":"2008-02-27T15:16:00+00:00","dateModified":"2017-12-04T10:26:16+00:00","breadcrumb":{"@id":"https:\/\/www.diocesitn.it\/vitaconsacrata\/associazioni-e-comunita\/silenziosi-operai-della-croce\/#breadcrumb"},"inLanguage":"it-IT","potentialAction":[{"@type":"ReadAction","target":["https:\/\/www.diocesitn.it\/vitaconsacrata\/associazioni-e-comunita\/silenziosi-operai-della-croce\/"]}]},{"@type":"BreadcrumbList","@id":"https:\/\/www.diocesitn.it\/vitaconsacrata\/associazioni-e-comunita\/silenziosi-operai-della-croce\/#breadcrumb","itemListElement":[{"@type":"ListItem","position":1,"name":"Home","item":"https:\/\/www.diocesitn.it\/vitaconsacrata\/"},{"@type":"ListItem","position":2,"name":"ASSOCIAZIONI E COMUNIT\u00c0","item":"https:\/\/www.diocesitn.it\/vitaconsacrata\/associazioni-e-comunita\/"},{"@type":"ListItem","position":3,"name":"SILENZIOSI OPERAI DELLA CROCE"}]},{"@type":"WebSite","@id":"https:\/\/www.diocesitn.it\/vitaconsacrata\/#website","url":"https:\/\/www.diocesitn.it\/vitaconsacrata\/","name":"Vita consacrata","description":"Chiesa di TRENTO","potentialAction":[{"@type":"SearchAction","target":{"@type":"EntryPoint","urlTemplate":"https:\/\/www.diocesitn.it\/vitaconsacrata\/?s={search_term_string}"},"query-input":{"@type":"PropertyValueSpecification","valueRequired":true,"valueName":"search_term_string"}}],"inLanguage":"it-IT"},{"@type":"ImageObject","inLanguage":"it-IT","@id":"https:\/\/www.diocesitn.it\/vitaconsacrata\/associazioni-e-comunita\/silenziosi-operai-della-croce\/#local-main-organization-logo","url":"","contentUrl":"","caption":"Vita consacrata"}]}},"_links":{"self":[{"href":"https:\/\/www.diocesitn.it\/vitaconsacrata\/wp-json\/wp\/v2\/pages\/81","targetHints":{"allow":["GET"]}}],"collection":[{"href":"https:\/\/www.diocesitn.it\/vitaconsacrata\/wp-json\/wp\/v2\/pages"}],"about":[{"href":"https:\/\/www.diocesitn.it\/vitaconsacrata\/wp-json\/wp\/v2\/types\/page"}],"author":[{"embeddable":true,"href":"https:\/\/www.diocesitn.it\/vitaconsacrata\/wp-json\/wp\/v2\/users\/2"}],"replies":[{"embeddable":true,"href":"https:\/\/www.diocesitn.it\/vitaconsacrata\/wp-json\/wp\/v2\/comments?post=81"}],"version-history":[{"count":1,"href":"https:\/\/www.diocesitn.it\/vitaconsacrata\/wp-json\/wp\/v2\/pages\/81\/revisions"}],"predecessor-version":[{"id":1460,"href":"https:\/\/www.diocesitn.it\/vitaconsacrata\/wp-json\/wp\/v2\/pages\/81\/revisions\/1460"}],"up":[{"embeddable":true,"href":"https:\/\/www.diocesitn.it\/vitaconsacrata\/wp-json\/wp\/v2\/pages\/76"}],"wp:attachment":[{"href":"https:\/\/www.diocesitn.it\/vitaconsacrata\/wp-json\/wp\/v2\/media?parent=81"}],"curies":[{"name":"wp","href":"https:\/\/api.w.org\/{rel}","templated":true}]}}