{"id":78,"date":"2008-02-27T16:11:00","date_gmt":"2008-02-27T15:11:00","guid":{"rendered":"https:\/\/www.diocesitn.it\/vitaconsacrata\/fraternita-gesu-risorto\/"},"modified":"2017-12-04T11:26:16","modified_gmt":"2017-12-04T10:26:16","slug":"fraternita-gesu-risorto","status":"publish","type":"page","link":"https:\/\/www.diocesitn.it\/vitaconsacrata\/associazioni-e-comunita\/fraternita-gesu-risorto\/","title":{"rendered":"FRATERNIT\u00c0 GES\u00d9 RISORTO"},"content":{"rendered":"<p><DIV><STRONG><FONT face=\"Geneva, Arial, Sans-serif\" color=\"#ff0000\" size=\"2\">Origine dell&#8217;Istituto<\/FONT><\/STRONG><\/DIV> <BLOCKQUOTE> <P align=\"justify\"><FONT face=\"Geneva, Arial, Sans-serif\" size=\"2\">Due sacerdoti ritengono importante per la loro vita e per la Chiesa la parola di Ges\u00f9: &#8220;Dove due o pi\u00f9 sono riuniti nel mio nome, io sono im\u00a0 mezzo a loro&#8221;. Pensano: se siamo uniti nel Nome di Ges\u00f9, per amore suo, la nostra unit\u00e0 diventa un luogo concreto per la sua presenza, e se Lui \u00e8 presente non pu\u00f2 fare a meno di agire, di beneficare, di portare la sua salvezza a chi \u00e8 nel suo raggio di azione! Si propongono di vivere anche altre parole di Ges\u00f9: &#8220;Cercate prima il regno di Dio e la sua giustizia, e tutto il resto vi sar\u00e0 dato in sovrappi\u00f9&#8221; e : &#8220;Il Padre vostro sa ci\u00f2 di cui avete bisogno&#8230;&#8221;; per questo vogliono abbandonarsi sempre di pi\u00f9 alla Provvidenza del Padre.<\/FONT><\/P> <P align=\"justify\"><FONT face=\"Geneva, Arial, Sans-serif\" size=\"2\">Chiedono la benedizione del vescovo per condurre vita fraterna. Quando la ottengono si uniscono loro delle signorine e in seguito dei giovani. E&#8217; il 1977. Dopo 5 anni l&#8217;Arcivescovo, mons. Gottardi, fatta restaurare l&#8217;ex-canonica di Tavodo, vi chiama la Fraternit\u00e0 a farne una &#8220;casa di preghiera&#8221;. Per questo servizio egli stesso affida loro tre parole da vivere: SILENZIO, PREGHIERA, CARITA&#8217;:<\/FONT><\/P> <P align=\"justify\"><FONT face=\"Geneva, Arial, Sans-serif\" size=\"2\">Silenzio: vivere in clima di raccoglimento, per dar spazio al Signore Ges\u00f9 in rapporto di intimit\u00e0 con lui.<\/FONT><\/P> <P align=\"justify\"><FONT face=\"Geneva, Arial, Sans-serif\" size=\"2\">Preghiera: comunitaria e personale; liturgia delle Ore e tempi di adorazione ogni giorno e, possibilmente, un giorno di ritiro settimanale.<\/FONT><\/P> <P align=\"justify\"><FONT face=\"Geneva, Arial, Sans-serif\" size=\"2\">Carit\u00e0: offrire silenzio e preghiera a chi desidera.<\/FONT><\/P> <P align=\"justify\"><FONT face=\"Geneva, Arial, Sans-serif\" size=\"2\">L&#8217;Associazione viene approvata da\u00a0 Mons. Luigi Bressan il 25.01.2000 col nome &#8220;Fraternit\u00e0 Ges\u00f9 risorto&#8221;.\u00a0 <\/FONT><\/P><\/BLOCKQUOTE> <P><STRONG><B><SPAN><A name=\"spirito\"><\/A><A href=\"\/AAinternet\/web_vitaconsacrata\/secolari\/vc_laici_gesu_risorto.htm#inizio_pagina\"><\/A><FONT face=\"Geneva, Arial, Sans-serif\" color=\"#ff0000\" size=\"2\">Spirito dell&#8217;Istituto<\/FONT><\/SPAN><\/B><\/STRONG><\/P> <BLOCKQUOTE> <P align=\"justify\"><FONT face=\"Geneva, Arial, Sans-serif\" size=\"2\">Vivere uniti nel Nome di Ges\u00f9, per amor suo, seguendo l&#8217;esempio della prima Chiesa di Gerusalemme: assidui all&#8217;ascolto degli insegnamenti degli Apostoli, all&#8217;unione fraterna con i beni in comune, all&#8217;Eucaristia e alla preghiera.<\/FONT><\/P><\/BLOCKQUOTE> <P><STRONG><B><SPAN><A name=\"recapiti\"><\/A><\/SPAN><SPAN><A href=\"\/AAinternet\/web_vitaconsacrata\/secolari\/vc_laici_gesu_risorto.htm#inizio_pagina\"><\/A><\/SPAN><SPAN><FONT face=\"Geneva, Arial, Sans-serif\" color=\"#ff0000\" size=\"2\">Recapiti<\/FONT><\/SPAN><\/B><\/STRONG><FONT face=\"Geneva, Arial, Sans-serif\" size=\"2\"> <\/FONT> <BLOCKQUOTE> <P><FONT face=\"Geneva, Arial, Sans-serif\"><FONT size=\"2\"><B>38070 Tavodo<\/B><BR>Casa di Preghiera &#8220;S. Maria Assunta&#8221;<BR>tel 0465\/73.42.77 fax 0465 73.45.39\u00a0(dal 1.1.03 : 73 02 28)<BR>web: <\/FONT><\/FONT><A href=\"http:\/\/www.cinquepani.it\"><FONT face=\"Geneva, Arial, Sans-serif\" color=\"#008888\" size=\"2\">www.cinquepani.it<\/FONT><\/A><BR><FONT face=\"Geneva, Arial, Sans-serif\" size=\"2\">e-mail:\u00a0<\/FONT><A href=\"mailto:dvigilio@cinquepani.it\"><FONT face=\"Geneva, Arial, Sans-serif\" color=\"#008888\" size=\"2\">dvigilio@cinquepani.it<\/FONT><\/A><\/P> <P><FONT face=\"Geneva, Arial, Sans-serif\" size=\"2\">E&#8217; presente anche in Turchia con il mandato di Mons. Sartori:<BR>Chiesa San Paolo,<BR>Konya, Diocesi di Izmir-Konya<BR>Turchia<BR><\/FONT><A href=\"mailto:konya@cinquepani.it\"><FONT face=\"Geneva, Arial, Sans-serif\" color=\"#008888\" size=\"2\">konya@cinquepani.it<\/FONT><\/A><BR><\/P><\/BLOCKQUOTE><\/p>\n","protected":false},"excerpt":{"rendered":"<p>Origine dell&#8217;Istituto Due sacerdoti ritengono importante per la loro vita e per la Chiesa la parola di Ges\u00f9: &#8220;Dove due o pi\u00f9 sono riuniti nel mio nome, io sono im\u00a0 mezzo a loro&#8221;. Pensano: se<\/p>\n","protected":false},"author":2,"featured_media":0,"parent":76,"menu_order":1,"comment_status":"closed","ping_status":"closed","template":"","meta":{"footnotes":""},"class_list":["post-78","page","type-page","status-publish","hentry"],"acf":{"seed-localization-paese-cod":"IT","seed-localization-address":"","seed-localization-citta":"","seed-localization-regione-cod-istat":"04","seed-localization-citta-cod-istat":"","seed-localization-localita":"","seed-localization-cap":"","seed-localization-marker-visibility":false,"seed-localization-children-visibility":false,"seed-localization-kml":null,"seed-localization-custom-marker":null},"yoast_head":"<!-- This site is optimized with the Yoast SEO Premium plugin v20.2.1 (Yoast SEO v25.9) - https:\/\/yoast.com\/wordpress\/plugins\/seo\/ -->\n<title>FRATERNIT\u00c0 GES\u00d9 RISORTO - Vita consacrata<\/title>\n<meta name=\"robots\" content=\"index, follow, max-snippet:-1, max-image-preview:large, max-video-preview:-1\" \/>\n<link rel=\"canonical\" href=\"https:\/\/www.diocesitn.it\/vitaconsacrata\/associazioni-e-comunita\/fraternita-gesu-risorto\/\" \/>\n<meta property=\"og:locale\" content=\"it_IT\" \/>\n<meta property=\"og:type\" content=\"article\" \/>\n<meta property=\"og:title\" content=\"FRATERNIT\u00c0 GES\u00d9 RISORTO\" \/>\n<meta property=\"og:description\" content=\"Origine dell&#8217;Istituto Due sacerdoti ritengono importante per la loro vita e per la Chiesa la parola di Ges\u00f9: &#8220;Dove due o pi\u00f9 sono riuniti nel mio nome, io sono im\u00a0 mezzo a loro&#8221;. Pensano: se\" \/>\n<meta property=\"og:url\" content=\"https:\/\/www.diocesitn.it\/vitaconsacrata\/associazioni-e-comunita\/fraternita-gesu-risorto\/\" \/>\n<meta property=\"og:site_name\" content=\"Vita consacrata\" \/>\n<meta property=\"article:modified_time\" content=\"2017-12-04T10:26:16+00:00\" \/>\n<meta name=\"twitter:card\" content=\"summary_large_image\" \/>\n<meta name=\"twitter:label1\" content=\"Tempo di lettura stimato\" \/>\n\t<meta name=\"twitter:data1\" content=\"2 minuti\" \/>\n<script type=\"application\/ld+json\" class=\"yoast-schema-graph\">{\"@context\":\"https:\/\/schema.org\",\"@graph\":[{\"@type\":\"WebPage\",\"@id\":\"https:\/\/www.diocesitn.it\/vitaconsacrata\/associazioni-e-comunita\/fraternita-gesu-risorto\/\",\"url\":\"https:\/\/www.diocesitn.it\/vitaconsacrata\/associazioni-e-comunita\/fraternita-gesu-risorto\/\",\"name\":\"FRATERNIT\u00c0 GES\u00d9 RISORTO - Vita consacrata\",\"isPartOf\":{\"@id\":\"https:\/\/www.diocesitn.it\/vitaconsacrata\/#website\"},\"datePublished\":\"2008-02-27T15:11:00+00:00\",\"dateModified\":\"2017-12-04T10:26:16+00:00\",\"breadcrumb\":{\"@id\":\"https:\/\/www.diocesitn.it\/vitaconsacrata\/associazioni-e-comunita\/fraternita-gesu-risorto\/#breadcrumb\"},\"inLanguage\":\"it-IT\",\"potentialAction\":[{\"@type\":\"ReadAction\",\"target\":[\"https:\/\/www.diocesitn.it\/vitaconsacrata\/associazioni-e-comunita\/fraternita-gesu-risorto\/\"]}]},{\"@type\":\"BreadcrumbList\",\"@id\":\"https:\/\/www.diocesitn.it\/vitaconsacrata\/associazioni-e-comunita\/fraternita-gesu-risorto\/#breadcrumb\",\"itemListElement\":[{\"@type\":\"ListItem\",\"position\":1,\"name\":\"Home\",\"item\":\"https:\/\/www.diocesitn.it\/vitaconsacrata\/\"},{\"@type\":\"ListItem\",\"position\":2,\"name\":\"ASSOCIAZIONI E COMUNIT\u00c0\",\"item\":\"https:\/\/www.diocesitn.it\/vitaconsacrata\/associazioni-e-comunita\/\"},{\"@type\":\"ListItem\",\"position\":3,\"name\":\"FRATERNIT\u00c0 GES\u00d9 RISORTO\"}]},{\"@type\":\"WebSite\",\"@id\":\"https:\/\/www.diocesitn.it\/vitaconsacrata\/#website\",\"url\":\"https:\/\/www.diocesitn.it\/vitaconsacrata\/\",\"name\":\"Vita consacrata\",\"description\":\"Chiesa di TRENTO\",\"potentialAction\":[{\"@type\":\"SearchAction\",\"target\":{\"@type\":\"EntryPoint\",\"urlTemplate\":\"https:\/\/www.diocesitn.it\/vitaconsacrata\/?s={search_term_string}\"},\"query-input\":{\"@type\":\"PropertyValueSpecification\",\"valueRequired\":true,\"valueName\":\"search_term_string\"}}],\"inLanguage\":\"it-IT\"},{\"@type\":\"ImageObject\",\"inLanguage\":\"it-IT\",\"@id\":\"https:\/\/www.diocesitn.it\/vitaconsacrata\/associazioni-e-comunita\/fraternita-gesu-risorto\/#local-main-organization-logo\",\"url\":\"\",\"contentUrl\":\"\",\"caption\":\"Vita consacrata\"}]}<\/script>\n<!-- \/ Yoast SEO Premium plugin. -->","yoast_head_json":{"title":"FRATERNIT\u00c0 GES\u00d9 RISORTO - Vita consacrata","robots":{"index":"index","follow":"follow","max-snippet":"max-snippet:-1","max-image-preview":"max-image-preview:large","max-video-preview":"max-video-preview:-1"},"canonical":"https:\/\/www.diocesitn.it\/vitaconsacrata\/associazioni-e-comunita\/fraternita-gesu-risorto\/","og_locale":"it_IT","og_type":"article","og_title":"FRATERNIT\u00c0 GES\u00d9 RISORTO","og_description":"Origine dell&#8217;Istituto Due sacerdoti ritengono importante per la loro vita e per la Chiesa la parola di Ges\u00f9: &#8220;Dove due o pi\u00f9 sono riuniti nel mio nome, io sono im\u00a0 mezzo a loro&#8221;. Pensano: se","og_url":"https:\/\/www.diocesitn.it\/vitaconsacrata\/associazioni-e-comunita\/fraternita-gesu-risorto\/","og_site_name":"Vita consacrata","article_modified_time":"2017-12-04T10:26:16+00:00","twitter_card":"summary_large_image","twitter_misc":{"Tempo di lettura stimato":"2 minuti"},"schema":{"@context":"https:\/\/schema.org","@graph":[{"@type":"WebPage","@id":"https:\/\/www.diocesitn.it\/vitaconsacrata\/associazioni-e-comunita\/fraternita-gesu-risorto\/","url":"https:\/\/www.diocesitn.it\/vitaconsacrata\/associazioni-e-comunita\/fraternita-gesu-risorto\/","name":"FRATERNIT\u00c0 GES\u00d9 RISORTO - Vita consacrata","isPartOf":{"@id":"https:\/\/www.diocesitn.it\/vitaconsacrata\/#website"},"datePublished":"2008-02-27T15:11:00+00:00","dateModified":"2017-12-04T10:26:16+00:00","breadcrumb":{"@id":"https:\/\/www.diocesitn.it\/vitaconsacrata\/associazioni-e-comunita\/fraternita-gesu-risorto\/#breadcrumb"},"inLanguage":"it-IT","potentialAction":[{"@type":"ReadAction","target":["https:\/\/www.diocesitn.it\/vitaconsacrata\/associazioni-e-comunita\/fraternita-gesu-risorto\/"]}]},{"@type":"BreadcrumbList","@id":"https:\/\/www.diocesitn.it\/vitaconsacrata\/associazioni-e-comunita\/fraternita-gesu-risorto\/#breadcrumb","itemListElement":[{"@type":"ListItem","position":1,"name":"Home","item":"https:\/\/www.diocesitn.it\/vitaconsacrata\/"},{"@type":"ListItem","position":2,"name":"ASSOCIAZIONI E COMUNIT\u00c0","item":"https:\/\/www.diocesitn.it\/vitaconsacrata\/associazioni-e-comunita\/"},{"@type":"ListItem","position":3,"name":"FRATERNIT\u00c0 GES\u00d9 RISORTO"}]},{"@type":"WebSite","@id":"https:\/\/www.diocesitn.it\/vitaconsacrata\/#website","url":"https:\/\/www.diocesitn.it\/vitaconsacrata\/","name":"Vita consacrata","description":"Chiesa di TRENTO","potentialAction":[{"@type":"SearchAction","target":{"@type":"EntryPoint","urlTemplate":"https:\/\/www.diocesitn.it\/vitaconsacrata\/?s={search_term_string}"},"query-input":{"@type":"PropertyValueSpecification","valueRequired":true,"valueName":"search_term_string"}}],"inLanguage":"it-IT"},{"@type":"ImageObject","inLanguage":"it-IT","@id":"https:\/\/www.diocesitn.it\/vitaconsacrata\/associazioni-e-comunita\/fraternita-gesu-risorto\/#local-main-organization-logo","url":"","contentUrl":"","caption":"Vita consacrata"}]}},"_links":{"self":[{"href":"https:\/\/www.diocesitn.it\/vitaconsacrata\/wp-json\/wp\/v2\/pages\/78","targetHints":{"allow":["GET"]}}],"collection":[{"href":"https:\/\/www.diocesitn.it\/vitaconsacrata\/wp-json\/wp\/v2\/pages"}],"about":[{"href":"https:\/\/www.diocesitn.it\/vitaconsacrata\/wp-json\/wp\/v2\/types\/page"}],"author":[{"embeddable":true,"href":"https:\/\/www.diocesitn.it\/vitaconsacrata\/wp-json\/wp\/v2\/users\/2"}],"replies":[{"embeddable":true,"href":"https:\/\/www.diocesitn.it\/vitaconsacrata\/wp-json\/wp\/v2\/comments?post=78"}],"version-history":[{"count":1,"href":"https:\/\/www.diocesitn.it\/vitaconsacrata\/wp-json\/wp\/v2\/pages\/78\/revisions"}],"predecessor-version":[{"id":1457,"href":"https:\/\/www.diocesitn.it\/vitaconsacrata\/wp-json\/wp\/v2\/pages\/78\/revisions\/1457"}],"up":[{"embeddable":true,"href":"https:\/\/www.diocesitn.it\/vitaconsacrata\/wp-json\/wp\/v2\/pages\/76"}],"wp:attachment":[{"href":"https:\/\/www.diocesitn.it\/vitaconsacrata\/wp-json\/wp\/v2\/media?parent=78"}],"curies":[{"name":"wp","href":"https:\/\/api.w.org\/{rel}","templated":true}]}}