{"id":74,"date":"2008-02-25T16:30:00","date_gmt":"2008-02-25T15:30:00","guid":{"rendered":"https:\/\/www.diocesitn.it\/vitaconsacrata\/istituti-secolari\/piccola-famiglia-francescana\/"},"modified":"2017-12-04T11:26:16","modified_gmt":"2017-12-04T10:26:16","slug":"piccola-famiglia-francescana","status":"publish","type":"page","link":"https:\/\/www.diocesitn.it\/vitaconsacrata\/istituti-secolari\/piccola-famiglia-francescana\/","title":{"rendered":"PICCOLA FAMIGLIA FRANCESCANA"},"content":{"rendered":"<div>\u00a0<\/div>\n<div><strong><font color=\"#ff0000\" size=\"2\" face=\"Arial\">Origine dell&#8217;Istituto<\/font><\/strong><\/div>\n<blockquote>\n<p style=\"text-align: justify;margin-left: 0px;margin-right: 0px\"><font size=\"2\" face=\"Geneva, Arial, Sans-serif\">L&#8217;istituto sorge a Brescia, presso la fraternit\u00e0 s. Gaetano, nel 1929 per iniziativa di alcune Terziarie francescane, su particolare ispirazione dell&#8217;insegnante Vincenza Stroppa e sotto la guida del p. Ireneo Mazzotti OFM. Tale opera viene denominata &#8220;Piccola Famiglia Francescana&#8221;.<\/font><\/p>\n<p style=\"text-align: justify;margin-left: 0px;margin-right: 0px\"><font size=\"2\" face=\"Geneva, Arial, Sans-serif\">Nel 1983 viene approvato come Istituto secolare di diritto pontificio.<\/font><\/p>\n<\/blockquote>\n<p><strong><b><span style=\"font-size: 12pt\"><a name=\"spirito\"><\/a><font color=\"#ff0000\" size=\"2\" face=\"Geneva, Arial, Sans-serif\">Spirito dell&#8217;Istituto<\/font><\/span><\/b><\/strong><\/p>\n<blockquote>\n<p class=\"MsoNormal\" align=\"justify\" style=\"text-indent: 0px;margin: 0cm 0px 0px\"><span><font size=\"2\" face=\"Arial\">La Piccola Famiglia Francescana si qualifica:<\/font><\/span><\/p>\n<ul>\n<li>\n<p class=\"MsoNormal\" align=\"justify\" style=\"text-indent: 0px;margin: 0cm 0px 0px\"><font size=\"2\" face=\"Arial\"><span>per la piena e autentica secolarit\u00e0 dei suoi membri<\/span><\/font><\/p>\n<\/li>\n<li>\n<p class=\"MsoNormal\" align=\"justify\" style=\"text-indent: 0px;margin: 0cm 0px 0px\"><font size=\"2\" face=\"Arial\"><span>per la consacrazione mediante la professione dei consigli evangelici;<\/span><\/font><\/p>\n<\/li>\n<li>\n<p class=\"MsoNormal\" align=\"justify\" style=\"text-indent: 0px;margin: 0cm 0px 0px\"><font size=\"2\" face=\"Arial\"><span>per l&#8217;impegno di apostolato che circa le forme e i mezzi esterni, noti si distingue da quello proprio dei laici battezzati<\/span><\/font><\/p>\n<\/li>\n<li>\n<p class=\"MsoNormal\" align=\"justify\" style=\"text-indent: 0px;margin: 0cm 0px 0px\"><font size=\"2\" face=\"Arial\"><span>per alcune note caratteristiche quali la spiritualit\u00e0 francescana, lo spirito di famiglia nel vincolo di una fervente carit\u00e0 reciproca, un&#8217;intensa piet\u00e0 eucaristica e mariana, zelo per la santificazione di s\u00e9, dei sacerdoti e delle anime consacrate.<\/span><\/font><\/p>\n<\/li>\n<\/ul>\n<p class=\"MsoNormal\" align=\"justify\" style=\"text-indent: 0px;margin: 0cm 0px 0px\"><span><font size=\"2\" face=\"Arial\">Istituto si propone le seguenti finalit\u00e0:<\/font><\/span><\/p>\n<ul>\n<li>\n<p class=\"MsoNormal\" align=\"justify\" style=\"text-indent: 0px;margin: 0cm 0px 0px\"><font size=\"2\" face=\"Arial\"><span>la totale consacrazione a Dio dei suoi membri per tendere alla perfezione della carit\u00e0 con la completa professione dei consigli evangelici nei secolo;<\/span><\/font><\/p>\n<\/li>\n<li>\n<p class=\"MsoNormal\" align=\"justify\" style=\"text-indent: 0px;margin: 0cm 0px 0px\"><font size=\"2\" face=\"Arial\"><span>la conformit\u00e0 a Cristo secondo i principi della spiritualit\u00e0 francescana;<\/span><\/font><\/p>\n<\/li>\n<li>\n<p class=\"MsoNormal\" align=\"justify\" style=\"text-indent: 0px;margin: 0cm 0px 0px\"><font size=\"2\" face=\"Arial\"><span>un servizio costante e generoso alla Chiesa mediante la piena testimonianza di vita cristiana nell&#8217;esercizio della professione e mediante l&#8217;animazione e l&#8217;orientamento cristiano delle realt\u00e0 terrestri per consolidare il regno di Cristo e dilatarlo in ogni parte della terra;<\/span><\/font><\/p>\n<\/li>\n<li>\n<p class=\"MsoNormal\" align=\"justify\" style=\"text-indent: 0px;margin: 0cm 0px 0px\"><font size=\"2\" face=\"Arial\"><span>la diffusione dello spirito francescano nel mondo specialmente con la presenza attiva e responsabile nelle fraternit\u00e0 del Terzo Ordine Francescano;<\/span><\/font><\/p>\n<\/li>\n<li>\n<p class=\"MsoNormal\" align=\"justify\" style=\"text-indent: 0px;margin: 0cm 0px 0px\"><font size=\"2\" face=\"Arial\"><span>la cooperazione attiva, specialmente con<b><span style=\"font-weight: bold\"> <\/span><\/b>la preghiera e il sacrificio, alla santificazione dei sacerdoti delle persone consacrate e di tutti i membri dei tre Ordini Francescani.<\/span><\/font><\/p>\n<\/li>\n<\/ul>\n<p class=\"MsoNormal\" align=\"justify\" style=\"text-indent: 0px;margin: 0cm 0px 0px\"><span><font size=\"2\" face=\"Arial\">L&#8217;Istituto \u00e8 retto da un Consiglio Centrale ed \u00e8 organizzato in Regioni e ogni regione in Gruppi con i relativi Consigli.<\/font><\/span><\/p>\n<p class=\"MsoNormal\" align=\"justify\" style=\"text-indent: 0px;margin: 0cm 0px 0px\"><span><font size=\"2\" face=\"Arial\">\u00c8 ampiamente diffuso in Italia ed \u00e8 presente anche all&#8217;Estero. <span>Conta<\/span><b><span style=\"font-weight: bold\"> <\/span><\/b>attualmente circa millequattrocento Sorelle consacrate.<\/font><\/span><\/p>\n<p class=\"MsoNormal\" align=\"justify\" style=\"text-indent: 0px;margin: 0cm 0px 0px\"><span><font size=\"2\" face=\"Geneva, Arial, Sans-serif\">L&#8217;Istituto \u00e8 esteso a molti livelli della vita sociale. Infatti le professioni civili delle sorelle occupano una gamma molto varia: personale insegnante e sanitario, impiegate e artigiane, assistenti sociali e casalinghe, collaboratrici familiari e operaie, coltivatrici dirette e negozianti, pensionate.<\/font><\/span><\/p>\n<p class=\"MsoNormal\" align=\"justify\" style=\"text-indent: 0px;margin: 0cm 0px 0px\"><span><font size=\"2\" face=\"Arial\">Sul <span>piano<\/span><b><span style=\"font-weight: bold\"> <\/span><\/b>dell&#8217;attivit\u00e0 apostolica va segnalata la presenza di sorelle come animatrici di iniziative parrocchiali e diocesane, come operatrici nel campo caritativo e in quello sociale.<\/font><\/span><\/p>\n<\/blockquote>\n<p><strong><b><span style=\"font-size: 12pt\"><font size=\"2\" face=\"Arial\"><a name=\"recapiti\"><\/a><\/font><\/span><\/b><\/strong><\/p>\n<div><font size=\"2\" face=\"Arial\"><\/p>\n<p class=\"MsoNormal\" align=\"justify\" style=\"margin: 0px\"><font size=\"2\"><font face=\"Arial\"><strong><strong><b><span style=\"font-size: 12pt\"><font color=\"#ff0000\" size=\"2\" face=\"Arial\">Recapito<\/font><\/span><\/b><\/strong> <\/strong><\/font><\/font><\/p>\n<p class=\"MsoNormal\" align=\"justify\" style=\"margin: 0px\"><font size=\"2\"><font face=\"Arial\"><br \/>\u00a0\u00a0\u00a0\u00a0\u00a0\u00a0\u00a0\u00a0\u00a0\u00a0\u00a0\u00a0\u00a0\u00a0Piazza Fiera, 2 &#8211; Trento &#8211; tel. 0461\/891.128<\/font><\/font><\/p>\n<p><\/font><\/div>\n<div style=\"margin-left: 40px\">\u00a0<\/div>\n<div><font size=\"2\" face=\"Arial\"><\/p>\n<blockquote>\n<blockquote>\n<p>\u00a0<\/p>\n<\/blockquote>\n<\/blockquote>\n<p><\/font><\/div>\n<blockquote>\n<blockquote>\n<p>\u00a0<\/p>\n<\/blockquote>\n<\/blockquote>\n","protected":false},"excerpt":{"rendered":"<p>\u00a0 Origine dell&#8217;Istituto L&#8217;istituto sorge a Brescia, presso la fraternit\u00e0 s. Gaetano, nel 1929 per iniziativa di alcune Terziarie francescane, su particolare ispirazione dell&#8217;insegnante Vincenza Stroppa e sotto la guida del p. Ireneo Mazzotti OFM.<\/p>\n","protected":false},"author":2,"featured_media":0,"parent":64,"menu_order":9,"comment_status":"closed","ping_status":"closed","template":"","meta":{"footnotes":""},"class_list":["post-74","page","type-page","status-publish","hentry"],"acf":{"seed-localization-paese-cod":"IT","seed-localization-address":"","seed-localization-citta":"","seed-localization-regione-cod-istat":"04","seed-localization-citta-cod-istat":"","seed-localization-localita":"","seed-localization-cap":"","seed-localization-marker-visibility":false,"seed-localization-children-visibility":false,"seed-localization-kml":null,"seed-localization-custom-marker":null},"yoast_head":"<!-- This site is optimized with the Yoast SEO Premium plugin v20.2.1 (Yoast SEO v25.9) - https:\/\/yoast.com\/wordpress\/plugins\/seo\/ -->\n<title>PICCOLA FAMIGLIA FRANCESCANA - Vita consacrata<\/title>\n<meta name=\"robots\" content=\"index, follow, max-snippet:-1, max-image-preview:large, max-video-preview:-1\" \/>\n<link rel=\"canonical\" href=\"https:\/\/www.diocesitn.it\/vitaconsacrata\/istituti-secolari\/piccola-famiglia-francescana\/\" \/>\n<meta property=\"og:locale\" content=\"it_IT\" \/>\n<meta property=\"og:type\" content=\"article\" \/>\n<meta property=\"og:title\" content=\"PICCOLA FAMIGLIA FRANCESCANA\" \/>\n<meta property=\"og:description\" content=\"\u00a0 Origine dell&#8217;Istituto L&#8217;istituto sorge a Brescia, presso la fraternit\u00e0 s. Gaetano, nel 1929 per iniziativa di alcune Terziarie francescane, su particolare ispirazione dell&#8217;insegnante Vincenza Stroppa e sotto la guida del p. Ireneo Mazzotti OFM.\" \/>\n<meta property=\"og:url\" content=\"https:\/\/www.diocesitn.it\/vitaconsacrata\/istituti-secolari\/piccola-famiglia-francescana\/\" \/>\n<meta property=\"og:site_name\" content=\"Vita consacrata\" \/>\n<meta property=\"article:modified_time\" content=\"2017-12-04T10:26:16+00:00\" \/>\n<meta name=\"twitter:card\" content=\"summary_large_image\" \/>\n<meta name=\"twitter:label1\" content=\"Tempo di lettura stimato\" \/>\n\t<meta name=\"twitter:data1\" content=\"2 minuti\" \/>\n<script type=\"application\/ld+json\" class=\"yoast-schema-graph\">{\"@context\":\"https:\/\/schema.org\",\"@graph\":[{\"@type\":\"WebPage\",\"@id\":\"https:\/\/www.diocesitn.it\/vitaconsacrata\/istituti-secolari\/piccola-famiglia-francescana\/\",\"url\":\"https:\/\/www.diocesitn.it\/vitaconsacrata\/istituti-secolari\/piccola-famiglia-francescana\/\",\"name\":\"PICCOLA FAMIGLIA FRANCESCANA - Vita consacrata\",\"isPartOf\":{\"@id\":\"https:\/\/www.diocesitn.it\/vitaconsacrata\/#website\"},\"datePublished\":\"2008-02-25T15:30:00+00:00\",\"dateModified\":\"2017-12-04T10:26:16+00:00\",\"breadcrumb\":{\"@id\":\"https:\/\/www.diocesitn.it\/vitaconsacrata\/istituti-secolari\/piccola-famiglia-francescana\/#breadcrumb\"},\"inLanguage\":\"it-IT\",\"potentialAction\":[{\"@type\":\"ReadAction\",\"target\":[\"https:\/\/www.diocesitn.it\/vitaconsacrata\/istituti-secolari\/piccola-famiglia-francescana\/\"]}]},{\"@type\":\"BreadcrumbList\",\"@id\":\"https:\/\/www.diocesitn.it\/vitaconsacrata\/istituti-secolari\/piccola-famiglia-francescana\/#breadcrumb\",\"itemListElement\":[{\"@type\":\"ListItem\",\"position\":1,\"name\":\"Home\",\"item\":\"https:\/\/www.diocesitn.it\/vitaconsacrata\/\"},{\"@type\":\"ListItem\",\"position\":2,\"name\":\"Istituti Secolari\",\"item\":\"https:\/\/www.diocesitn.it\/vitaconsacrata\/istituti-secolari\/\"},{\"@type\":\"ListItem\",\"position\":3,\"name\":\"PICCOLA FAMIGLIA FRANCESCANA\"}]},{\"@type\":\"WebSite\",\"@id\":\"https:\/\/www.diocesitn.it\/vitaconsacrata\/#website\",\"url\":\"https:\/\/www.diocesitn.it\/vitaconsacrata\/\",\"name\":\"Vita consacrata\",\"description\":\"Chiesa di TRENTO\",\"potentialAction\":[{\"@type\":\"SearchAction\",\"target\":{\"@type\":\"EntryPoint\",\"urlTemplate\":\"https:\/\/www.diocesitn.it\/vitaconsacrata\/?s={search_term_string}\"},\"query-input\":{\"@type\":\"PropertyValueSpecification\",\"valueRequired\":true,\"valueName\":\"search_term_string\"}}],\"inLanguage\":\"it-IT\"},{\"@type\":\"ImageObject\",\"inLanguage\":\"it-IT\",\"@id\":\"https:\/\/www.diocesitn.it\/vitaconsacrata\/istituti-secolari\/piccola-famiglia-francescana\/#local-main-organization-logo\",\"url\":\"\",\"contentUrl\":\"\",\"caption\":\"Vita consacrata\"}]}<\/script>\n<!-- \/ Yoast SEO Premium plugin. -->","yoast_head_json":{"title":"PICCOLA FAMIGLIA FRANCESCANA - Vita consacrata","robots":{"index":"index","follow":"follow","max-snippet":"max-snippet:-1","max-image-preview":"max-image-preview:large","max-video-preview":"max-video-preview:-1"},"canonical":"https:\/\/www.diocesitn.it\/vitaconsacrata\/istituti-secolari\/piccola-famiglia-francescana\/","og_locale":"it_IT","og_type":"article","og_title":"PICCOLA FAMIGLIA FRANCESCANA","og_description":"\u00a0 Origine dell&#8217;Istituto L&#8217;istituto sorge a Brescia, presso la fraternit\u00e0 s. Gaetano, nel 1929 per iniziativa di alcune Terziarie francescane, su particolare ispirazione dell&#8217;insegnante Vincenza Stroppa e sotto la guida del p. Ireneo Mazzotti OFM.","og_url":"https:\/\/www.diocesitn.it\/vitaconsacrata\/istituti-secolari\/piccola-famiglia-francescana\/","og_site_name":"Vita consacrata","article_modified_time":"2017-12-04T10:26:16+00:00","twitter_card":"summary_large_image","twitter_misc":{"Tempo di lettura stimato":"2 minuti"},"schema":{"@context":"https:\/\/schema.org","@graph":[{"@type":"WebPage","@id":"https:\/\/www.diocesitn.it\/vitaconsacrata\/istituti-secolari\/piccola-famiglia-francescana\/","url":"https:\/\/www.diocesitn.it\/vitaconsacrata\/istituti-secolari\/piccola-famiglia-francescana\/","name":"PICCOLA FAMIGLIA FRANCESCANA - Vita consacrata","isPartOf":{"@id":"https:\/\/www.diocesitn.it\/vitaconsacrata\/#website"},"datePublished":"2008-02-25T15:30:00+00:00","dateModified":"2017-12-04T10:26:16+00:00","breadcrumb":{"@id":"https:\/\/www.diocesitn.it\/vitaconsacrata\/istituti-secolari\/piccola-famiglia-francescana\/#breadcrumb"},"inLanguage":"it-IT","potentialAction":[{"@type":"ReadAction","target":["https:\/\/www.diocesitn.it\/vitaconsacrata\/istituti-secolari\/piccola-famiglia-francescana\/"]}]},{"@type":"BreadcrumbList","@id":"https:\/\/www.diocesitn.it\/vitaconsacrata\/istituti-secolari\/piccola-famiglia-francescana\/#breadcrumb","itemListElement":[{"@type":"ListItem","position":1,"name":"Home","item":"https:\/\/www.diocesitn.it\/vitaconsacrata\/"},{"@type":"ListItem","position":2,"name":"Istituti Secolari","item":"https:\/\/www.diocesitn.it\/vitaconsacrata\/istituti-secolari\/"},{"@type":"ListItem","position":3,"name":"PICCOLA FAMIGLIA FRANCESCANA"}]},{"@type":"WebSite","@id":"https:\/\/www.diocesitn.it\/vitaconsacrata\/#website","url":"https:\/\/www.diocesitn.it\/vitaconsacrata\/","name":"Vita consacrata","description":"Chiesa di TRENTO","potentialAction":[{"@type":"SearchAction","target":{"@type":"EntryPoint","urlTemplate":"https:\/\/www.diocesitn.it\/vitaconsacrata\/?s={search_term_string}"},"query-input":{"@type":"PropertyValueSpecification","valueRequired":true,"valueName":"search_term_string"}}],"inLanguage":"it-IT"},{"@type":"ImageObject","inLanguage":"it-IT","@id":"https:\/\/www.diocesitn.it\/vitaconsacrata\/istituti-secolari\/piccola-famiglia-francescana\/#local-main-organization-logo","url":"","contentUrl":"","caption":"Vita consacrata"}]}},"_links":{"self":[{"href":"https:\/\/www.diocesitn.it\/vitaconsacrata\/wp-json\/wp\/v2\/pages\/74","targetHints":{"allow":["GET"]}}],"collection":[{"href":"https:\/\/www.diocesitn.it\/vitaconsacrata\/wp-json\/wp\/v2\/pages"}],"about":[{"href":"https:\/\/www.diocesitn.it\/vitaconsacrata\/wp-json\/wp\/v2\/types\/page"}],"author":[{"embeddable":true,"href":"https:\/\/www.diocesitn.it\/vitaconsacrata\/wp-json\/wp\/v2\/users\/2"}],"replies":[{"embeddable":true,"href":"https:\/\/www.diocesitn.it\/vitaconsacrata\/wp-json\/wp\/v2\/comments?post=74"}],"version-history":[{"count":1,"href":"https:\/\/www.diocesitn.it\/vitaconsacrata\/wp-json\/wp\/v2\/pages\/74\/revisions"}],"predecessor-version":[{"id":1454,"href":"https:\/\/www.diocesitn.it\/vitaconsacrata\/wp-json\/wp\/v2\/pages\/74\/revisions\/1454"}],"up":[{"embeddable":true,"href":"https:\/\/www.diocesitn.it\/vitaconsacrata\/wp-json\/wp\/v2\/pages\/64"}],"wp:attachment":[{"href":"https:\/\/www.diocesitn.it\/vitaconsacrata\/wp-json\/wp\/v2\/media?parent=74"}],"curies":[{"name":"wp","href":"https:\/\/api.w.org\/{rel}","templated":true}]}}