{"id":54,"date":"2008-02-09T09:26:00","date_gmt":"2008-02-09T08:26:00","guid":{"rendered":"https:\/\/www.diocesitn.it\/vitaconsacrata\/istituti-religiosi-femminili-in-diocesi\/istituti-non-piu-presenti-in-diocesi\/apostole-del-s-cuore-di-gesu\/"},"modified":"2017-12-04T11:26:16","modified_gmt":"2017-12-04T10:26:16","slug":"apostole-del-s-cuore-di-gesu","status":"publish","type":"page","link":"https:\/\/www.diocesitn.it\/vitaconsacrata\/istituti-religiosi-femminili-in-diocesi\/istituti-non-piu-presenti-in-diocesi\/apostole-del-s-cuore-di-gesu\/","title":{"rendered":"APOSTOLE DEL S.CUORE DI GES\u00d9"},"content":{"rendered":"<div>\u00a0<\/div>\n<blockquote><p><strong><font face=\"Arial\" color=\"#ff0000\" size=\"2\"><\/p>\n<p class=\"MsoNormal\" align=\"justify\" style=\"margin: 0px\">\n<table class=\"NOBORDER\" cellspacing=\"0\" cellpadding=\"3\" border=\"0\">\n<tbody>\n<tr>\n<td>\u00a0<img loading=\"lazy\" decoding=\"async\" height=\"214\" alt=\"\" width=\"150\" border=\"0\" src=\"\/cci_new\/immagini_diocesi\/207\/vc_clelia_merloni.jpg\" \/>\u00a0\u00a0\u00a0\u00a0<\/td>\n<td>\n<p align=\"justify\"><font color=\"#ff0000\" size=\"2\"><strong>Origine dell&#8217;Istituto<\/strong><\/font><\/p>\n<p align=\"justify\"><font size=\"2\">Fu fondato dalla venerata <strong>Madre\u00a0Clelia Merloni<\/strong><\/font><font face=\"Arial\" size=\"2\"> nel 1894 allo scopo di propagare la devozione al sacro Cuore mediante l&#8217;educazione dei fanciulli e delle giovani, la collaborazione all&#8217;insegnamento catechistico nelle Parrocchie e l&#8217;assistenza ai malati e ai vecchi. Ebbe ben presto un consolante sviluppo.<br \/><\/font><font size=\"2\">Nel 1899, per dissesti finanziari, Madre Clelia e le suore rimaste a lei fedeli furono costrette a questuare per assicurare la vita all&#8217; opera.<\/font><br \/>\u00a0<\/p>\n<\/td>\n<\/tr>\n<\/tbody>\n<\/table>\n<p><\/font><\/strong><\/p>\n<p class=\"MsoNormal\" align=\"justify\" style=\"margin: 0px\"><font face=\"Arial\" size=\"2\">Incontrarono, allora, provvidenzialmente, il Servo di Dio Mons. G. B. Scalabrini, che le accolse sotto la sua protezione, diede all&#8217;Istituto un canone di vita conforme al diritto della Chiesa, ne approv\u00f2 le Regole per un decennio nel 1900 e addit\u00f2 allo zelo delle suore anche la missione degli emigrati italiani, per l&#8217;assistenza dei quali aveva fondato nel 1887 la Pia Societ\u00e0 dei Missionari di San Carlo. Alla morte del venerato Presule, avvenuta il I giugno 1905 a Piacenza, Madre Clelia trasport\u00f2 ad Alessandria (Piemonte) la Casa Generalizia, che nel 1916 fu definitivamente trasferita a Roma dalla venerata Madre Marcellina Vigan\u00f2.<br \/>Ottenuto il 17 luglio 1921 il \u00abDecreto di Lode\u00bb dal Sommo Pontefice Benedetto XV, l&#8217;Istituto fu approvato in forma definitiva il 24 marzo 1931 e le Costituzioni il 17 ottobre 1941.<br \/>Dopo 100 anni di vita,l&#8217;Istituto, che ha esteso la sua attivit\u00e0 caritativa in Italia, in Brasile, in Argentina, negli Stati Uniti e in Svizzera, comprende 8 Province, con 5 Noviziati e circa duecento Case, nelle quali 1571 suore si dedicano alle varie opere educative, assistenziali e sociali.<\/font><\/p>\n<\/blockquote>\n<p><strong><b><span style=\"font-size: 12pt\"><font face=\"Arial\"><a name=\"spirito\"><\/a><font color=\"#ff0000\"><font size=\"2\">Spirito<font face=\"Geneva, Arial, Sans-serif\"> dell&#8217;Istituto<\/font><\/font><\/font><\/font><\/span><\/b><\/strong><\/p>\n<blockquote>\n<p class=\"MsoNormal\" align=\"justify\" style=\"margin: 0px\"><font face=\"Geneva, Arial, Sans-serif\" size=\"2\">Le Apostole del Sacro Cuore di Ges\u00f9, desiderose di porsi al servizio della Chiesa in una forma di vita pi\u00f9 evangelica e fedeli al Carisma, sono chiamate a:<\/font><\/p>\n<\/blockquote>\n<ul>\n<li>\n<p class=\"MsoNormal\" align=\"justify\" style=\"margin: 0px\"><font face=\"Geneva, Arial, Sans-serif\" size=\"2\">coltivare tra le sorelle lo spiriti di accoglienza reciproca, di comunione fraterna, di collaborazione, di corresponsabilit\u00e0 e insieme di semplicit\u00e0, di sobriet\u00e0, di testimonianza e di povert\u00e0; <\/font><\/p>\n<\/li>\n<li>\n<p class=\"MsoNormal\" align=\"justify\" style=\"margin: 0px\"><font face=\"Geneva, Arial, Sans-serif\" size=\"2\">a vivere e operare, inserite nel territorio e nella Chiesa locale, fedeli al Papa e al suo Magistero;<\/font><\/p>\n<\/li>\n<li>\n<p class=\"MsoNormal\" align=\"justify\" style=\"margin: 0px\"><font face=\"Geneva, Arial, Sans-serif\" size=\"2\">a rendere viva ed efficace l&#8217;azione pastorale nelle opere, in cui si svolge la loro missione, con un ardore apostolico sempre pi\u00f9 rinnovato;<\/font><\/p>\n<\/li>\n<li>\n<p class=\"MsoNormal\" align=\"justify\" style=\"margin: 0px\"><font face=\"Geneva, Arial, Sans-serif\" size=\"2\">a curare la formazione dei laici, soprattutto dei giovani e dei collaboratori, rendendoli partecipi dello spirito dell&#8217;Istituto, perch\u00e9 diventino anche loro Apostoli della Evangelizzazione;<\/font><\/p>\n<\/li>\n<li>\n<p class=\"MsoNormal\" align=\"justify\" style=\"margin: 0px\"><font face=\"Geneva, Arial, Sans-serif\" size=\"2\">a riattivare nell&#8217;Istituto l&#8217;originale espansione missionaria ad gentes: ad intra e ad extra aperta e sensibile ai poveri di ogni condizione e provenienza, con un&#8217;attenzione particolare alle nuove forme di povert\u00e0 sociale.<\/font><\/p>\n<\/li>\n<\/ul>\n","protected":false},"excerpt":{"rendered":"<p>\u00a0 \u00a0\u00a0\u00a0\u00a0\u00a0 Origine dell&#8217;Istituto Fu fondato dalla venerata Madre\u00a0Clelia Merloni nel 1894 allo scopo di propagare la devozione al sacro Cuore mediante l&#8217;educazione dei fanciulli e delle giovani, la collaborazione all&#8217;insegnamento catechistico nelle Parrocchie e<\/p>\n","protected":false},"author":2,"featured_media":0,"parent":51,"menu_order":2,"comment_status":"closed","ping_status":"closed","template":"","meta":{"footnotes":""},"class_list":["post-54","page","type-page","status-publish","hentry"],"acf":{"seed-localization-paese-cod":"IT","seed-localization-address":"","seed-localization-citta":"","seed-localization-regione-cod-istat":"04","seed-localization-citta-cod-istat":"","seed-localization-localita":"","seed-localization-cap":"","seed-localization-marker-visibility":false,"seed-localization-children-visibility":false,"seed-localization-kml":null,"seed-localization-custom-marker":null},"yoast_head":"<!-- This site is optimized with the Yoast SEO Premium plugin v20.2.1 (Yoast SEO v22.2) - https:\/\/yoast.com\/wordpress\/plugins\/seo\/ -->\n<title>APOSTOLE DEL S.CUORE DI GES\u00d9 - Vita consacrata<\/title>\n<meta name=\"robots\" content=\"index, follow, max-snippet:-1, max-image-preview:large, max-video-preview:-1\" \/>\n<link rel=\"canonical\" href=\"https:\/\/www.diocesitn.it\/vitaconsacrata\/istituti-religiosi-femminili-in-diocesi\/istituti-non-piu-presenti-in-diocesi\/apostole-del-s-cuore-di-gesu\/\" \/>\n<meta property=\"og:locale\" content=\"it_IT\" \/>\n<meta property=\"og:type\" content=\"article\" \/>\n<meta property=\"og:title\" content=\"APOSTOLE DEL S.CUORE DI GES\u00d9\" \/>\n<meta property=\"og:description\" content=\"\u00a0 \u00a0\u00a0\u00a0\u00a0\u00a0 Origine dell&#8217;Istituto Fu fondato dalla venerata Madre\u00a0Clelia Merloni nel 1894 allo scopo di propagare la devozione al sacro Cuore mediante l&#8217;educazione dei fanciulli e delle giovani, la collaborazione all&#8217;insegnamento catechistico nelle Parrocchie e\" \/>\n<meta property=\"og:url\" content=\"https:\/\/www.diocesitn.it\/vitaconsacrata\/istituti-religiosi-femminili-in-diocesi\/istituti-non-piu-presenti-in-diocesi\/apostole-del-s-cuore-di-gesu\/\" \/>\n<meta property=\"og:site_name\" content=\"Vita consacrata\" \/>\n<meta property=\"article:modified_time\" content=\"2017-12-04T10:26:16+00:00\" \/>\n<meta property=\"og:image\" content=\"https:\/\/www.diocesitn.it\/cci_new\/immagini_diocesi\/207\/vc_clelia_merloni.jpg\" \/>\n<meta name=\"twitter:card\" content=\"summary_large_image\" \/>\n<meta name=\"twitter:label1\" content=\"Tempo di lettura stimato\" \/>\n\t<meta name=\"twitter:data1\" content=\"2 minuti\" \/>\n<script type=\"application\/ld+json\" class=\"yoast-schema-graph\">{\"@context\":\"https:\/\/schema.org\",\"@graph\":[{\"@type\":\"WebPage\",\"@id\":\"https:\/\/www.diocesitn.it\/vitaconsacrata\/istituti-religiosi-femminili-in-diocesi\/istituti-non-piu-presenti-in-diocesi\/apostole-del-s-cuore-di-gesu\/\",\"url\":\"https:\/\/www.diocesitn.it\/vitaconsacrata\/istituti-religiosi-femminili-in-diocesi\/istituti-non-piu-presenti-in-diocesi\/apostole-del-s-cuore-di-gesu\/\",\"name\":\"APOSTOLE DEL S.CUORE DI GES\u00d9 - Vita consacrata\",\"isPartOf\":{\"@id\":\"https:\/\/www.diocesitn.it\/vitaconsacrata\/#website\"},\"datePublished\":\"2008-02-09T08:26:00+00:00\",\"dateModified\":\"2017-12-04T10:26:16+00:00\",\"breadcrumb\":{\"@id\":\"https:\/\/www.diocesitn.it\/vitaconsacrata\/istituti-religiosi-femminili-in-diocesi\/istituti-non-piu-presenti-in-diocesi\/apostole-del-s-cuore-di-gesu\/#breadcrumb\"},\"inLanguage\":\"it-IT\",\"potentialAction\":[{\"@type\":\"ReadAction\",\"target\":[\"https:\/\/www.diocesitn.it\/vitaconsacrata\/istituti-religiosi-femminili-in-diocesi\/istituti-non-piu-presenti-in-diocesi\/apostole-del-s-cuore-di-gesu\/\"]}]},{\"@type\":\"BreadcrumbList\",\"@id\":\"https:\/\/www.diocesitn.it\/vitaconsacrata\/istituti-religiosi-femminili-in-diocesi\/istituti-non-piu-presenti-in-diocesi\/apostole-del-s-cuore-di-gesu\/#breadcrumb\",\"itemListElement\":[{\"@type\":\"ListItem\",\"position\":1,\"name\":\"Home\",\"item\":\"https:\/\/www.diocesitn.it\/vitaconsacrata\/\"},{\"@type\":\"ListItem\",\"position\":2,\"name\":\"ISTITUTI RELIGIOSI FEMMINILI IN DIOCESI\",\"item\":\"https:\/\/www.diocesitn.it\/vitaconsacrata\/istituti-religiosi-femminili-in-diocesi\/\"},{\"@type\":\"ListItem\",\"position\":3,\"name\":\"ISTITUTI NON PI\u00d9 PRESENTI IN DIOCESI\",\"item\":\"https:\/\/www.diocesitn.it\/vitaconsacrata\/istituti-religiosi-femminili-in-diocesi\/istituti-non-piu-presenti-in-diocesi\/\"},{\"@type\":\"ListItem\",\"position\":4,\"name\":\"APOSTOLE DEL S.CUORE DI GES\u00d9\"}]},{\"@type\":\"WebSite\",\"@id\":\"https:\/\/www.diocesitn.it\/vitaconsacrata\/#website\",\"url\":\"https:\/\/www.diocesitn.it\/vitaconsacrata\/\",\"name\":\"Vita consacrata\",\"description\":\"Chiesa di TRENTO\",\"potentialAction\":[{\"@type\":\"SearchAction\",\"target\":{\"@type\":\"EntryPoint\",\"urlTemplate\":\"https:\/\/www.diocesitn.it\/vitaconsacrata\/?s={search_term_string}\"},\"query-input\":\"required name=search_term_string\"}],\"inLanguage\":\"it-IT\"},{\"@type\":\"ImageObject\",\"inLanguage\":\"it-IT\",\"@id\":\"https:\/\/www.diocesitn.it\/vitaconsacrata\/istituti-religiosi-femminili-in-diocesi\/istituti-non-piu-presenti-in-diocesi\/apostole-del-s-cuore-di-gesu\/#local-main-organization-logo\",\"url\":\"\",\"contentUrl\":\"\",\"caption\":\"Vita consacrata\"}]}<\/script>\n<!-- \/ Yoast SEO Premium plugin. -->","yoast_head_json":{"title":"APOSTOLE DEL S.CUORE DI GES\u00d9 - Vita consacrata","robots":{"index":"index","follow":"follow","max-snippet":"max-snippet:-1","max-image-preview":"max-image-preview:large","max-video-preview":"max-video-preview:-1"},"canonical":"https:\/\/www.diocesitn.it\/vitaconsacrata\/istituti-religiosi-femminili-in-diocesi\/istituti-non-piu-presenti-in-diocesi\/apostole-del-s-cuore-di-gesu\/","og_locale":"it_IT","og_type":"article","og_title":"APOSTOLE DEL S.CUORE DI GES\u00d9","og_description":"\u00a0 \u00a0\u00a0\u00a0\u00a0\u00a0 Origine dell&#8217;Istituto Fu fondato dalla venerata Madre\u00a0Clelia Merloni nel 1894 allo scopo di propagare la devozione al sacro Cuore mediante l&#8217;educazione dei fanciulli e delle giovani, la collaborazione all&#8217;insegnamento catechistico nelle Parrocchie e","og_url":"https:\/\/www.diocesitn.it\/vitaconsacrata\/istituti-religiosi-femminili-in-diocesi\/istituti-non-piu-presenti-in-diocesi\/apostole-del-s-cuore-di-gesu\/","og_site_name":"Vita consacrata","article_modified_time":"2017-12-04T10:26:16+00:00","og_image":[{"url":"https:\/\/www.diocesitn.it\/cci_new\/immagini_diocesi\/207\/vc_clelia_merloni.jpg"}],"twitter_card":"summary_large_image","twitter_misc":{"Tempo di lettura stimato":"2 minuti"},"schema":{"@context":"https:\/\/schema.org","@graph":[{"@type":"WebPage","@id":"https:\/\/www.diocesitn.it\/vitaconsacrata\/istituti-religiosi-femminili-in-diocesi\/istituti-non-piu-presenti-in-diocesi\/apostole-del-s-cuore-di-gesu\/","url":"https:\/\/www.diocesitn.it\/vitaconsacrata\/istituti-religiosi-femminili-in-diocesi\/istituti-non-piu-presenti-in-diocesi\/apostole-del-s-cuore-di-gesu\/","name":"APOSTOLE DEL S.CUORE DI GES\u00d9 - Vita consacrata","isPartOf":{"@id":"https:\/\/www.diocesitn.it\/vitaconsacrata\/#website"},"datePublished":"2008-02-09T08:26:00+00:00","dateModified":"2017-12-04T10:26:16+00:00","breadcrumb":{"@id":"https:\/\/www.diocesitn.it\/vitaconsacrata\/istituti-religiosi-femminili-in-diocesi\/istituti-non-piu-presenti-in-diocesi\/apostole-del-s-cuore-di-gesu\/#breadcrumb"},"inLanguage":"it-IT","potentialAction":[{"@type":"ReadAction","target":["https:\/\/www.diocesitn.it\/vitaconsacrata\/istituti-religiosi-femminili-in-diocesi\/istituti-non-piu-presenti-in-diocesi\/apostole-del-s-cuore-di-gesu\/"]}]},{"@type":"BreadcrumbList","@id":"https:\/\/www.diocesitn.it\/vitaconsacrata\/istituti-religiosi-femminili-in-diocesi\/istituti-non-piu-presenti-in-diocesi\/apostole-del-s-cuore-di-gesu\/#breadcrumb","itemListElement":[{"@type":"ListItem","position":1,"name":"Home","item":"https:\/\/www.diocesitn.it\/vitaconsacrata\/"},{"@type":"ListItem","position":2,"name":"ISTITUTI RELIGIOSI FEMMINILI IN DIOCESI","item":"https:\/\/www.diocesitn.it\/vitaconsacrata\/istituti-religiosi-femminili-in-diocesi\/"},{"@type":"ListItem","position":3,"name":"ISTITUTI NON PI\u00d9 PRESENTI IN DIOCESI","item":"https:\/\/www.diocesitn.it\/vitaconsacrata\/istituti-religiosi-femminili-in-diocesi\/istituti-non-piu-presenti-in-diocesi\/"},{"@type":"ListItem","position":4,"name":"APOSTOLE DEL S.CUORE DI GES\u00d9"}]},{"@type":"WebSite","@id":"https:\/\/www.diocesitn.it\/vitaconsacrata\/#website","url":"https:\/\/www.diocesitn.it\/vitaconsacrata\/","name":"Vita consacrata","description":"Chiesa di TRENTO","potentialAction":[{"@type":"SearchAction","target":{"@type":"EntryPoint","urlTemplate":"https:\/\/www.diocesitn.it\/vitaconsacrata\/?s={search_term_string}"},"query-input":"required name=search_term_string"}],"inLanguage":"it-IT"},{"@type":"ImageObject","inLanguage":"it-IT","@id":"https:\/\/www.diocesitn.it\/vitaconsacrata\/istituti-religiosi-femminili-in-diocesi\/istituti-non-piu-presenti-in-diocesi\/apostole-del-s-cuore-di-gesu\/#local-main-organization-logo","url":"","contentUrl":"","caption":"Vita consacrata"}]}},"_links":{"self":[{"href":"https:\/\/www.diocesitn.it\/vitaconsacrata\/wp-json\/wp\/v2\/pages\/54","targetHints":{"allow":["GET"]}}],"collection":[{"href":"https:\/\/www.diocesitn.it\/vitaconsacrata\/wp-json\/wp\/v2\/pages"}],"about":[{"href":"https:\/\/www.diocesitn.it\/vitaconsacrata\/wp-json\/wp\/v2\/types\/page"}],"author":[{"embeddable":true,"href":"https:\/\/www.diocesitn.it\/vitaconsacrata\/wp-json\/wp\/v2\/users\/2"}],"replies":[{"embeddable":true,"href":"https:\/\/www.diocesitn.it\/vitaconsacrata\/wp-json\/wp\/v2\/comments?post=54"}],"version-history":[{"count":1,"href":"https:\/\/www.diocesitn.it\/vitaconsacrata\/wp-json\/wp\/v2\/pages\/54\/revisions"}],"predecessor-version":[{"id":1434,"href":"https:\/\/www.diocesitn.it\/vitaconsacrata\/wp-json\/wp\/v2\/pages\/54\/revisions\/1434"}],"up":[{"embeddable":true,"href":"https:\/\/www.diocesitn.it\/vitaconsacrata\/wp-json\/wp\/v2\/pages\/51"}],"wp:attachment":[{"href":"https:\/\/www.diocesitn.it\/vitaconsacrata\/wp-json\/wp\/v2\/media?parent=54"}],"curies":[{"name":"wp","href":"https:\/\/api.w.org\/{rel}","templated":true}]}}