{"id":53,"date":"2008-01-24T17:23:00","date_gmt":"2008-01-24T16:23:00","guid":{"rendered":"https:\/\/www.diocesitn.it\/vitaconsacrata\/dorotee-suore-di-s-dorotea\/"},"modified":"2017-12-04T11:26:16","modified_gmt":"2017-12-04T10:26:16","slug":"dorotee-suore-di-s-dorotea","status":"publish","type":"page","link":"https:\/\/www.diocesitn.it\/vitaconsacrata\/istituti-religiosi-femminili-in-diocesi\/istituti-non-piu-presenti-in-diocesi\/dorotee-suore-di-s-dorotea\/","title":{"rendered":"DOROTEE &#8211; SUORE DI S. DOROTEA"},"content":{"rendered":"<div><strong><font face=\"Arial\" color=\"#ff0000\" size=\"2\">Origine dell&#8217;Istituto<\/font><\/strong><\/div>\n<blockquote style=\"margin-right: 0px\">\n<div align=\"justify\"><font face=\"Geneva, Arial, Sans-serif\" size=\"2\">La Congregazione delle Suore di S. Dorotea da Cemmo \u00e8 una famiglia religiosa fondata in Cemmo (Brescia, Vallecamonica), da <strong>Madre Annunciata Cocchetti<\/strong>.<\/font><\/div>\n<div align=\"justify\"><font face=\"Geneva, Arial, Sans-serif\" size=\"2\">Nata a Rovato nel 1800, Annunciata dedic\u00f2 la sua prima giovinezza alle ragazze povere della sua borgata per le quali, a soli 17 anni, apri, nella casa, una scuola. Per poter continuare la sua opera di apostolato a 22 anni divenne maestra. Ma lo zio tutore la obblig\u00f2 a lasciare Rovato e la sua scuola e a vivere con lui a Milano. Nel 1831 la Cocchetti, seguendo la chiamata interiore, fuggi da Milano e si port\u00f2 a Cemmo dove, da dieci anni, una pia signorina, Erminia Panzerini, aveva aperto una scuola per le fanciulle del popolo.<\/font><\/div>\n<div align=\"justify\"><font face=\"Geneva, Arial, Sans-serif\" size=\"2\">A 42 anni, morta la Panzerini, vest\u00ec a Venezia l&#8217;abito delle Suore Dorotee.<\/font><\/div>\n<div align=\"justify\"><font face=\"Geneva, Arial, Sans-serif\" size=\"2\">L&#8217;opera si proponeva l&#8217;assistenza e l&#8217;educazione cristiana delle bambine e delle ragazze con un&#8217; organizzazione semplice, innestata nella parrocchia e nella sua vita. Le suore dovevano essere le animatrici dell&#8217; apostolato fatto da ragazze in mezzo alle coetanee del loro rione o della loro contrada, in un&#8217; azione capillare che arrivava a tutte, attraverso i piccoli drappelli in cui la parrocchia era divisa.<\/font><\/div>\n<div align=\"justify\"><font face=\"Geneva, Arial, Sans-serif\" size=\"2\">Queste giovani apostole erano poi aiutate e guidate nella loro opera di apostolato da donne pi\u00f9 mature e si riunivano mensilmente per la loro formazione spirituale e apostolica con le suore e con il parroco che era il direttore di tutta la compagnia.<\/font><\/div>\n<div align=\"justify\"><font face=\"Geneva, Arial, Sans-serif\" size=\"2\">Divenendo Suora di S. Dorotea, Madre Cocchetti abbracci\u00f2 l&#8217;opera e ne divenne apostola pur continuando anche ad educare nella scuola e nel collegio di Cemmo le ragazze che erano sempre pi\u00f9 numerose.<\/font><\/div>\n<div align=\"justify\"><font face=\"Geneva, Arial, Sans-serif\" size=\"2\">Durante l&#8217; estate fin dal 1843 la Madre accolse le giovani della Valle per gli Esercizi Spirituali che cur\u00f2 per tutta la sua vita come grande mezzo di formazione alla vita cristiana e che lasci\u00f2 alla Congregazione come attivit\u00e0 apostolica che non venne mai meno.<\/font><\/div>\n<div align=\"justify\"><font face=\"Geneva, Arial, Sans-serif\" size=\"2\">Come fondatrice non si preoccup\u00f2 di aprire case, ma solo di mettere salde radici di virt\u00f9 e di amore di Dio nella sua famiglia religiosa, formando le suore a spirito di orazione e coltivando in loro l&#8217;umilt\u00e0, la povert\u00e0 e la semplicit\u00e0 per farne delle apostole ferventi e capaci di animare l&#8217;apostolato dell&#8217; educazione cristiana.<\/font><\/div>\n<div align=\"justify\"><font face=\"Geneva, Arial, Sans-serif\" size=\"2\">Insegn\u00f2 loro con la parola, ma soprattutto con l&#8217;esempio, consumando tutta la sua vita nella scuola e nel collegio, madre e maestra per le figliole che la Provvidenza le affidava, e pellegrinando nei paesi della Valle per fondare e dirigere l&#8217;Opera di S. Dorotea, con uno zelo che la fece chiamare il Don Bosco delle ragazze.<\/font><\/div>\n<div>\u00a0<\/div>\n<\/blockquote>\n<p><strong><b><span style=\"font-size: 12pt\"><font face=\"Arial\" size=\"2\"><a name=\"spirito\"><\/a><font color=\"#ff0000\">Spirito dell&#8217;Istituto<\/font><\/font><\/span><\/b><\/strong><\/p>\n<blockquote style=\"margin-right: 0px\">\n<div align=\"justify\"><span style=\"font-size: 12pt\"><font face=\"Geneva, Arial, Sans-serif\" size=\"2\">Il carisma della fondatrice \u00e8 stato tramandato alla sua famiglia religiosa nello spirito di preghiera e di unione con Dio che anima un apostolato fatto di accostamento semplice, cordiale, spontaneo, essenziale nelle proposte, concreto e aderente alla realt\u00e0 per far penetrare Cristo nella vita.<\/font><\/span><\/div>\n<div align=\"justify\"><span style=\"font-size: 12pt\"><font face=\"Geneva, Arial, Sans-serif\" size=\"2\">L&#8217; Istituto ha continuato a lavorare tra i poveri nei paesi pi\u00f9 umili delle Valli alpine, nei rioni periferici delle nostre citt\u00e0 e nel Meridione, sempre e solo tra i piccoli e la giovent\u00f9 nelle nostre parrocchie e nelle scuole che Madre Cocchetti aveva tanto amato.<\/font><\/span><\/div>\n<div align=\"justify\"><span style=\"font-size: 12pt\"><font face=\"Geneva, Arial, Sans-serif\" size=\"2\">Nel 1962 si \u00e8 aperto all&#8217; azione missionaria in America Latina ed ora anche in Africa.<br \/><\/font><\/span><\/div>\n<\/blockquote>\n<p><strong><b><span style=\"font-size: 12pt\"><font face=\"Arial\" size=\"2\"><a name=\"presenza\"><\/a><\/font><\/span><span style=\"font-size: 12pt\"><font face=\"Arial\" color=\"#ff0000\" size=\"2\">Presenza in diocesi<\/font><\/span><\/b><\/strong><\/p>\n<blockquote>\n<p align=\"justify\" style=\"margin-left: 0px;margin-right: 0px\"><font face=\"Arial\" size=\"2\"><span>Nella diocesi di Trento la Congregazione \u00e8 stata presente a Dimaro e ha lavorato nella scuola materna e nelle opere parrocchiali. Il servizio si \u00e8 concluso nel 2012.<\/span><\/font><\/p>\n<\/blockquote>\n<p align=\"center\"><font face=\"Arial\" size=\"2\"><i><br \/><\/i><\/font><\/p>\n","protected":false},"excerpt":{"rendered":"<p>Origine dell&#8217;Istituto La Congregazione delle Suore di S. Dorotea da Cemmo \u00e8 una famiglia religiosa fondata in Cemmo (Brescia, Vallecamonica), da Madre Annunciata Cocchetti. Nata a Rovato nel 1800, Annunciata dedic\u00f2 la sua prima giovinezza<\/p>\n","protected":false},"author":2,"featured_media":0,"parent":51,"menu_order":1,"comment_status":"closed","ping_status":"closed","template":"","meta":{"footnotes":""},"class_list":["post-53","page","type-page","status-publish","hentry"],"acf":{"seed-localization-paese-cod":"IT","seed-localization-address":"","seed-localization-citta":"","seed-localization-regione-cod-istat":"04","seed-localization-citta-cod-istat":"","seed-localization-localita":"","seed-localization-cap":"","seed-localization-marker-visibility":false,"seed-localization-children-visibility":false,"seed-localization-kml":null,"seed-localization-custom-marker":null},"yoast_head":"<!-- This site is optimized with the Yoast SEO Premium plugin v20.2.1 (Yoast SEO v25.9) - https:\/\/yoast.com\/wordpress\/plugins\/seo\/ -->\n<title>DOROTEE - SUORE DI S. DOROTEA - Vita consacrata<\/title>\n<meta name=\"robots\" content=\"index, follow, max-snippet:-1, max-image-preview:large, max-video-preview:-1\" \/>\n<link rel=\"canonical\" href=\"https:\/\/www.diocesitn.it\/vitaconsacrata\/istituti-religiosi-femminili-in-diocesi\/istituti-non-piu-presenti-in-diocesi\/dorotee-suore-di-s-dorotea\/\" \/>\n<meta property=\"og:locale\" content=\"it_IT\" \/>\n<meta property=\"og:type\" content=\"article\" \/>\n<meta property=\"og:title\" content=\"DOROTEE - SUORE DI S. DOROTEA\" \/>\n<meta property=\"og:description\" content=\"Origine dell&#8217;Istituto La Congregazione delle Suore di S. Dorotea da Cemmo \u00e8 una famiglia religiosa fondata in Cemmo (Brescia, Vallecamonica), da Madre Annunciata Cocchetti. Nata a Rovato nel 1800, Annunciata dedic\u00f2 la sua prima giovinezza\" \/>\n<meta property=\"og:url\" content=\"https:\/\/www.diocesitn.it\/vitaconsacrata\/istituti-religiosi-femminili-in-diocesi\/istituti-non-piu-presenti-in-diocesi\/dorotee-suore-di-s-dorotea\/\" \/>\n<meta property=\"og:site_name\" content=\"Vita consacrata\" \/>\n<meta property=\"article:modified_time\" content=\"2017-12-04T10:26:16+00:00\" \/>\n<meta name=\"twitter:card\" content=\"summary_large_image\" \/>\n<meta name=\"twitter:label1\" content=\"Tempo di lettura stimato\" \/>\n\t<meta name=\"twitter:data1\" content=\"3 minuti\" \/>\n<script type=\"application\/ld+json\" class=\"yoast-schema-graph\">{\"@context\":\"https:\/\/schema.org\",\"@graph\":[{\"@type\":\"WebPage\",\"@id\":\"https:\/\/www.diocesitn.it\/vitaconsacrata\/istituti-religiosi-femminili-in-diocesi\/istituti-non-piu-presenti-in-diocesi\/dorotee-suore-di-s-dorotea\/\",\"url\":\"https:\/\/www.diocesitn.it\/vitaconsacrata\/istituti-religiosi-femminili-in-diocesi\/istituti-non-piu-presenti-in-diocesi\/dorotee-suore-di-s-dorotea\/\",\"name\":\"DOROTEE - SUORE DI S. DOROTEA - Vita consacrata\",\"isPartOf\":{\"@id\":\"https:\/\/www.diocesitn.it\/vitaconsacrata\/#website\"},\"datePublished\":\"2008-01-24T16:23:00+00:00\",\"dateModified\":\"2017-12-04T10:26:16+00:00\",\"breadcrumb\":{\"@id\":\"https:\/\/www.diocesitn.it\/vitaconsacrata\/istituti-religiosi-femminili-in-diocesi\/istituti-non-piu-presenti-in-diocesi\/dorotee-suore-di-s-dorotea\/#breadcrumb\"},\"inLanguage\":\"it-IT\",\"potentialAction\":[{\"@type\":\"ReadAction\",\"target\":[\"https:\/\/www.diocesitn.it\/vitaconsacrata\/istituti-religiosi-femminili-in-diocesi\/istituti-non-piu-presenti-in-diocesi\/dorotee-suore-di-s-dorotea\/\"]}]},{\"@type\":\"BreadcrumbList\",\"@id\":\"https:\/\/www.diocesitn.it\/vitaconsacrata\/istituti-religiosi-femminili-in-diocesi\/istituti-non-piu-presenti-in-diocesi\/dorotee-suore-di-s-dorotea\/#breadcrumb\",\"itemListElement\":[{\"@type\":\"ListItem\",\"position\":1,\"name\":\"Home\",\"item\":\"https:\/\/www.diocesitn.it\/vitaconsacrata\/\"},{\"@type\":\"ListItem\",\"position\":2,\"name\":\"ISTITUTI RELIGIOSI FEMMINILI IN DIOCESI\",\"item\":\"https:\/\/www.diocesitn.it\/vitaconsacrata\/istituti-religiosi-femminili-in-diocesi\/\"},{\"@type\":\"ListItem\",\"position\":3,\"name\":\"ISTITUTI NON PI\u00d9 PRESENTI IN DIOCESI\",\"item\":\"https:\/\/www.diocesitn.it\/vitaconsacrata\/istituti-religiosi-femminili-in-diocesi\/istituti-non-piu-presenti-in-diocesi\/\"},{\"@type\":\"ListItem\",\"position\":4,\"name\":\"DOROTEE &#8211; SUORE DI S. DOROTEA\"}]},{\"@type\":\"WebSite\",\"@id\":\"https:\/\/www.diocesitn.it\/vitaconsacrata\/#website\",\"url\":\"https:\/\/www.diocesitn.it\/vitaconsacrata\/\",\"name\":\"Vita consacrata\",\"description\":\"Chiesa di TRENTO\",\"potentialAction\":[{\"@type\":\"SearchAction\",\"target\":{\"@type\":\"EntryPoint\",\"urlTemplate\":\"https:\/\/www.diocesitn.it\/vitaconsacrata\/?s={search_term_string}\"},\"query-input\":{\"@type\":\"PropertyValueSpecification\",\"valueRequired\":true,\"valueName\":\"search_term_string\"}}],\"inLanguage\":\"it-IT\"},{\"@type\":\"ImageObject\",\"inLanguage\":\"it-IT\",\"@id\":\"https:\/\/www.diocesitn.it\/vitaconsacrata\/istituti-religiosi-femminili-in-diocesi\/istituti-non-piu-presenti-in-diocesi\/dorotee-suore-di-s-dorotea\/#local-main-organization-logo\",\"url\":\"\",\"contentUrl\":\"\",\"caption\":\"Vita consacrata\"}]}<\/script>\n<!-- \/ Yoast SEO Premium plugin. -->","yoast_head_json":{"title":"DOROTEE - SUORE DI S. DOROTEA - Vita consacrata","robots":{"index":"index","follow":"follow","max-snippet":"max-snippet:-1","max-image-preview":"max-image-preview:large","max-video-preview":"max-video-preview:-1"},"canonical":"https:\/\/www.diocesitn.it\/vitaconsacrata\/istituti-religiosi-femminili-in-diocesi\/istituti-non-piu-presenti-in-diocesi\/dorotee-suore-di-s-dorotea\/","og_locale":"it_IT","og_type":"article","og_title":"DOROTEE - SUORE DI S. DOROTEA","og_description":"Origine dell&#8217;Istituto La Congregazione delle Suore di S. Dorotea da Cemmo \u00e8 una famiglia religiosa fondata in Cemmo (Brescia, Vallecamonica), da Madre Annunciata Cocchetti. Nata a Rovato nel 1800, Annunciata dedic\u00f2 la sua prima giovinezza","og_url":"https:\/\/www.diocesitn.it\/vitaconsacrata\/istituti-religiosi-femminili-in-diocesi\/istituti-non-piu-presenti-in-diocesi\/dorotee-suore-di-s-dorotea\/","og_site_name":"Vita consacrata","article_modified_time":"2017-12-04T10:26:16+00:00","twitter_card":"summary_large_image","twitter_misc":{"Tempo di lettura stimato":"3 minuti"},"schema":{"@context":"https:\/\/schema.org","@graph":[{"@type":"WebPage","@id":"https:\/\/www.diocesitn.it\/vitaconsacrata\/istituti-religiosi-femminili-in-diocesi\/istituti-non-piu-presenti-in-diocesi\/dorotee-suore-di-s-dorotea\/","url":"https:\/\/www.diocesitn.it\/vitaconsacrata\/istituti-religiosi-femminili-in-diocesi\/istituti-non-piu-presenti-in-diocesi\/dorotee-suore-di-s-dorotea\/","name":"DOROTEE - SUORE DI S. DOROTEA - Vita consacrata","isPartOf":{"@id":"https:\/\/www.diocesitn.it\/vitaconsacrata\/#website"},"datePublished":"2008-01-24T16:23:00+00:00","dateModified":"2017-12-04T10:26:16+00:00","breadcrumb":{"@id":"https:\/\/www.diocesitn.it\/vitaconsacrata\/istituti-religiosi-femminili-in-diocesi\/istituti-non-piu-presenti-in-diocesi\/dorotee-suore-di-s-dorotea\/#breadcrumb"},"inLanguage":"it-IT","potentialAction":[{"@type":"ReadAction","target":["https:\/\/www.diocesitn.it\/vitaconsacrata\/istituti-religiosi-femminili-in-diocesi\/istituti-non-piu-presenti-in-diocesi\/dorotee-suore-di-s-dorotea\/"]}]},{"@type":"BreadcrumbList","@id":"https:\/\/www.diocesitn.it\/vitaconsacrata\/istituti-religiosi-femminili-in-diocesi\/istituti-non-piu-presenti-in-diocesi\/dorotee-suore-di-s-dorotea\/#breadcrumb","itemListElement":[{"@type":"ListItem","position":1,"name":"Home","item":"https:\/\/www.diocesitn.it\/vitaconsacrata\/"},{"@type":"ListItem","position":2,"name":"ISTITUTI RELIGIOSI FEMMINILI IN DIOCESI","item":"https:\/\/www.diocesitn.it\/vitaconsacrata\/istituti-religiosi-femminili-in-diocesi\/"},{"@type":"ListItem","position":3,"name":"ISTITUTI NON PI\u00d9 PRESENTI IN DIOCESI","item":"https:\/\/www.diocesitn.it\/vitaconsacrata\/istituti-religiosi-femminili-in-diocesi\/istituti-non-piu-presenti-in-diocesi\/"},{"@type":"ListItem","position":4,"name":"DOROTEE &#8211; SUORE DI S. DOROTEA"}]},{"@type":"WebSite","@id":"https:\/\/www.diocesitn.it\/vitaconsacrata\/#website","url":"https:\/\/www.diocesitn.it\/vitaconsacrata\/","name":"Vita consacrata","description":"Chiesa di TRENTO","potentialAction":[{"@type":"SearchAction","target":{"@type":"EntryPoint","urlTemplate":"https:\/\/www.diocesitn.it\/vitaconsacrata\/?s={search_term_string}"},"query-input":{"@type":"PropertyValueSpecification","valueRequired":true,"valueName":"search_term_string"}}],"inLanguage":"it-IT"},{"@type":"ImageObject","inLanguage":"it-IT","@id":"https:\/\/www.diocesitn.it\/vitaconsacrata\/istituti-religiosi-femminili-in-diocesi\/istituti-non-piu-presenti-in-diocesi\/dorotee-suore-di-s-dorotea\/#local-main-organization-logo","url":"","contentUrl":"","caption":"Vita consacrata"}]}},"_links":{"self":[{"href":"https:\/\/www.diocesitn.it\/vitaconsacrata\/wp-json\/wp\/v2\/pages\/53","targetHints":{"allow":["GET"]}}],"collection":[{"href":"https:\/\/www.diocesitn.it\/vitaconsacrata\/wp-json\/wp\/v2\/pages"}],"about":[{"href":"https:\/\/www.diocesitn.it\/vitaconsacrata\/wp-json\/wp\/v2\/types\/page"}],"author":[{"embeddable":true,"href":"https:\/\/www.diocesitn.it\/vitaconsacrata\/wp-json\/wp\/v2\/users\/2"}],"replies":[{"embeddable":true,"href":"https:\/\/www.diocesitn.it\/vitaconsacrata\/wp-json\/wp\/v2\/comments?post=53"}],"version-history":[{"count":1,"href":"https:\/\/www.diocesitn.it\/vitaconsacrata\/wp-json\/wp\/v2\/pages\/53\/revisions"}],"predecessor-version":[{"id":1433,"href":"https:\/\/www.diocesitn.it\/vitaconsacrata\/wp-json\/wp\/v2\/pages\/53\/revisions\/1433"}],"up":[{"embeddable":true,"href":"https:\/\/www.diocesitn.it\/vitaconsacrata\/wp-json\/wp\/v2\/pages\/51"}],"wp:attachment":[{"href":"https:\/\/www.diocesitn.it\/vitaconsacrata\/wp-json\/wp\/v2\/media?parent=53"}],"curies":[{"name":"wp","href":"https:\/\/api.w.org\/{rel}","templated":true}]}}