{"id":748,"date":"2017-07-28T11:39:17","date_gmt":"2017-07-28T09:39:17","guid":{"rendered":"https:\/\/www.diocesitn.it\/clero\/?page_id=748"},"modified":"2024-04-17T16:54:23","modified_gmt":"2024-04-17T14:54:23","slug":"2015-2","status":"publish","type":"page","link":"https:\/\/www.diocesitn.it\/clero\/lutto-nel-clero\/2015-2\/","title":{"rendered":"2015"},"content":{"rendered":"<p><strong>Ricordiamo nella preghiera, assieme alle loro famiglie e comunit\u00e0, i 14 presbiteri diocesani e il diacono permanente, deceduti nel 2015.<\/strong><\/p>\n<p>&nbsp;<\/p>\n<p><strong>Mariotti don Franco<\/strong>, di anni 77.<br \/>\nTrento, 21 dicembre 2015.<\/p>\n<p>Originario di Lavis, ordinato presbitero nel 1963, fu vicario parrocchiale a Volano 1963-1966; Dro 1966-1968; Borgo Sacco 1968-1971; parroco a Daone 1971-1982; Cognola 1982-1997; Nave S. Rocco 1997-2015.<br \/>\nIl funerale \u00e8 stato celebrato a Lavis il giorno mercoled\u00ec 23 dicembre ad ore 14.00.<\/p>\n<p>&nbsp;<\/p>\n<p><strong>Deflorian don Giovanni<\/strong>, di anni 82.<br \/>\nTesero, 9 dicembre 2015.<\/p>\n<p>Originario di Tesero, ordinato presbitero nel 1959, fu vicario parrocchiale a Mezzolombardo 1959-1960; Trento S. Giuseppe 1960-1965; missionario per l&#8217;emigrazione in Germania 1965-2011; residente alla Casa del\u00a0clero 2011-2012; residente RSA di Tesero 2012-2015.<br \/>\nIl funerale \u00e8 stato celebrato a Tesero il giorno venerd\u00ec 11 dicembre ad ore 14.00.<\/p>\n<p>&nbsp;<\/p>\n<p><strong>Franceschini Antonio<\/strong>, diacono permanente di anni 83.<br \/>\nTrento, 25 novembre 2015.<\/p>\n<p>Nato a Trento venne ordinato nel 1992; fu collaboratore pastorale a Trento S. Giuseppe dal 1992 al 2008, con attenzione alla pastorale degli infermi, in particolare dei sacerdoti ospiti al Soggiorno per sacerdoti infermi.<br \/>\nIl funerale \u00e8 stato celebrato a Trento.<\/p>\n<p>&nbsp;<\/p>\n<p><strong>Tait don Guido<\/strong>, di anni 92.<br \/>\nVattaro, 25 ottobre 2015.<br \/>\nOriginario di Mezzolombardo, ordinato presbitero nel 1947; residente a Mezzocorona 1989-2000; Vattaro 2000-2015.<\/p>\n<p>&nbsp;<\/p>\n<p><strong>Debertolis don Bortolo Lino<\/strong>, di anni 83.<br \/>\nTransacqua, 20 ottobre 2015.<\/p>\n<p>Originario di Transacqua, ordinato presbitero nel 1956, fu vicario parrocchiale a Tezze 1956-1957; Nomi 1957-1961; catechista a Rovereto 1961-1990; parroco a Siror 1990-2002; collaboratore pastorale in Primiero 2002-2009; residente a Transacqua 2009-2015.<br \/>\nIl funerale \u00e8 stato celebrato a Transacqua il giorno gioved\u00ec 22 ottobre ad ore 14.30.<\/p>\n<p>&nbsp;<\/p>\n<p><strong>Serafini don Giorgio<\/strong>, di anni 79.<br \/>\nTrento, 19 ottobre 2015.<\/p>\n<p>Originario di Madice del Bleggio, ordinato presbitero nel 1961, fu\u00a0vicario parrocchiale a Lavis 1961-1964; Grigno 1964-1967; Borgo Valsugana 1967-1968; Milano Ss. Martiri 1968-1974; Gregoriana Roma dogmatica; catechisti e vicario parrocchiale a Trento S. Antonio 1974-1988; assistente \u00a0ecclesiastico artigiani pensionati 1991-2015; assistente regionale Masci 2002-2015;poi residente alla Casa del clero.<br \/>\nIl funerale \u00e8 stato celebrato a Santa Croce del Bleggio, mercoled\u00ec 21 ottobre ad ore 15.00.<\/p>\n<p>&nbsp;<\/p>\n<p><strong>Barbacovi don Bruno<\/strong>, di anni 91.<br \/>\nTrento, 16 settembre 2015.<\/p>\n<p>Originario di Taio, ordinato a Trento nel 1948, fu vicario parrocchiale ad Avio (1948-53); parroco a Ortis\u00e8 e Menas (1953-55), Castello di Pellizzano (1955-67), Ortis\u00e8 e Menas (1965-1967), Garniga (1967-1975), Terragnolo Zoreri (1975-1986), Vigo Cavedine (1986-2009); poi residente alla Casa del Clero (2009-2015).<br \/>\nIl funerale \u00e8 stato celebrato a Taio, venerd\u00ec 18 settembre 2015 ad ore 14.00<\/p>\n<p>&nbsp;<\/p>\n<p><strong>Brusco don Alfonso<\/strong>, di anni 72.<br \/>\nTrento, 17 agosto 2015.<\/p>\n<p>Originario di Alice Belcolle (AL), ordinato a Alice Belcolle (AL) nel 1969, fu collaboratore pastorale ad Avio (2009-2015).<\/p>\n<p>&nbsp;<\/p>\n<p><strong>Casagrande don Dario<\/strong>, di anni 93.<br \/>\nTrento, 6 luglio 2015.<\/p>\n<p>Originario di Civezzano, ordinato a Trento nel 1946, fu vicario parrocchiale a Gardolo (1946-48); direttore della Piccola Opera di Levico (1948-1967); parroco a Canal S. Bovo (1968-71), parroco-decano a Pergine (1971-81); parroco a Chizzola (1981-1998), cappellano a Casa S. Anna di Telve (1998-2005).<br \/>\nMercoled\u00ec 8 luglio 2015 ad ore 20 a Civezzano si \u00e8 recitato il s. Rosario.<br \/>\nIl funerale \u00e8 stato celebrato a Civezzano, gioved\u00ec 9 luglio 2015 ad ore 16.00.<\/p>\n<p>&nbsp;<\/p>\n<p><strong>Giordani don Luigi<\/strong>, di anni 89.<br \/>\nBolzano, 16 maggio 2015.<\/p>\n<p>Originario di Montecchio Maggiore (VI), ordinato a Trento nel 1950, fu vicario parrocchiale a Cuvezzano (1950-1952) &#8211;\u00a0Gardolo (1952-1954) &#8211;\u00a0Trento S. Apollinare (1954-1956); parroco a Ruffr\u00e8 (1956-1964); missionario emigrazione Germania (1964-1981); comprensorio comunit\u00e0 italiana Ora(1981-1992).<\/p>\n<p>&nbsp;<\/p>\n<p><strong>Divina d. Aliprando<\/strong>, di anni 86.<br \/>\nTrento, 14 aprile 2015.<\/p>\n<p>Originario di Telve, ordinato a Trento nel 1953, fu vicario parrocchiale a Moena (1953-55), Riva del Garda &#8211; S. Maria Assunta (1955-56), parroco a Bieno (1956-67), parroco a Cembra e Grauno (1967-84), decano di Cembra (1967-84), parroco a Chiarano (1984-90), cappellano ospedale civile di Arco (1990-98), residente a Telve (1998-2009) e successivamente alla Casa del Clero.<br \/>\nIl funerale \u00e8 stato celebrato a Telve, mercoled\u00ec 15 aprile alle ore 14.30.<\/p>\n<p>&nbsp;<\/p>\n<p><strong>Bonora d. Mario<\/strong>, di anni 96.<br \/>\nTrento, 25 febbraio 2015<\/p>\n<p>Originario di Cologna, ordinato a Trento nel 1943, fu vicario parrocchiale a Ravina (1943), Civezzano (1943-45), Trento San Giuseppe (1945-49), Lizzanella (1949-50), cappellano operai Pinzolo (1950-53), vicario parrocchiale a Tezze (1954-55), a disposizione a Condera (RC) (1955-66), parroco a Trento S. Pio X (1966-81), parroco Bosentino (1981-2009), poi residente alla Casa del Clero.<br \/>\nIl funerale \u00e8 stato celebrato sabato 28 febbraio, a Varone, alle ore 14.30.<\/p>\n<p>&nbsp;<\/p>\n<p><strong>Betta d. Egidio<\/strong>, di anni 76.<br \/>\nFrankfurt am Mein, 24 febbraio 2015<\/p>\n<p>Originario di Preghena, ordinato a Trento nel 1987, fu vicario parrocchiale a Brentonico (1987-88), parroco a Rallo e Cagn\u00f2 (1988-90), assistente spirituale presso gli emigrati italiani in Germania a Leverkusen (1990-2007), residente ad Arco (2007-2010), residente a Francoforte sul Meno in Germania (dal 2010).<br \/>\nIl funerale \u00e8 stato celebrato mercoled\u00ec 4 marzo, a Preghena, alle ore 14.30.<\/p>\n<p>&nbsp;<\/p>\n<p><strong>Alessandrini d. Marco<\/strong>, di anni 69.<br \/>\nTrento, 12 febbraio 2015.<\/p>\n<p>Originario di Pergine, ordinato a Trento nel 1973, fu vicario parrocchiale a Gardolo (1973-75) e a Povo (1975-1979); parroco a Manzano-Nomesino (1979-83), Serravalle (1983-87), Luserna (1987-1992), Vigo Lomaso, Lundo, Godenzo (1992-2002), Piazze, Regnana, Bedollo, Brusago (2002-2009), Madrano, Nogar\u00e8, Vigalzano (2009-2011); segretario del vescovo Guido Zendron a Paulo Afonso in Brasile (dal 2011).<br \/>\nIl funerale \u00e8 stato celebrato a Pergine, sabato 14 febbraio 2015 ad ore 14.30<\/p>\n<p>&nbsp;<\/p>\n<p><strong>Visintainer mons. Severino<\/strong>, di anni 82.<br \/>\nTrento, 10 febbraio 2015.<\/p>\n<p>Originario di Salter, ordinato a Trento nel 1956, fu studente di teologia morale a Roma (1956-61); vicario parrocchiale a Trento nella parrocchia di S. Giuseppe (1961-64); professore del Seminario (1963-2005); consulente Ucipem (1970-76); vicario generale della Diocesi (1975-95); delegato arcivescovile per Azione Cattolica (1992-2000); delegato pastorale per i problemi sociali e il lavoro e presidente della commissione giustizia e pace (1996-2000); parroco a Sanzeno (2000-04), Banco e Casez (2000-2008); collaboratore pastorale del decanato di Fondo (2008-09); collaboratore pastorale delle parrocchie di Malgolo, Romeno, Salter (dal 2009).<br \/>\nIl funerale \u00e8 stato celebrato gioved\u00ec 12 febbraio, ad ore 10.00 in Cattedrale a Trento, e alle 14.30 nella chiesa parrocchiale di Romeno. \u00c8 seguita la sepoltura a Salter.<\/p>\n","protected":false},"excerpt":{"rendered":"<p>Ricordiamo nella preghiera, assieme alle loro famiglie e comunit\u00e0, i 14 presbiteri diocesani e il diacono permanente, deceduti nel 2015. &nbsp; Mariotti don Franco, di anni 77. Trento, 21 dicembre 2015. Originario di Lavis, ordinato<\/p>\n","protected":false},"author":4,"featured_media":0,"parent":707,"menu_order":3,"comment_status":"closed","ping_status":"closed","template":"","meta":{"footnotes":""},"class_list":["post-748","page","type-page","status-publish","hentry"],"acf":{"seed-localization-paese-cod":"","seed-localization-address":"","seed-localization-citta":"","seed-localization-regione-cod-istat":"","seed-localization-citta-cod-istat":"","seed-localization-localita":"","seed-localization-cap":"","seed-localization-marker-visibility":false,"seed-localization-children-visibility":false,"seed-localization-kml":"","seed-localization-custom-marker":""},"yoast_head":"<!-- This site is optimized with the Yoast SEO Premium plugin v20.2.1 (Yoast SEO v22.2) - https:\/\/yoast.com\/wordpress\/plugins\/seo\/ -->\n<title>2015 - Clero<\/title>\n<meta name=\"robots\" content=\"index, follow, max-snippet:-1, max-image-preview:large, max-video-preview:-1\" \/>\n<link rel=\"canonical\" href=\"https:\/\/www.diocesitn.it\/clero\/lutto-nel-clero\/2015-2\/\" \/>\n<meta property=\"og:locale\" content=\"it_IT\" \/>\n<meta property=\"og:type\" content=\"article\" \/>\n<meta property=\"og:title\" content=\"2015\" \/>\n<meta property=\"og:description\" content=\"Ricordiamo nella preghiera, assieme alle loro famiglie e comunit\u00e0, i 14 presbiteri diocesani e il diacono permanente, deceduti nel 2015. &nbsp; Mariotti don Franco, di anni 77. Trento, 21 dicembre 2015. Originario di Lavis, ordinato\" \/>\n<meta property=\"og:url\" content=\"https:\/\/www.diocesitn.it\/clero\/lutto-nel-clero\/2015-2\/\" \/>\n<meta property=\"og:site_name\" content=\"Clero\" \/>\n<meta property=\"article:modified_time\" content=\"2024-04-17T14:54:23+00:00\" \/>\n<meta name=\"twitter:card\" content=\"summary_large_image\" \/>\n<meta name=\"twitter:label1\" content=\"Tempo di lettura stimato\" \/>\n\t<meta name=\"twitter:data1\" content=\"6 minuti\" \/>\n<script type=\"application\/ld+json\" class=\"yoast-schema-graph\">{\"@context\":\"https:\/\/schema.org\",\"@graph\":[{\"@type\":\"WebPage\",\"@id\":\"https:\/\/www.diocesitn.it\/clero\/lutto-nel-clero\/2015-2\/\",\"url\":\"https:\/\/www.diocesitn.it\/clero\/lutto-nel-clero\/2015-2\/\",\"name\":\"2015 - Clero\",\"isPartOf\":{\"@id\":\"https:\/\/www.diocesitn.it\/clero\/#website\"},\"datePublished\":\"2017-07-28T09:39:17+00:00\",\"dateModified\":\"2024-04-17T14:54:23+00:00\",\"breadcrumb\":{\"@id\":\"https:\/\/www.diocesitn.it\/clero\/lutto-nel-clero\/2015-2\/#breadcrumb\"},\"inLanguage\":\"it-IT\",\"potentialAction\":[{\"@type\":\"ReadAction\",\"target\":[\"https:\/\/www.diocesitn.it\/clero\/lutto-nel-clero\/2015-2\/\"]}]},{\"@type\":\"BreadcrumbList\",\"@id\":\"https:\/\/www.diocesitn.it\/clero\/lutto-nel-clero\/2015-2\/#breadcrumb\",\"itemListElement\":[{\"@type\":\"ListItem\",\"position\":1,\"name\":\"Home\",\"item\":\"https:\/\/www.diocesitn.it\/clero\/\"},{\"@type\":\"ListItem\",\"position\":2,\"name\":\"Lutto nel Clero\",\"item\":\"https:\/\/www.diocesitn.it\/clero\/lutto-nel-clero\/\"},{\"@type\":\"ListItem\",\"position\":3,\"name\":\"2015\"}]},{\"@type\":\"WebSite\",\"@id\":\"https:\/\/www.diocesitn.it\/clero\/#website\",\"url\":\"https:\/\/www.diocesitn.it\/clero\/\",\"name\":\"Clero\",\"description\":\"Chiesa di TRENTO\",\"potentialAction\":[{\"@type\":\"SearchAction\",\"target\":{\"@type\":\"EntryPoint\",\"urlTemplate\":\"https:\/\/www.diocesitn.it\/clero\/?s={search_term_string}\"},\"query-input\":\"required name=search_term_string\"}],\"inLanguage\":\"it-IT\"},{\"@type\":\"ImageObject\",\"inLanguage\":\"it-IT\",\"@id\":\"https:\/\/www.diocesitn.it\/clero\/lutto-nel-clero\/2015-2\/#local-main-organization-logo\",\"url\":\"\",\"contentUrl\":\"\",\"caption\":\"Clero\"}]}<\/script>\n<!-- \/ Yoast SEO Premium plugin. -->","yoast_head_json":{"title":"2015 - Clero","robots":{"index":"index","follow":"follow","max-snippet":"max-snippet:-1","max-image-preview":"max-image-preview:large","max-video-preview":"max-video-preview:-1"},"canonical":"https:\/\/www.diocesitn.it\/clero\/lutto-nel-clero\/2015-2\/","og_locale":"it_IT","og_type":"article","og_title":"2015","og_description":"Ricordiamo nella preghiera, assieme alle loro famiglie e comunit\u00e0, i 14 presbiteri diocesani e il diacono permanente, deceduti nel 2015. &nbsp; Mariotti don Franco, di anni 77. Trento, 21 dicembre 2015. Originario di Lavis, ordinato","og_url":"https:\/\/www.diocesitn.it\/clero\/lutto-nel-clero\/2015-2\/","og_site_name":"Clero","article_modified_time":"2024-04-17T14:54:23+00:00","twitter_card":"summary_large_image","twitter_misc":{"Tempo di lettura stimato":"6 minuti"},"schema":{"@context":"https:\/\/schema.org","@graph":[{"@type":"WebPage","@id":"https:\/\/www.diocesitn.it\/clero\/lutto-nel-clero\/2015-2\/","url":"https:\/\/www.diocesitn.it\/clero\/lutto-nel-clero\/2015-2\/","name":"2015 - Clero","isPartOf":{"@id":"https:\/\/www.diocesitn.it\/clero\/#website"},"datePublished":"2017-07-28T09:39:17+00:00","dateModified":"2024-04-17T14:54:23+00:00","breadcrumb":{"@id":"https:\/\/www.diocesitn.it\/clero\/lutto-nel-clero\/2015-2\/#breadcrumb"},"inLanguage":"it-IT","potentialAction":[{"@type":"ReadAction","target":["https:\/\/www.diocesitn.it\/clero\/lutto-nel-clero\/2015-2\/"]}]},{"@type":"BreadcrumbList","@id":"https:\/\/www.diocesitn.it\/clero\/lutto-nel-clero\/2015-2\/#breadcrumb","itemListElement":[{"@type":"ListItem","position":1,"name":"Home","item":"https:\/\/www.diocesitn.it\/clero\/"},{"@type":"ListItem","position":2,"name":"Lutto nel Clero","item":"https:\/\/www.diocesitn.it\/clero\/lutto-nel-clero\/"},{"@type":"ListItem","position":3,"name":"2015"}]},{"@type":"WebSite","@id":"https:\/\/www.diocesitn.it\/clero\/#website","url":"https:\/\/www.diocesitn.it\/clero\/","name":"Clero","description":"Chiesa di TRENTO","potentialAction":[{"@type":"SearchAction","target":{"@type":"EntryPoint","urlTemplate":"https:\/\/www.diocesitn.it\/clero\/?s={search_term_string}"},"query-input":"required name=search_term_string"}],"inLanguage":"it-IT"},{"@type":"ImageObject","inLanguage":"it-IT","@id":"https:\/\/www.diocesitn.it\/clero\/lutto-nel-clero\/2015-2\/#local-main-organization-logo","url":"","contentUrl":"","caption":"Clero"}]}},"_links":{"self":[{"href":"https:\/\/www.diocesitn.it\/clero\/wp-json\/wp\/v2\/pages\/748","targetHints":{"allow":["GET"]}}],"collection":[{"href":"https:\/\/www.diocesitn.it\/clero\/wp-json\/wp\/v2\/pages"}],"about":[{"href":"https:\/\/www.diocesitn.it\/clero\/wp-json\/wp\/v2\/types\/page"}],"author":[{"embeddable":true,"href":"https:\/\/www.diocesitn.it\/clero\/wp-json\/wp\/v2\/users\/4"}],"replies":[{"embeddable":true,"href":"https:\/\/www.diocesitn.it\/clero\/wp-json\/wp\/v2\/comments?post=748"}],"version-history":[{"count":4,"href":"https:\/\/www.diocesitn.it\/clero\/wp-json\/wp\/v2\/pages\/748\/revisions"}],"predecessor-version":[{"id":2243,"href":"https:\/\/www.diocesitn.it\/clero\/wp-json\/wp\/v2\/pages\/748\/revisions\/2243"}],"up":[{"embeddable":true,"href":"https:\/\/www.diocesitn.it\/clero\/wp-json\/wp\/v2\/pages\/707"}],"wp:attachment":[{"href":"https:\/\/www.diocesitn.it\/clero\/wp-json\/wp\/v2\/media?parent=748"}],"curies":[{"name":"wp","href":"https:\/\/api.w.org\/{rel}","templated":true}]}}