{"id":737,"date":"2017-07-28T11:04:20","date_gmt":"2017-07-28T09:04:20","guid":{"rendered":"https:\/\/www.diocesitn.it\/clero\/?page_id=737"},"modified":"2024-04-17T16:55:18","modified_gmt":"2024-04-17T14:55:18","slug":"2013-2","status":"publish","type":"page","link":"https:\/\/www.diocesitn.it\/clero\/lutto-nel-clero\/2013-2\/","title":{"rendered":"2013"},"content":{"rendered":"<p><strong>Ricordiamo nella preghiera, assieme alle loro famiglie e comunit\u00e0, i 15 presbiteri diocesani e i 2 diaconi permanenti, deceduti nel 2013.<\/strong><\/p>\n<p>&nbsp;<\/p>\n<p><strong>Segatta mons. Valeriano<\/strong>, di anni 67.<br \/>\nTrento, 14 dicembre 2013.<\/p>\n<p>Originario Povo, ordinato a Trento nel 1973, fu vicario parrocchiale e catechista a Pergine (1973-83), parroco a Fornace (1983-91), Lases (1989-91), parroco e decano a Baselga di Pin\u00e9 (1991-96), parroco a Trento S. Maria Maggiore (1996-2003), assistente spirituale per il Soggiorno dei sacerdoti anziani (2003-2008). Tra i suoi attuali incarichi vi erano quelli di: delegato vescovile per la Pastorale degli Ammalati e Pellegrinaggi (dal 1996) e per la pastorale dei Pensionati e Anziani (dal 2004), assistente spirituale del Centro Volontari Sofferenza (dal 2005), canonico della cattedrale di San Vigilio (dal 2009).<br \/>\nIl funerale sar\u00e0 celebrato marted\u00ec 17 dicembre, ad ore 14.30 a Povo.<\/p>\n<p>&nbsp;<\/p>\n<p><strong>Zanini don Giovanni<\/strong>, di anni 87.<br \/>\nTrento, 7 dicembre 2013.<\/p>\n<p>Originario di Mal\u00e9, ordinato a Trento nel 1950, fu vicario parrocchiale a Cles (1950-52), Trento San Pietro (1952-53), Ala (1953-54), Levico (1954-55), curato a Cavizzana (1955-1958), parroco a Pellizzano (1958-77), Pracorno (1977-82), Magras (1977-2006), ivi residente fino al 2009, poi a Trento presso la Casa del Clero.<br \/>\nIl funerale \u00e8 stato celebrato marted\u00ec 10 dicembre, ad ore 14.30 a Mal\u00e9.<\/p>\n<p>&nbsp;<\/p>\n<p><strong>Gardener don Renzo<\/strong>, di anni 89.<br \/>\nTrento, 6 dicembre 2013.<\/p>\n<p>Originario di Mezzocorona, ordinato a Trento nel 1949, fu vicario parrocchiale a Noriglio (1949-50), Cunevo (1950-51), Fondo (1951-55), parroco a Tres (1955-61), catechista a Trento (1961-1989), parroco a Dardine (1964-66), rettore della Chiesa dell&#8217;Annunziata a Trento (1965-71), consulente ecclesiale Unione Commercio (1971-90); assistente spirituale Rinascita Cristiana (1990-2009), consulente ecclesiale Pia Unione Provvidenza (2001-2003), successivamente residente a Trento.<br \/>\nIl funerale \u00e8 stato celebrato luned\u00ec 9 dicembre, ad ore 14.30 a Mezzocorona.<\/p>\n<p>&nbsp;<\/p>\n<p><span style=\"color: #008000;\"><strong>Depaoli Clementino<\/strong><\/span>, diacono permanente, di anni 84.<br \/>\nTrento, 1 dicembre 2013.<\/p>\n<p>Originario di Cavedine, venne ordinato a Trento nel 1992. Fu collaboratore pastorale della parrocchia di Madonna Bianca a Trento e cerimoniere arcivescovile.<br \/>\nIl funerale \u00e8 stato celebrato mercoled\u00ec 4 dicembre, alle ore 10.00, presso la chiesa di Madonna Bianca.<\/p>\n<p>&nbsp;<\/p>\n<p><strong>Conci don Giuseppe<\/strong>, di anni 75.<br \/>\nTrento, 30 novembre 2013.<\/p>\n<p>Originario di Verv\u00f2, venne ordinato a Trento nel 1963. Fu vicario parrocchiale a Mezzocorona (1963-65), Denno (1965-68), cappellano degli operai a Varese (1968-69), vicario parrocchiale a Milano nella parrocchia dei Santi Martiri (1969-70), parroco a Cimone e Garniga (1970-78), Rovereto S. Ilario (1978-83), Rovereto S. Giuseppe (1983-2000), residente a Caronno Pertusella in provincia di Varese (2000-2001), collaboratore pastorale Trento SS. Sacramento (2002-2005), amministratore parrocchiale Volano (2007), collaboratore pastorale Rovereto San Giuseppe e residente alla casa del Clero.<br \/>\nIl funerale \u00e8 stato\u00a0celebrato luned\u00ec 2 dicembre\u00a0alle 14.00 presso la chiesa del SS. Sacramento a Trento.<\/p>\n<p>&nbsp;<\/p>\n<p><strong>Motter don Enrico<\/strong>, di anni 87.<br \/>\nTrento, 31 agosto 2013.<\/p>\n<p>Originario di Tenna, ordinato a Trento nel 1950, fu vicario parrocchiale a Spiazzo Rendena (1950-52), Trento San Giuseppe (1952-55), parroco a Carbonare (1955-64), Verla di Giovo (1964-76), Telve (1976-2002), collaboratore pastorale del decanato di Borgo Valsugana (2002-2003) e successivamente ospite della Casa del Clero.<br \/>\nIl funerale \u00e8 stato\u00a0celebrato luned\u00ec 2 settembre, alle ore 15.00, a Tenna.<\/p>\n<p>&nbsp;<\/p>\n<p><strong>Donati don Albino<\/strong>, di anni 85.<br \/>\nTrento, 7 agosto 2013.<\/p>\n<p>Originario di Dasindo, ordinato a Trento nel 1953, fu vicario parrocchiale a Cavalese (1953-1956) parroco a Castello Condino (1956-1960), Tenno (1960-1968), Moena (1968-1974), missionario &#8216;fidei donum&#8217; in Brasile (1974-1995), parroco a Santa Croce del Bleggio e Cares (1995-2002), a Quadra (1997-2002), collaboratore pastorale del Lomaso (2002-2008), residente a Dasindo (2008-2012), poi residente presso la Casa del Clero.<br \/>\nIl funerale \u00e8 stato celebrato venerd\u00ec 9 agosto, alle ore 17.00, a Vigo Lomaso.<\/p>\n<p>&nbsp;<\/p>\n<p><strong>Peterlini don Giuseppe<\/strong>, di anni 88.<br \/>\nMarano d&#8217;Isera, 7 agosto 2013.<\/p>\n<p>Originario di Terragnolo, ordinato a Trento nel 1949, fu vicario parrocchiale a Avio (1949-1956), parroco a Saccone (1956-1971), a Marano e Brancolino (1971-1987), parroco a Marano (1987-1995), residente a Marano.<br \/>\nIl funerale \u00e8 stato celebrato luned\u00ec 12 agosto, alle ore 18.00, a Marano.<\/p>\n<p>&nbsp;<\/p>\n<p><strong>Eccher don Matteo<\/strong>, di anni 72.<br \/>\nVigo Cavedine, 12 luglio 2013<\/p>\n<p>Originario di Vigo Cavedine, ordinato a Trento nel 1966, fu vicario parrocchiale a Noriglio (1966-67), Terragnolo (1967-70), Tuenno (1970-74); parroco a Coredo (1974-85); in amministrazione presso la Curia (1985-86), economo diocesano e vicario episcopale (1986-95); parroco a Mechel (1995-2003) e successivamente a Dimaro.<br \/>\nIl funerale \u00e8 stato celebrato domenica 14 luglio, ad ore 17.00, a Vigo Cavedine.<\/p>\n<p>&nbsp;<\/p>\n<p><strong>Lunz don Beniamino<\/strong>, di anni 77.<br \/>\nJesolo, 20 giugno 2013.<\/p>\n<p>Originario di Castagn\u00e9 S. Vito, ordinato a Trento nel 1962 e incardinato nella diocesi di Bolzano-Bressanone, fu cooperatore a Pinzolo (1962-63), Strigno (1963-65), insegnante nel Seminario Minore Johanneum (Dorf Tirol, 1965-82), allo studio (1968-69), insegnante di religione (1982-89), cooperatore festivo a Merano\/S. Maria Assunta (1982-89), cooperatore a Merano\/S. Spirito (1989-2001), collaboratore pastorale del decanato di Pergine dal 2002.<br \/>\nIl funerale \u00e8 stato celebrato luned\u00ec 24 giugno, ad ore 16.00, a Castagn\u00e9 San Vito.<\/p>\n<p>&nbsp;<\/p>\n<p><span style=\"color: #008000;\"><strong>Penasa Camillo<\/strong><\/span>, diacono permanente, di anni 88.<br \/>\nRovereto, 17 giugno 2013.<\/p>\n<p>Originario di Torra di Taio, fu ordinato diacono il 7 giugno 1987. Era collaboratore pastorale della parrocchia di San Carlo Borromeo a Trento.<br \/>\nIl funerale \u00e8 stato celebrato gioved\u00ec 20 giugno ad ore 10.00, presso la chiesa di San Carlo a Trento<\/p>\n<p>&nbsp;<\/p>\n<p><strong>Covi mons. Augusto<\/strong>, di anni 83.<br \/>\nTrento, 7 giugno 2013.<\/p>\n<p>Originario di Vasio, ordinato a Trento nel 1956, fu vicario parrocchiale a Noriglio (1956-62) e Gardolo (1962-66); cappellano militare (1966-91); cappellano presso la RSA di Tesero (1991-2012); poi residente presso la Casa del Clero.<br \/>\nIl funerale \u00e8 stato celebrato luned\u00ec 10 giugno, alle ore 14.30, a Vasio di Fondo.<\/p>\n<p>&nbsp;<\/p>\n<p><strong>Malacarne mons. Ambrogio<\/strong>, di anni 78.<br \/>\nArco, 22 aprile 2013.<\/p>\n<p>Originario di Brescia, ordinato a Trento nel 1959, fu vicario parrocchiale a Grigno (1959-62) e Cles (1962-67); parroco a Ronzo Chienis (1967-83); catechista a Villalagarina (1980-83); parroco a Riva S. Alessandro (1983-98); delegato vescovile per l&#8217;arte sacra e tutela dei beni culturali ecclesiastici (1998-2010), rappresentante della Diocesi in Commissione Beni Culturali della Provincia (2001-2010); canonico della cattedrale di San Vigilio dal 2009.<br \/>\nIl funerale \u00e8 stato celebrato mercoled\u00ec 24 aprile, ad ore 15.30, presso la Collegiata di Arco.<\/p>\n<p>&nbsp;<\/p>\n<p><strong>Molinari don Benedetto<\/strong>, di anni 90.<br \/>\nTrento, 11 aprile 2013.<\/p>\n<p>Originario di Borgo Valsugana, ordinato a Trento nel 1946, fu vicario parrocchiale a Lizzanella (1946-49) e Mal\u00e9 (1949-51); curato ad Albaredo (1951-54); parroco a Marco (1954-65), Brentonico (1965-72), Rallo (1972-76), Roncogno (1976-2003); delegato per la pastorale dei pensionati e degli anziani (1976-2003); incaricato per le case di riposo della diocesi (1981-2003); residente a Roncogno (2003-2005) poi a Borgo Valsugana (2005-11) e successivamente alla Casa del clero.<br \/>\nIl funerale \u00e8 stato celebrato sabato 13 aprile, alle ore 14.00, a Borgo Valsugana.<\/p>\n<p>&nbsp;<\/p>\n<p><strong>Clauser don Dante<\/strong>, di anni 89.<br \/>\nTrento, 11 febbraio 2013.<\/p>\n<p>Originario di Lavarone, ordinato a Trento nel 1947, fu vicario parrocchiale a Calavino (1947-48); fu alla Piccola Opera di Levico (1948-50) e alla Casa del Fanciullo di Bolzano (1950-52); assistente nazionale ASCI (1952-54); curato a Vignola (1954-57), parroco a Vezzano (1957-64), parroco a Trento, parrocchia di San Pietro (1964-77); responsabile del Punto d&#8217;Incontro (1977-2000).<br \/>\nIl funerale \u00e8 stato celebrato mercoled\u00ec 13 febbraio\u00a0a Trento, in cattedrale, ad ore 15.00.<\/p>\n<p>&nbsp;<\/p>\n<p><strong>Pellegrini don Giancarlo<\/strong>, di anni 71.<br \/>\nTrento, 17 gennaio 2013.<\/p>\n<p>Originario di Bolzano, ordinato a Trento nel 1973, fu vicario parrocchiale a Predazzo (1973-74); parroco a Carzano (1974-78), Terlago (1978-87), Varone (1987-1995), Tenno (1990-95), Cologna Gavazzo (1994-95), S. Michele all&#8217;Adige e Grumo (1995-2011), Faedo (2000-2011); dal 2011 era collaboratore pastorale del decanato di Mezzolombardo.<br \/>\nIl funerale \u00e8 stato celebrato sabato 19 gennaio a Mezzolombardo, ad ore 14.00.<\/p>\n<p>&nbsp;<\/p>\n<p><strong>Berteotti don Ezio<\/strong>, di anni 81.<br \/>\nBrasile, 11 gennaio 2013.<\/p>\n<p>Originario di Stravino, venne ordinato a Trento nel 1956. Prima di partire per la missione come sacerdote &#8220;fidei donum&#8221;, fu vicario parrocchiale a Terragnolo (1956-58), Condino (1958-59)\u00a0e Brentonico (1959-60). Dal 1960 era in Brasile, a Santana do Livramento.<br \/>\n\u00c8 stato ricordato luned\u00ec 11 febbraio con una celebrazione di suffragio, a Stravino.<\/p>\n","protected":false},"excerpt":{"rendered":"<p>Ricordiamo nella preghiera, assieme alle loro famiglie e comunit\u00e0, i 15 presbiteri diocesani e i 2 diaconi permanenti, deceduti nel 2013. &nbsp; Segatta mons. Valeriano, di anni 67. Trento, 14 dicembre 2013. Originario Povo, ordinato<\/p>\n","protected":false},"author":4,"featured_media":0,"parent":707,"menu_order":5,"comment_status":"closed","ping_status":"closed","template":"","meta":{"footnotes":""},"class_list":["post-737","page","type-page","status-publish","hentry"],"acf":{"seed-localization-paese-cod":"","seed-localization-address":"","seed-localization-citta":"","seed-localization-regione-cod-istat":"","seed-localization-citta-cod-istat":"","seed-localization-localita":"","seed-localization-cap":"","seed-localization-marker-visibility":false,"seed-localization-children-visibility":false,"seed-localization-kml":"","seed-localization-custom-marker":""},"yoast_head":"<!-- This site is optimized with the Yoast SEO Premium plugin v20.2.1 (Yoast SEO v22.2) - https:\/\/yoast.com\/wordpress\/plugins\/seo\/ -->\n<title>2013 - Clero<\/title>\n<meta name=\"robots\" content=\"index, follow, max-snippet:-1, max-image-preview:large, max-video-preview:-1\" \/>\n<link rel=\"canonical\" href=\"https:\/\/www.diocesitn.it\/clero\/lutto-nel-clero\/2013-2\/\" \/>\n<meta property=\"og:locale\" content=\"it_IT\" \/>\n<meta property=\"og:type\" content=\"article\" \/>\n<meta property=\"og:title\" content=\"2013\" \/>\n<meta property=\"og:description\" content=\"Ricordiamo nella preghiera, assieme alle loro famiglie e comunit\u00e0, i 15 presbiteri diocesani e i 2 diaconi permanenti, deceduti nel 2013. &nbsp; Segatta mons. Valeriano, di anni 67. Trento, 14 dicembre 2013. Originario Povo, ordinato\" \/>\n<meta property=\"og:url\" content=\"https:\/\/www.diocesitn.it\/clero\/lutto-nel-clero\/2013-2\/\" \/>\n<meta property=\"og:site_name\" content=\"Clero\" \/>\n<meta property=\"article:modified_time\" content=\"2024-04-17T14:55:18+00:00\" \/>\n<meta name=\"twitter:card\" content=\"summary_large_image\" \/>\n<meta name=\"twitter:label1\" content=\"Tempo di lettura stimato\" \/>\n\t<meta name=\"twitter:data1\" content=\"7 minuti\" \/>\n<script type=\"application\/ld+json\" class=\"yoast-schema-graph\">{\"@context\":\"https:\/\/schema.org\",\"@graph\":[{\"@type\":\"WebPage\",\"@id\":\"https:\/\/www.diocesitn.it\/clero\/lutto-nel-clero\/2013-2\/\",\"url\":\"https:\/\/www.diocesitn.it\/clero\/lutto-nel-clero\/2013-2\/\",\"name\":\"2013 - Clero\",\"isPartOf\":{\"@id\":\"https:\/\/www.diocesitn.it\/clero\/#website\"},\"datePublished\":\"2017-07-28T09:04:20+00:00\",\"dateModified\":\"2024-04-17T14:55:18+00:00\",\"breadcrumb\":{\"@id\":\"https:\/\/www.diocesitn.it\/clero\/lutto-nel-clero\/2013-2\/#breadcrumb\"},\"inLanguage\":\"it-IT\",\"potentialAction\":[{\"@type\":\"ReadAction\",\"target\":[\"https:\/\/www.diocesitn.it\/clero\/lutto-nel-clero\/2013-2\/\"]}]},{\"@type\":\"BreadcrumbList\",\"@id\":\"https:\/\/www.diocesitn.it\/clero\/lutto-nel-clero\/2013-2\/#breadcrumb\",\"itemListElement\":[{\"@type\":\"ListItem\",\"position\":1,\"name\":\"Home\",\"item\":\"https:\/\/www.diocesitn.it\/clero\/\"},{\"@type\":\"ListItem\",\"position\":2,\"name\":\"Lutto nel Clero\",\"item\":\"https:\/\/www.diocesitn.it\/clero\/lutto-nel-clero\/\"},{\"@type\":\"ListItem\",\"position\":3,\"name\":\"2013\"}]},{\"@type\":\"WebSite\",\"@id\":\"https:\/\/www.diocesitn.it\/clero\/#website\",\"url\":\"https:\/\/www.diocesitn.it\/clero\/\",\"name\":\"Clero\",\"description\":\"Chiesa di TRENTO\",\"potentialAction\":[{\"@type\":\"SearchAction\",\"target\":{\"@type\":\"EntryPoint\",\"urlTemplate\":\"https:\/\/www.diocesitn.it\/clero\/?s={search_term_string}\"},\"query-input\":\"required name=search_term_string\"}],\"inLanguage\":\"it-IT\"},{\"@type\":\"ImageObject\",\"inLanguage\":\"it-IT\",\"@id\":\"https:\/\/www.diocesitn.it\/clero\/lutto-nel-clero\/2013-2\/#local-main-organization-logo\",\"url\":\"\",\"contentUrl\":\"\",\"caption\":\"Clero\"}]}<\/script>\n<!-- \/ Yoast SEO Premium plugin. -->","yoast_head_json":{"title":"2013 - Clero","robots":{"index":"index","follow":"follow","max-snippet":"max-snippet:-1","max-image-preview":"max-image-preview:large","max-video-preview":"max-video-preview:-1"},"canonical":"https:\/\/www.diocesitn.it\/clero\/lutto-nel-clero\/2013-2\/","og_locale":"it_IT","og_type":"article","og_title":"2013","og_description":"Ricordiamo nella preghiera, assieme alle loro famiglie e comunit\u00e0, i 15 presbiteri diocesani e i 2 diaconi permanenti, deceduti nel 2013. &nbsp; Segatta mons. Valeriano, di anni 67. Trento, 14 dicembre 2013. Originario Povo, ordinato","og_url":"https:\/\/www.diocesitn.it\/clero\/lutto-nel-clero\/2013-2\/","og_site_name":"Clero","article_modified_time":"2024-04-17T14:55:18+00:00","twitter_card":"summary_large_image","twitter_misc":{"Tempo di lettura stimato":"7 minuti"},"schema":{"@context":"https:\/\/schema.org","@graph":[{"@type":"WebPage","@id":"https:\/\/www.diocesitn.it\/clero\/lutto-nel-clero\/2013-2\/","url":"https:\/\/www.diocesitn.it\/clero\/lutto-nel-clero\/2013-2\/","name":"2013 - Clero","isPartOf":{"@id":"https:\/\/www.diocesitn.it\/clero\/#website"},"datePublished":"2017-07-28T09:04:20+00:00","dateModified":"2024-04-17T14:55:18+00:00","breadcrumb":{"@id":"https:\/\/www.diocesitn.it\/clero\/lutto-nel-clero\/2013-2\/#breadcrumb"},"inLanguage":"it-IT","potentialAction":[{"@type":"ReadAction","target":["https:\/\/www.diocesitn.it\/clero\/lutto-nel-clero\/2013-2\/"]}]},{"@type":"BreadcrumbList","@id":"https:\/\/www.diocesitn.it\/clero\/lutto-nel-clero\/2013-2\/#breadcrumb","itemListElement":[{"@type":"ListItem","position":1,"name":"Home","item":"https:\/\/www.diocesitn.it\/clero\/"},{"@type":"ListItem","position":2,"name":"Lutto nel Clero","item":"https:\/\/www.diocesitn.it\/clero\/lutto-nel-clero\/"},{"@type":"ListItem","position":3,"name":"2013"}]},{"@type":"WebSite","@id":"https:\/\/www.diocesitn.it\/clero\/#website","url":"https:\/\/www.diocesitn.it\/clero\/","name":"Clero","description":"Chiesa di TRENTO","potentialAction":[{"@type":"SearchAction","target":{"@type":"EntryPoint","urlTemplate":"https:\/\/www.diocesitn.it\/clero\/?s={search_term_string}"},"query-input":"required name=search_term_string"}],"inLanguage":"it-IT"},{"@type":"ImageObject","inLanguage":"it-IT","@id":"https:\/\/www.diocesitn.it\/clero\/lutto-nel-clero\/2013-2\/#local-main-organization-logo","url":"","contentUrl":"","caption":"Clero"}]}},"_links":{"self":[{"href":"https:\/\/www.diocesitn.it\/clero\/wp-json\/wp\/v2\/pages\/737","targetHints":{"allow":["GET"]}}],"collection":[{"href":"https:\/\/www.diocesitn.it\/clero\/wp-json\/wp\/v2\/pages"}],"about":[{"href":"https:\/\/www.diocesitn.it\/clero\/wp-json\/wp\/v2\/types\/page"}],"author":[{"embeddable":true,"href":"https:\/\/www.diocesitn.it\/clero\/wp-json\/wp\/v2\/users\/4"}],"replies":[{"embeddable":true,"href":"https:\/\/www.diocesitn.it\/clero\/wp-json\/wp\/v2\/comments?post=737"}],"version-history":[{"count":3,"href":"https:\/\/www.diocesitn.it\/clero\/wp-json\/wp\/v2\/pages\/737\/revisions"}],"predecessor-version":[{"id":2245,"href":"https:\/\/www.diocesitn.it\/clero\/wp-json\/wp\/v2\/pages\/737\/revisions\/2245"}],"up":[{"embeddable":true,"href":"https:\/\/www.diocesitn.it\/clero\/wp-json\/wp\/v2\/pages\/707"}],"wp:attachment":[{"href":"https:\/\/www.diocesitn.it\/clero\/wp-json\/wp\/v2\/media?parent=737"}],"curies":[{"name":"wp","href":"https:\/\/api.w.org\/{rel}","templated":true}]}}