{"id":718,"date":"2017-07-28T09:12:27","date_gmt":"2017-07-28T07:12:27","guid":{"rendered":"https:\/\/www.diocesitn.it\/clero\/?page_id=718"},"modified":"2024-04-17T16:56:08","modified_gmt":"2024-04-17T14:56:08","slug":"2011-2","status":"publish","type":"page","link":"https:\/\/www.diocesitn.it\/clero\/lutto-nel-clero\/2011-2\/","title":{"rendered":"2011"},"content":{"rendered":"<p><strong>Ricordiamo nella preghiera, assieme alle loro famiglie e comunit\u00e0, i 16 presbiteri diocesani e il diacono permanente, deceduti nel 2011.<\/strong><\/p>\n<p>&nbsp;<\/p>\n<p><strong>Giovannini don Maurilio<\/strong>, di anni 88.<br \/>\nDaone, 14 dicembre 2011.<\/p>\n<p>Originario di Daone, ordinato a Trento nel 1947, fu vicario parrocchiale a Vermiglio (1947-49), Tione (1949-50), Spormaggiore (1950-53), parroco a Bolbeno (1953-66), S. Martino d&#8217;Arco (1966-80), Segonzano (1980-81), Prezzo (1981-82), Darzo (1982-91), residente a Daone (1991-93), cappellano ospedale prov. di Arco (1993-2004). Dal 2004 era residente a Daone.<br \/>\nIl funerale \u00e8 stato celebrato venerd\u00ec 16 dicembre a Daone.<\/p>\n<p>&nbsp;<\/p>\n<p><strong>Zorzi don Diego<\/strong>, di anni 90.<br \/>\nPiacenza, 7 dicembre 2011.<\/p>\n<p>Originario di Merano, ordinato a Denno nel 1944, fu professore nel Seminario minore\u00a0(1944-45), studente presso l&#8217;Universit\u00e0 Cattolica del Sacro Cuore dove si laure\u00f2 in Lettere (1945-52), assistente presso l&#8217;Universit\u00e0 Cattolica (1950-56), catechista a Trento (1956-74), residente a Trento (1974-96), successivamente responsabile della &#8220;Comunit\u00e0 di preghiera contemplativa&#8221; a Piacenza.<br \/>\nIl funerale \u00e8 stato celebrato venerd\u00ec 9 dicembre a Piacenza.<\/p>\n<p>&nbsp;<\/p>\n<p><strong>Merlin don Giovanni<\/strong>, di anni 79.<br \/>\nTrento, 18 novembre 2011.<\/p>\n<p>Originario di Campodoro (PD), ordinato a Trento nel 1957, fu vicario parrocchiale a Lavarone (1957-61), Predazzo (1961-64), parroco a Ruffr\u00e8 (1964-74), Marter (1974-90), Tonadico (1990-2007), Siror (2002-07), successivamente collaboratore pastorale per il decanato della Valsugana Orientale e negli ultimi mesi ospite della Casa del Clero.<\/p>\n<p>Il funerale \u00e8 stato\u00a0celebrato luned\u00ec 21 novembre 2011 alle ore 14.30 a Marter.<\/p>\n<p>&nbsp;<\/p>\n<p><strong>Biasioni don Enzo<\/strong>, di anni 82.<br \/>\nTrento, 15 novembre 2011.<\/p>\n<p>Originario di Bosentino, ordinato a Trento nel 1954, fu vicario parrocchiale a Brentonico (1954-55), Trento\/Cristo Re (1955-57), parroco a Preore (1957-59), Saone (1959-68), Varone (1968-76), Roncone (1976-89), Cavrasto (1989-2002), Balbido (1992-2002), Rango (1993-2002), collaboratore pastorale del Bleggio (2002-2008), residente a S. Croce del Bleggio fino al 2010 e successivamente alla Casa del Clero.<br \/>\nIl funerale \u00e8 stato celebrato venerd\u00ec 18 novembre ad ore 14.00 a Bosentino.<\/p>\n<p>&nbsp;<\/p>\n<p><strong>Bertol don Renato<\/strong>, di anni 65.<br \/>\nTrento, 24 ottobre 2011.<\/p>\n<p>Originario di Campodenno, ordinato a Trento nel 1974, fu vicario parrocchiale a Vermiglio (1974-79), parroco a Varignano (1979-97), Bolbeno e Saone (1997-2002), Zuclo (1998-2002), Vigo Lomaso, Godenzo e Poia (2002-2010), Campo Lomaso (2008-2010), collaboratore pastorale per Trento Cristo Re, Madonna della Pace e Vela dal 2010.<br \/>\nIl funerale \u00e8 stato celebrato mercoled\u00ec 26 ottobre alle ore 14.30 a Campodenno.<\/p>\n<p>&nbsp;<\/p>\n<p><span style=\"color: #008000;\"><strong>Debiasi Giuseppe<\/strong><\/span>, diacono permanente, di anni 75.<br \/>\n30 settembre 2011.<\/p>\n<p>Originario di Civezzano, venne ordinato a Trento nel 1987. Fu collaboratore pastorale nella parrocchia di San Carlo a Trento, con attenzione alla Caritas locale (1987-2004); componente della segreteria dei Diaconi Permanenti (1999-2004); ministero diaconale al Santuario di San Romedio (2004-2008); collaboratore pastorale del decanato di Civezzano e Pin\u00e9, con attenzione alla Caritas decanale e alla cura pastorale degli anziani (dal 2009).<br \/>\nIl funerale \u00e8 stato\u00a0celebrato luned\u00ec 3 ottobre alle ore 14.30 a Civezzano.<\/p>\n<p>&nbsp;<\/p>\n<p><strong>Zadra don Luigi<\/strong>, di anni 92.<br \/>\nTrento, 13 settembre 2011.<\/p>\n<p>Originario di Borgo Sacco, ordinato a Denno nel 1944, fu vicario parrocchiale a Besenello (1944-45), Ziano (1945-46), Condino (1946-47), parroco a Prezzo (1947-50), Tenno (1950-60), parroco e decano di Lavis (1960-74), parroco a Cavedine (1974-87), cappellano alla Casa di riposo di Povo (1987-89), residente alla Casa del Clero dal 2003.<br \/>\nIl funerale \u00e8 stato celebrato gioved\u00ec 15 settembre alle ore 14.00 presso la chiesa di S. Giovanni Battista a Borgo Sacco di Rovereto.<\/p>\n<p><strong>Angeli don Geremia<\/strong>, di anni 89.<br \/>\nBorgo Valsugana, 7 settembre 2011.<\/p>\n<p>Originario di Borgo Valsugana, ordinato a Trento nel 1947, fu vicario parrocchiale a Cognola (1947-49), Lizzana (1949-50), Luserna (1950-51), Mezzolombardo (1951-52), Caldonazzo (1952-53), parroco a Pieve Tesino (1953-66), Roncegno e S. Brigida (1966-75), catechista a Borgo Valsugana (1975-83) e successivamente ivi residente.<br \/>\nIl funerale \u00e8 stato celebrato venerd\u00ec 9 settembre alle ore 17.00 a Borgo Valsugana.<\/p>\n<p>&nbsp;<\/p>\n<p><strong>Rigotti don Vigilio<\/strong>, di anni 95.<br \/>\nTrento, 23 agosto 2011.<\/p>\n<p>Originario di Ranzo, ordinato a Trento nel 1947, fu vicario parrocchiale a Grigno (1947-49), Roncone (1949-53), parroco a Lardaro (1953-68), Cis (1968-91), e successivamente residente a Ranzo.<br \/>\nIl funerale \u00e8 stato celebrato gioved\u00ec 25 agosto, alle ore 10.00, a Ranzo.<\/p>\n<p>&nbsp;<\/p>\n<p><strong>Toniatti don Mario<\/strong>, di anni 81.<br \/>\nTrento, 16 luglio 2011.<\/p>\n<p>Originario di Montagnaga, ordinato a Trento nel 1956, fu vicario parrocchiale a Borgo Valsugana (1956-1958), Predazzo (1958-1963), parroco a Castelnuovo (1963-1975), Roncegno (1975-1990), Ospedaletto (1990-2009), decano di Strigno (1992-2003) parroco di Agnedo (2003-2009) e successivamente collaboratore pastorale del decanato della Valsugana Orientale.<br \/>\nIl funerale \u00e8 stato celebrato luned\u00ec 18 luglio, alle ore 15.00, a Castelnuovo. La salma \u00e8 stata tumulata nel cimitero di Montagnaga di Pin\u00e9, suo paese natale.<\/p>\n<p>&nbsp;<\/p>\n<p><strong>Giovannini don\u00a0Enrico<\/strong>, di anni\u00a080.<br \/>\nTrento, 7 luglio 2011.<\/p>\n<p>Originario di Flavon, ordinato a Trento nel 1956, fu vicario parrocchiale ad Arco (1956-1961), parroco a Varignano (1961-1968), Tuenno (1968-1975), Mori (1975-1989) e Cloz (1989-2008) e successivamente residente a Flavon.<br \/>\nIl funerale \u00e8 stato celebrato sabato 9 luglio, alle ore 16.00, a Flavon.<\/p>\n<p>&nbsp;<\/p>\n<p><strong>Cecco don Carlo<\/strong>, di anni 87.<br \/>\nTrento, 17 giugno 2011.<\/p>\n<p>Originario di Canal S. Bovo, ordinato a Trento nel 1949, fu vicario parrocchiale a Taio (1949-50), Borgo Sacco (1950-54), parroco a Montesover (1954-58), Sabbionara (1958-71), Nomi (1971-77), Nave San Rocco (1977-97), rettore della chiesa S. Annunziata a Trento (1997-2009), residente negli ultimi anni presso la Casa del Clero.<br \/>\nIl funerale \u00e8 stato celebrato luned\u00ec 20 giugno, ad ore 17.00, a Nave San Rocco.<\/p>\n<p>&nbsp;<\/p>\n<p><strong>Longo don Carlo<\/strong>, di anni 80.<br \/>\nArco, 9 giugno 2011.<\/p>\n<p>Originario di Siror, ordinato a Trento nel 1955, fu vicario parrocchiale a Predazzo (1955-58), parroco a Sagron Mis (1958-66), assistente degli emigrati in Germania (1966-1995); residente a Siror dal 1995 al 1997 e successivamente cappellano dell&#8217;ospedale S. Pancrazio di Arco.<br \/>\nIl funerale \u00e8 stato\u00a0celebrato luned\u00ec 13 giugno alle 15.30 ad Arco.<\/p>\n<p>&nbsp;<\/p>\n<p><strong>Bertoldi don Luigi<\/strong>, di anni 95.<br \/>\nPergine, 7 maggio 2011.<\/p>\n<p>Originario di Seregnano, ordinato a Trento nel 1940, fu vicario parrocchiale a Bronzolo (1940-42), Tezze (1942-1947), curato a Magras (1947-56), parroco a Serso (1956-78) e Masetti (1978-1991); dal 1991 era residente a Pergine.<br \/>\nIl funerale \u00e8 stato celebrato luned\u00ec 9 maggio alle 15.30 a Pergine Valsugana.<\/p>\n<p>&nbsp;<\/p>\n<p><strong>Ioriatti don Tullio<\/strong>, di anni 95.<br \/>\nTrento, 10 marzo 2011.<\/p>\n<p>Originario di Baselga di Pin\u00e9, ordinato a Trento nel 1939, fu vicario parrocchiale a Borgo Valsugana (1939-41), studente di Lettere all&#8217;Universit\u00e0 di Padova (1940-1944), professore al Seminario e all&#8217;Istituto del Sacro Cuore (1946-86) e successivamente residente alla Casa del Clero.<br \/>\nIl funerale \u00e8 stato celebrato sabato 12 marzo alle 14.30 a Baselga di Pin\u00e9.<\/p>\n<p>&nbsp;<\/p>\n<p><strong>Baldessari mons. Mario<\/strong>, di anni 87.<br \/>\nTrento, 20 febbraio 2011.<\/p>\n<p>Originario di San Lorenzo in Banale, ordinato a Trento nel 1949, fu vicario parrocchiale a Mori (1949-54), curato a Godenzo Poia (1954-1962), parroco a Varone (1962-68), Trento Cristo Re (1968-77), parroco e decano di Levico (1977-2001); dal 2001 era canonico preposito della Cattedrale.<br \/>\nIl funerale \u00e8 stato celebrato mercoled\u00ec 23 febbraio alle 10.00 in Duomo, successivamente alle 15.00 a San Lorenzo in Banale.<\/p>\n<p>&nbsp;<\/p>\n<p><strong>Borzatti don Pio<\/strong>, di anni 64.<br \/>\nCommezzadura, 18 febbraio 2011,<\/p>\n<p>Originario di Commezzadura, ordinato a Trento nel 1994, fu vicario parrocchiale a Moena (1994-95), parroco a Peio (1995-2002) e successivamente collaboratore pastorale nel decanato Val di Sole.<br \/>\nIl funerale \u00e8 stato celebrato luned\u00ec 21 febbraio, a Commezzadura, alle ore 14.30.<\/p>\n","protected":false},"excerpt":{"rendered":"<p>Ricordiamo nella preghiera, assieme alle loro famiglie e comunit\u00e0, i 16 presbiteri diocesani e il diacono permanente, deceduti nel 2011. &nbsp; Giovannini don Maurilio, di anni 88. Daone, 14 dicembre 2011. Originario di Daone, ordinato<\/p>\n","protected":false},"author":4,"featured_media":0,"parent":707,"menu_order":7,"comment_status":"closed","ping_status":"closed","template":"","meta":{"footnotes":""},"class_list":["post-718","page","type-page","status-publish","hentry"],"acf":{"seed-localization-paese-cod":"","seed-localization-address":"","seed-localization-citta":"","seed-localization-regione-cod-istat":"","seed-localization-citta-cod-istat":"","seed-localization-localita":"","seed-localization-cap":"","seed-localization-marker-visibility":false,"seed-localization-children-visibility":false,"seed-localization-kml":"","seed-localization-custom-marker":""},"yoast_head":"<!-- This site is optimized with the Yoast SEO Premium plugin v20.2.1 (Yoast SEO v22.2) - https:\/\/yoast.com\/wordpress\/plugins\/seo\/ -->\n<title>2011 - Clero<\/title>\n<meta name=\"robots\" content=\"index, follow, max-snippet:-1, max-image-preview:large, max-video-preview:-1\" \/>\n<link rel=\"canonical\" href=\"https:\/\/www.diocesitn.it\/clero\/lutto-nel-clero\/2011-2\/\" \/>\n<meta property=\"og:locale\" content=\"it_IT\" \/>\n<meta property=\"og:type\" content=\"article\" \/>\n<meta property=\"og:title\" content=\"2011\" \/>\n<meta property=\"og:description\" content=\"Ricordiamo nella preghiera, assieme alle loro famiglie e comunit\u00e0, i 16 presbiteri diocesani e il diacono permanente, deceduti nel 2011. &nbsp; Giovannini don Maurilio, di anni 88. Daone, 14 dicembre 2011. Originario di Daone, ordinato\" \/>\n<meta property=\"og:url\" content=\"https:\/\/www.diocesitn.it\/clero\/lutto-nel-clero\/2011-2\/\" \/>\n<meta property=\"og:site_name\" content=\"Clero\" \/>\n<meta property=\"article:modified_time\" content=\"2024-04-17T14:56:08+00:00\" \/>\n<meta name=\"twitter:card\" content=\"summary_large_image\" \/>\n<meta name=\"twitter:label1\" content=\"Tempo di lettura stimato\" \/>\n\t<meta name=\"twitter:data1\" content=\"7 minuti\" \/>\n<script type=\"application\/ld+json\" class=\"yoast-schema-graph\">{\"@context\":\"https:\/\/schema.org\",\"@graph\":[{\"@type\":\"WebPage\",\"@id\":\"https:\/\/www.diocesitn.it\/clero\/lutto-nel-clero\/2011-2\/\",\"url\":\"https:\/\/www.diocesitn.it\/clero\/lutto-nel-clero\/2011-2\/\",\"name\":\"2011 - Clero\",\"isPartOf\":{\"@id\":\"https:\/\/www.diocesitn.it\/clero\/#website\"},\"datePublished\":\"2017-07-28T07:12:27+00:00\",\"dateModified\":\"2024-04-17T14:56:08+00:00\",\"breadcrumb\":{\"@id\":\"https:\/\/www.diocesitn.it\/clero\/lutto-nel-clero\/2011-2\/#breadcrumb\"},\"inLanguage\":\"it-IT\",\"potentialAction\":[{\"@type\":\"ReadAction\",\"target\":[\"https:\/\/www.diocesitn.it\/clero\/lutto-nel-clero\/2011-2\/\"]}]},{\"@type\":\"BreadcrumbList\",\"@id\":\"https:\/\/www.diocesitn.it\/clero\/lutto-nel-clero\/2011-2\/#breadcrumb\",\"itemListElement\":[{\"@type\":\"ListItem\",\"position\":1,\"name\":\"Home\",\"item\":\"https:\/\/www.diocesitn.it\/clero\/\"},{\"@type\":\"ListItem\",\"position\":2,\"name\":\"Lutto nel Clero\",\"item\":\"https:\/\/www.diocesitn.it\/clero\/lutto-nel-clero\/\"},{\"@type\":\"ListItem\",\"position\":3,\"name\":\"2011\"}]},{\"@type\":\"WebSite\",\"@id\":\"https:\/\/www.diocesitn.it\/clero\/#website\",\"url\":\"https:\/\/www.diocesitn.it\/clero\/\",\"name\":\"Clero\",\"description\":\"Chiesa di TRENTO\",\"potentialAction\":[{\"@type\":\"SearchAction\",\"target\":{\"@type\":\"EntryPoint\",\"urlTemplate\":\"https:\/\/www.diocesitn.it\/clero\/?s={search_term_string}\"},\"query-input\":\"required name=search_term_string\"}],\"inLanguage\":\"it-IT\"},{\"@type\":\"ImageObject\",\"inLanguage\":\"it-IT\",\"@id\":\"https:\/\/www.diocesitn.it\/clero\/lutto-nel-clero\/2011-2\/#local-main-organization-logo\",\"url\":\"\",\"contentUrl\":\"\",\"caption\":\"Clero\"}]}<\/script>\n<!-- \/ Yoast SEO Premium plugin. -->","yoast_head_json":{"title":"2011 - Clero","robots":{"index":"index","follow":"follow","max-snippet":"max-snippet:-1","max-image-preview":"max-image-preview:large","max-video-preview":"max-video-preview:-1"},"canonical":"https:\/\/www.diocesitn.it\/clero\/lutto-nel-clero\/2011-2\/","og_locale":"it_IT","og_type":"article","og_title":"2011","og_description":"Ricordiamo nella preghiera, assieme alle loro famiglie e comunit\u00e0, i 16 presbiteri diocesani e il diacono permanente, deceduti nel 2011. &nbsp; Giovannini don Maurilio, di anni 88. Daone, 14 dicembre 2011. Originario di Daone, ordinato","og_url":"https:\/\/www.diocesitn.it\/clero\/lutto-nel-clero\/2011-2\/","og_site_name":"Clero","article_modified_time":"2024-04-17T14:56:08+00:00","twitter_card":"summary_large_image","twitter_misc":{"Tempo di lettura stimato":"7 minuti"},"schema":{"@context":"https:\/\/schema.org","@graph":[{"@type":"WebPage","@id":"https:\/\/www.diocesitn.it\/clero\/lutto-nel-clero\/2011-2\/","url":"https:\/\/www.diocesitn.it\/clero\/lutto-nel-clero\/2011-2\/","name":"2011 - Clero","isPartOf":{"@id":"https:\/\/www.diocesitn.it\/clero\/#website"},"datePublished":"2017-07-28T07:12:27+00:00","dateModified":"2024-04-17T14:56:08+00:00","breadcrumb":{"@id":"https:\/\/www.diocesitn.it\/clero\/lutto-nel-clero\/2011-2\/#breadcrumb"},"inLanguage":"it-IT","potentialAction":[{"@type":"ReadAction","target":["https:\/\/www.diocesitn.it\/clero\/lutto-nel-clero\/2011-2\/"]}]},{"@type":"BreadcrumbList","@id":"https:\/\/www.diocesitn.it\/clero\/lutto-nel-clero\/2011-2\/#breadcrumb","itemListElement":[{"@type":"ListItem","position":1,"name":"Home","item":"https:\/\/www.diocesitn.it\/clero\/"},{"@type":"ListItem","position":2,"name":"Lutto nel Clero","item":"https:\/\/www.diocesitn.it\/clero\/lutto-nel-clero\/"},{"@type":"ListItem","position":3,"name":"2011"}]},{"@type":"WebSite","@id":"https:\/\/www.diocesitn.it\/clero\/#website","url":"https:\/\/www.diocesitn.it\/clero\/","name":"Clero","description":"Chiesa di TRENTO","potentialAction":[{"@type":"SearchAction","target":{"@type":"EntryPoint","urlTemplate":"https:\/\/www.diocesitn.it\/clero\/?s={search_term_string}"},"query-input":"required name=search_term_string"}],"inLanguage":"it-IT"},{"@type":"ImageObject","inLanguage":"it-IT","@id":"https:\/\/www.diocesitn.it\/clero\/lutto-nel-clero\/2011-2\/#local-main-organization-logo","url":"","contentUrl":"","caption":"Clero"}]}},"_links":{"self":[{"href":"https:\/\/www.diocesitn.it\/clero\/wp-json\/wp\/v2\/pages\/718","targetHints":{"allow":["GET"]}}],"collection":[{"href":"https:\/\/www.diocesitn.it\/clero\/wp-json\/wp\/v2\/pages"}],"about":[{"href":"https:\/\/www.diocesitn.it\/clero\/wp-json\/wp\/v2\/types\/page"}],"author":[{"embeddable":true,"href":"https:\/\/www.diocesitn.it\/clero\/wp-json\/wp\/v2\/users\/4"}],"replies":[{"embeddable":true,"href":"https:\/\/www.diocesitn.it\/clero\/wp-json\/wp\/v2\/comments?post=718"}],"version-history":[{"count":4,"href":"https:\/\/www.diocesitn.it\/clero\/wp-json\/wp\/v2\/pages\/718\/revisions"}],"predecessor-version":[{"id":2247,"href":"https:\/\/www.diocesitn.it\/clero\/wp-json\/wp\/v2\/pages\/718\/revisions\/2247"}],"up":[{"embeddable":true,"href":"https:\/\/www.diocesitn.it\/clero\/wp-json\/wp\/v2\/pages\/707"}],"wp:attachment":[{"href":"https:\/\/www.diocesitn.it\/clero\/wp-json\/wp\/v2\/media?parent=718"}],"curies":[{"name":"wp","href":"https:\/\/api.w.org\/{rel}","templated":true}]}}