{"id":7,"date":"2010-02-15T18:40:00","date_gmt":"2010-02-15T17:40:00","guid":{"rendered":"https:\/\/www.diocesitn.it\/clero\/infermeria-del-clero\/"},"modified":"2024-04-17T15:21:23","modified_gmt":"2024-04-17T13:21:23","slug":"infermeria-del-clero","status":"publish","type":"page","link":"https:\/\/www.diocesitn.it\/clero\/infermeria-del-clero\/","title":{"rendered":"Casa del Clero &#8211; Soggiorno sacerdoti anziani"},"content":{"rendered":"<p>&nbsp;<\/p>\n<table style=\"border-collapse: collapse; width: 100%;\">\n<tbody>\n<tr>\n<td style=\"width: 100%;\">\n<h5 style=\"text-align: center;\"><strong><a style=\"outline-style: initial; outline-width: 0px; color: #1585cf; text-align: center;\" href=\"https:\/\/www.diocesitn.it\/clero\/wp-content\/uploads\/sites\/12\/2021\/12\/foto-ingresso-scaled-e1639641593391.jpg\"><img loading=\"lazy\" decoding=\"async\" class=\"size-medium wp-image-1739 alignleft\" src=\"https:\/\/www.diocesitn.it\/clero\/wp-content\/uploads\/sites\/12\/2021\/12\/foto-ingresso-scaled-e1639641593391-300x289.jpg\" alt=\"\" width=\"300\" height=\"289\" srcset=\"https:\/\/www.diocesitn.it\/clero\/wp-content\/uploads\/sites\/12\/2021\/12\/foto-ingresso-scaled-e1639641593391-300x289.jpg 300w, https:\/\/www.diocesitn.it\/clero\/wp-content\/uploads\/sites\/12\/2021\/12\/foto-ingresso-scaled-e1639641593391-1024x987.jpg 1024w, https:\/\/www.diocesitn.it\/clero\/wp-content\/uploads\/sites\/12\/2021\/12\/foto-ingresso-scaled-e1639641593391-768x740.jpg 768w, https:\/\/www.diocesitn.it\/clero\/wp-content\/uploads\/sites\/12\/2021\/12\/foto-ingresso-scaled-e1639641593391-290x280.jpg 290w, https:\/\/www.diocesitn.it\/clero\/wp-content\/uploads\/sites\/12\/2021\/12\/foto-ingresso-scaled-e1639641593391-797x768.jpg 797w, https:\/\/www.diocesitn.it\/clero\/wp-content\/uploads\/sites\/12\/2021\/12\/foto-ingresso-scaled-e1639641593391-800x771.jpg 800w, https:\/\/www.diocesitn.it\/clero\/wp-content\/uploads\/sites\/12\/2021\/12\/foto-ingresso-scaled-e1639641593391-1200x1157.jpg 1200w, https:\/\/www.diocesitn.it\/clero\/wp-content\/uploads\/sites\/12\/2021\/12\/foto-ingresso-scaled-e1639641593391.jpg 1440w\" sizes=\"auto, (max-width: 300px) 100vw, 300px\" \/><\/a><\/strong><\/h5>\n<h5 style=\"text-align: center;\"><strong>Casa del Clero<br \/>\nSoggiorno sacerdoti anziani<\/strong><br \/>\nCorso Tre Novembre, 46 &#8211; 38122 Trento<br \/>\nTel. 0461\/238.571<\/h5>\n<h5 style=\"text-align: center;\">cc.direzione@diocesitn.it<\/h5>\n<p>&nbsp;<\/p>\n<h4 style=\"text-align: center;\"><a href=\"#storia\">STORIA<\/a><br \/>\n<a href=\"#riferimenti\">RIFERIMENTI E VALORI<\/a><\/h4>\n<\/td>\n<\/tr>\n<\/tbody>\n<\/table>\n<div>\n<table style=\"width: 100%; border-collapse: collapse; background-color: #d9d7d7;\">\n<tbody>\n<tr>\n<td style=\"width: 100%;\">La Casa del Clero \u00e8 una Comunit\u00e0 Residenziale per Religiosi che offre un supporto assistenziale, sanitario e sociale adattato alle particolari abitudini e ritmi di vita dei sacerdoti, finalizzato a mantenere l\u2019identit\u00e0 ed il ruolo sacerdotale ed a garantire la continuit\u00e0 nella vita religiosa dei residenti.<\/p>\n<p>\u00c8 sita dentro il Seminario Maggiore a salvaguardia del legame che permane nella vita del sacerdote con la propria casa, il Seminario. E\u2019 un rimanere dentro la realt\u00e0 da cui sono partiti, sono cresciuti e dove possono soprattutto mantenere anche in una situazione di malattia e di fragilit\u00e0 un margine sempre vivo di vita religiosa e spirituale vissuta in sinergia con i giovani che ancora oggi dentro lo stesso edificio si preparano a vivere la propria vocazione, con le parrocchie di cui possono apprezzare ancora il richiamo del loro lavoro e continuare ad offrire ogni giorno il contributo sacerdotale nella liturgia, nella preghiera e nella solidariet\u00e0 reciproca per le risorse anche limitate che rimangono e possono mettere a disposizione.<\/p>\n<p>Per questo motivo la Casa del Clero vuole essere una casa aperta, capace di dialogare con tutti i soggetti interessati, ed erogare un servizio di qualit\u00e0 inteso come capacit\u00e0 di ricreare un ambiente di vita in cui il sacerdote sia realmente valorizzato, stimolato ed aiutato nel realizzare la propria vocazione fino alla fine.<\/td>\n<\/tr>\n<\/tbody>\n<\/table>\n<h4><strong><a id=\"storia\"><\/a>Storia<\/strong><\/h4>\n<p>Con decreto arcivescovile del 13 giugno 1943, N. 1912, \u00e8 eretta canonicamente in Ente morale, ai sensi del canone 100 del codice di diritto canonico, la Casa del Clero.\u00a0 L\u2019iniziativa diocesana per riservare un luogo dove accudire i sacerdoti anziani e malati che avessero bisogno di ospitalit\u00e0 e cure risale al 1974. Fu attrezzata un\u2019 infermeria usufruendo di due piani del corpo centrale dell\u2019edificio dell\u2019ex seminario minore (Via Madruzzo),\u00a0 che aveva gi\u00e0 chiuso la sua originale attivit\u00e0. Nel 1978 fu approvato un primo Statuto, rinnovato poi nel 1987.<\/p>\n<p>Alla denominazione originale \u201cInfermeria del clero\u201d, fu preferita con l\u2019andare degli anni quella di Soggiorno per sacerdoti anziani. Quest\u2019ultimo viene impiegato nei documenti ufficiali, mentre nell\u2019uso quotidiano corre preferibilmente il primo. Il numero degli ospiti presenti nella struttura negli anni si aggir\u00f2 tra i venti e i trenta.<\/p>\n<p>Nel 1996, avendo il Consiglio presbiterale deciso di vendere tutto il complesso del seminario minore, si pens\u00f2 in un primo tempo a un edificio nuovo, costruito nel parco della Casa del clero, in Via Cervara. A disegno completato, avendo pure ottenuto dall\u2019amministrazione provinciale un finanziamento congruo, il progetto fu rimesso in discussione nel Consiglio presbiterale che opt\u00f2 per una collocazione dei sacerdoti infermi presso la RSA dell\u2019Istituto Sordomuti, il quale, in cambio del sussidio deliberato dalla PAT per il progettato edificio in via Cervara, offriva un numero congruo di camere.<\/p>\n<p>Nell\u2019anno 2000 fu firmata una convenzione tra l\u2019Arcidiocesi e l\u2019Istituto Sordomuti che entr\u00f2 in vigore nel maggio del 2003, quanto, nei giorni dal 15 al 17 maggio, avvenne il trasloco dal seminario minore alla RSA di Via Piave 106.<\/p>\n<p>Gi\u00e0 in fase di contrattazione, ci si accorse che le condizioni per il ricovero ponevano dei limiti rispetto alle nostre finalit\u00e0, in quanto l\u00ec potevano essere accolti solo quanti avessero avuto la valutazione \u201cnon autosufficiente\u201d dalla commissione UVM (Unit\u00e0 Valutativa Multidisciplinare) in modo da poter avere il sussidio della PAT. Occorreva trovare un altro ambiente dove accogliere incondizionatamente ogni richiesta: per convalescenza, in attesa di ospedalizzazione, brevi periodi di cura, ecc. A tale scopo furono riservate e attrezzate 12 camere presso la Casa del Clero di via Cervara, pensate come pronta accoglienza per i bisogni sopra descritti. L\u2019iniziativa si dimostr\u00f2 ben presto indovinata e provvidenziale.<\/p>\n<p>Le difficolt\u00e0 incontrate fin dell\u2019inizio della nuova sistemazione indussero a pensare a una soluzione definitiva pi\u00f9 consona alle esigenze dei nostri sacerdoti anziani e infermi che permettesse di accogliere in un unico luogo quanti erano ospitati nelle due strutture.<\/p>\n<p><a href=\"https:\/\/www.diocesitn.it\/clero\/wp-content\/uploads\/sites\/12\/2021\/12\/seminario-013-scaled.jpg\"><img loading=\"lazy\" decoding=\"async\" class=\"size-medium wp-image-1742 alignleft\" src=\"https:\/\/www.diocesitn.it\/clero\/wp-content\/uploads\/sites\/12\/2021\/12\/seminario-013-300x225.jpg\" alt=\"\" width=\"300\" height=\"225\" srcset=\"https:\/\/www.diocesitn.it\/clero\/wp-content\/uploads\/sites\/12\/2021\/12\/seminario-013-300x225.jpg 300w, https:\/\/www.diocesitn.it\/clero\/wp-content\/uploads\/sites\/12\/2021\/12\/seminario-013-1024x768.jpg 1024w, https:\/\/www.diocesitn.it\/clero\/wp-content\/uploads\/sites\/12\/2021\/12\/seminario-013-768x576.jpg 768w, https:\/\/www.diocesitn.it\/clero\/wp-content\/uploads\/sites\/12\/2021\/12\/seminario-013-360x270.jpg 360w, https:\/\/www.diocesitn.it\/clero\/wp-content\/uploads\/sites\/12\/2021\/12\/seminario-013-1536x1152.jpg 1536w, https:\/\/www.diocesitn.it\/clero\/wp-content\/uploads\/sites\/12\/2021\/12\/seminario-013-2048x1536.jpg 2048w, https:\/\/www.diocesitn.it\/clero\/wp-content\/uploads\/sites\/12\/2021\/12\/seminario-013-800x600.jpg 800w, https:\/\/www.diocesitn.it\/clero\/wp-content\/uploads\/sites\/12\/2021\/12\/seminario-013-1200x900.jpg 1200w\" sizes=\"auto, (max-width: 300px) 100vw, 300px\" \/><\/a>Il Consiglio presbiterale gi\u00e0 nel 2006, visto la disponibilit\u00e0 dell\u2019edificio del seminario diocesano che in quegli anni veniva ristrutturato, decideva di collocarvi pure la nuova infermeria. Si impegnava di gestirla in proprio, senza dipendere da enti pubblici, per poter organizzare autonomamente la vita interna, e scegliere liberamente il personale. Nel 2008 fu fatta la fusione tra Soggiorno Sacerdoti anziani e infermi e Casa del Clero.<\/p>\n<p>Nella previsione del trasloco degli infermi nell\u2019edificio del seminario, si dovette pure constatare che nella Casa del Clero sarebbero rimasti solo tre ospiti, rendendo economicamente ingestibile la struttura. l problema fu presentato e discusso in Consiglio presbiterale che decise, con voto unanime, di unire nello stesso ente \u201cCasa del clero\u201d, dotato di personalit\u00e0 giuridica, anche l\u2019infermeria, che avrebbe costituito d\u2019ora innanzi l\u2019attivit\u00e0 principale.<\/p>\n<p>Nel 2018 la Direzione delle Casa del Clero ha avviato l\u2019iter per l\u2019autorizzazione e l\u2019accreditamento istituzionale della struttura. Ottenendo in data 07 settembre 2018 con Reg. delib. N 1647 l\u2019accreditamento provvisorio per un anno.<\/p>\n<p>In data 20 dicembre 2019, con determina del dirigente n.486 del Dipartimento Salute e Politiche Sociali della Provincia Autonoma di Trento la Casa del Clero di Trento ha ottenuto l\u2019accreditamento istituzionale per la funzione residenziale di \u201cComunit\u00e0 residenziale per religiosi\u201d per n. 30 posti letto (art.14 D.P.G.P. 27 novembre 2000, n.30-48\/Leg) autorizzati di cui 20 accreditati al Sistema Sanitario Provinciale.<\/p>\n<p>Autorizzazione ed accreditamento sono due processi di valutazione sistematica e periodica attuati dalla Provincia Autonoma di Trento con l\u2019obiettivo di verificare il possesso, da parte della Casa del Clero di Trento, di determinati requisiti relativi alle condizioni strutturali, organizzative e di funzionamento che influiscano sulla qualit\u00e0 dell&#8217;assistenza.<\/p>\n<p>Il risultato raggiunto ha permesso di ridisegnare il modello dei servizi alla persona (sociosanitari, ma anche socio-educativi) attraverso un ri-orientamento concettuale nell&#8217;approccio ai problemi, nell&#8217;offerta dei servizi e nei modelli di gestione, erogazione, controllo e governance finalizzato a porre sempre pi\u00f9 al centro del nostro lavoro i sacerdoti residenti.<\/p>\n<\/div>\n<h4><\/h4>\n<h4><strong><a id=\"riferimenti\"><\/a>Riferimenti e valori<a href=\"https:\/\/www.diocesitn.it\/clero\/wp-content\/uploads\/sites\/12\/2021\/12\/IMG_5418-scaled.jpg\"><img loading=\"lazy\" decoding=\"async\" class=\"alignright size-medium wp-image-1743\" src=\"https:\/\/www.diocesitn.it\/clero\/wp-content\/uploads\/sites\/12\/2021\/12\/IMG_5418-300x225.jpg\" alt=\"\" width=\"300\" height=\"225\" srcset=\"https:\/\/www.diocesitn.it\/clero\/wp-content\/uploads\/sites\/12\/2021\/12\/IMG_5418-300x225.jpg 300w, https:\/\/www.diocesitn.it\/clero\/wp-content\/uploads\/sites\/12\/2021\/12\/IMG_5418-1024x768.jpg 1024w, https:\/\/www.diocesitn.it\/clero\/wp-content\/uploads\/sites\/12\/2021\/12\/IMG_5418-768x576.jpg 768w, https:\/\/www.diocesitn.it\/clero\/wp-content\/uploads\/sites\/12\/2021\/12\/IMG_5418-360x270.jpg 360w, https:\/\/www.diocesitn.it\/clero\/wp-content\/uploads\/sites\/12\/2021\/12\/IMG_5418-1536x1152.jpg 1536w, https:\/\/www.diocesitn.it\/clero\/wp-content\/uploads\/sites\/12\/2021\/12\/IMG_5418-2048x1536.jpg 2048w, https:\/\/www.diocesitn.it\/clero\/wp-content\/uploads\/sites\/12\/2021\/12\/IMG_5418-800x600.jpg 800w, https:\/\/www.diocesitn.it\/clero\/wp-content\/uploads\/sites\/12\/2021\/12\/IMG_5418-1200x900.jpg 1200w\" sizes=\"auto, (max-width: 300px) 100vw, 300px\" \/><\/a><\/strong><\/h4>\n<p>La centralit\u00e0 del sacerdote, la qualit\u00e0 della sua vita e la promozione della sua salute, cos\u00ec come l\u2019importanza del suo ruolo sociale all\u2019interno della residenza, sono i nostri riferimenti. In quest\u2019ottica noi garantiamo:<\/p>\n<ul>\n<li>Un\u2019assistenza qualificata<\/li>\n<li>La formazione continua del personale, finalizzata alla rivalutazione della motivazione e della professionalit\u00e0<\/li>\n<li>Il massimo impegno nella ricerca continua del massimo livello possibile di qualit\u00e0 della vita e di salute per i sacerdoti<\/li>\n<li>Il mantenimento, dove possibile, delle capacit\u00e0 funzionali residua<\/li>\n<li>Interventi personalizzati.<\/li>\n<\/ul>\n<p><a href=\"https:\/\/www.diocesitn.it\/clero\/wp-content\/uploads\/sites\/12\/2021\/12\/foto-ambulatorio-scaled.jpg\"><img loading=\"lazy\" decoding=\"async\" class=\"alignleft size-medium wp-image-1744\" src=\"https:\/\/www.diocesitn.it\/clero\/wp-content\/uploads\/sites\/12\/2021\/12\/foto-ambulatorio-300x169.jpg\" alt=\"\" width=\"300\" height=\"169\" srcset=\"https:\/\/www.diocesitn.it\/clero\/wp-content\/uploads\/sites\/12\/2021\/12\/foto-ambulatorio-300x169.jpg 300w, https:\/\/www.diocesitn.it\/clero\/wp-content\/uploads\/sites\/12\/2021\/12\/foto-ambulatorio-1024x576.jpg 1024w, https:\/\/www.diocesitn.it\/clero\/wp-content\/uploads\/sites\/12\/2021\/12\/foto-ambulatorio-768x432.jpg 768w, https:\/\/www.diocesitn.it\/clero\/wp-content\/uploads\/sites\/12\/2021\/12\/foto-ambulatorio-360x203.jpg 360w, https:\/\/www.diocesitn.it\/clero\/wp-content\/uploads\/sites\/12\/2021\/12\/foto-ambulatorio-1536x864.jpg 1536w, https:\/\/www.diocesitn.it\/clero\/wp-content\/uploads\/sites\/12\/2021\/12\/foto-ambulatorio-2048x1152.jpg 2048w, https:\/\/www.diocesitn.it\/clero\/wp-content\/uploads\/sites\/12\/2021\/12\/foto-ambulatorio-800x450.jpg 800w, https:\/\/www.diocesitn.it\/clero\/wp-content\/uploads\/sites\/12\/2021\/12\/foto-ambulatorio-1200x675.jpg 1200w\" sizes=\"auto, (max-width: 300px) 100vw, 300px\" \/><\/a>I valori guida della nostra organizzazione sono:<\/p>\n<ul>\n<li>SALUTE: intesa come la possibilit\u00e0 di fruire di prestazioni di prevenzione, cura e riabilitazione da personale competente e professionale, le quali devono essere personalizzate ed integrate nel contesto di vita quotidiana, evitando forma di accanimento e sanitarizzazione eccessiva e non gradita.<\/li>\n<li>SPIRITUALITA\u2019: aspetto fondamentale, filo rosso che caratterizza tutta la vita del sacerdote, l\u2019intento \u00e8 di continuare a far vivere al sacerdote l\u2019esperienza religiosa.<\/li>\n<li>SOCIALITA\u2019: intesa come la possibilit\u00e0 di sviluppare rapporti interpersonali con seminaristi, associazioni, parrocchiani, giovani, di sentirsi parte della comunit\u00e0 religiosa e di ritrovarsi inseriti nel contesto sociale, ove vi sia una permeabilit\u00e0 tra la struttura e l\u2019esterno, mantenendo cos\u00ec scambi relazionali e comunicativi con il territorio di riferimento.<\/li>\n<li>CONTINUITA\u2019: intesa come il mantenimento del legame religioso nella vita del sacerdote: dal seminario alla casa.<\/li>\n<li>OSPITALITA\u2019: dei sacerdoti sprovvisti di assistenza domestica e di rete familiare, anche di temporaneo passaggio.<\/li>\n<li>COMFORT: inteso come l\u2019opportunit\u00e0 di vivere in un ambiente decoroso ed accogliente, dove gli spazi siano congeniali alla persona per coniugare le proprie esigenze di vita personale e comunitaria.<\/li>\n<li>GUSTO: inteso come la possibilit\u00e0 di disporre di un servizio di ristorazione che garantisca una proposta alimentare sana, completa, varia, adeguata alle tradizioni del territorio e che rispetti le condizioni di salute senza presentare eccessive restrizioni<\/li>\n<\/ul>\n","protected":false},"excerpt":{"rendered":"<p>&nbsp; Casa del Clero Soggiorno sacerdoti anziani Corso Tre Novembre, 46 &#8211; 38122 Trento Tel. 0461\/238.571 cc.direzione@diocesitn.it &nbsp; STORIA RIFERIMENTI E VALORI La Casa del Clero \u00e8 una Comunit\u00e0 Residenziale per Religiosi che offre un<\/p>\n","protected":false},"author":2,"featured_media":0,"parent":0,"menu_order":1,"comment_status":"closed","ping_status":"closed","template":"","meta":{"footnotes":""},"class_list":["post-7","page","type-page","status-publish","hentry"],"acf":{"seed-localization-paese-cod":"","seed-localization-address":"","seed-localization-citta":"","seed-localization-regione-cod-istat":"","seed-localization-citta-cod-istat":"","seed-localization-localita":"","seed-localization-cap":"","seed-localization-marker-visibility":false,"seed-localization-children-visibility":false,"seed-localization-kml":"","seed-localization-custom-marker":""},"yoast_head":"<!-- This site is optimized with the Yoast SEO Premium plugin v20.2.1 (Yoast SEO v22.2) - https:\/\/yoast.com\/wordpress\/plugins\/seo\/ -->\n<title>Casa del Clero - Soggiorno sacerdoti anziani - Clero<\/title>\n<meta name=\"robots\" content=\"index, follow, max-snippet:-1, max-image-preview:large, max-video-preview:-1\" \/>\n<link rel=\"canonical\" href=\"https:\/\/www.diocesitn.it\/clero\/infermeria-del-clero\/\" \/>\n<meta property=\"og:locale\" content=\"it_IT\" \/>\n<meta property=\"og:type\" content=\"article\" \/>\n<meta property=\"og:title\" content=\"Casa del Clero - Soggiorno sacerdoti anziani\" \/>\n<meta property=\"og:description\" content=\"&nbsp; Casa del Clero Soggiorno sacerdoti anziani Corso Tre Novembre, 46 &#8211; 38122 Trento Tel. 0461\/238.571 cc.direzione@diocesitn.it &nbsp; STORIA RIFERIMENTI E VALORI La Casa del Clero \u00e8 una Comunit\u00e0 Residenziale per Religiosi che offre un\" \/>\n<meta property=\"og:url\" content=\"https:\/\/www.diocesitn.it\/clero\/infermeria-del-clero\/\" \/>\n<meta property=\"og:site_name\" content=\"Clero\" \/>\n<meta property=\"article:modified_time\" content=\"2024-04-17T13:21:23+00:00\" \/>\n<meta property=\"og:image\" content=\"https:\/\/www.diocesitn.it\/clero\/wp-content\/uploads\/sites\/12\/2021\/12\/foto-ingresso-scaled-e1639641593391-300x289.jpg\" \/>\n<meta name=\"twitter:card\" content=\"summary_large_image\" \/>\n<meta name=\"twitter:label1\" content=\"Tempo di lettura stimato\" \/>\n\t<meta name=\"twitter:data1\" content=\"8 minuti\" \/>\n<script type=\"application\/ld+json\" class=\"yoast-schema-graph\">{\"@context\":\"https:\/\/schema.org\",\"@graph\":[{\"@type\":\"WebPage\",\"@id\":\"https:\/\/www.diocesitn.it\/clero\/infermeria-del-clero\/\",\"url\":\"https:\/\/www.diocesitn.it\/clero\/infermeria-del-clero\/\",\"name\":\"Casa del Clero - Soggiorno sacerdoti anziani - Clero\",\"isPartOf\":{\"@id\":\"https:\/\/www.diocesitn.it\/clero\/#website\"},\"primaryImageOfPage\":{\"@id\":\"https:\/\/www.diocesitn.it\/clero\/infermeria-del-clero\/#primaryimage\"},\"image\":{\"@id\":\"https:\/\/www.diocesitn.it\/clero\/infermeria-del-clero\/#primaryimage\"},\"thumbnailUrl\":\"https:\/\/www.diocesitn.it\/clero\/wp-content\/uploads\/sites\/12\/2021\/12\/foto-ingresso-scaled-e1639641593391-300x289.jpg\",\"datePublished\":\"2010-02-15T17:40:00+00:00\",\"dateModified\":\"2024-04-17T13:21:23+00:00\",\"breadcrumb\":{\"@id\":\"https:\/\/www.diocesitn.it\/clero\/infermeria-del-clero\/#breadcrumb\"},\"inLanguage\":\"it-IT\",\"potentialAction\":[{\"@type\":\"ReadAction\",\"target\":[\"https:\/\/www.diocesitn.it\/clero\/infermeria-del-clero\/\"]}]},{\"@type\":\"ImageObject\",\"inLanguage\":\"it-IT\",\"@id\":\"https:\/\/www.diocesitn.it\/clero\/infermeria-del-clero\/#primaryimage\",\"url\":\"https:\/\/www.diocesitn.it\/clero\/wp-content\/uploads\/sites\/12\/2021\/12\/foto-ingresso-scaled-e1639641593391.jpg\",\"contentUrl\":\"https:\/\/www.diocesitn.it\/clero\/wp-content\/uploads\/sites\/12\/2021\/12\/foto-ingresso-scaled-e1639641593391.jpg\",\"width\":1440,\"height\":1388},{\"@type\":\"BreadcrumbList\",\"@id\":\"https:\/\/www.diocesitn.it\/clero\/infermeria-del-clero\/#breadcrumb\",\"itemListElement\":[{\"@type\":\"ListItem\",\"position\":1,\"name\":\"Home\",\"item\":\"https:\/\/www.diocesitn.it\/clero\/\"},{\"@type\":\"ListItem\",\"position\":2,\"name\":\"Casa del Clero &#8211; Soggiorno sacerdoti anziani\"}]},{\"@type\":\"WebSite\",\"@id\":\"https:\/\/www.diocesitn.it\/clero\/#website\",\"url\":\"https:\/\/www.diocesitn.it\/clero\/\",\"name\":\"Clero\",\"description\":\"Chiesa di TRENTO\",\"potentialAction\":[{\"@type\":\"SearchAction\",\"target\":{\"@type\":\"EntryPoint\",\"urlTemplate\":\"https:\/\/www.diocesitn.it\/clero\/?s={search_term_string}\"},\"query-input\":\"required name=search_term_string\"}],\"inLanguage\":\"it-IT\"},{\"@type\":\"ImageObject\",\"inLanguage\":\"it-IT\",\"@id\":\"https:\/\/www.diocesitn.it\/clero\/infermeria-del-clero\/#local-main-organization-logo\",\"url\":\"\",\"contentUrl\":\"\",\"caption\":\"Clero\"}]}<\/script>\n<!-- \/ Yoast SEO Premium plugin. -->","yoast_head_json":{"title":"Casa del Clero - Soggiorno sacerdoti anziani - Clero","robots":{"index":"index","follow":"follow","max-snippet":"max-snippet:-1","max-image-preview":"max-image-preview:large","max-video-preview":"max-video-preview:-1"},"canonical":"https:\/\/www.diocesitn.it\/clero\/infermeria-del-clero\/","og_locale":"it_IT","og_type":"article","og_title":"Casa del Clero - Soggiorno sacerdoti anziani","og_description":"&nbsp; Casa del Clero Soggiorno sacerdoti anziani Corso Tre Novembre, 46 &#8211; 38122 Trento Tel. 0461\/238.571 cc.direzione@diocesitn.it &nbsp; STORIA RIFERIMENTI E VALORI La Casa del Clero \u00e8 una Comunit\u00e0 Residenziale per Religiosi che offre un","og_url":"https:\/\/www.diocesitn.it\/clero\/infermeria-del-clero\/","og_site_name":"Clero","article_modified_time":"2024-04-17T13:21:23+00:00","og_image":[{"url":"https:\/\/www.diocesitn.it\/clero\/wp-content\/uploads\/sites\/12\/2021\/12\/foto-ingresso-scaled-e1639641593391-300x289.jpg"}],"twitter_card":"summary_large_image","twitter_misc":{"Tempo di lettura stimato":"8 minuti"},"schema":{"@context":"https:\/\/schema.org","@graph":[{"@type":"WebPage","@id":"https:\/\/www.diocesitn.it\/clero\/infermeria-del-clero\/","url":"https:\/\/www.diocesitn.it\/clero\/infermeria-del-clero\/","name":"Casa del Clero - Soggiorno sacerdoti anziani - Clero","isPartOf":{"@id":"https:\/\/www.diocesitn.it\/clero\/#website"},"primaryImageOfPage":{"@id":"https:\/\/www.diocesitn.it\/clero\/infermeria-del-clero\/#primaryimage"},"image":{"@id":"https:\/\/www.diocesitn.it\/clero\/infermeria-del-clero\/#primaryimage"},"thumbnailUrl":"https:\/\/www.diocesitn.it\/clero\/wp-content\/uploads\/sites\/12\/2021\/12\/foto-ingresso-scaled-e1639641593391-300x289.jpg","datePublished":"2010-02-15T17:40:00+00:00","dateModified":"2024-04-17T13:21:23+00:00","breadcrumb":{"@id":"https:\/\/www.diocesitn.it\/clero\/infermeria-del-clero\/#breadcrumb"},"inLanguage":"it-IT","potentialAction":[{"@type":"ReadAction","target":["https:\/\/www.diocesitn.it\/clero\/infermeria-del-clero\/"]}]},{"@type":"ImageObject","inLanguage":"it-IT","@id":"https:\/\/www.diocesitn.it\/clero\/infermeria-del-clero\/#primaryimage","url":"https:\/\/www.diocesitn.it\/clero\/wp-content\/uploads\/sites\/12\/2021\/12\/foto-ingresso-scaled-e1639641593391.jpg","contentUrl":"https:\/\/www.diocesitn.it\/clero\/wp-content\/uploads\/sites\/12\/2021\/12\/foto-ingresso-scaled-e1639641593391.jpg","width":1440,"height":1388},{"@type":"BreadcrumbList","@id":"https:\/\/www.diocesitn.it\/clero\/infermeria-del-clero\/#breadcrumb","itemListElement":[{"@type":"ListItem","position":1,"name":"Home","item":"https:\/\/www.diocesitn.it\/clero\/"},{"@type":"ListItem","position":2,"name":"Casa del Clero &#8211; Soggiorno sacerdoti anziani"}]},{"@type":"WebSite","@id":"https:\/\/www.diocesitn.it\/clero\/#website","url":"https:\/\/www.diocesitn.it\/clero\/","name":"Clero","description":"Chiesa di TRENTO","potentialAction":[{"@type":"SearchAction","target":{"@type":"EntryPoint","urlTemplate":"https:\/\/www.diocesitn.it\/clero\/?s={search_term_string}"},"query-input":"required name=search_term_string"}],"inLanguage":"it-IT"},{"@type":"ImageObject","inLanguage":"it-IT","@id":"https:\/\/www.diocesitn.it\/clero\/infermeria-del-clero\/#local-main-organization-logo","url":"","contentUrl":"","caption":"Clero"}]}},"_links":{"self":[{"href":"https:\/\/www.diocesitn.it\/clero\/wp-json\/wp\/v2\/pages\/7","targetHints":{"allow":["GET"]}}],"collection":[{"href":"https:\/\/www.diocesitn.it\/clero\/wp-json\/wp\/v2\/pages"}],"about":[{"href":"https:\/\/www.diocesitn.it\/clero\/wp-json\/wp\/v2\/types\/page"}],"author":[{"embeddable":true,"href":"https:\/\/www.diocesitn.it\/clero\/wp-json\/wp\/v2\/users\/2"}],"replies":[{"embeddable":true,"href":"https:\/\/www.diocesitn.it\/clero\/wp-json\/wp\/v2\/comments?post=7"}],"version-history":[{"count":4,"href":"https:\/\/www.diocesitn.it\/clero\/wp-json\/wp\/v2\/pages\/7\/revisions"}],"predecessor-version":[{"id":1745,"href":"https:\/\/www.diocesitn.it\/clero\/wp-json\/wp\/v2\/pages\/7\/revisions\/1745"}],"wp:attachment":[{"href":"https:\/\/www.diocesitn.it\/clero\/wp-json\/wp\/v2\/media?parent=7"}],"curies":[{"name":"wp","href":"https:\/\/api.w.org\/{rel}","templated":true}]}}