{"id":1522,"date":"2021-05-13T22:55:38","date_gmt":"2021-05-13T20:55:38","guid":{"rendered":"https:\/\/www.diocesitn.it\/clero\/home-page\/"},"modified":"2021-05-13T22:56:38","modified_gmt":"2021-05-13T20:56:38","slug":"home-page","status":"publish","type":"page","link":"https:\/\/www.diocesitn.it\/clero\/","title":{"rendered":"Home Page"},"content":{"rendered":"<div id=\"pl-1522\"  class=\"panel-layout\" ><div id=\"pg-1522-0\"  class=\"panel-grid panel-no-style\" ><div id=\"pgc-1522-0-0\"  class=\"panel-grid-cell\" ><div class=\"section-mobile-reverse panel-cell-style panel-cell-style-for-1522-0-0\" ><div id=\"panel-1522-0-0-0\" class=\"so-panel widget widget_trento-sticky-posts-widget panel-first-child panel-last-child\" data-index=\"0\" ><div\n\t\t\t\n\t\t\tclass=\"so-widget-trento-sticky-posts-widget so-widget-trento-sticky-posts-widget-default-d75171398898-1522\"\n\t\t\t\n\t\t><section id=\"news-featured-container\" class=\"card row\">\n\t\t\t\t        <article\n                class=\"news-featured medium-4 large-4 columns\">\n\t\t\t<a href=\"https:\/\/www.diocesitn.it\/clero\/2024\/04\/11\/formazione-per-il-clero-nuovo-appuntamento-il-18-aprile-con-suor-elena-bosetti\/\" title=\"Formazione per il Clero, nuovo appuntamento il 18 aprile con suor Elena Bosetti\" class=\"post-thumbnail-image-link container-fixed-aspect-ratio__16-9\"><img loading=\"lazy\" decoding=\"async\" width=\"768\" height=\"331\" src=\"https:\/\/www.diocesitn.it\/clero\/wp-content\/uploads\/sites\/12\/2024\/04\/suorelena-768x331.jpg\" class=\"container-fixed-aspect-ratio__16-9 wp-post-image\" alt=\"\" no-lazyload=\"1\" srcset=\"https:\/\/www.diocesitn.it\/clero\/wp-content\/uploads\/sites\/12\/2024\/04\/suorelena-768x331.jpg 768w, https:\/\/www.diocesitn.it\/clero\/wp-content\/uploads\/sites\/12\/2024\/04\/suorelena-300x129.jpg 300w, https:\/\/www.diocesitn.it\/clero\/wp-content\/uploads\/sites\/12\/2024\/04\/suorelena-1024x441.jpg 1024w, https:\/\/www.diocesitn.it\/clero\/wp-content\/uploads\/sites\/12\/2024\/04\/suorelena-360x155.jpg 360w, https:\/\/www.diocesitn.it\/clero\/wp-content\/uploads\/sites\/12\/2024\/04\/suorelena-800x345.jpg 800w, https:\/\/www.diocesitn.it\/clero\/wp-content\/uploads\/sites\/12\/2024\/04\/suorelena.jpg 1200w\" sizes=\"auto, (max-width: 768px) 100vw, 768px\" \/><\/a>\n            <h2>\n                <a href=\"https:\/\/www.diocesitn.it\/clero\/2024\/04\/11\/formazione-per-il-clero-nuovo-appuntamento-il-18-aprile-con-suor-elena-bosetti\/\">Formazione per il Clero, nuovo appuntamento il 18 aprile con suor Elena Bosetti<\/a>\n            <\/h2>\n\t\t\t            <div class=\"publish-date\">\n                <i class=\"material-icons\">access_time<\/i>\n                <time datetime=\"2024-04-11T10:28:18+02:00\">11 Aprile 2024<\/time>\n            <\/div>\n\t\t\t        <\/article>\n\t\t\t        <article\n                class=\"news-featured medium-4 large-4 columns\">\n\t\t\t<a href=\"https:\/\/www.diocesitn.it\/clero\/2024\/04\/17\/convegno-organizzato-dalla-redazione-di-presbyteri-2\/\" title=\"Parroci e comunit\u00e0, verso nuovi modelli. Convegno organizzato da Presbyteri il 27 e 28 maggio. Tra i relatori il vescovo Maffeis\" class=\"post-thumbnail-image-link container-fixed-aspect-ratio__16-9\"><img loading=\"lazy\" decoding=\"async\" width=\"650\" height=\"430\" src=\"https:\/\/www.diocesitn.it\/clero\/wp-content\/uploads\/sites\/12\/2024\/04\/vescovo_Ivan_5_web-1.jpg\" class=\"container-fixed-aspect-ratio__16-9 wp-post-image\" alt=\"\" no-lazyload=\"1\" srcset=\"https:\/\/www.diocesitn.it\/clero\/wp-content\/uploads\/sites\/12\/2024\/04\/vescovo_Ivan_5_web-1.jpg 650w, https:\/\/www.diocesitn.it\/clero\/wp-content\/uploads\/sites\/12\/2024\/04\/vescovo_Ivan_5_web-1-300x198.jpg 300w, https:\/\/www.diocesitn.it\/clero\/wp-content\/uploads\/sites\/12\/2024\/04\/vescovo_Ivan_5_web-1-360x238.jpg 360w\" sizes=\"auto, (max-width: 650px) 100vw, 650px\" \/><\/a>\n            <h2>\n                <a href=\"https:\/\/www.diocesitn.it\/clero\/2024\/04\/17\/convegno-organizzato-dalla-redazione-di-presbyteri-2\/\">Parroci e comunit\u00e0, verso nuovi modelli. Convegno organizzato da Presbyteri il 27 e 28 maggio. Tra i relatori il vescovo Maffeis<\/a>\n            <\/h2>\n\t\t\t            <div class=\"publish-date\">\n                <i class=\"material-icons\">access_time<\/i>\n                <time datetime=\"2024-04-17T15:37:03+02:00\">17 Aprile 2024<\/time>\n            <\/div>\n\t\t\t        <\/article>\n\t\t\t        <article\n                class=\"news-featured medium-4 large-4 columns\">\n\t\t\t<a href=\"https:\/\/www.diocesitn.it\/clero\/2024\/02\/08\/festa-della-vita-consacrata-lappello-del-vescovo-siate-profezia-della-necessita-di-ripartire-dal-dio-di-gesu-e-riscoprire-silenzio-parola-e-preghiera\/\" title=\"Festa della vita consacrata, l&#8217;appello del vescovo: &#8220;Siate profezia della necessit\u00e0 di ripartire dal Dio di Ges\u00f9. E riscoprire silenzio, Parola e preghiera&#8221;\" class=\"post-thumbnail-image-link container-fixed-aspect-ratio__16-9\"><img loading=\"lazy\" decoding=\"async\" width=\"768\" height=\"512\" src=\"https:\/\/www.diocesitn.it\/clero\/wp-content\/uploads\/sites\/12\/2024\/02\/Vita_consacarata_1feb24_2_web-768x512.jpg\" class=\"container-fixed-aspect-ratio__16-9 wp-post-image\" alt=\"\" no-lazyload=\"1\" srcset=\"https:\/\/www.diocesitn.it\/clero\/wp-content\/uploads\/sites\/12\/2024\/02\/Vita_consacarata_1feb24_2_web-768x512.jpg 768w, https:\/\/www.diocesitn.it\/clero\/wp-content\/uploads\/sites\/12\/2024\/02\/Vita_consacarata_1feb24_2_web-300x200.jpg 300w, https:\/\/www.diocesitn.it\/clero\/wp-content\/uploads\/sites\/12\/2024\/02\/Vita_consacarata_1feb24_2_web-360x240.jpg 360w, https:\/\/www.diocesitn.it\/clero\/wp-content\/uploads\/sites\/12\/2024\/02\/Vita_consacarata_1feb24_2_web-800x533.jpg 800w, https:\/\/www.diocesitn.it\/clero\/wp-content\/uploads\/sites\/12\/2024\/02\/Vita_consacarata_1feb24_2_web-272x182.jpg 272w, https:\/\/www.diocesitn.it\/clero\/wp-content\/uploads\/sites\/12\/2024\/02\/Vita_consacarata_1feb24_2_web.jpg 900w\" sizes=\"auto, (max-width: 768px) 100vw, 768px\" \/><\/a>\n            <h2>\n                <a href=\"https:\/\/www.diocesitn.it\/clero\/2024\/02\/08\/festa-della-vita-consacrata-lappello-del-vescovo-siate-profezia-della-necessita-di-ripartire-dal-dio-di-gesu-e-riscoprire-silenzio-parola-e-preghiera\/\">Festa della vita consacrata, l&#8217;appello del vescovo: &#8220;Siate profezia della necessit\u00e0 di ripartire dal Dio di Ges\u00f9. E riscoprire silenzio, Parola e preghiera&#8221;<\/a>\n            <\/h2>\n\t\t\t            <div class=\"publish-date\">\n                <i class=\"material-icons\">access_time<\/i>\n                <time datetime=\"2024-02-08T12:32:16+01:00\">8 Febbraio 2024<\/time>\n            <\/div>\n\t\t\t        <\/article>\n\t<\/section><\/div><\/div><\/div><\/div><\/div><div id=\"pg-1522-1\"  class=\"panel-grid panel-no-style\" ><div id=\"pgc-1522-1-0\"  class=\"panel-grid-cell\" ><div id=\"panel-1522-1-0-0\" class=\"so-panel widget widget_siteorigin-panels-postloop panel-first-child\" data-index=\"1\" ><div class=\"notizie-widget panel-widget-style panel-widget-style-for-1522-1-0-0\" >\n<article class=\"article-list-item homepage-article post-2193 post type-post status-publish format-standard has-post-thumbnail hentry category-clero category-formazione category-notizie tag-clero-trentino tag-clero-trentino-formazione\">\n    <div class=\"article-list-item__image\">\n\t\t            <a href=\"https:\/\/www.diocesitn.it\/clero\/2024\/02\/15\/il-ritiro-di-quaresima-per-il-clero-trentino-con-suor-grazia-papola-per-tornare-ad-emmaus\/\" rel=\"bookmark\"><\/a>\n\t\t\t<a href=\"https:\/\/www.diocesitn.it\/clero\/2024\/02\/15\/il-ritiro-di-quaresima-per-il-clero-trentino-con-suor-grazia-papola-per-tornare-ad-emmaus\/\" title=\"Il ritiro di Quaresima per il clero trentino con suor Grazia Papola, &#8220;per tornare da Emmaus&#8221;\" class=\"post-thumbnail-image-link container-fixed-aspect-ratio__16-9\"><img decoding=\"async\" width=\"300\" height=\"226\" src=\"https:\/\/www.diocesitn.it\/clero\/wp-content\/uploads\/sites\/12\/2024\/02\/ritiro-clero-quaresima-2024-2-scaled-300x226.jpg\" class=\"container-fixed-aspect-ratio__16-9 wp-post-image\" alt=\"\" srcset=\"https:\/\/www.diocesitn.it\/clero\/wp-content\/uploads\/sites\/12\/2024\/02\/ritiro-clero-quaresima-2024-2-scaled-300x226.jpg 300w, https:\/\/www.diocesitn.it\/clero\/wp-content\/uploads\/sites\/12\/2024\/02\/ritiro-clero-quaresima-2024-2-scaled-1024x771.jpg 1024w, https:\/\/www.diocesitn.it\/clero\/wp-content\/uploads\/sites\/12\/2024\/02\/ritiro-clero-quaresima-2024-2-scaled-768x578.jpg 768w, https:\/\/www.diocesitn.it\/clero\/wp-content\/uploads\/sites\/12\/2024\/02\/ritiro-clero-quaresima-2024-2-scaled-360x271.jpg 360w, https:\/\/www.diocesitn.it\/clero\/wp-content\/uploads\/sites\/12\/2024\/02\/ritiro-clero-quaresima-2024-2-scaled-1020x768.jpg 1020w, https:\/\/www.diocesitn.it\/clero\/wp-content\/uploads\/sites\/12\/2024\/02\/ritiro-clero-quaresima-2024-2-scaled-1536x1157.jpg 1536w, https:\/\/www.diocesitn.it\/clero\/wp-content\/uploads\/sites\/12\/2024\/02\/ritiro-clero-quaresima-2024-2-scaled-2048x1542.jpg 2048w, https:\/\/www.diocesitn.it\/clero\/wp-content\/uploads\/sites\/12\/2024\/02\/ritiro-clero-quaresima-2024-2-scaled-800x603.jpg 800w, https:\/\/www.diocesitn.it\/clero\/wp-content\/uploads\/sites\/12\/2024\/02\/ritiro-clero-quaresima-2024-2-scaled-1200x904.jpg 1200w\" sizes=\"auto, (max-width: 300px) 100vw, 300px\" loading=\"lazy\" \/><\/a>\t\t    <\/div>\n    <div class=\"article-list-item__content\">\n\t\t            <h3 class=\"entry-title\">\n                <a href=\"https:\/\/www.diocesitn.it\/clero\/2024\/02\/15\/il-ritiro-di-quaresima-per-il-clero-trentino-con-suor-grazia-papola-per-tornare-ad-emmaus\/\" rel=\"bookmark\">\n\t\t\t\t\tIl ritiro di Quaresima per il clero trentino con suor Grazia Papola, &#8220;per tornare da Emmaus&#8221;                <\/a>\n            <\/h3>\n\t\t\t\t        <div class=\"entry-content\">\n\t\t\t        <\/div>\n        <div class=\"published\">\n            <i class=\"material-icons\">access_time<\/i>\n            <time datetime=\"2024-02-15T14:38:41+01:00\">15 Febbraio 2024<\/time>\n        <\/div>\n    <\/div>\n\n<\/article>\n<hr\/>\n<article class=\"article-list-item homepage-article post-2156 post type-post status-publish format-standard has-post-thumbnail hentry category-clero category-formazione category-notizie tag-clero tag-formazione tag-suor-grazia-papola\">\n    <div class=\"article-list-item__image\">\n\t\t            <a href=\"https:\/\/www.diocesitn.it\/clero\/2024\/02\/07\/formazione-del-clero-trentino-giovedi-15-febbraio-ritiro-di-quaresima-con-suor-grazia-papola\/\" rel=\"bookmark\"><\/a>\n\t\t\t<a href=\"https:\/\/www.diocesitn.it\/clero\/2024\/02\/07\/formazione-del-clero-trentino-giovedi-15-febbraio-ritiro-di-quaresima-con-suor-grazia-papola\/\" title=\"Formazione del clero trentino, gioved\u00ec 15 febbraio ritiro di Quaresima con suor Grazia Papola\" class=\"post-thumbnail-image-link container-fixed-aspect-ratio__16-9\"><img decoding=\"async\" width=\"300\" height=\"225\" src=\"https:\/\/www.diocesitn.it\/clero\/wp-content\/uploads\/sites\/12\/2024\/02\/Tre-giorni-dell-Issr-San-Pietro-Martire-sul-dialogo-tra-cristianesimo-e-altre-religioni_articleimage-300x225.jpg\" class=\"container-fixed-aspect-ratio__16-9 wp-post-image\" alt=\"\" srcset=\"https:\/\/www.diocesitn.it\/clero\/wp-content\/uploads\/sites\/12\/2024\/02\/Tre-giorni-dell-Issr-San-Pietro-Martire-sul-dialogo-tra-cristianesimo-e-altre-religioni_articleimage-300x225.jpg 300w, https:\/\/www.diocesitn.it\/clero\/wp-content\/uploads\/sites\/12\/2024\/02\/Tre-giorni-dell-Issr-San-Pietro-Martire-sul-dialogo-tra-cristianesimo-e-altre-religioni_articleimage-768x576.jpg 768w, https:\/\/www.diocesitn.it\/clero\/wp-content\/uploads\/sites\/12\/2024\/02\/Tre-giorni-dell-Issr-San-Pietro-Martire-sul-dialogo-tra-cristianesimo-e-altre-religioni_articleimage-360x270.jpg 360w, https:\/\/www.diocesitn.it\/clero\/wp-content\/uploads\/sites\/12\/2024\/02\/Tre-giorni-dell-Issr-San-Pietro-Martire-sul-dialogo-tra-cristianesimo-e-altre-religioni_articleimage.jpg 770w\" sizes=\"auto, (max-width: 300px) 100vw, 300px\" loading=\"lazy\" \/><\/a>\t\t    <\/div>\n    <div class=\"article-list-item__content\">\n\t\t            <h3 class=\"entry-title\">\n                <a href=\"https:\/\/www.diocesitn.it\/clero\/2024\/02\/07\/formazione-del-clero-trentino-giovedi-15-febbraio-ritiro-di-quaresima-con-suor-grazia-papola\/\" rel=\"bookmark\">\n\t\t\t\t\tFormazione del clero trentino, gioved\u00ec 15 febbraio ritiro di Quaresima con suor Grazia Papola                <\/a>\n            <\/h3>\n\t\t\t\t        <div class=\"entry-content\">\n\t\t\t        <\/div>\n        <div class=\"published\">\n            <i class=\"material-icons\">access_time<\/i>\n            <time datetime=\"2024-02-07T12:45:27+01:00\">7 Febbraio 2024<\/time>\n        <\/div>\n    <\/div>\n\n<\/article>\n<hr\/>\n<article class=\"article-list-item homepage-article post-2214 post type-post status-publish format-standard has-post-thumbnail hentry category-clero category-lutto-nel-clero category-notizie tag-don-marco-leonardi\">\n    <div class=\"article-list-item__image\">\n\t\t            <a href=\"https:\/\/www.diocesitn.it\/clero\/2024\/04\/04\/addio-a-don-marco-leonardi-aveva-92-anni\/\" rel=\"bookmark\"><\/a>\n\t\t\t<a href=\"https:\/\/www.diocesitn.it\/clero\/2024\/04\/04\/addio-a-don-marco-leonardi-aveva-92-anni\/\" title=\"Addio a don Marco Leonardi, aveva 92 anni\" class=\"post-thumbnail-image-link container-fixed-aspect-ratio__16-9\"><img decoding=\"async\" width=\"300\" height=\"239\" src=\"https:\/\/www.diocesitn.it\/clero\/wp-content\/uploads\/sites\/12\/2024\/04\/sacerdoti_-_50_di_sacerdozio_per_il_parroco_di_coredo_don_marco_leonardi_imagefull-300x239.jpg\" class=\"container-fixed-aspect-ratio__16-9 wp-post-image\" alt=\"\" srcset=\"https:\/\/www.diocesitn.it\/clero\/wp-content\/uploads\/sites\/12\/2024\/04\/sacerdoti_-_50_di_sacerdozio_per_il_parroco_di_coredo_don_marco_leonardi_imagefull-300x239.jpg 300w, https:\/\/www.diocesitn.it\/clero\/wp-content\/uploads\/sites\/12\/2024\/04\/sacerdoti_-_50_di_sacerdozio_per_il_parroco_di_coredo_don_marco_leonardi_imagefull-768x611.jpg 768w, https:\/\/www.diocesitn.it\/clero\/wp-content\/uploads\/sites\/12\/2024\/04\/sacerdoti_-_50_di_sacerdozio_per_il_parroco_di_coredo_don_marco_leonardi_imagefull-352x280.jpg 352w, https:\/\/www.diocesitn.it\/clero\/wp-content\/uploads\/sites\/12\/2024\/04\/sacerdoti_-_50_di_sacerdozio_per_il_parroco_di_coredo_don_marco_leonardi_imagefull-800x636.jpg 800w, https:\/\/www.diocesitn.it\/clero\/wp-content\/uploads\/sites\/12\/2024\/04\/sacerdoti_-_50_di_sacerdozio_per_il_parroco_di_coredo_don_marco_leonardi_imagefull.jpg 966w\" sizes=\"auto, (max-width: 300px) 100vw, 300px\" loading=\"lazy\" \/><\/a>\t\t    <\/div>\n    <div class=\"article-list-item__content\">\n\t\t            <h3 class=\"entry-title\">\n                <a href=\"https:\/\/www.diocesitn.it\/clero\/2024\/04\/04\/addio-a-don-marco-leonardi-aveva-92-anni\/\" rel=\"bookmark\">\n\t\t\t\t\tAddio a don Marco Leonardi, aveva 92 anni                <\/a>\n            <\/h3>\n\t\t\t\t        <div class=\"entry-content\">\n\t\t\t        <\/div>\n        <div class=\"published\">\n            <i class=\"material-icons\">access_time<\/i>\n            <time datetime=\"2024-04-04T14:24:21+02:00\">4 Aprile 2024<\/time>\n        <\/div>\n    <\/div>\n\n<\/article>\n<hr\/>\n<article class=\"article-list-item homepage-article post-2141 post type-post status-publish format-standard has-post-thumbnail hentry category-clero category-servizio-formazione category-notizie tag-aristide-fumagalli tag-clero tag-formazione\">\n    <div class=\"article-list-item__image\">\n\t\t            <a href=\"https:\/\/www.diocesitn.it\/clero\/2024\/01\/22\/formazione-del-clero-mercoledi-24-ce-fumagalli-su-identita-sessuale-e-antropologia-cristiana\/\" rel=\"bookmark\"><\/a>\n\t\t\t<a href=\"https:\/\/www.diocesitn.it\/clero\/2024\/01\/22\/formazione-del-clero-mercoledi-24-ce-fumagalli-su-identita-sessuale-e-antropologia-cristiana\/\" title=\"Formazione del clero, mercoled\u00ec 24 c&#8217;\u00e8 Fumagalli su &#8220;Identit\u00e0 sessuale e antropologia cristiana&#8221;\" class=\"post-thumbnail-image-link container-fixed-aspect-ratio__16-9\"><img decoding=\"async\" width=\"300\" height=\"186\" src=\"https:\/\/www.diocesitn.it\/clero\/wp-content\/uploads\/sites\/12\/2024\/01\/don-Aristide-Fumagalli-e1705931576971-300x186.png\" class=\"container-fixed-aspect-ratio__16-9 wp-post-image\" alt=\"\" srcset=\"https:\/\/www.diocesitn.it\/clero\/wp-content\/uploads\/sites\/12\/2024\/01\/don-Aristide-Fumagalli-e1705931576971-300x186.png 300w, https:\/\/www.diocesitn.it\/clero\/wp-content\/uploads\/sites\/12\/2024\/01\/don-Aristide-Fumagalli-e1705931576971-360x223.png 360w, https:\/\/www.diocesitn.it\/clero\/wp-content\/uploads\/sites\/12\/2024\/01\/don-Aristide-Fumagalli-e1705931576971.png 751w\" sizes=\"auto, (max-width: 300px) 100vw, 300px\" loading=\"lazy\" \/><\/a>\t\t    <\/div>\n    <div class=\"article-list-item__content\">\n\t\t            <h3 class=\"entry-title\">\n                <a href=\"https:\/\/www.diocesitn.it\/clero\/2024\/01\/22\/formazione-del-clero-mercoledi-24-ce-fumagalli-su-identita-sessuale-e-antropologia-cristiana\/\" rel=\"bookmark\">\n\t\t\t\t\tFormazione del clero, mercoled\u00ec 24 c&#8217;\u00e8 Fumagalli su &#8220;Identit\u00e0 sessuale e antropologia cristiana&#8221;                <\/a>\n            <\/h3>\n\t\t\t\t        <div class=\"entry-content\">\n\t\t\t        <\/div>\n        <div class=\"published\">\n            <i class=\"material-icons\">access_time<\/i>\n            <time datetime=\"2024-01-22T14:53:12+01:00\">22 Gennaio 2024<\/time>\n        <\/div>\n    <\/div>\n\n<\/article>\n<hr\/><\/div><\/div><div id=\"panel-1522-1-0-1\" class=\"widget_text so-panel widget widget_custom_html panel-last-child\" data-index=\"2\" ><div class=\"textwidget custom-html-widget\"><div class=\"text-center read-more-container\"><a href=\"\/clero\/category\/notizie\/\" class=\"button primary read-more\">Tutte le notizie<\/a><\/div><\/div><\/div><\/div><div id=\"pgc-1522-1-1\"  class=\"panel-grid-cell\" ><div id=\"panel-1522-1-1-0\" class=\"so-panel widget widget_trento-render-sidebar-widget panel-first-child panel-last-child\" data-index=\"3\" ><div\n\t\t\t\n\t\t\tclass=\"so-widget-trento-render-sidebar-widget so-widget-trento-render-sidebar-widget-default-d75171398898-2141\"\n\t\t\t\n\t\t><\/div><\/div><\/div><\/div><div id=\"pg-1522-2\"  class=\"panel-grid panel-no-style\" ><div id=\"pgc-1522-2-0\"  class=\"panel-grid-cell\" ><div id=\"panel-1522-2-0-0\" class=\"so-panel widget widget_trento-render-sidebar-widget panel-first-child panel-last-child\" data-index=\"4\" ><div\n\t\t\t\n\t\t\tclass=\"so-widget-trento-render-sidebar-widget so-widget-trento-render-sidebar-widget-default-d75171398898-2141\"\n\t\t\t\n\t\t><\/div><\/div><\/div><\/div><\/div>","protected":false},"excerpt":{"rendered":"","protected":false},"author":30,"featured_media":0,"parent":0,"menu_order":0,"comment_status":"closed","ping_status":"closed","template":"home-panels.php","meta":{"footnotes":""},"class_list":["post-1522","page","type-page","status-publish","hentry"],"acf":{"seed-localization-paese-cod":"","seed-localization-address":"","seed-localization-citta":"","seed-localization-regione-cod-istat":"","seed-localization-citta-cod-istat":"","seed-localization-localita":"","seed-localization-cap":"","seed-localization-marker-visibility":false,"seed-localization-children-visibility":false,"seed-localization-kml":null,"seed-localization-custom-marker":null},"yoast_head":"<!-- This site is optimized with the Yoast SEO Premium plugin v20.2.1 (Yoast SEO v22.2) - https:\/\/yoast.com\/wordpress\/plugins\/seo\/ -->\n<title>Home Page - Clero<\/title>\n<meta name=\"robots\" content=\"index, follow, max-snippet:-1, max-image-preview:large, max-video-preview:-1\" \/>\n<link rel=\"canonical\" href=\"https:\/\/www.diocesitn.it\/clero\/\" \/>\n<meta property=\"og:locale\" content=\"it_IT\" \/>\n<meta property=\"og:type\" content=\"article\" \/>\n<meta property=\"og:title\" content=\"Home Page\" \/>\n<meta property=\"og:url\" content=\"https:\/\/www.diocesitn.it\/clero\/\" \/>\n<meta property=\"og:site_name\" content=\"Clero\" \/>\n<meta property=\"article:modified_time\" content=\"2021-05-13T20:56:38+00:00\" \/>\n<meta name=\"twitter:card\" content=\"summary_large_image\" \/>\n<script type=\"application\/ld+json\" class=\"yoast-schema-graph\">{\"@context\":\"https:\/\/schema.org\",\"@graph\":[{\"@type\":\"WebPage\",\"@id\":\"https:\/\/www.diocesitn.it\/clero\/\",\"url\":\"https:\/\/www.diocesitn.it\/clero\/\",\"name\":\"Home Page - Clero\",\"isPartOf\":{\"@id\":\"https:\/\/www.diocesitn.it\/clero\/#website\"},\"datePublished\":\"2021-05-13T20:55:38+00:00\",\"dateModified\":\"2021-05-13T20:56:38+00:00\",\"breadcrumb\":{\"@id\":\"https:\/\/www.diocesitn.it\/clero\/#breadcrumb\"},\"inLanguage\":\"it-IT\",\"potentialAction\":[{\"@type\":\"ReadAction\",\"target\":[\"https:\/\/www.diocesitn.it\/clero\/\"]}]},{\"@type\":\"BreadcrumbList\",\"@id\":\"https:\/\/www.diocesitn.it\/clero\/#breadcrumb\",\"itemListElement\":[{\"@type\":\"ListItem\",\"position\":1,\"name\":\"Home\",\"item\":\"https:\/\/www.diocesitn.it\/clero\/\"},{\"@type\":\"ListItem\",\"position\":2,\"name\":\"Home Page\"}]},{\"@type\":\"WebSite\",\"@id\":\"https:\/\/www.diocesitn.it\/clero\/#website\",\"url\":\"https:\/\/www.diocesitn.it\/clero\/\",\"name\":\"Clero\",\"description\":\"Chiesa di TRENTO\",\"potentialAction\":[{\"@type\":\"SearchAction\",\"target\":{\"@type\":\"EntryPoint\",\"urlTemplate\":\"https:\/\/www.diocesitn.it\/clero\/?s={search_term_string}\"},\"query-input\":\"required name=search_term_string\"}],\"inLanguage\":\"it-IT\"},{\"@type\":\"ImageObject\",\"inLanguage\":\"it-IT\",\"@id\":\"https:\/\/www.diocesitn.it\/clero\/#local-main-organization-logo\",\"url\":\"\",\"contentUrl\":\"\",\"caption\":\"Clero\"}]}<\/script>\n<!-- \/ Yoast SEO Premium plugin. -->","yoast_head_json":{"title":"Home Page - Clero","robots":{"index":"index","follow":"follow","max-snippet":"max-snippet:-1","max-image-preview":"max-image-preview:large","max-video-preview":"max-video-preview:-1"},"canonical":"https:\/\/www.diocesitn.it\/clero\/","og_locale":"it_IT","og_type":"article","og_title":"Home Page","og_url":"https:\/\/www.diocesitn.it\/clero\/","og_site_name":"Clero","article_modified_time":"2021-05-13T20:56:38+00:00","twitter_card":"summary_large_image","schema":{"@context":"https:\/\/schema.org","@graph":[{"@type":"WebPage","@id":"https:\/\/www.diocesitn.it\/clero\/","url":"https:\/\/www.diocesitn.it\/clero\/","name":"Home Page - Clero","isPartOf":{"@id":"https:\/\/www.diocesitn.it\/clero\/#website"},"datePublished":"2021-05-13T20:55:38+00:00","dateModified":"2021-05-13T20:56:38+00:00","breadcrumb":{"@id":"https:\/\/www.diocesitn.it\/clero\/#breadcrumb"},"inLanguage":"it-IT","potentialAction":[{"@type":"ReadAction","target":["https:\/\/www.diocesitn.it\/clero\/"]}]},{"@type":"BreadcrumbList","@id":"https:\/\/www.diocesitn.it\/clero\/#breadcrumb","itemListElement":[{"@type":"ListItem","position":1,"name":"Home","item":"https:\/\/www.diocesitn.it\/clero\/"},{"@type":"ListItem","position":2,"name":"Home Page"}]},{"@type":"WebSite","@id":"https:\/\/www.diocesitn.it\/clero\/#website","url":"https:\/\/www.diocesitn.it\/clero\/","name":"Clero","description":"Chiesa di TRENTO","potentialAction":[{"@type":"SearchAction","target":{"@type":"EntryPoint","urlTemplate":"https:\/\/www.diocesitn.it\/clero\/?s={search_term_string}"},"query-input":"required name=search_term_string"}],"inLanguage":"it-IT"},{"@type":"ImageObject","inLanguage":"it-IT","@id":"https:\/\/www.diocesitn.it\/clero\/#local-main-organization-logo","url":"","contentUrl":"","caption":"Clero"}]}},"_links":{"self":[{"href":"https:\/\/www.diocesitn.it\/clero\/wp-json\/wp\/v2\/pages\/1522","targetHints":{"allow":["GET"]}}],"collection":[{"href":"https:\/\/www.diocesitn.it\/clero\/wp-json\/wp\/v2\/pages"}],"about":[{"href":"https:\/\/www.diocesitn.it\/clero\/wp-json\/wp\/v2\/types\/page"}],"author":[{"embeddable":true,"href":"https:\/\/www.diocesitn.it\/clero\/wp-json\/wp\/v2\/users\/30"}],"replies":[{"embeddable":true,"href":"https:\/\/www.diocesitn.it\/clero\/wp-json\/wp\/v2\/comments?post=1522"}],"version-history":[{"count":1,"href":"https:\/\/www.diocesitn.it\/clero\/wp-json\/wp\/v2\/pages\/1522\/revisions"}],"predecessor-version":[{"id":1523,"href":"https:\/\/www.diocesitn.it\/clero\/wp-json\/wp\/v2\/pages\/1522\/revisions\/1523"}],"wp:attachment":[{"href":"https:\/\/www.diocesitn.it\/clero\/wp-json\/wp\/v2\/media?parent=1522"}],"curies":[{"name":"wp","href":"https:\/\/api.w.org\/{rel}","templated":true}]}}