{"id":9373,"date":"2025-05-20T16:00:10","date_gmt":"2025-05-20T14:00:10","guid":{"rendered":"https:\/\/www.diocesitn.it\/area-testimonianza\/?page_id=9373"},"modified":"2026-03-18T09:33:48","modified_gmt":"2026-03-18T08:33:48","slug":"contatti-ecumenici","status":"publish","type":"page","link":"https:\/\/www.diocesitn.it\/area-testimonianza\/ecumenismo-e-dialogo-interreligioso-2\/contatti-ecumenici\/","title":{"rendered":"Contatti ecumenici e interreligiosi"},"content":{"rendered":"<header class=\"entry-header\">Si elencano qui le realt\u00e0 cristiane e le altre religioni presenti sul territorio con relativi contatti.<\/p>\n<hr \/>\n<h5><strong>Bah\u00e1\u2019\u00ed, Comunit\u00e0 Bah\u00e1\u2019\u00ed<\/strong><\/h5>\n<p><em>sig.a Marcella Orr\u00f9<\/em><br \/>\n346.0582155 \u2013 <a href=\"mailto:trento@bahai.it\">trento@bahai.it<\/a><\/p>\n<hr \/>\n<h5 class=\"entry-title-page\"><strong>Buddismo<\/strong><\/h5>\n<p class=\"entry-title-page\"><span style=\"font-size: inherit\">38040 Bosentino (TN), via G. Prati, 2 \u2013 <\/span>Centro Vajrapani<br \/>\n<span style=\"font-size: inherit\">0461.848153 (tel e fax) \u2013 <\/span><a style=\"font-size: inherit;background-color: #ffffff\" href=\"mailto:vajrapani@libero.it\">vajrapani@libero.it<\/a><\/p>\n<p class=\"entry-title-page\"><span style=\"font-size: inherit\">Tempio Tenryuzanji<br \/>\n<em>rev. Seiun Zampiero<\/em><br \/>\n392.0318142 \u2013 <\/span><a style=\"font-size: inherit;background-color: #ffffff\" href=\"mailto:fushin.Seiunbo@email.it\">fushin.Seiunbo@email.it<\/a><\/p>\n<hr \/>\n<\/header>\n<div class=\"entry-content-page\">\n<h5><strong>Ebraismo<\/strong><\/h5>\n<p>39012 Merano (BZ), via Schiller, 14 \u2013 Comunit\u00e0 ebraica<br \/>\n<span style=\"font-size: inherit\">0473.236127 \u2013 0473.234999 \u2013 <\/span><a style=\"font-size: inherit;background-color: #ffffff\" href=\"mailto:segreteria@meranoebraica.bz\">segreteria@meranoebraica.bz<\/a><\/p>\n<hr \/>\n<h5><strong>Centro Evangelico Ecumenico \u2013 CEE<\/strong><\/h5>\n<p>38014 Gardolo (TN), Melta<br \/>\n<em>sig. Salvatore Peri<\/em><br \/>\n0461.994298 \u2013 <a href=\"mailto:Fam.Peri@libero.it\">Fam.Peri@libero.it<\/a><\/p>\n<hr \/>\n<h5><strong>Chiesa Cattolica Romana<\/strong><\/h5>\n<p>38122 Trento, via Barbacovi, 4<br \/>\n<a href=\"mailto:udedi@diocesitn.it\">udedi@diocesitn.it<\/a><\/p>\n<hr \/>\n<h5><strong>Chiesa Cristiana Avventista del Settimo Giorno<\/strong><\/h5>\n<p>39100 Bolzano, via Francesco Rismondo, 4<br \/>\n<em>pastore Patrizio Calliari<\/em><br \/>\n0471.590364 \u2013 <a href=\"mailto:p.calliari@avvventisti.it\">p.calliari@avvventisti.it<\/a><\/p>\n<\/div>\n<hr \/>\n<div class=\"entry-content-page\">\n<h5><strong>Chiesa Evangelica Luterana<\/strong><\/h5>\n<p style=\"font-size: 16px\">39100 Bolzano, via Col di Lana, 10<br \/>\n0471.281293 \u2013 <a href=\"mailto:bolzano@elki-celi.org\">bolzano@elki-celi.org<\/a><\/p>\n<p style=\"font-size: 16px\">39012 Merano (BZ), via Carducci, 31<br \/>\n0473.492395 \u2013 <a href=\"mailto:ekis-wolit@tiscali.it\">ekis-wolit@tiscali.it<\/a><\/p>\n<hr \/>\n<h5><strong>Chiesa Evangelica Valdese<\/strong><\/h5>\n<p style=\"font-size: 16px\">38068 Rovereto (TN), Sala Valdese<br \/>\n<em>Alessandro Serena<\/em><br \/>\n340.8844340 \u2013 <a href=\"mailto:alessandroserena@yahoo.it\">alessandroserena@yahoo.it<\/a><\/p>\n<hr \/>\n<h5><strong>Chiesa Ortodossa Romena<\/strong><\/h5>\n<p>38122 Trento, chiesa s. Marco, vicolo s. Marco<br \/>\n<em>padre Ioan Lupasteanu<\/em><br \/>\n348.5228599 \u2013 <a href=\"mailto:trento@mitropolia.eu\">trento@mitropolia.eu<\/a><\/p>\n<hr \/>\n<h5><strong>Chiesa Ortodossa Russa<\/strong><\/h5>\n<p>38068 Rovereto (TN), chiesa s. Antonio, via Zotti<br \/>\n<em>padre Ion Grebanosu<\/em><br \/>\n389.1666643 \u2013 <a href=\"mailto:santaksenia@libero.it\">santaksenia@libero.it<\/a><\/p>\n<hr \/>\n<h5><strong>Chiesa Ortodossa Serba<\/strong><\/h5>\n<p><em>sig.a Snezana Petrovic<\/em><br \/>\n0464.421299 \u2013 <a href=\"mailto:snezanapetrovic@hotmail.it\">snezanapetrovic@hotmail.it<\/a><\/p>\n<hr \/>\n<h5><strong>Chiesa Ortodossa Ucraina<\/strong><\/h5>\n<p><em>padre Pavlo Melnyk<\/em><br \/>\n351.7152448<\/p>\n<hr \/>\n<h5><strong>Foursquare Gospel Italia<\/strong><\/h5>\n<p>38068 Rovereto<br \/>\n<em>pastore Pierino Zingg<\/em><br \/>\n329.8920290 \u2013 <a href=\"mailto:pzingg@alice.it\">pzingg@alice.it<\/a><\/p>\n<hr \/>\n<h5><strong>Islam, Comunit\u00e0 Islamica<\/strong><\/h5>\n<p>38014 Gardolo (TN), via Soprasasso, 24\/3<br \/>\n<em>dott. Aboulkheir Breigheche<\/em><br \/>\n335.6450000 \u2013 <a href=\"mailto:islam.trento@gmail.com\">islam.trento@gmail.com<\/a><\/p>\n<hr \/>\n<h5><strong>Pakistan-Hindu Christian Community in Europe<\/strong><\/h5>\n<p><em>pastore Jacob Latif<\/em><br \/>\n327.1606610 <span style=\"font-size: inherit\">\u2013<\/span> <a style=\"font-size: inherit;background-color: #ffffff\" href=\"mailto:jacoblatif@yahoo.it\">jacoblatif@yahoo.it<\/a><\/p>\n<hr \/>\n<h5><strong>Sikhismo, Comunit\u00e0 Sikh<\/strong><\/h5>\n<p>389.9895670 \u2013 <a href=\"mailto:manmeetchhebra@yahoo.co.in\">manmeetchhebra@yahoo.co.in<\/a><\/p>\n<hr \/>\n<p style=\"text-align: center\"><a href=\"https:\/\/www.diocesitn.it\/area-testimonianza\/ecumenismo-e-dialogo-interreligioso-2\/.\">Vai alla pagina generale di <strong>Ecumenismo e dialogo interreligioso<\/strong><\/a><\/p>\n<\/div>\n","protected":false},"excerpt":{"rendered":"<p>Si elencano qui le realt\u00e0 cristiane e le altre religioni presenti sul territorio con relativi contatti. Bah\u00e1\u2019\u00ed, Comunit\u00e0 Bah\u00e1\u2019\u00ed sig.a Marcella Orr\u00f9 346.0582155 \u2013 trento@bahai.it Buddismo 38040 Bosentino (TN), via G. Prati, 2 \u2013 Centro<\/p>\n","protected":false},"author":161,"featured_media":0,"parent":13876,"menu_order":0,"comment_status":"closed","ping_status":"closed","template":"","meta":{"footnotes":""},"class_list":["post-9373","page","type-page","status-publish","hentry"],"acf":{"seed-localization-paese-cod":"IT","seed-localization-address":"","seed-localization-citta":"Trento","seed-localization-regione-cod-istat":"04","seed-localization-citta-cod-istat":"022205","seed-localization-localita":"","seed-localization-cap":"","seed-localization-marker-visibility":false,"seed-localization-children-visibility":false,"seed-localization-kml":"","seed-localization-custom-marker":""},"yoast_head":"<!-- This site is optimized with the Yoast SEO Premium plugin v20.2.1 (Yoast SEO v25.9) - https:\/\/yoast.com\/wordpress\/plugins\/seo\/ -->\n<title>Contatti ecumenici e interreligiosi<\/title>\n<meta name=\"description\" content=\"I contatti ecumenici ed interreligiosi delle realt\u00e0 cristiane e delle altre religioni presenti sul territorio della diocesi di Trento.\" \/>\n<meta name=\"robots\" content=\"index, follow, max-snippet:-1, max-image-preview:large, max-video-preview:-1\" \/>\n<link rel=\"canonical\" href=\"https:\/\/www.diocesitn.it\/area-testimonianza\/ecumenismo-e-dialogo-interreligioso-2\/contatti-ecumenici\/\" \/>\n<meta property=\"og:locale\" content=\"it_IT\" \/>\n<meta property=\"og:type\" content=\"article\" \/>\n<meta property=\"og:title\" content=\"Contatti ecumenici e interreligiosi\" \/>\n<meta property=\"og:description\" content=\"I contatti ecumenici ed interreligiosi delle realt\u00e0 cristiane e delle altre religioni presenti sul territorio della diocesi di Trento.\" \/>\n<meta property=\"og:url\" content=\"https:\/\/www.diocesitn.it\/area-testimonianza\/ecumenismo-e-dialogo-interreligioso-2\/contatti-ecumenici\/\" \/>\n<meta property=\"og:site_name\" content=\"Testimonianza e Impegno sociale\" \/>\n<meta property=\"article:modified_time\" content=\"2026-03-18T08:33:48+00:00\" \/>\n<meta property=\"og:image\" content=\"https:\/\/www.diocesitn.it\/area-testimonianza\/wp-content\/uploads\/sites\/37\/2021\/09\/og-logo-testimonianza-e-impegno-sociale.jpg\" \/>\n\t<meta property=\"og:image:width\" content=\"1200\" \/>\n\t<meta property=\"og:image:height\" content=\"630\" \/>\n\t<meta property=\"og:image:type\" content=\"image\/jpeg\" \/>\n<meta name=\"twitter:card\" content=\"summary_large_image\" \/>\n<meta name=\"twitter:label1\" content=\"Tempo di lettura stimato\" \/>\n\t<meta name=\"twitter:data1\" content=\"2 minuti\" \/>\n<script type=\"application\/ld+json\" class=\"yoast-schema-graph\">{\"@context\":\"https:\/\/schema.org\",\"@graph\":[{\"@type\":\"WebPage\",\"@id\":\"https:\/\/www.diocesitn.it\/area-testimonianza\/ecumenismo-e-dialogo-interreligioso-2\/contatti-ecumenici\/\",\"url\":\"https:\/\/www.diocesitn.it\/area-testimonianza\/ecumenismo-e-dialogo-interreligioso-2\/contatti-ecumenici\/\",\"name\":\"Contatti ecumenici e interreligiosi\",\"isPartOf\":{\"@id\":\"https:\/\/www.diocesitn.it\/area-testimonianza\/#website\"},\"datePublished\":\"2025-05-20T14:00:10+00:00\",\"dateModified\":\"2026-03-18T08:33:48+00:00\",\"description\":\"I contatti ecumenici ed interreligiosi delle realt\u00e0 cristiane e delle altre religioni presenti sul territorio della diocesi di Trento.\",\"breadcrumb\":{\"@id\":\"https:\/\/www.diocesitn.it\/area-testimonianza\/ecumenismo-e-dialogo-interreligioso-2\/contatti-ecumenici\/#breadcrumb\"},\"inLanguage\":\"it-IT\",\"potentialAction\":[{\"@type\":\"ReadAction\",\"target\":[\"https:\/\/www.diocesitn.it\/area-testimonianza\/ecumenismo-e-dialogo-interreligioso-2\/contatti-ecumenici\/\"]}]},{\"@type\":\"BreadcrumbList\",\"@id\":\"https:\/\/www.diocesitn.it\/area-testimonianza\/ecumenismo-e-dialogo-interreligioso-2\/contatti-ecumenici\/#breadcrumb\",\"itemListElement\":[{\"@type\":\"ListItem\",\"position\":1,\"name\":\"Home\",\"item\":\"https:\/\/www.diocesitn.it\/area-testimonianza\/\"},{\"@type\":\"ListItem\",\"position\":2,\"name\":\"Ecumenismo e dialogo interreligioso\",\"item\":\"https:\/\/www.diocesitn.it\/area-testimonianza\/ecumenismo-e-dialogo-interreligioso-2\/\"},{\"@type\":\"ListItem\",\"position\":3,\"name\":\"Contatti ecumenici e interreligiosi\"}]},{\"@type\":\"WebSite\",\"@id\":\"https:\/\/www.diocesitn.it\/area-testimonianza\/#website\",\"url\":\"https:\/\/www.diocesitn.it\/area-testimonianza\/\",\"name\":\"Testimonianza e Impegno sociale\",\"description\":\"Chiesa di Trento\",\"publisher\":{\"@id\":\"https:\/\/www.diocesitn.it\/area-testimonianza\/#organization\"},\"potentialAction\":[{\"@type\":\"SearchAction\",\"target\":{\"@type\":\"EntryPoint\",\"urlTemplate\":\"https:\/\/www.diocesitn.it\/area-testimonianza\/?s={search_term_string}\"},\"query-input\":{\"@type\":\"PropertyValueSpecification\",\"valueRequired\":true,\"valueName\":\"search_term_string\"}}],\"inLanguage\":\"it-IT\"},{\"@type\":[\"Organization\",\"Place\"],\"@id\":\"https:\/\/www.diocesitn.it\/area-testimonianza\/#organization\",\"name\":\"Area Testimonianza e Impegno Sociale - Chiesa di Trento\",\"url\":\"https:\/\/www.diocesitn.it\/area-testimonianza\/\",\"logo\":{\"@id\":\"https:\/\/www.diocesitn.it\/area-testimonianza\/ecumenismo-e-dialogo-interreligioso-2\/contatti-ecumenici\/#local-main-organization-logo\"},\"image\":{\"@id\":\"https:\/\/www.diocesitn.it\/area-testimonianza\/ecumenismo-e-dialogo-interreligioso-2\/contatti-ecumenici\/#local-main-organization-logo\"},\"openingHoursSpecification\":[{\"@type\":\"OpeningHoursSpecification\",\"dayOfWeek\":[\"Monday\",\"Tuesday\",\"Wednesday\",\"Thursday\",\"Friday\",\"Saturday\",\"Sunday\"],\"opens\":\"09:00\",\"closes\":\"17:00\"}]},{\"@type\":\"ImageObject\",\"inLanguage\":\"it-IT\",\"@id\":\"https:\/\/www.diocesitn.it\/area-testimonianza\/ecumenismo-e-dialogo-interreligioso-2\/contatti-ecumenici\/#local-main-organization-logo\",\"url\":\"https:\/\/www.diocesitn.it\/area-testimonianza\/wp-content\/uploads\/sites\/37\/2021\/09\/og-logo-testimonianza-e-impegno-sociale.jpg\",\"contentUrl\":\"https:\/\/www.diocesitn.it\/area-testimonianza\/wp-content\/uploads\/sites\/37\/2021\/09\/og-logo-testimonianza-e-impegno-sociale.jpg\",\"width\":1200,\"height\":630,\"caption\":\"Area Testimonianza e Impegno Sociale - Chiesa di Trento\"}]}<\/script>\n<!-- \/ Yoast SEO Premium plugin. -->","yoast_head_json":{"title":"Contatti ecumenici e interreligiosi","description":"I contatti ecumenici ed interreligiosi delle realt\u00e0 cristiane e delle altre religioni presenti sul territorio della diocesi di Trento.","robots":{"index":"index","follow":"follow","max-snippet":"max-snippet:-1","max-image-preview":"max-image-preview:large","max-video-preview":"max-video-preview:-1"},"canonical":"https:\/\/www.diocesitn.it\/area-testimonianza\/ecumenismo-e-dialogo-interreligioso-2\/contatti-ecumenici\/","og_locale":"it_IT","og_type":"article","og_title":"Contatti ecumenici e interreligiosi","og_description":"I contatti ecumenici ed interreligiosi delle realt\u00e0 cristiane e delle altre religioni presenti sul territorio della diocesi di Trento.","og_url":"https:\/\/www.diocesitn.it\/area-testimonianza\/ecumenismo-e-dialogo-interreligioso-2\/contatti-ecumenici\/","og_site_name":"Testimonianza e Impegno sociale","article_modified_time":"2026-03-18T08:33:48+00:00","og_image":[{"width":1200,"height":630,"url":"https:\/\/www.diocesitn.it\/area-testimonianza\/wp-content\/uploads\/sites\/37\/2021\/09\/og-logo-testimonianza-e-impegno-sociale.jpg","type":"image\/jpeg"}],"twitter_card":"summary_large_image","twitter_misc":{"Tempo di lettura stimato":"2 minuti"},"schema":{"@context":"https:\/\/schema.org","@graph":[{"@type":"WebPage","@id":"https:\/\/www.diocesitn.it\/area-testimonianza\/ecumenismo-e-dialogo-interreligioso-2\/contatti-ecumenici\/","url":"https:\/\/www.diocesitn.it\/area-testimonianza\/ecumenismo-e-dialogo-interreligioso-2\/contatti-ecumenici\/","name":"Contatti ecumenici e interreligiosi","isPartOf":{"@id":"https:\/\/www.diocesitn.it\/area-testimonianza\/#website"},"datePublished":"2025-05-20T14:00:10+00:00","dateModified":"2026-03-18T08:33:48+00:00","description":"I contatti ecumenici ed interreligiosi delle realt\u00e0 cristiane e delle altre religioni presenti sul territorio della diocesi di Trento.","breadcrumb":{"@id":"https:\/\/www.diocesitn.it\/area-testimonianza\/ecumenismo-e-dialogo-interreligioso-2\/contatti-ecumenici\/#breadcrumb"},"inLanguage":"it-IT","potentialAction":[{"@type":"ReadAction","target":["https:\/\/www.diocesitn.it\/area-testimonianza\/ecumenismo-e-dialogo-interreligioso-2\/contatti-ecumenici\/"]}]},{"@type":"BreadcrumbList","@id":"https:\/\/www.diocesitn.it\/area-testimonianza\/ecumenismo-e-dialogo-interreligioso-2\/contatti-ecumenici\/#breadcrumb","itemListElement":[{"@type":"ListItem","position":1,"name":"Home","item":"https:\/\/www.diocesitn.it\/area-testimonianza\/"},{"@type":"ListItem","position":2,"name":"Ecumenismo e dialogo interreligioso","item":"https:\/\/www.diocesitn.it\/area-testimonianza\/ecumenismo-e-dialogo-interreligioso-2\/"},{"@type":"ListItem","position":3,"name":"Contatti ecumenici e interreligiosi"}]},{"@type":"WebSite","@id":"https:\/\/www.diocesitn.it\/area-testimonianza\/#website","url":"https:\/\/www.diocesitn.it\/area-testimonianza\/","name":"Testimonianza e Impegno sociale","description":"Chiesa di Trento","publisher":{"@id":"https:\/\/www.diocesitn.it\/area-testimonianza\/#organization"},"potentialAction":[{"@type":"SearchAction","target":{"@type":"EntryPoint","urlTemplate":"https:\/\/www.diocesitn.it\/area-testimonianza\/?s={search_term_string}"},"query-input":{"@type":"PropertyValueSpecification","valueRequired":true,"valueName":"search_term_string"}}],"inLanguage":"it-IT"},{"@type":["Organization","Place"],"@id":"https:\/\/www.diocesitn.it\/area-testimonianza\/#organization","name":"Area Testimonianza e Impegno Sociale - Chiesa di Trento","url":"https:\/\/www.diocesitn.it\/area-testimonianza\/","logo":{"@id":"https:\/\/www.diocesitn.it\/area-testimonianza\/ecumenismo-e-dialogo-interreligioso-2\/contatti-ecumenici\/#local-main-organization-logo"},"image":{"@id":"https:\/\/www.diocesitn.it\/area-testimonianza\/ecumenismo-e-dialogo-interreligioso-2\/contatti-ecumenici\/#local-main-organization-logo"},"openingHoursSpecification":[{"@type":"OpeningHoursSpecification","dayOfWeek":["Monday","Tuesday","Wednesday","Thursday","Friday","Saturday","Sunday"],"opens":"09:00","closes":"17:00"}]},{"@type":"ImageObject","inLanguage":"it-IT","@id":"https:\/\/www.diocesitn.it\/area-testimonianza\/ecumenismo-e-dialogo-interreligioso-2\/contatti-ecumenici\/#local-main-organization-logo","url":"https:\/\/www.diocesitn.it\/area-testimonianza\/wp-content\/uploads\/sites\/37\/2021\/09\/og-logo-testimonianza-e-impegno-sociale.jpg","contentUrl":"https:\/\/www.diocesitn.it\/area-testimonianza\/wp-content\/uploads\/sites\/37\/2021\/09\/og-logo-testimonianza-e-impegno-sociale.jpg","width":1200,"height":630,"caption":"Area Testimonianza e Impegno Sociale - Chiesa di Trento"}]}},"_links":{"self":[{"href":"https:\/\/www.diocesitn.it\/area-testimonianza\/wp-json\/wp\/v2\/pages\/9373","targetHints":{"allow":["GET"]}}],"collection":[{"href":"https:\/\/www.diocesitn.it\/area-testimonianza\/wp-json\/wp\/v2\/pages"}],"about":[{"href":"https:\/\/www.diocesitn.it\/area-testimonianza\/wp-json\/wp\/v2\/types\/page"}],"author":[{"embeddable":true,"href":"https:\/\/www.diocesitn.it\/area-testimonianza\/wp-json\/wp\/v2\/users\/161"}],"replies":[{"embeddable":true,"href":"https:\/\/www.diocesitn.it\/area-testimonianza\/wp-json\/wp\/v2\/comments?post=9373"}],"version-history":[{"count":3,"href":"https:\/\/www.diocesitn.it\/area-testimonianza\/wp-json\/wp\/v2\/pages\/9373\/revisions"}],"predecessor-version":[{"id":18081,"href":"https:\/\/www.diocesitn.it\/area-testimonianza\/wp-json\/wp\/v2\/pages\/9373\/revisions\/18081"}],"up":[{"embeddable":true,"href":"https:\/\/www.diocesitn.it\/area-testimonianza\/wp-json\/wp\/v2\/pages\/13876"}],"wp:attachment":[{"href":"https:\/\/www.diocesitn.it\/area-testimonianza\/wp-json\/wp\/v2\/media?parent=9373"}],"curies":[{"name":"wp","href":"https:\/\/api.w.org\/{rel}","templated":true}]}}