{"id":6036,"date":"2019-05-30T12:21:35","date_gmt":"2019-05-30T10:21:35","guid":{"rendered":"https:\/\/www.diocesitn.it\/area-testimonianza\/?page_id=6036"},"modified":"2025-10-15T16:10:35","modified_gmt":"2025-10-15T14:10:35","slug":"centro-missionario-diocesano","status":"publish","type":"page","link":"https:\/\/www.diocesitn.it\/area-testimonianza\/centro-missionario-diocesano\/","title":{"rendered":"Centro Missionario Diocesano"},"content":{"rendered":"<div id=\"pl-6036\"  class=\"panel-layout\" ><div id=\"pg-6036-0\"  class=\"panel-grid panel-no-style\" ><div id=\"pgc-6036-0-0\"  class=\"panel-grid-cell\" ><div id=\"panel-6036-0-0-0\" class=\"so-panel widget widget_sow-editor panel-first-child panel-last-child\" data-index=\"0\" ><div\n\t\t\t\n\t\t\tclass=\"so-widget-sow-editor so-widget-sow-editor-base\"\n\t\t\t\n\t\t>\n<div class=\"siteorigin-widget-tinymce textwidget\">\n\t<p><a id=\"indice\"><\/a><strong>CENTRO MISSIONARIO DIOCESANO DI TRENTO<\/strong><\/p>\n<ul>\n<li><a href=\"#Chi_siamo\">chi siamo<\/a><\/li>\n<li><a href=\"#missionari\">missionari<\/a><\/li>\n<li><a href=\"#formazione\">formazione e animazione pastorale<\/a><\/li>\n<li><a href=\"#appuntamenti\">appuntamenti missionari<\/a><\/li>\n<li><a href=\"#solidarieta\">solidariet\u00e0<\/a><\/li>\n<li><a href=\"#media\">media e pubblicazioni<\/a><\/li>\n<\/ul>\n<hr \/>\n<h2><a id=\"Chi_siamo\"><\/a>CHI SIAMO<\/h2>\n<p>Il Centro Missionario Diocesano di Trento, costituito in Ente giuridico sotto il nome di Opera Diocesana per la Pastorale Missionaria, \u00e8 lo strumento della Chiesa di Trento per:<\/p>\n<ul>\n<li>tener viva la dimensione missionaria di tutta la Chiesa diocesana;<\/li>\n<li>educare alla universalit\u00e0 della missione;<\/li>\n<li>favorire lo scambio e la cooperazione tra la Chiesa di Trento e le giovani Chiese nel mondo;<\/li>\n<li>sostenere e accompagnare il cammino dei gruppi missionari parrocchiali e interparrocchiali.<\/li>\n<\/ul>\n<p>Fondato nel 1918 ha una<span style=\"color: #333333\"> <strong>storia<\/strong><span style=\"font-size: 10pt\">\u00a0<\/span>de<\/span>cennale alle spalle.<\/p>\n<h4><strong>Sede<\/strong><\/h4>\n<p><a href=\"https:\/\/www.google.it\/maps\/place\/Piazza+di+Fiera,+2,+38122+Trento+TN\/@46.0651664,11.1222925,17z\/data=!3m1!4b1!4m6!3m5!1s0x478276b49e96b5b5:0x933bfa0e67f4501d!8m2!3d46.0651627!4d11.1248674!16s%2Fg%2F11fcrwbf02?entry=ttu\" target=\"_blank\" rel=\"noopener\">piazza di Fiera, 2 \u2013 38122 Trento<\/a> (2\u00b0 piano)<br \/>\nTel. 0461 891.270<br \/>\nmail: <a href=\"mailto:centro.missionario@diocesitn.it\">centro.missionario@diocesitn.it<\/a><br \/>\nOrari di apertura: dal luned\u00ec al venerd\u00ec 8.00-12.30 e 13.30-17.00<\/p>\n<h4><strong>Delegato<\/strong><\/h4>\n<p>Dott.ssa Annalisa Pasini<br \/>\n0461891124<br \/>\n<a href=\"mailto:AnnalisaPasini@diocesitn.it\">AnnalisaPasini@diocesitn.it<\/a><\/p>\n<p style=\"text-align: right\"><a href=\"#indice\">torna su<\/a><\/p>\n<hr \/>\n<h2><a id=\"missionari\"><\/a>MISSIONARI<\/h2>\n<p>I missionari trentini nel mondo sono 292 distribuiti sui 5 continenti, vedono la loro presenza in 68 stati e rappresentano un totale di 60 fra congregazioni religiose e raggruppamenti laicali. Dagli inizi del '900 i martiri trentini sono 13. [dati aggiornati a maggio 2019]<\/p>\n<p>I rapporti con i missionari vengono tenuti attraverso lettere regolarmente pubblicate su <a href=\"https:\/\/www.diocesitn.it\/area-testimonianza\/comunione-e-missione\/\" rel=\"noopener noreferrer\">Comunione e Missione<\/a> e incontri annuali con i missionari in vacanza.<\/p>\n<p><a href=\"https:\/\/www.diocesitn.it\/area-testimonianza\/tag\/lettere-dalle-missioni\/?post_type=post\">Leggi lettere e notizie dalle missioni<\/a>.<\/p>\n<p style=\"text-align: right\"><a href=\"#indice\">torna su<\/a><\/p>\n<hr \/>\n<h2><a id=\"formazione\"><\/a>FORMAZIONE E ANIMAZIONE PASTORALE<\/h2>\n<p>Il Centro Missionario\u00a0propone vari\u00a0percorsi di formazione e\u00a0animazione.<\/p>\n<ul>\n<li>I percorsi didattici per la <strong>scuola<\/strong> sono realizzati da\n<ul>\n<li>l'<a href=\"https:\/\/www.diocesitn.it\/area-cultura\/\" target=\"_blank\" rel=\"noopener noreferrer\">area cultura<\/a> della diocesi<\/li>\n<li><a href=\"https:\/\/www.accri.it\/\" target=\"_blank\" rel=\"noopener noreferrer\">ACCRI<\/a>: <a href=\"https:\/\/www.accri.it\/educazione-allo-sviluppo-eas\/proposte-didattiche\/\" target=\"_blank\" rel=\"noopener noreferrer\">itinerari di educazione alla mondialit\u00e0 e all\u2019interculturalit\u00e0<\/a><\/li>\n<\/ul>\n<\/li>\n<li>La proposta <a href=\"https:\/\/www.diocesitn.it\/area-testimonianza\/centro-missionario-diocesano\/tentazione-missionaria\/\">Tentazione Missionaria<\/a> (ex Esperienza Estiva in Missione) per maggiorenni\u00a0\u00e8 gestita direttamente dal Centro Missionario attraverso un gruppo di giovani volontari.<\/li>\n<li>Sul territorio sono presenti i <strong>gruppi missionari<\/strong> dedicati all'animazione missionaria delle parrocchie.<\/li>\n<li>L'animazione missionaria si realizza anche attraverso la produzione e distribuzione di <span style=\"color: #ff0000\"><span style=\"color: #000000\"><span style=\"color: #333333\"><strong>sussidi<\/strong> <\/span><\/span><\/span>specifici.<\/li>\n<\/ul>\n<p>Per maggiori informazioni o altre esigenze <a href=\"#Chi_siamo\">contattateci<\/a>.<\/p>\n<p style=\"text-align: right\"><a href=\"#indice\">torna su<\/a><\/p>\n<hr \/>\n<h2><a id=\"appuntamenti\"><\/a>APPUNTAMENTI MISSIONARI<\/h2>\n<p>Giornate e periodi dell'anno dedicati alla sensibilit\u00e0 missionaria:<\/p>\n<ul>\n<li>6 gennaio <a href=\"https:\/\/www.diocesitn.it\/area-testimonianza\/centro-missionario-diocesano\/appuntamenti-missionari\/#g.raga\"><strong>Giornata mondiale dell'infanzia missionaria<\/strong><\/a>;<\/li>\n<li>Ultima domenica di gennaio <a href=\"https:\/\/www.diocesitn.it\/area-testimonianza\/centro-missionario-diocesano\/appuntamenti-missionari\/#lebbra\"><strong>Giornata della Lebbra<\/strong><\/a>;<\/li>\n<li><a href=\"https:\/\/www.diocesitn.it\/area-testimonianza\/centro-missionario-diocesano\/appuntamenti-missionari\/#quar\"><strong>Quaresima di fraternit\u00e0<\/strong><\/a>;<\/li>\n<li>24 marzo <a href=\"https:\/\/www.diocesitn.it\/area-testimonianza\/centro-missionario-diocesano\/appuntamenti-missionari\/#martiri\"><strong>Giornata dei Missionari Martiri<\/strong><\/a>;<\/li>\n<li><a href=\"https:\/\/www.diocesitn.it\/area-testimonianza\/centro-missionario-diocesano\/appuntamenti-missionari\/#ott\"><strong>Ottobre missionario<\/strong><\/a>;<\/li>\n<li>27 dicembre <a href=\"https:\/\/www.diocesitn.it\/area-testimonianza\/centro-missionario-diocesano\/appuntamenti-missionari\/#cantori\"><strong>Cantori della stella<\/strong><\/a>.<\/li>\n<\/ul>\n<p>A questi si aggiungono:<\/p>\n<ul>\n<li><a href=\"https:\/\/www.diocesitn.it\/area-testimonianza\/centro-missionario-diocesano\/appuntamenti-missionari\/#rt\">Religion Today Film Festival<\/a>: di cui arcidiocesi di Trento \u00e8 partner;<\/li>\n<li><a href=\"https:\/\/www.diocesitn.it\/area-testimonianza\/centro-missionario-diocesano\/appuntamenti-missionari\/#festmis\">Festival della missione<\/a>: evento nazionale.<\/li>\n<li><a href=\"https:\/\/www.diocesitn.it\/area-testimonianza\/centro-missionario-diocesano\/appuntamenti-missionari\/#lun\">I luned\u00ec della missione<\/a>: ciclo di incontri on line;<\/li>\n<li>Il Trentino chiama...: ciclo di incontri con i missionari trentini\n<ul>\n<li><a href=\"https:\/\/www.diocesitn.it\/area-testimonianza\/centro-missionario-diocesano\/appuntamenti-missionari\/#tn\"> l'Africa (ottobre 2023)<\/a><\/li>\n<li><a href=\"https:\/\/www.diocesitn.it\/area-testimonianza\/centro-missionario-diocesano\/appuntamenti-missionari\/#tn2\">Europa (ottobre 2024)<\/a><\/li>\n<\/ul>\n<\/li>\n<\/ul>\n<p><strong>Approfondimenti e materiali<\/strong> nella <a href=\"https:\/\/www.diocesitn.it\/area-testimonianza\/centro-missionario-diocesano\/appuntamenti-missionari\/\">pagina dedicata<\/a>.<\/p>\n<p style=\"text-align: right\"><a href=\"#indice\">torna su<\/a><\/p>\n<hr \/>\n<h2><a id=\"solidarieta\"><\/a>SOLIDARIET\u00c0<\/h2>\n<p>\u00c8 possibile sostenere le opere del Centro Missionario Diocesano attraverso <a href=\"https:\/\/www.diocesitn.it\/area-testimonianza\/come-sostenere-le-attivita-della-pastorale-missionaria\/\" rel=\"noopener noreferrer\">offerte dirette (contanti, assegni, bonifici bancari e versamenti postali)<\/a>.<\/p>\n<p>Il Centro Missionario Diocesano sostiene le attivit\u00e0 dei missionari trentini attraverso:<\/p>\n<ul>\n<li>l\u2019invio di offerte destinate;<\/li>\n<li>la realizzazione di <a href=\"https:\/\/www.diocesitn.it\/area-testimonianza\/centro-missionario-diocesano\/progetti-sostenuti-dal-centro-missionario\/\" rel=\"noopener noreferrer\">progetti specifici<\/a>;<\/li>\n<li>il sostegno di <a href=\"https:\/\/www.diocesitn.it\/area-testimonianza\/centro-missionario-diocesano\/adozioni-a-distanza-bambini\/\" rel=\"noopener noreferrer\">adozioni a distanza bambini<\/a>.<\/li>\n<\/ul>\n<p>E\u2019 inoltre attivo il servizio di <a href=\"https:\/\/www.diocesitn.it\/area-testimonianza\/centro-missionario-diocesano\/adozioni-a-distanza-seminaristi\/\" rel=\"noopener noreferrer\">adozione dei seminaristi<\/a> gestito dalla Pontificia Opera di San Pietro Apostolo.<\/p>\n<p style=\"text-align: right\"><a href=\"#indice\">torna su<\/a><\/p>\n<hr \/>\n<h2><a id=\"media\"><\/a>MEDIA E PUBBLICAZIONI<\/h2>\n<h4><strong>Comunione e Missione<\/strong><\/h4>\n<p>Il <a href=\"https:\/\/www.diocesitn.it\/area-testimonianza\/centro-missionario-diocesano\/comunione-e-missione\/\" rel=\"noopener noreferrer\">periodico<\/a> di spiritualit\u00e0 missionaria a cura del Centro Missionario Diocesano\u00a0<span style=\"font-size: inherit\">di Trento dal 1970.<\/span><\/p>\n<h4><strong>Riviste missionarie<\/strong><\/h4>\n<p>In sede \u00e8 presente <a href=\"https:\/\/www.diocesitn.it\/area-testimonianza\/centro-missionario-diocesano\/emeroteca\/\">un'emeroteca<\/a> che raccoglie varie riviste missionarie in visione, per alcune testate \u00e8 possibile attivare l'abbonamento presso i nostri uffici.<\/p>\n<h4><strong>Film e documentari<\/strong><\/h4>\n<p>Presso i nostri uffici \u00e8 disponibile al <strong>noleggio<\/strong> una raccolta di film e documentari in DVD sia ad uso privato che per finalit\u00e0 educative o di animazione. I temi trattati sono: mondo missionario, interculturalit\u00e0, sviluppo sostenibile, diritti umani, mondialit\u00e0 e migrazioni.<\/p>\n<p>I video prodotti dal Centro Missionario sono <strong>acquistabili<\/strong>.<\/p>\n<h4><strong>Pubblicazioni <\/strong><\/h4>\n<p>In occasione di particolari ricorrenze o di eventi significativi il Centro Missionario Diocesano ha pubblicato libri o altro materiale disponibile in sede per consultazione o acquisto.<\/p>\n<p style=\"text-align: right\"><a href=\"#indice\">torna su<\/a><\/p>\n<hr \/>\n<p style=\"text-align: center\"><a href=\"https:\/\/www.diocesitn.it\/area-testimonianza\/home-page\/chi-siamo-area-testimonianza-e-impegno-sociale\/\">Vai a <strong>Chi siamo - Area Testimonianza e impegno sociale<\/strong><\/a><\/p>\n<\/div>\n<\/div><\/div><\/div><\/div><\/div>","protected":false},"excerpt":{"rendered":"<p>CENTRO MISSIONARIO DIOCESANO DI TRENTO chi siamo missionari formazione e animazione pastorale appuntamenti missionari solidariet\u00e0 media e pubblicazioni CHI SIAMO Il Centro Missionario Diocesano di Trento, costituito in Ente giuridico sotto il nome di Opera<\/p>\n","protected":false},"author":161,"featured_media":17284,"parent":0,"menu_order":0,"comment_status":"closed","ping_status":"closed","template":"","meta":{"footnotes":""},"class_list":["post-6036","page","type-page","status-publish","has-post-thumbnail","hentry"],"acf":{"seed-localization-paese-cod":"IT","seed-localization-address":"","seed-localization-citta":"Trento","seed-localization-regione-cod-istat":"04","seed-localization-citta-cod-istat":"022205","seed-localization-localita":"","seed-localization-cap":"","seed-localization-marker-visibility":false,"seed-localization-children-visibility":false,"seed-localization-kml":"","seed-localization-custom-marker":""},"yoast_head":"<!-- This site is optimized with the Yoast SEO Premium plugin v20.2.1 (Yoast SEO v25.9) - https:\/\/yoast.com\/wordpress\/plugins\/seo\/ -->\n<title>Centro Missionario Diocesano di Trento<\/title>\n<meta name=\"description\" content=\"Tutto quel che c&#039;\u00e8 da sapere sul Centro Missionario Diocesano di Trento: chi siamo, attivit\u00e0, progetti, formazione...\" \/>\n<meta name=\"robots\" content=\"index, follow, max-snippet:-1, max-image-preview:large, max-video-preview:-1\" \/>\n<link rel=\"canonical\" href=\"https:\/\/www.diocesitn.it\/area-testimonianza\/centro-missionario-diocesano\/\" \/>\n<meta property=\"og:locale\" content=\"it_IT\" \/>\n<meta property=\"og:type\" content=\"article\" \/>\n<meta property=\"og:title\" content=\"Centro Missionario Diocesano\" \/>\n<meta property=\"og:description\" content=\"Tutto quel che c&#039;\u00e8 da sapere sul Centro Missionario Diocesano di Trento: chi siamo, attivit\u00e0, progetti, formazione...\" \/>\n<meta property=\"og:url\" content=\"https:\/\/www.diocesitn.it\/area-testimonianza\/centro-missionario-diocesano\/\" \/>\n<meta property=\"og:site_name\" content=\"Testimonianza e Impegno sociale\" \/>\n<meta property=\"article:modified_time\" content=\"2025-10-15T14:10:35+00:00\" \/>\n<meta property=\"og:image\" content=\"https:\/\/www.diocesitn.it\/area-testimonianza\/wp-content\/uploads\/sites\/37\/2025\/03\/cmd-logo-verde.jpg\" \/>\n\t<meta property=\"og:image:width\" content=\"1535\" \/>\n\t<meta property=\"og:image:height\" content=\"324\" \/>\n\t<meta property=\"og:image:type\" content=\"image\/jpeg\" \/>\n<meta name=\"twitter:card\" content=\"summary_large_image\" \/>\n<meta name=\"twitter:label1\" content=\"Tempo di lettura stimato\" \/>\n\t<meta name=\"twitter:data1\" content=\"4 minuti\" \/>\n<script type=\"application\/ld+json\" class=\"yoast-schema-graph\">{\"@context\":\"https:\/\/schema.org\",\"@graph\":[{\"@type\":\"WebPage\",\"@id\":\"https:\/\/www.diocesitn.it\/area-testimonianza\/centro-missionario-diocesano\/\",\"url\":\"https:\/\/www.diocesitn.it\/area-testimonianza\/centro-missionario-diocesano\/\",\"name\":\"Centro Missionario Diocesano di Trento\",\"isPartOf\":{\"@id\":\"https:\/\/www.diocesitn.it\/area-testimonianza\/#website\"},\"primaryImageOfPage\":{\"@id\":\"https:\/\/www.diocesitn.it\/area-testimonianza\/centro-missionario-diocesano\/#primaryimage\"},\"image\":{\"@id\":\"https:\/\/www.diocesitn.it\/area-testimonianza\/centro-missionario-diocesano\/#primaryimage\"},\"thumbnailUrl\":\"https:\/\/www.diocesitn.it\/area-testimonianza\/wp-content\/uploads\/sites\/37\/2025\/03\/cmd-logo-verde.jpg\",\"datePublished\":\"2019-05-30T10:21:35+00:00\",\"dateModified\":\"2025-10-15T14:10:35+00:00\",\"description\":\"Tutto quel che c'\u00e8 da sapere sul Centro Missionario Diocesano di Trento: chi siamo, attivit\u00e0, progetti, formazione...\",\"breadcrumb\":{\"@id\":\"https:\/\/www.diocesitn.it\/area-testimonianza\/centro-missionario-diocesano\/#breadcrumb\"},\"inLanguage\":\"it-IT\",\"potentialAction\":[{\"@type\":\"ReadAction\",\"target\":[\"https:\/\/www.diocesitn.it\/area-testimonianza\/centro-missionario-diocesano\/\"]}]},{\"@type\":\"ImageObject\",\"inLanguage\":\"it-IT\",\"@id\":\"https:\/\/www.diocesitn.it\/area-testimonianza\/centro-missionario-diocesano\/#primaryimage\",\"url\":\"https:\/\/www.diocesitn.it\/area-testimonianza\/wp-content\/uploads\/sites\/37\/2025\/03\/cmd-logo-verde.jpg\",\"contentUrl\":\"https:\/\/www.diocesitn.it\/area-testimonianza\/wp-content\/uploads\/sites\/37\/2025\/03\/cmd-logo-verde.jpg\",\"width\":1535,\"height\":324},{\"@type\":\"BreadcrumbList\",\"@id\":\"https:\/\/www.diocesitn.it\/area-testimonianza\/centro-missionario-diocesano\/#breadcrumb\",\"itemListElement\":[{\"@type\":\"ListItem\",\"position\":1,\"name\":\"Home\",\"item\":\"https:\/\/www.diocesitn.it\/area-testimonianza\/\"},{\"@type\":\"ListItem\",\"position\":2,\"name\":\"Centro Missionario Diocesano\"}]},{\"@type\":\"WebSite\",\"@id\":\"https:\/\/www.diocesitn.it\/area-testimonianza\/#website\",\"url\":\"https:\/\/www.diocesitn.it\/area-testimonianza\/\",\"name\":\"Testimonianza e Impegno sociale\",\"description\":\"Chiesa di Trento\",\"publisher\":{\"@id\":\"https:\/\/www.diocesitn.it\/area-testimonianza\/#organization\"},\"potentialAction\":[{\"@type\":\"SearchAction\",\"target\":{\"@type\":\"EntryPoint\",\"urlTemplate\":\"https:\/\/www.diocesitn.it\/area-testimonianza\/?s={search_term_string}\"},\"query-input\":{\"@type\":\"PropertyValueSpecification\",\"valueRequired\":true,\"valueName\":\"search_term_string\"}}],\"inLanguage\":\"it-IT\"},{\"@type\":[\"Organization\",\"Place\"],\"@id\":\"https:\/\/www.diocesitn.it\/area-testimonianza\/#organization\",\"name\":\"Area Testimonianza e Impegno Sociale - Chiesa di Trento\",\"url\":\"https:\/\/www.diocesitn.it\/area-testimonianza\/\",\"logo\":{\"@id\":\"https:\/\/www.diocesitn.it\/area-testimonianza\/centro-missionario-diocesano\/#local-main-organization-logo\"},\"image\":{\"@id\":\"https:\/\/www.diocesitn.it\/area-testimonianza\/centro-missionario-diocesano\/#local-main-organization-logo\"},\"openingHoursSpecification\":[{\"@type\":\"OpeningHoursSpecification\",\"dayOfWeek\":[\"Monday\",\"Tuesday\",\"Wednesday\",\"Thursday\",\"Friday\",\"Saturday\",\"Sunday\"],\"opens\":\"09:00\",\"closes\":\"17:00\"}]},{\"@type\":\"ImageObject\",\"inLanguage\":\"it-IT\",\"@id\":\"https:\/\/www.diocesitn.it\/area-testimonianza\/centro-missionario-diocesano\/#local-main-organization-logo\",\"url\":\"https:\/\/www.diocesitn.it\/area-testimonianza\/wp-content\/uploads\/sites\/37\/2021\/09\/og-logo-testimonianza-e-impegno-sociale.jpg\",\"contentUrl\":\"https:\/\/www.diocesitn.it\/area-testimonianza\/wp-content\/uploads\/sites\/37\/2021\/09\/og-logo-testimonianza-e-impegno-sociale.jpg\",\"width\":1200,\"height\":630,\"caption\":\"Area Testimonianza e Impegno Sociale - Chiesa di Trento\"}]}<\/script>\n<!-- \/ Yoast SEO Premium plugin. -->","yoast_head_json":{"title":"Centro Missionario Diocesano di Trento","description":"Tutto quel che c'\u00e8 da sapere sul Centro Missionario Diocesano di Trento: chi siamo, attivit\u00e0, progetti, formazione...","robots":{"index":"index","follow":"follow","max-snippet":"max-snippet:-1","max-image-preview":"max-image-preview:large","max-video-preview":"max-video-preview:-1"},"canonical":"https:\/\/www.diocesitn.it\/area-testimonianza\/centro-missionario-diocesano\/","og_locale":"it_IT","og_type":"article","og_title":"Centro Missionario Diocesano","og_description":"Tutto quel che c'\u00e8 da sapere sul Centro Missionario Diocesano di Trento: chi siamo, attivit\u00e0, progetti, formazione...","og_url":"https:\/\/www.diocesitn.it\/area-testimonianza\/centro-missionario-diocesano\/","og_site_name":"Testimonianza e Impegno sociale","article_modified_time":"2025-10-15T14:10:35+00:00","og_image":[{"width":1535,"height":324,"url":"https:\/\/www.diocesitn.it\/area-testimonianza\/wp-content\/uploads\/sites\/37\/2025\/03\/cmd-logo-verde.jpg","type":"image\/jpeg"}],"twitter_card":"summary_large_image","twitter_misc":{"Tempo di lettura stimato":"4 minuti"},"schema":{"@context":"https:\/\/schema.org","@graph":[{"@type":"WebPage","@id":"https:\/\/www.diocesitn.it\/area-testimonianza\/centro-missionario-diocesano\/","url":"https:\/\/www.diocesitn.it\/area-testimonianza\/centro-missionario-diocesano\/","name":"Centro Missionario Diocesano di Trento","isPartOf":{"@id":"https:\/\/www.diocesitn.it\/area-testimonianza\/#website"},"primaryImageOfPage":{"@id":"https:\/\/www.diocesitn.it\/area-testimonianza\/centro-missionario-diocesano\/#primaryimage"},"image":{"@id":"https:\/\/www.diocesitn.it\/area-testimonianza\/centro-missionario-diocesano\/#primaryimage"},"thumbnailUrl":"https:\/\/www.diocesitn.it\/area-testimonianza\/wp-content\/uploads\/sites\/37\/2025\/03\/cmd-logo-verde.jpg","datePublished":"2019-05-30T10:21:35+00:00","dateModified":"2025-10-15T14:10:35+00:00","description":"Tutto quel che c'\u00e8 da sapere sul Centro Missionario Diocesano di Trento: chi siamo, attivit\u00e0, progetti, formazione...","breadcrumb":{"@id":"https:\/\/www.diocesitn.it\/area-testimonianza\/centro-missionario-diocesano\/#breadcrumb"},"inLanguage":"it-IT","potentialAction":[{"@type":"ReadAction","target":["https:\/\/www.diocesitn.it\/area-testimonianza\/centro-missionario-diocesano\/"]}]},{"@type":"ImageObject","inLanguage":"it-IT","@id":"https:\/\/www.diocesitn.it\/area-testimonianza\/centro-missionario-diocesano\/#primaryimage","url":"https:\/\/www.diocesitn.it\/area-testimonianza\/wp-content\/uploads\/sites\/37\/2025\/03\/cmd-logo-verde.jpg","contentUrl":"https:\/\/www.diocesitn.it\/area-testimonianza\/wp-content\/uploads\/sites\/37\/2025\/03\/cmd-logo-verde.jpg","width":1535,"height":324},{"@type":"BreadcrumbList","@id":"https:\/\/www.diocesitn.it\/area-testimonianza\/centro-missionario-diocesano\/#breadcrumb","itemListElement":[{"@type":"ListItem","position":1,"name":"Home","item":"https:\/\/www.diocesitn.it\/area-testimonianza\/"},{"@type":"ListItem","position":2,"name":"Centro Missionario Diocesano"}]},{"@type":"WebSite","@id":"https:\/\/www.diocesitn.it\/area-testimonianza\/#website","url":"https:\/\/www.diocesitn.it\/area-testimonianza\/","name":"Testimonianza e Impegno sociale","description":"Chiesa di Trento","publisher":{"@id":"https:\/\/www.diocesitn.it\/area-testimonianza\/#organization"},"potentialAction":[{"@type":"SearchAction","target":{"@type":"EntryPoint","urlTemplate":"https:\/\/www.diocesitn.it\/area-testimonianza\/?s={search_term_string}"},"query-input":{"@type":"PropertyValueSpecification","valueRequired":true,"valueName":"search_term_string"}}],"inLanguage":"it-IT"},{"@type":["Organization","Place"],"@id":"https:\/\/www.diocesitn.it\/area-testimonianza\/#organization","name":"Area Testimonianza e Impegno Sociale - Chiesa di Trento","url":"https:\/\/www.diocesitn.it\/area-testimonianza\/","logo":{"@id":"https:\/\/www.diocesitn.it\/area-testimonianza\/centro-missionario-diocesano\/#local-main-organization-logo"},"image":{"@id":"https:\/\/www.diocesitn.it\/area-testimonianza\/centro-missionario-diocesano\/#local-main-organization-logo"},"openingHoursSpecification":[{"@type":"OpeningHoursSpecification","dayOfWeek":["Monday","Tuesday","Wednesday","Thursday","Friday","Saturday","Sunday"],"opens":"09:00","closes":"17:00"}]},{"@type":"ImageObject","inLanguage":"it-IT","@id":"https:\/\/www.diocesitn.it\/area-testimonianza\/centro-missionario-diocesano\/#local-main-organization-logo","url":"https:\/\/www.diocesitn.it\/area-testimonianza\/wp-content\/uploads\/sites\/37\/2021\/09\/og-logo-testimonianza-e-impegno-sociale.jpg","contentUrl":"https:\/\/www.diocesitn.it\/area-testimonianza\/wp-content\/uploads\/sites\/37\/2021\/09\/og-logo-testimonianza-e-impegno-sociale.jpg","width":1200,"height":630,"caption":"Area Testimonianza e Impegno Sociale - Chiesa di Trento"}]}},"_links":{"self":[{"href":"https:\/\/www.diocesitn.it\/area-testimonianza\/wp-json\/wp\/v2\/pages\/6036","targetHints":{"allow":["GET"]}}],"collection":[{"href":"https:\/\/www.diocesitn.it\/area-testimonianza\/wp-json\/wp\/v2\/pages"}],"about":[{"href":"https:\/\/www.diocesitn.it\/area-testimonianza\/wp-json\/wp\/v2\/types\/page"}],"author":[{"embeddable":true,"href":"https:\/\/www.diocesitn.it\/area-testimonianza\/wp-json\/wp\/v2\/users\/161"}],"replies":[{"embeddable":true,"href":"https:\/\/www.diocesitn.it\/area-testimonianza\/wp-json\/wp\/v2\/comments?post=6036"}],"version-history":[{"count":3,"href":"https:\/\/www.diocesitn.it\/area-testimonianza\/wp-json\/wp\/v2\/pages\/6036\/revisions"}],"predecessor-version":[{"id":18540,"href":"https:\/\/www.diocesitn.it\/area-testimonianza\/wp-json\/wp\/v2\/pages\/6036\/revisions\/18540"}],"wp:featuredmedia":[{"embeddable":true,"href":"https:\/\/www.diocesitn.it\/area-testimonianza\/wp-json\/wp\/v2\/media\/17284"}],"wp:attachment":[{"href":"https:\/\/www.diocesitn.it\/area-testimonianza\/wp-json\/wp\/v2\/media?parent=6036"}],"curies":[{"name":"wp","href":"https:\/\/api.w.org\/{rel}","templated":true}]}}