{"id":43,"date":"2025-10-16T17:02:00","date_gmt":"2025-10-16T15:02:00","guid":{"rendered":"https:\/\/www.diocesitn.it\/ecumenismo\/ecumenismo-e-dialogo-interreligioso\/tavolo-delle-religioni\/"},"modified":"2026-03-18T09:34:09","modified_gmt":"2026-03-18T08:34:09","slug":"tavolo-delle-religioni","status":"publish","type":"page","link":"https:\/\/www.diocesitn.it\/area-testimonianza\/ecumenismo-e-dialogo-interreligioso-2\/tavolo-delle-religioni\/","title":{"rendered":"Tavolo delle religioni"},"content":{"rendered":"<div style=\"text-align: justify\">\n<p>Il Tavolo delle Religioni, altrimenti noto come <strong>Tavolo Locale delle Appartenenze Religiose<\/strong>, sorto quasi spontaneamente qualche anno fa e costituitosi stabilmente il 28 ottobre 2001, \u00e8 un Tavolo di incontro delle Spiritualit\u00e0, delle Comunit\u00e0, delle Chiese, presenti nella nostra realt\u00e0 territoriale trentina. \u00c8 costituito da donne e uomini, in rappresentanza di altrettanti Gruppi disponibili all&#8217;incontro, e che soprattutto credono nella necessit\u00e0 del dialogo e di una pi\u00f9 autentica relazione tra di loro per il bene della Terra nella quale vivono, mettendo al centro di questa esperienza i valori comuni che appartengono a tutti i credenti e a tutti gli uomini e le donne di buona volont\u00e0.<\/p>\n<hr \/>\n<\/div>\n<h5>Preghiera comune utilizzata dal Tavolo<\/h5>\n<div><\/div>\n<div>\n<p><strong><em>Fonte d\u2019inesauribile Luce! <\/em><\/strong><\/p>\n<p><em>Guardando volti di donne e uomini<br \/>\n<\/em><em style=\"font-size: inherit\">che con me attraversano le strade del mondo,<br \/>\ncos\u00ec diversi l\u2019uno dall\u2019altro,<br \/>\ncos\u00ec dissimili nella forma e nel pensiero,<br \/>\nmai finir\u00f2 di stupirmi &#8211; e insieme di rallegrarmi &#8211;<br \/>\ndi quanto v\u2019\u00e8 di incredibilmente affine<br \/>\nnella ricerca di Luce e di Bene dell\u2019uno per l\u2019altro. <\/em><\/p>\n<p><em style=\"font-size: inherit\">E mai finir\u00f2 di ringraziarTi, Anima della Vita,<br \/>\nper le molteplici possibilit\u00e0 che affidi ad ognuno<br \/>\ndi esprimere un Raggio del Tuo Spirito,<br \/>\nfiamma di Luce pura,<br \/>\nGoccia di quell\u2019acqua di Vita che, sola, ancora,<br \/>\npu\u00f2 irrorarci di Speranza.<\/em><\/p>\n<\/div>\n<hr \/>\n<h4>Attivit\u00e0 principali<\/h4>\n<ul>\n<li>Promuoviamo esposizioni a carattere interreligioso e interculturale di testi, di oggetti, di libri, di preghiere, per aiutare a comprendere materialmente la diversit\u00e0.<\/li>\n<li>Intorno a temi comuni quali la Vita, la Sofferenza, l&#8217;Aldil\u00e0, incoraggiamo l&#8217;incontro &#8211; attraverso conferenze e dibattiti pubblici &#8211; per consentire al confronto di trovare posto nella nostra vita.<\/li>\n<li>Favoriamo la conoscenza, semplice e diretta, nel tentativo non facile di abbattere ignoranza e pregiudizi, comunicando invece storie e valori con un linguaggio comprensibile.<\/li>\n<li>Nuove inquietudini provocano l&#8217;attualit\u00e0: guerra, terrorismo, violenza, ingiustizia, necessitano di interventi comuni per una Pace non negoziabile.<\/li>\n<li>Come donne e uomini di fede riteniamo che momenti comuni di Silenzio e di Preghiera possano sostenere il nostro esercizio di comprensione umana.<\/li>\n<li>Non ultimo, il nostro semplice periodico incontrarci &#8211; in una quotidianit\u00e0 sovente di scontro prospettata pi\u00f9 volte dai media &#8211; realizza un&#8217;alternativa possibile e credibile.<\/li>\n<\/ul>\n<hr \/>\n<h4>I membri attuali<\/h4>\n<p>(per i contatti vedere la <a href=\"https:\/\/www.diocesitn.it\/area-testimonianza\/ecumenismo-e-dialogo-interreligioso-2\/contatti-ecumenici\/\">pagina dedicata<\/a>)<\/p>\n<ul>\n<li>Chiesa Cattolica Romana<\/li>\n<li>Chiesa Cristiana Avventista del Settimo Giorno<\/li>\n<li>Chiesa Evangelica Luterana (di Bolzano)<\/li>\n<li>Chiesa Ortodossa Romena<\/li>\n<li>Buddhismo (<span style=\"font-size: inherit\">Tempio Tenryuzanji<\/span>)<\/li>\n<li>Islam<\/li>\n<li>Bah\u00e1\u2019\u00ed<br \/>\n<hr \/>\n<\/li>\n<\/ul>\n<p>Ulteriori informazioni sul Tavolo e le sue attivit\u00e0 nel <a href=\"https:\/\/www.tavoloreligionitrento.org\/\" target=\"_blank\" rel=\"noopener\">sito ufficiale<\/a>.<\/p>\n<hr \/>\n<p style=\"text-align: center\"><a href=\"https:\/\/www.diocesitn.it\/area-testimonianza\/ecumenismo-e-dialogo-interreligioso-2\/.\">Vai alla pagina generale di <strong>Ecumenismo e dialogo interreligioso<\/strong><\/a><\/p>\n","protected":false},"excerpt":{"rendered":"<p>Il Tavolo delle Religioni, altrimenti noto come Tavolo Locale delle Appartenenze Religiose, sorto quasi spontaneamente qualche anno fa e costituitosi stabilmente il 28 ottobre 2001, \u00e8 un Tavolo di incontro delle Spiritualit\u00e0, delle Comunit\u00e0, delle<\/p>\n","protected":false},"author":161,"featured_media":0,"parent":13876,"menu_order":0,"comment_status":"closed","ping_status":"closed","template":"","meta":{"footnotes":""},"class_list":["post-43","page","type-page","status-publish","hentry"],"acf":{"seed-localization-paese-cod":"","seed-localization-address":"","seed-localization-citta":"","seed-localization-regione-cod-istat":"","seed-localization-citta-cod-istat":"","seed-localization-localita":"","seed-localization-cap":"","seed-localization-marker-visibility":false,"seed-localization-children-visibility":false,"seed-localization-kml":"","seed-localization-custom-marker":""},"yoast_head":"<!-- This site is optimized with the Yoast SEO Premium plugin v20.2.1 (Yoast SEO v25.9) - https:\/\/yoast.com\/wordpress\/plugins\/seo\/ -->\n<title>Tavolo delle religioni<\/title>\n<meta name=\"description\" content=\"Il Tavolo Locale delle Appartenenze Religiose, dal 2001 incontra le Spiritualit\u00e0, le Comunit\u00e0 e le Chiese presenti in Trentino.\" \/>\n<meta name=\"robots\" content=\"index, follow, max-snippet:-1, max-image-preview:large, max-video-preview:-1\" \/>\n<link rel=\"canonical\" href=\"https:\/\/www.diocesitn.it\/area-testimonianza\/ecumenismo-e-dialogo-interreligioso-2\/tavolo-delle-religioni\/\" \/>\n<meta property=\"og:locale\" content=\"it_IT\" \/>\n<meta property=\"og:type\" content=\"article\" \/>\n<meta property=\"og:title\" content=\"Tavolo delle religioni\" \/>\n<meta property=\"og:description\" content=\"Il Tavolo Locale delle Appartenenze Religiose, dal 2001 incontra le Spiritualit\u00e0, le Comunit\u00e0 e le Chiese presenti in Trentino.\" \/>\n<meta property=\"og:url\" content=\"https:\/\/www.diocesitn.it\/area-testimonianza\/ecumenismo-e-dialogo-interreligioso-2\/tavolo-delle-religioni\/\" \/>\n<meta property=\"og:site_name\" content=\"Testimonianza e Impegno sociale\" \/>\n<meta property=\"article:modified_time\" content=\"2026-03-18T08:34:09+00:00\" \/>\n<meta property=\"og:image\" content=\"https:\/\/www.diocesitn.it\/area-testimonianza\/wp-content\/uploads\/sites\/37\/2021\/09\/og-logo-testimonianza-e-impegno-sociale.jpg\" \/>\n\t<meta property=\"og:image:width\" content=\"1200\" \/>\n\t<meta property=\"og:image:height\" content=\"630\" \/>\n\t<meta property=\"og:image:type\" content=\"image\/jpeg\" \/>\n<meta name=\"twitter:card\" content=\"summary_large_image\" \/>\n<meta name=\"twitter:label1\" content=\"Tempo di lettura stimato\" \/>\n\t<meta name=\"twitter:data1\" content=\"3 minuti\" \/>\n<script type=\"application\/ld+json\" class=\"yoast-schema-graph\">{\"@context\":\"https:\/\/schema.org\",\"@graph\":[{\"@type\":\"WebPage\",\"@id\":\"https:\/\/www.diocesitn.it\/area-testimonianza\/ecumenismo-e-dialogo-interreligioso-2\/tavolo-delle-religioni\/\",\"url\":\"https:\/\/www.diocesitn.it\/area-testimonianza\/ecumenismo-e-dialogo-interreligioso-2\/tavolo-delle-religioni\/\",\"name\":\"Tavolo delle religioni\",\"isPartOf\":{\"@id\":\"https:\/\/www.diocesitn.it\/area-testimonianza\/#website\"},\"datePublished\":\"2025-10-16T15:02:00+00:00\",\"dateModified\":\"2026-03-18T08:34:09+00:00\",\"description\":\"Il Tavolo Locale delle Appartenenze Religiose, dal 2001 incontra le Spiritualit\u00e0, le Comunit\u00e0 e le Chiese presenti in Trentino.\",\"breadcrumb\":{\"@id\":\"https:\/\/www.diocesitn.it\/area-testimonianza\/ecumenismo-e-dialogo-interreligioso-2\/tavolo-delle-religioni\/#breadcrumb\"},\"inLanguage\":\"it-IT\",\"potentialAction\":[{\"@type\":\"ReadAction\",\"target\":[\"https:\/\/www.diocesitn.it\/area-testimonianza\/ecumenismo-e-dialogo-interreligioso-2\/tavolo-delle-religioni\/\"]}]},{\"@type\":\"BreadcrumbList\",\"@id\":\"https:\/\/www.diocesitn.it\/area-testimonianza\/ecumenismo-e-dialogo-interreligioso-2\/tavolo-delle-religioni\/#breadcrumb\",\"itemListElement\":[{\"@type\":\"ListItem\",\"position\":1,\"name\":\"Home\",\"item\":\"https:\/\/www.diocesitn.it\/area-testimonianza\/\"},{\"@type\":\"ListItem\",\"position\":2,\"name\":\"Ecumenismo e dialogo interreligioso\",\"item\":\"https:\/\/www.diocesitn.it\/area-testimonianza\/ecumenismo-e-dialogo-interreligioso-2\/\"},{\"@type\":\"ListItem\",\"position\":3,\"name\":\"Tavolo delle religioni\"}]},{\"@type\":\"WebSite\",\"@id\":\"https:\/\/www.diocesitn.it\/area-testimonianza\/#website\",\"url\":\"https:\/\/www.diocesitn.it\/area-testimonianza\/\",\"name\":\"Testimonianza e Impegno sociale\",\"description\":\"Chiesa di Trento\",\"publisher\":{\"@id\":\"https:\/\/www.diocesitn.it\/area-testimonianza\/#organization\"},\"potentialAction\":[{\"@type\":\"SearchAction\",\"target\":{\"@type\":\"EntryPoint\",\"urlTemplate\":\"https:\/\/www.diocesitn.it\/area-testimonianza\/?s={search_term_string}\"},\"query-input\":{\"@type\":\"PropertyValueSpecification\",\"valueRequired\":true,\"valueName\":\"search_term_string\"}}],\"inLanguage\":\"it-IT\"},{\"@type\":[\"Organization\",\"Place\"],\"@id\":\"https:\/\/www.diocesitn.it\/area-testimonianza\/#organization\",\"name\":\"Area Testimonianza e Impegno Sociale - Chiesa di Trento\",\"url\":\"https:\/\/www.diocesitn.it\/area-testimonianza\/\",\"logo\":{\"@id\":\"https:\/\/www.diocesitn.it\/area-testimonianza\/ecumenismo-e-dialogo-interreligioso-2\/tavolo-delle-religioni\/#local-main-organization-logo\"},\"image\":{\"@id\":\"https:\/\/www.diocesitn.it\/area-testimonianza\/ecumenismo-e-dialogo-interreligioso-2\/tavolo-delle-religioni\/#local-main-organization-logo\"},\"openingHoursSpecification\":[{\"@type\":\"OpeningHoursSpecification\",\"dayOfWeek\":[\"Monday\",\"Tuesday\",\"Wednesday\",\"Thursday\",\"Friday\",\"Saturday\",\"Sunday\"],\"opens\":\"09:00\",\"closes\":\"17:00\"}]},{\"@type\":\"ImageObject\",\"inLanguage\":\"it-IT\",\"@id\":\"https:\/\/www.diocesitn.it\/area-testimonianza\/ecumenismo-e-dialogo-interreligioso-2\/tavolo-delle-religioni\/#local-main-organization-logo\",\"url\":\"https:\/\/www.diocesitn.it\/area-testimonianza\/wp-content\/uploads\/sites\/37\/2021\/09\/og-logo-testimonianza-e-impegno-sociale.jpg\",\"contentUrl\":\"https:\/\/www.diocesitn.it\/area-testimonianza\/wp-content\/uploads\/sites\/37\/2021\/09\/og-logo-testimonianza-e-impegno-sociale.jpg\",\"width\":1200,\"height\":630,\"caption\":\"Area Testimonianza e Impegno Sociale - Chiesa di Trento\"}]}<\/script>\n<!-- \/ Yoast SEO Premium plugin. -->","yoast_head_json":{"title":"Tavolo delle religioni","description":"Il Tavolo Locale delle Appartenenze Religiose, dal 2001 incontra le Spiritualit\u00e0, le Comunit\u00e0 e le Chiese presenti in Trentino.","robots":{"index":"index","follow":"follow","max-snippet":"max-snippet:-1","max-image-preview":"max-image-preview:large","max-video-preview":"max-video-preview:-1"},"canonical":"https:\/\/www.diocesitn.it\/area-testimonianza\/ecumenismo-e-dialogo-interreligioso-2\/tavolo-delle-religioni\/","og_locale":"it_IT","og_type":"article","og_title":"Tavolo delle religioni","og_description":"Il Tavolo Locale delle Appartenenze Religiose, dal 2001 incontra le Spiritualit\u00e0, le Comunit\u00e0 e le Chiese presenti in Trentino.","og_url":"https:\/\/www.diocesitn.it\/area-testimonianza\/ecumenismo-e-dialogo-interreligioso-2\/tavolo-delle-religioni\/","og_site_name":"Testimonianza e Impegno sociale","article_modified_time":"2026-03-18T08:34:09+00:00","og_image":[{"width":1200,"height":630,"url":"https:\/\/www.diocesitn.it\/area-testimonianza\/wp-content\/uploads\/sites\/37\/2021\/09\/og-logo-testimonianza-e-impegno-sociale.jpg","type":"image\/jpeg"}],"twitter_card":"summary_large_image","twitter_misc":{"Tempo di lettura stimato":"3 minuti"},"schema":{"@context":"https:\/\/schema.org","@graph":[{"@type":"WebPage","@id":"https:\/\/www.diocesitn.it\/area-testimonianza\/ecumenismo-e-dialogo-interreligioso-2\/tavolo-delle-religioni\/","url":"https:\/\/www.diocesitn.it\/area-testimonianza\/ecumenismo-e-dialogo-interreligioso-2\/tavolo-delle-religioni\/","name":"Tavolo delle religioni","isPartOf":{"@id":"https:\/\/www.diocesitn.it\/area-testimonianza\/#website"},"datePublished":"2025-10-16T15:02:00+00:00","dateModified":"2026-03-18T08:34:09+00:00","description":"Il Tavolo Locale delle Appartenenze Religiose, dal 2001 incontra le Spiritualit\u00e0, le Comunit\u00e0 e le Chiese presenti in Trentino.","breadcrumb":{"@id":"https:\/\/www.diocesitn.it\/area-testimonianza\/ecumenismo-e-dialogo-interreligioso-2\/tavolo-delle-religioni\/#breadcrumb"},"inLanguage":"it-IT","potentialAction":[{"@type":"ReadAction","target":["https:\/\/www.diocesitn.it\/area-testimonianza\/ecumenismo-e-dialogo-interreligioso-2\/tavolo-delle-religioni\/"]}]},{"@type":"BreadcrumbList","@id":"https:\/\/www.diocesitn.it\/area-testimonianza\/ecumenismo-e-dialogo-interreligioso-2\/tavolo-delle-religioni\/#breadcrumb","itemListElement":[{"@type":"ListItem","position":1,"name":"Home","item":"https:\/\/www.diocesitn.it\/area-testimonianza\/"},{"@type":"ListItem","position":2,"name":"Ecumenismo e dialogo interreligioso","item":"https:\/\/www.diocesitn.it\/area-testimonianza\/ecumenismo-e-dialogo-interreligioso-2\/"},{"@type":"ListItem","position":3,"name":"Tavolo delle religioni"}]},{"@type":"WebSite","@id":"https:\/\/www.diocesitn.it\/area-testimonianza\/#website","url":"https:\/\/www.diocesitn.it\/area-testimonianza\/","name":"Testimonianza e Impegno sociale","description":"Chiesa di Trento","publisher":{"@id":"https:\/\/www.diocesitn.it\/area-testimonianza\/#organization"},"potentialAction":[{"@type":"SearchAction","target":{"@type":"EntryPoint","urlTemplate":"https:\/\/www.diocesitn.it\/area-testimonianza\/?s={search_term_string}"},"query-input":{"@type":"PropertyValueSpecification","valueRequired":true,"valueName":"search_term_string"}}],"inLanguage":"it-IT"},{"@type":["Organization","Place"],"@id":"https:\/\/www.diocesitn.it\/area-testimonianza\/#organization","name":"Area Testimonianza e Impegno Sociale - Chiesa di Trento","url":"https:\/\/www.diocesitn.it\/area-testimonianza\/","logo":{"@id":"https:\/\/www.diocesitn.it\/area-testimonianza\/ecumenismo-e-dialogo-interreligioso-2\/tavolo-delle-religioni\/#local-main-organization-logo"},"image":{"@id":"https:\/\/www.diocesitn.it\/area-testimonianza\/ecumenismo-e-dialogo-interreligioso-2\/tavolo-delle-religioni\/#local-main-organization-logo"},"openingHoursSpecification":[{"@type":"OpeningHoursSpecification","dayOfWeek":["Monday","Tuesday","Wednesday","Thursday","Friday","Saturday","Sunday"],"opens":"09:00","closes":"17:00"}]},{"@type":"ImageObject","inLanguage":"it-IT","@id":"https:\/\/www.diocesitn.it\/area-testimonianza\/ecumenismo-e-dialogo-interreligioso-2\/tavolo-delle-religioni\/#local-main-organization-logo","url":"https:\/\/www.diocesitn.it\/area-testimonianza\/wp-content\/uploads\/sites\/37\/2021\/09\/og-logo-testimonianza-e-impegno-sociale.jpg","contentUrl":"https:\/\/www.diocesitn.it\/area-testimonianza\/wp-content\/uploads\/sites\/37\/2021\/09\/og-logo-testimonianza-e-impegno-sociale.jpg","width":1200,"height":630,"caption":"Area Testimonianza e Impegno Sociale - Chiesa di Trento"}]}},"_links":{"self":[{"href":"https:\/\/www.diocesitn.it\/area-testimonianza\/wp-json\/wp\/v2\/pages\/43","targetHints":{"allow":["GET"]}}],"collection":[{"href":"https:\/\/www.diocesitn.it\/area-testimonianza\/wp-json\/wp\/v2\/pages"}],"about":[{"href":"https:\/\/www.diocesitn.it\/area-testimonianza\/wp-json\/wp\/v2\/types\/page"}],"author":[{"embeddable":true,"href":"https:\/\/www.diocesitn.it\/area-testimonianza\/wp-json\/wp\/v2\/users\/161"}],"replies":[{"embeddable":true,"href":"https:\/\/www.diocesitn.it\/area-testimonianza\/wp-json\/wp\/v2\/comments?post=43"}],"version-history":[{"count":3,"href":"https:\/\/www.diocesitn.it\/area-testimonianza\/wp-json\/wp\/v2\/pages\/43\/revisions"}],"predecessor-version":[{"id":18084,"href":"https:\/\/www.diocesitn.it\/area-testimonianza\/wp-json\/wp\/v2\/pages\/43\/revisions\/18084"}],"up":[{"embeddable":true,"href":"https:\/\/www.diocesitn.it\/area-testimonianza\/wp-json\/wp\/v2\/pages\/13876"}],"wp:attachment":[{"href":"https:\/\/www.diocesitn.it\/area-testimonianza\/wp-json\/wp\/v2\/media?parent=43"}],"curies":[{"name":"wp","href":"https:\/\/api.w.org\/{rel}","templated":true}]}}