{"id":1868,"date":"2016-08-25T09:33:58","date_gmt":"2016-08-25T07:33:58","guid":{"rendered":"https:\/\/www.diocesitn.it\/caritas\/?page_id=4"},"modified":"2025-11-20T09:17:05","modified_gmt":"2025-11-20T08:17:05","slug":"chi-siamo","status":"publish","type":"page","link":"https:\/\/www.diocesitn.it\/area-testimonianza\/attivita-servizio-caritas\/chi-siamo\/","title":{"rendered":"Chi siamo: Caritas"},"content":{"rendered":"<p>La Caritas Diocesana \u00e8 un &#8220;Organismo pastorale&#8221; voluto dalla Diocesi, attraverso l\u2019Arcivescovo che ne \u00e8 il Presidente.<\/p>\n<p>Il suo fine \u00e8 quello di promuovere la <strong>testimonianza della carit\u00e0<\/strong> della comunit\u00e0 ecclesiale diocesana e di tutte le comunit\u00e0 cristiane, con particolare riferimento alle parrocchie.<\/p>\n<p>Una testimonianza di carit\u00e0,\u00a0 in forme consone ai tempi e ai bisogni, in vista dello sviluppo integrale dell\u2019uomo, della giustizia sociale e della pace, con particolare attenzione agli ultimi e con prevalente <strong>funzione pedagogica<\/strong>.<\/p>\n<p>Questo per favorire la dimensione spirituale che non si misura con cifre e bilanci, ma con la capacit\u00e0 che essa ha di sensibilizzare le comunit\u00e0 locali e i singoli fedeli al senso e al dovere della carit\u00e0.<\/p>\n<p>La Caritas \u00e8 lo <strong>strumento ufficiale della diocesi<\/strong> per la promozione e il coordinamento delle iniziative caritative e assistenziali, all\u2019interno delle altre specifiche competenze diocesane.<\/p>\n<p>Per realizzare il suo mandato promuove e si avvale di alcuni strumenti (per lo pi\u00f9 tramite il volontariato).<\/p>\n<ul>\n<li>La <strong>Caritas parrocchiale <\/strong>(e\/o decanale) che ha specifici compiti di animazione e sensibilizzazione della comunit\u00e0.<\/li>\n<li>Il <strong>Punto di ascolto Parrocchiale<\/strong> (<em><strong>PAP<\/strong><\/em>) che ha il mandato di accompagnare i poveri e rispondere ai bisogni della propria comunit\u00e0.<\/li>\n<li>Il <strong>Centro di Ascolto e Solidariet\u00e0<\/strong> (<em><strong>CedAS<\/strong><\/em>) che opera a livello decanale o zonale per la risposta ai bisogni, la presa in carico delle persone in difficolt\u00e0, sia residenti che di passaggio.<\/li>\n<li><strong>Opere segno<\/strong>: si tratta di iniziative specifiche promosse e realizzate per rispondere a nuove esigenze e venire incontro ai bisogni delle persone. Un esempio sono gli sportelli del <em>Credito Solidale<\/em> (per difficolt\u00e0 economiche) e i <em>negozi di abiti usati Altr\u2019Uso<\/em> (per la richiesta di vestiario).<\/li>\n<\/ul>\n","protected":false},"excerpt":{"rendered":"<p>La Caritas Diocesana \u00e8 un &#8220;Organismo pastorale&#8221; voluto dalla Diocesi, attraverso l\u2019Arcivescovo che ne \u00e8 il Presidente. Il suo fine \u00e8 quello di promuovere la testimonianza della carit\u00e0 della comunit\u00e0 ecclesiale diocesana e di tutte<\/p>\n","protected":false},"author":4,"featured_media":0,"parent":1486,"menu_order":0,"comment_status":"closed","ping_status":"closed","template":"","meta":{"footnotes":""},"class_list":["post-1868","page","type-page","status-publish","hentry"],"acf":{"seed-localization-paese-cod":"","seed-localization-address":"","seed-localization-citta":"","seed-localization-regione-cod-istat":"","seed-localization-citta-cod-istat":"","seed-localization-localita":"","seed-localization-cap":"","seed-localization-marker-visibility":false,"seed-localization-children-visibility":false,"seed-localization-kml":"","seed-localization-custom-marker":""},"yoast_head":"<!-- This site is optimized with the Yoast SEO Premium plugin v20.2.1 (Yoast SEO v25.9) - https:\/\/yoast.com\/wordpress\/plugins\/seo\/ -->\n<title>Chi siamo: Caritas<\/title>\n<meta name=\"robots\" content=\"index, follow, max-snippet:-1, max-image-preview:large, max-video-preview:-1\" \/>\n<link rel=\"canonical\" href=\"https:\/\/www.diocesitn.it\/area-testimonianza\/attivita-servizio-caritas\/chi-siamo\/\" \/>\n<meta property=\"og:locale\" content=\"it_IT\" \/>\n<meta property=\"og:type\" content=\"article\" \/>\n<meta property=\"og:title\" content=\"Chi siamo: Caritas\" \/>\n<meta property=\"og:description\" content=\"La Caritas Diocesana \u00e8 un &#8220;Organismo pastorale&#8221; voluto dalla Diocesi, attraverso l\u2019Arcivescovo che ne \u00e8 il Presidente. Il suo fine \u00e8 quello di promuovere la testimonianza della carit\u00e0 della comunit\u00e0 ecclesiale diocesana e di tutte\" \/>\n<meta property=\"og:url\" content=\"https:\/\/www.diocesitn.it\/area-testimonianza\/attivita-servizio-caritas\/chi-siamo\/\" \/>\n<meta property=\"og:site_name\" content=\"Testimonianza e Impegno sociale\" \/>\n<meta property=\"article:modified_time\" content=\"2025-11-20T08:17:05+00:00\" \/>\n<meta property=\"og:image\" content=\"https:\/\/www.diocesitn.it\/area-testimonianza\/wp-content\/uploads\/sites\/37\/2021\/09\/og-logo-testimonianza-e-impegno-sociale.jpg\" \/>\n\t<meta property=\"og:image:width\" content=\"1200\" \/>\n\t<meta property=\"og:image:height\" content=\"630\" \/>\n\t<meta property=\"og:image:type\" content=\"image\/jpeg\" \/>\n<meta name=\"twitter:card\" content=\"summary_large_image\" \/>\n<meta name=\"twitter:label1\" content=\"Tempo di lettura stimato\" \/>\n\t<meta name=\"twitter:data1\" content=\"2 minuti\" \/>\n<script type=\"application\/ld+json\" class=\"yoast-schema-graph\">{\"@context\":\"https:\/\/schema.org\",\"@graph\":[{\"@type\":\"WebPage\",\"@id\":\"https:\/\/www.diocesitn.it\/area-testimonianza\/attivita-servizio-caritas\/chi-siamo\/\",\"url\":\"https:\/\/www.diocesitn.it\/area-testimonianza\/attivita-servizio-caritas\/chi-siamo\/\",\"name\":\"Chi siamo: Caritas\",\"isPartOf\":{\"@id\":\"https:\/\/www.diocesitn.it\/area-testimonianza\/#website\"},\"datePublished\":\"2016-08-25T07:33:58+00:00\",\"dateModified\":\"2025-11-20T08:17:05+00:00\",\"breadcrumb\":{\"@id\":\"https:\/\/www.diocesitn.it\/area-testimonianza\/attivita-servizio-caritas\/chi-siamo\/#breadcrumb\"},\"inLanguage\":\"it-IT\",\"potentialAction\":[{\"@type\":\"ReadAction\",\"target\":[\"https:\/\/www.diocesitn.it\/area-testimonianza\/attivita-servizio-caritas\/chi-siamo\/\"]}]},{\"@type\":\"BreadcrumbList\",\"@id\":\"https:\/\/www.diocesitn.it\/area-testimonianza\/attivita-servizio-caritas\/chi-siamo\/#breadcrumb\",\"itemListElement\":[{\"@type\":\"ListItem\",\"position\":1,\"name\":\"Home\",\"item\":\"https:\/\/www.diocesitn.it\/area-testimonianza\/\"},{\"@type\":\"ListItem\",\"position\":2,\"name\":\"Caritas\",\"item\":\"https:\/\/www.diocesitn.it\/area-testimonianza\/attivita-servizio-caritas\/\"},{\"@type\":\"ListItem\",\"position\":3,\"name\":\"Chi siamo: Caritas\"}]},{\"@type\":\"WebSite\",\"@id\":\"https:\/\/www.diocesitn.it\/area-testimonianza\/#website\",\"url\":\"https:\/\/www.diocesitn.it\/area-testimonianza\/\",\"name\":\"Testimonianza e Impegno sociale\",\"description\":\"Chiesa di Trento\",\"publisher\":{\"@id\":\"https:\/\/www.diocesitn.it\/area-testimonianza\/#organization\"},\"potentialAction\":[{\"@type\":\"SearchAction\",\"target\":{\"@type\":\"EntryPoint\",\"urlTemplate\":\"https:\/\/www.diocesitn.it\/area-testimonianza\/?s={search_term_string}\"},\"query-input\":{\"@type\":\"PropertyValueSpecification\",\"valueRequired\":true,\"valueName\":\"search_term_string\"}}],\"inLanguage\":\"it-IT\"},{\"@type\":[\"Organization\",\"Place\"],\"@id\":\"https:\/\/www.diocesitn.it\/area-testimonianza\/#organization\",\"name\":\"Area Testimonianza e Impegno Sociale - Chiesa di Trento\",\"url\":\"https:\/\/www.diocesitn.it\/area-testimonianza\/\",\"logo\":{\"@id\":\"https:\/\/www.diocesitn.it\/area-testimonianza\/attivita-servizio-caritas\/chi-siamo\/#local-main-organization-logo\"},\"image\":{\"@id\":\"https:\/\/www.diocesitn.it\/area-testimonianza\/attivita-servizio-caritas\/chi-siamo\/#local-main-organization-logo\"},\"openingHoursSpecification\":[{\"@type\":\"OpeningHoursSpecification\",\"dayOfWeek\":[\"Monday\",\"Tuesday\",\"Wednesday\",\"Thursday\",\"Friday\",\"Saturday\",\"Sunday\"],\"opens\":\"09:00\",\"closes\":\"17:00\"}]},{\"@type\":\"ImageObject\",\"inLanguage\":\"it-IT\",\"@id\":\"https:\/\/www.diocesitn.it\/area-testimonianza\/attivita-servizio-caritas\/chi-siamo\/#local-main-organization-logo\",\"url\":\"https:\/\/www.diocesitn.it\/area-testimonianza\/wp-content\/uploads\/sites\/37\/2021\/09\/og-logo-testimonianza-e-impegno-sociale.jpg\",\"contentUrl\":\"https:\/\/www.diocesitn.it\/area-testimonianza\/wp-content\/uploads\/sites\/37\/2021\/09\/og-logo-testimonianza-e-impegno-sociale.jpg\",\"width\":1200,\"height\":630,\"caption\":\"Area Testimonianza e Impegno Sociale - Chiesa di Trento\"}]}<\/script>\n<!-- \/ Yoast SEO Premium plugin. -->","yoast_head_json":{"title":"Chi siamo: Caritas","robots":{"index":"index","follow":"follow","max-snippet":"max-snippet:-1","max-image-preview":"max-image-preview:large","max-video-preview":"max-video-preview:-1"},"canonical":"https:\/\/www.diocesitn.it\/area-testimonianza\/attivita-servizio-caritas\/chi-siamo\/","og_locale":"it_IT","og_type":"article","og_title":"Chi siamo: Caritas","og_description":"La Caritas Diocesana \u00e8 un &#8220;Organismo pastorale&#8221; voluto dalla Diocesi, attraverso l\u2019Arcivescovo che ne \u00e8 il Presidente. Il suo fine \u00e8 quello di promuovere la testimonianza della carit\u00e0 della comunit\u00e0 ecclesiale diocesana e di tutte","og_url":"https:\/\/www.diocesitn.it\/area-testimonianza\/attivita-servizio-caritas\/chi-siamo\/","og_site_name":"Testimonianza e Impegno sociale","article_modified_time":"2025-11-20T08:17:05+00:00","og_image":[{"width":1200,"height":630,"url":"https:\/\/www.diocesitn.it\/area-testimonianza\/wp-content\/uploads\/sites\/37\/2021\/09\/og-logo-testimonianza-e-impegno-sociale.jpg","type":"image\/jpeg"}],"twitter_card":"summary_large_image","twitter_misc":{"Tempo di lettura stimato":"2 minuti"},"schema":{"@context":"https:\/\/schema.org","@graph":[{"@type":"WebPage","@id":"https:\/\/www.diocesitn.it\/area-testimonianza\/attivita-servizio-caritas\/chi-siamo\/","url":"https:\/\/www.diocesitn.it\/area-testimonianza\/attivita-servizio-caritas\/chi-siamo\/","name":"Chi siamo: Caritas","isPartOf":{"@id":"https:\/\/www.diocesitn.it\/area-testimonianza\/#website"},"datePublished":"2016-08-25T07:33:58+00:00","dateModified":"2025-11-20T08:17:05+00:00","breadcrumb":{"@id":"https:\/\/www.diocesitn.it\/area-testimonianza\/attivita-servizio-caritas\/chi-siamo\/#breadcrumb"},"inLanguage":"it-IT","potentialAction":[{"@type":"ReadAction","target":["https:\/\/www.diocesitn.it\/area-testimonianza\/attivita-servizio-caritas\/chi-siamo\/"]}]},{"@type":"BreadcrumbList","@id":"https:\/\/www.diocesitn.it\/area-testimonianza\/attivita-servizio-caritas\/chi-siamo\/#breadcrumb","itemListElement":[{"@type":"ListItem","position":1,"name":"Home","item":"https:\/\/www.diocesitn.it\/area-testimonianza\/"},{"@type":"ListItem","position":2,"name":"Caritas","item":"https:\/\/www.diocesitn.it\/area-testimonianza\/attivita-servizio-caritas\/"},{"@type":"ListItem","position":3,"name":"Chi siamo: Caritas"}]},{"@type":"WebSite","@id":"https:\/\/www.diocesitn.it\/area-testimonianza\/#website","url":"https:\/\/www.diocesitn.it\/area-testimonianza\/","name":"Testimonianza e Impegno sociale","description":"Chiesa di Trento","publisher":{"@id":"https:\/\/www.diocesitn.it\/area-testimonianza\/#organization"},"potentialAction":[{"@type":"SearchAction","target":{"@type":"EntryPoint","urlTemplate":"https:\/\/www.diocesitn.it\/area-testimonianza\/?s={search_term_string}"},"query-input":{"@type":"PropertyValueSpecification","valueRequired":true,"valueName":"search_term_string"}}],"inLanguage":"it-IT"},{"@type":["Organization","Place"],"@id":"https:\/\/www.diocesitn.it\/area-testimonianza\/#organization","name":"Area Testimonianza e Impegno Sociale - Chiesa di Trento","url":"https:\/\/www.diocesitn.it\/area-testimonianza\/","logo":{"@id":"https:\/\/www.diocesitn.it\/area-testimonianza\/attivita-servizio-caritas\/chi-siamo\/#local-main-organization-logo"},"image":{"@id":"https:\/\/www.diocesitn.it\/area-testimonianza\/attivita-servizio-caritas\/chi-siamo\/#local-main-organization-logo"},"openingHoursSpecification":[{"@type":"OpeningHoursSpecification","dayOfWeek":["Monday","Tuesday","Wednesday","Thursday","Friday","Saturday","Sunday"],"opens":"09:00","closes":"17:00"}]},{"@type":"ImageObject","inLanguage":"it-IT","@id":"https:\/\/www.diocesitn.it\/area-testimonianza\/attivita-servizio-caritas\/chi-siamo\/#local-main-organization-logo","url":"https:\/\/www.diocesitn.it\/area-testimonianza\/wp-content\/uploads\/sites\/37\/2021\/09\/og-logo-testimonianza-e-impegno-sociale.jpg","contentUrl":"https:\/\/www.diocesitn.it\/area-testimonianza\/wp-content\/uploads\/sites\/37\/2021\/09\/og-logo-testimonianza-e-impegno-sociale.jpg","width":1200,"height":630,"caption":"Area Testimonianza e Impegno Sociale - Chiesa di Trento"}]}},"_links":{"self":[{"href":"https:\/\/www.diocesitn.it\/area-testimonianza\/wp-json\/wp\/v2\/pages\/1868","targetHints":{"allow":["GET"]}}],"collection":[{"href":"https:\/\/www.diocesitn.it\/area-testimonianza\/wp-json\/wp\/v2\/pages"}],"about":[{"href":"https:\/\/www.diocesitn.it\/area-testimonianza\/wp-json\/wp\/v2\/types\/page"}],"author":[{"embeddable":true,"href":"https:\/\/www.diocesitn.it\/area-testimonianza\/wp-json\/wp\/v2\/users\/4"}],"replies":[{"embeddable":true,"href":"https:\/\/www.diocesitn.it\/area-testimonianza\/wp-json\/wp\/v2\/comments?post=1868"}],"version-history":[{"count":2,"href":"https:\/\/www.diocesitn.it\/area-testimonianza\/wp-json\/wp\/v2\/pages\/1868\/revisions"}],"predecessor-version":[{"id":17755,"href":"https:\/\/www.diocesitn.it\/area-testimonianza\/wp-json\/wp\/v2\/pages\/1868\/revisions\/17755"}],"up":[{"embeddable":true,"href":"https:\/\/www.diocesitn.it\/area-testimonianza\/wp-json\/wp\/v2\/pages\/1486"}],"wp:attachment":[{"href":"https:\/\/www.diocesitn.it\/area-testimonianza\/wp-json\/wp\/v2\/media?parent=1868"}],"curies":[{"name":"wp","href":"https:\/\/api.w.org\/{rel}","templated":true}]}}