{"id":18015,"date":"2025-07-24T09:04:25","date_gmt":"2025-07-24T07:04:25","guid":{"rendered":"https:\/\/www.diocesitn.it\/area-testimonianza\/?page_id=18015"},"modified":"2025-07-24T09:04:25","modified_gmt":"2025-07-24T07:04:25","slug":"il-consiglio-chiese-cristiane-di-trento","status":"publish","type":"page","link":"https:\/\/www.diocesitn.it\/area-testimonianza\/ecumenismo-e-dialogo-interreligioso-2\/il-consiglio-chiese-cristiane-di-trento\/","title":{"rendered":"Il Consiglio di Chiese Cristiane di Trento"},"content":{"rendered":"<p>Rispondendo alla volont\u00e0 di intensificare ancora di pi\u00f9 le relazioni ecumeniche tra le Chiese cristiane presenti in Trentino, il 10 ottobre 2021 \u00e8 nato il Consiglio di Chiese Cristiane di Trento. Esso desidera porsi nel panorama cristiano del nostro territorio come una voce che possa essere sempre pi\u00f9 una: quasi a declinare il resoconto degli Atti degli Apostoli, laddove ci dicono che \u00abla moltitudine di coloro che erano diventati credenti aveva un cuore solo e un\u2019anima sola\u00bb (At 4,32). Attualmente sono otto le Chiese che fanno parte del Consiglio; l\u2019obiettivo \u00e8 di allargare ancora di pi\u00f9 l\u2019orizzonte verso tutti i fratelli e le sorelle che, in modi e secondo tradizioni diverse, testimoniano la fede comune nel Signore Ges\u00f9.<\/p>\n<hr \/>\n<p style=\"text-align: center\">Qui \u00e8 disponibile lo\u00a0<a style=\"background-color: #ffffff\" href=\"https:\/\/www.diocesitn.it\/area-testimonianza\/wp-content\/uploads\/sites\/37\/2025\/07\/Statuto-Consiglio-di-Chiese-Cristiane-di-Trento.pdf\" target=\"_blank\" rel=\"noopener\">statuto<\/a>.<a href=\"https:\/\/www.diocesitn.it\/area-testimonianza\/wp-content\/uploads\/sites\/37\/2025\/07\/Statuto-Consiglio-di-Chiese-Cristiane-di-Trento.pdf\" target=\"_blank\" rel=\"noopener\"><img loading=\"lazy\" decoding=\"async\" class=\"size-full wp-image-8786 aligncenter\" src=\"https:\/\/www.diocesitn.it\/area-testimonianza\/wp-content\/uploads\/sites\/37\/2021\/01\/logo-Chiese-Cristiane-Trento.jpg\" alt=\"\" width=\"113\" height=\"112\" \/><\/a><\/p>\n<hr \/>\n<h4><strong>Del Consiglio fanno parte le seguenti Chiese<\/strong><\/h4>\n<p>(per i contatti vedere la <a href=\"https:\/\/www.diocesitn.it\/area-testimonianza\/ecumenismo-e-dialogo-interreligioso-2\/contatti-ecumenici\/\">pagina dedicata<\/a>)<\/p>\n<ul>\n<li>Chiesa Cattolica Romana<\/li>\n<li>Chiesa Evangelica Luterana di Bolzano<\/li>\n<li>Chiesa Evangelica Luterana di Merano e Arco<\/li>\n<li>Chiesa Evangelica Valdese<\/li>\n<li>Chiesa Ortodossa Romena<\/li>\n<li>Chiesa Ortodossa Russa<\/li>\n<li>Foursquare Gospel Italia<\/li>\n<li>Pakistan-Hindu Christian Community in Europe<\/li>\n<li>Chiesa Cristiana Avventista del Settimo Giorno (osservatore)<\/li>\n<\/ul>\n<hr \/>\n<p style=\"text-align: center\"><a href=\"https:\/\/www.diocesitn.it\/area-testimonianza\/ecumenismo-e-dialogo-interreligioso-2\/\" target=\"_blank\" rel=\"noopener\">Vai alla pagina generale di <strong><span style=\"font-size: inherit\">Ecumenismo e dialogo interreligioso<\/span><\/strong><\/a><\/p>\n","protected":false},"excerpt":{"rendered":"<p>Rispondendo alla volont\u00e0 di intensificare ancora di pi\u00f9 le relazioni ecumeniche tra le Chiese cristiane presenti in Trentino, il 10 ottobre 2021 \u00e8 nato il Consiglio di Chiese Cristiane di Trento. Esso desidera porsi nel<\/p>\n","protected":false},"author":161,"featured_media":0,"parent":13876,"menu_order":0,"comment_status":"closed","ping_status":"closed","template":"","meta":{"footnotes":""},"class_list":["post-18015","page","type-page","status-publish","hentry"],"acf":{"seed-localization-paese-cod":"IT","seed-localization-address":"","seed-localization-citta":"Trento","seed-localization-regione-cod-istat":"04","seed-localization-citta-cod-istat":"022205","seed-localization-localita":"","seed-localization-cap":"","seed-localization-marker-visibility":false,"seed-localization-children-visibility":false,"seed-localization-kml":"","seed-localization-custom-marker":""},"yoast_head":"<!-- This site is optimized with the Yoast SEO Premium plugin v20.2.1 (Yoast SEO v25.9) - https:\/\/yoast.com\/wordpress\/plugins\/seo\/ -->\n<title>Il Consiglio di Chiese Cristiane di Trento<\/title>\n<meta name=\"description\" content=\"Il Consiglio di Chiese Cristiane di Trento vuole intensificare le relazioni ecumeniche tra le Chiese cristiane presenti in Trentino.\" \/>\n<meta name=\"robots\" content=\"index, follow, max-snippet:-1, max-image-preview:large, max-video-preview:-1\" \/>\n<link rel=\"canonical\" href=\"https:\/\/www.diocesitn.it\/area-testimonianza\/ecumenismo-e-dialogo-interreligioso-2\/il-consiglio-chiese-cristiane-di-trento\/\" \/>\n<meta property=\"og:locale\" content=\"it_IT\" \/>\n<meta property=\"og:type\" content=\"article\" \/>\n<meta property=\"og:title\" content=\"Il Consiglio di Chiese Cristiane di Trento\" \/>\n<meta property=\"og:description\" content=\"Il Consiglio di Chiese Cristiane di Trento vuole intensificare le relazioni ecumeniche tra le Chiese cristiane presenti in Trentino.\" \/>\n<meta property=\"og:url\" content=\"https:\/\/www.diocesitn.it\/area-testimonianza\/ecumenismo-e-dialogo-interreligioso-2\/il-consiglio-chiese-cristiane-di-trento\/\" \/>\n<meta property=\"og:site_name\" content=\"Testimonianza e Impegno sociale\" \/>\n<meta property=\"og:image\" content=\"https:\/\/www.diocesitn.it\/area-testimonianza\/wp-content\/uploads\/sites\/37\/2021\/01\/logo-Chiese-Cristiane-Trento.jpg\" \/>\n<meta name=\"twitter:card\" content=\"summary_large_image\" \/>\n<meta name=\"twitter:label1\" content=\"Tempo di lettura stimato\" \/>\n\t<meta name=\"twitter:data1\" content=\"2 minuti\" \/>\n<script type=\"application\/ld+json\" class=\"yoast-schema-graph\">{\"@context\":\"https:\/\/schema.org\",\"@graph\":[{\"@type\":\"WebPage\",\"@id\":\"https:\/\/www.diocesitn.it\/area-testimonianza\/ecumenismo-e-dialogo-interreligioso-2\/il-consiglio-chiese-cristiane-di-trento\/\",\"url\":\"https:\/\/www.diocesitn.it\/area-testimonianza\/ecumenismo-e-dialogo-interreligioso-2\/il-consiglio-chiese-cristiane-di-trento\/\",\"name\":\"Il Consiglio di Chiese Cristiane di Trento\",\"isPartOf\":{\"@id\":\"https:\/\/www.diocesitn.it\/area-testimonianza\/#website\"},\"primaryImageOfPage\":{\"@id\":\"https:\/\/www.diocesitn.it\/area-testimonianza\/ecumenismo-e-dialogo-interreligioso-2\/il-consiglio-chiese-cristiane-di-trento\/#primaryimage\"},\"image\":{\"@id\":\"https:\/\/www.diocesitn.it\/area-testimonianza\/ecumenismo-e-dialogo-interreligioso-2\/il-consiglio-chiese-cristiane-di-trento\/#primaryimage\"},\"thumbnailUrl\":\"https:\/\/www.diocesitn.it\/area-testimonianza\/wp-content\/uploads\/sites\/37\/2021\/01\/logo-Chiese-Cristiane-Trento.jpg\",\"datePublished\":\"2025-07-24T07:04:25+00:00\",\"description\":\"Il Consiglio di Chiese Cristiane di Trento vuole intensificare le relazioni ecumeniche tra le Chiese cristiane presenti in Trentino.\",\"breadcrumb\":{\"@id\":\"https:\/\/www.diocesitn.it\/area-testimonianza\/ecumenismo-e-dialogo-interreligioso-2\/il-consiglio-chiese-cristiane-di-trento\/#breadcrumb\"},\"inLanguage\":\"it-IT\",\"potentialAction\":[{\"@type\":\"ReadAction\",\"target\":[\"https:\/\/www.diocesitn.it\/area-testimonianza\/ecumenismo-e-dialogo-interreligioso-2\/il-consiglio-chiese-cristiane-di-trento\/\"]}]},{\"@type\":\"ImageObject\",\"inLanguage\":\"it-IT\",\"@id\":\"https:\/\/www.diocesitn.it\/area-testimonianza\/ecumenismo-e-dialogo-interreligioso-2\/il-consiglio-chiese-cristiane-di-trento\/#primaryimage\",\"url\":\"https:\/\/www.diocesitn.it\/area-testimonianza\/wp-content\/uploads\/sites\/37\/2021\/01\/logo-Chiese-Cristiane-Trento.jpg\",\"contentUrl\":\"https:\/\/www.diocesitn.it\/area-testimonianza\/wp-content\/uploads\/sites\/37\/2021\/01\/logo-Chiese-Cristiane-Trento.jpg\",\"width\":113,\"height\":112},{\"@type\":\"BreadcrumbList\",\"@id\":\"https:\/\/www.diocesitn.it\/area-testimonianza\/ecumenismo-e-dialogo-interreligioso-2\/il-consiglio-chiese-cristiane-di-trento\/#breadcrumb\",\"itemListElement\":[{\"@type\":\"ListItem\",\"position\":1,\"name\":\"Home\",\"item\":\"https:\/\/www.diocesitn.it\/area-testimonianza\/\"},{\"@type\":\"ListItem\",\"position\":2,\"name\":\"Ecumenismo e dialogo interreligioso\",\"item\":\"https:\/\/www.diocesitn.it\/area-testimonianza\/ecumenismo-e-dialogo-interreligioso-2\/\"},{\"@type\":\"ListItem\",\"position\":3,\"name\":\"Il Consiglio di Chiese Cristiane di Trento\"}]},{\"@type\":\"WebSite\",\"@id\":\"https:\/\/www.diocesitn.it\/area-testimonianza\/#website\",\"url\":\"https:\/\/www.diocesitn.it\/area-testimonianza\/\",\"name\":\"Testimonianza e Impegno sociale\",\"description\":\"Chiesa di Trento\",\"publisher\":{\"@id\":\"https:\/\/www.diocesitn.it\/area-testimonianza\/#organization\"},\"potentialAction\":[{\"@type\":\"SearchAction\",\"target\":{\"@type\":\"EntryPoint\",\"urlTemplate\":\"https:\/\/www.diocesitn.it\/area-testimonianza\/?s={search_term_string}\"},\"query-input\":{\"@type\":\"PropertyValueSpecification\",\"valueRequired\":true,\"valueName\":\"search_term_string\"}}],\"inLanguage\":\"it-IT\"},{\"@type\":[\"Organization\",\"Place\"],\"@id\":\"https:\/\/www.diocesitn.it\/area-testimonianza\/#organization\",\"name\":\"Area Testimonianza e Impegno Sociale - Chiesa di Trento\",\"url\":\"https:\/\/www.diocesitn.it\/area-testimonianza\/\",\"logo\":{\"@id\":\"https:\/\/www.diocesitn.it\/area-testimonianza\/ecumenismo-e-dialogo-interreligioso-2\/il-consiglio-chiese-cristiane-di-trento\/#local-main-organization-logo\"},\"image\":{\"@id\":\"https:\/\/www.diocesitn.it\/area-testimonianza\/ecumenismo-e-dialogo-interreligioso-2\/il-consiglio-chiese-cristiane-di-trento\/#local-main-organization-logo\"},\"openingHoursSpecification\":[{\"@type\":\"OpeningHoursSpecification\",\"dayOfWeek\":[\"Monday\",\"Tuesday\",\"Wednesday\",\"Thursday\",\"Friday\",\"Saturday\",\"Sunday\"],\"opens\":\"09:00\",\"closes\":\"17:00\"}]},{\"@type\":\"ImageObject\",\"inLanguage\":\"it-IT\",\"@id\":\"https:\/\/www.diocesitn.it\/area-testimonianza\/ecumenismo-e-dialogo-interreligioso-2\/il-consiglio-chiese-cristiane-di-trento\/#local-main-organization-logo\",\"url\":\"https:\/\/www.diocesitn.it\/area-testimonianza\/wp-content\/uploads\/sites\/37\/2021\/09\/og-logo-testimonianza-e-impegno-sociale.jpg\",\"contentUrl\":\"https:\/\/www.diocesitn.it\/area-testimonianza\/wp-content\/uploads\/sites\/37\/2021\/09\/og-logo-testimonianza-e-impegno-sociale.jpg\",\"width\":1200,\"height\":630,\"caption\":\"Area Testimonianza e Impegno Sociale - Chiesa di Trento\"}]}<\/script>\n<!-- \/ Yoast SEO Premium plugin. -->","yoast_head_json":{"title":"Il Consiglio di Chiese Cristiane di Trento","description":"Il Consiglio di Chiese Cristiane di Trento vuole intensificare le relazioni ecumeniche tra le Chiese cristiane presenti in Trentino.","robots":{"index":"index","follow":"follow","max-snippet":"max-snippet:-1","max-image-preview":"max-image-preview:large","max-video-preview":"max-video-preview:-1"},"canonical":"https:\/\/www.diocesitn.it\/area-testimonianza\/ecumenismo-e-dialogo-interreligioso-2\/il-consiglio-chiese-cristiane-di-trento\/","og_locale":"it_IT","og_type":"article","og_title":"Il Consiglio di Chiese Cristiane di Trento","og_description":"Il Consiglio di Chiese Cristiane di Trento vuole intensificare le relazioni ecumeniche tra le Chiese cristiane presenti in Trentino.","og_url":"https:\/\/www.diocesitn.it\/area-testimonianza\/ecumenismo-e-dialogo-interreligioso-2\/il-consiglio-chiese-cristiane-di-trento\/","og_site_name":"Testimonianza e Impegno sociale","og_image":[{"url":"https:\/\/www.diocesitn.it\/area-testimonianza\/wp-content\/uploads\/sites\/37\/2021\/01\/logo-Chiese-Cristiane-Trento.jpg","type":"","width":"","height":""}],"twitter_card":"summary_large_image","twitter_misc":{"Tempo di lettura stimato":"2 minuti"},"schema":{"@context":"https:\/\/schema.org","@graph":[{"@type":"WebPage","@id":"https:\/\/www.diocesitn.it\/area-testimonianza\/ecumenismo-e-dialogo-interreligioso-2\/il-consiglio-chiese-cristiane-di-trento\/","url":"https:\/\/www.diocesitn.it\/area-testimonianza\/ecumenismo-e-dialogo-interreligioso-2\/il-consiglio-chiese-cristiane-di-trento\/","name":"Il Consiglio di Chiese Cristiane di Trento","isPartOf":{"@id":"https:\/\/www.diocesitn.it\/area-testimonianza\/#website"},"primaryImageOfPage":{"@id":"https:\/\/www.diocesitn.it\/area-testimonianza\/ecumenismo-e-dialogo-interreligioso-2\/il-consiglio-chiese-cristiane-di-trento\/#primaryimage"},"image":{"@id":"https:\/\/www.diocesitn.it\/area-testimonianza\/ecumenismo-e-dialogo-interreligioso-2\/il-consiglio-chiese-cristiane-di-trento\/#primaryimage"},"thumbnailUrl":"https:\/\/www.diocesitn.it\/area-testimonianza\/wp-content\/uploads\/sites\/37\/2021\/01\/logo-Chiese-Cristiane-Trento.jpg","datePublished":"2025-07-24T07:04:25+00:00","description":"Il Consiglio di Chiese Cristiane di Trento vuole intensificare le relazioni ecumeniche tra le Chiese cristiane presenti in Trentino.","breadcrumb":{"@id":"https:\/\/www.diocesitn.it\/area-testimonianza\/ecumenismo-e-dialogo-interreligioso-2\/il-consiglio-chiese-cristiane-di-trento\/#breadcrumb"},"inLanguage":"it-IT","potentialAction":[{"@type":"ReadAction","target":["https:\/\/www.diocesitn.it\/area-testimonianza\/ecumenismo-e-dialogo-interreligioso-2\/il-consiglio-chiese-cristiane-di-trento\/"]}]},{"@type":"ImageObject","inLanguage":"it-IT","@id":"https:\/\/www.diocesitn.it\/area-testimonianza\/ecumenismo-e-dialogo-interreligioso-2\/il-consiglio-chiese-cristiane-di-trento\/#primaryimage","url":"https:\/\/www.diocesitn.it\/area-testimonianza\/wp-content\/uploads\/sites\/37\/2021\/01\/logo-Chiese-Cristiane-Trento.jpg","contentUrl":"https:\/\/www.diocesitn.it\/area-testimonianza\/wp-content\/uploads\/sites\/37\/2021\/01\/logo-Chiese-Cristiane-Trento.jpg","width":113,"height":112},{"@type":"BreadcrumbList","@id":"https:\/\/www.diocesitn.it\/area-testimonianza\/ecumenismo-e-dialogo-interreligioso-2\/il-consiglio-chiese-cristiane-di-trento\/#breadcrumb","itemListElement":[{"@type":"ListItem","position":1,"name":"Home","item":"https:\/\/www.diocesitn.it\/area-testimonianza\/"},{"@type":"ListItem","position":2,"name":"Ecumenismo e dialogo interreligioso","item":"https:\/\/www.diocesitn.it\/area-testimonianza\/ecumenismo-e-dialogo-interreligioso-2\/"},{"@type":"ListItem","position":3,"name":"Il Consiglio di Chiese Cristiane di Trento"}]},{"@type":"WebSite","@id":"https:\/\/www.diocesitn.it\/area-testimonianza\/#website","url":"https:\/\/www.diocesitn.it\/area-testimonianza\/","name":"Testimonianza e Impegno sociale","description":"Chiesa di Trento","publisher":{"@id":"https:\/\/www.diocesitn.it\/area-testimonianza\/#organization"},"potentialAction":[{"@type":"SearchAction","target":{"@type":"EntryPoint","urlTemplate":"https:\/\/www.diocesitn.it\/area-testimonianza\/?s={search_term_string}"},"query-input":{"@type":"PropertyValueSpecification","valueRequired":true,"valueName":"search_term_string"}}],"inLanguage":"it-IT"},{"@type":["Organization","Place"],"@id":"https:\/\/www.diocesitn.it\/area-testimonianza\/#organization","name":"Area Testimonianza e Impegno Sociale - Chiesa di Trento","url":"https:\/\/www.diocesitn.it\/area-testimonianza\/","logo":{"@id":"https:\/\/www.diocesitn.it\/area-testimonianza\/ecumenismo-e-dialogo-interreligioso-2\/il-consiglio-chiese-cristiane-di-trento\/#local-main-organization-logo"},"image":{"@id":"https:\/\/www.diocesitn.it\/area-testimonianza\/ecumenismo-e-dialogo-interreligioso-2\/il-consiglio-chiese-cristiane-di-trento\/#local-main-organization-logo"},"openingHoursSpecification":[{"@type":"OpeningHoursSpecification","dayOfWeek":["Monday","Tuesday","Wednesday","Thursday","Friday","Saturday","Sunday"],"opens":"09:00","closes":"17:00"}]},{"@type":"ImageObject","inLanguage":"it-IT","@id":"https:\/\/www.diocesitn.it\/area-testimonianza\/ecumenismo-e-dialogo-interreligioso-2\/il-consiglio-chiese-cristiane-di-trento\/#local-main-organization-logo","url":"https:\/\/www.diocesitn.it\/area-testimonianza\/wp-content\/uploads\/sites\/37\/2021\/09\/og-logo-testimonianza-e-impegno-sociale.jpg","contentUrl":"https:\/\/www.diocesitn.it\/area-testimonianza\/wp-content\/uploads\/sites\/37\/2021\/09\/og-logo-testimonianza-e-impegno-sociale.jpg","width":1200,"height":630,"caption":"Area Testimonianza e Impegno Sociale - Chiesa di Trento"}]}},"_links":{"self":[{"href":"https:\/\/www.diocesitn.it\/area-testimonianza\/wp-json\/wp\/v2\/pages\/18015","targetHints":{"allow":["GET"]}}],"collection":[{"href":"https:\/\/www.diocesitn.it\/area-testimonianza\/wp-json\/wp\/v2\/pages"}],"about":[{"href":"https:\/\/www.diocesitn.it\/area-testimonianza\/wp-json\/wp\/v2\/types\/page"}],"author":[{"embeddable":true,"href":"https:\/\/www.diocesitn.it\/area-testimonianza\/wp-json\/wp\/v2\/users\/161"}],"replies":[{"embeddable":true,"href":"https:\/\/www.diocesitn.it\/area-testimonianza\/wp-json\/wp\/v2\/comments?post=18015"}],"version-history":[{"count":3,"href":"https:\/\/www.diocesitn.it\/area-testimonianza\/wp-json\/wp\/v2\/pages\/18015\/revisions"}],"predecessor-version":[{"id":18082,"href":"https:\/\/www.diocesitn.it\/area-testimonianza\/wp-json\/wp\/v2\/pages\/18015\/revisions\/18082"}],"up":[{"embeddable":true,"href":"https:\/\/www.diocesitn.it\/area-testimonianza\/wp-json\/wp\/v2\/pages\/13876"}],"wp:attachment":[{"href":"https:\/\/www.diocesitn.it\/area-testimonianza\/wp-json\/wp\/v2\/media?parent=18015"}],"curies":[{"name":"wp","href":"https:\/\/api.w.org\/{rel}","templated":true}]}}