{"id":13876,"date":"2023-11-08T11:55:59","date_gmt":"2023-11-08T10:55:59","guid":{"rendered":"https:\/\/www.diocesitn.it\/area-testimonianza\/?page_id=13876"},"modified":"2025-10-15T16:12:09","modified_gmt":"2025-10-15T14:12:09","slug":"ecumenismo-e-dialogo-interreligioso-2","status":"publish","type":"page","link":"https:\/\/www.diocesitn.it\/area-testimonianza\/ecumenismo-e-dialogo-interreligioso-2\/","title":{"rendered":"Ecumenismo e dialogo interreligioso"},"content":{"rendered":"<p>La &#8220;speciale vocazione ecumenica&#8221; della Chiesa di Trento, affidatale da Paolo VI nel 1964 e confermata da Giovanni Paolo II, viene alimentata nella comunit\u00e0 dal Servizio Diocesano per l&#8217;Ecumenismo e il Dialogo interreligioso che intende favorire la formazione di una mentalit\u00e0 conciliare, aperta e dialogante.<br \/>\nOltre a promuovere l&#8217;ecumenismo spirituale nelle varie componenti della realt\u00e0 trentina, il Servizio offre a vari livelli (scuole, istituzioni, parrocchie, centri culturali&#8230;) iniziative di incontro, di formazione e di solidariet\u00e0 concreta con fedeli delle diverse confessioni cristiane o fedi religiose.<\/p>\n<p><strong>Referente<\/strong><\/p>\n<p>don Cristiano Bettega<\/p>\n<p><a style=\"font-size: inherit;background-color: #ffffff\" href=\"https:\/\/www.diocesitn.it\/area-testimonianza\/home-page\/chi-siamo-area-testimonianza-e-impegno-sociale\/#ecumenismo\">I contatti del servizio<\/a>.<\/p>\n<hr \/>\n<h4>Il servizio Ecumenismo e Dialogo interreligioso si occupa dei seguenti aspetti<\/h4>\n<ul>\n<li>Cura le relazioni con le chiese, le comunit\u00e0 ecclesiali e le altre religioni.<\/li>\n<li>Programma la Settimana di preghiera per l&#8217;unit\u00e0 dei cristiani e altre iniziative di preghiera e di formazione.<\/li>\n<li>Istruisce le pratiche per la concessione di licenze e per la sottoscrizione di accordi e intese in materia di rapporti con le altre confessioni.<\/li>\n<li>Fornisce ai parroci consulenza in materia di condivisione di attivit\u00e0 e risorse spirituali.<br \/>\n<hr \/>\n<\/li>\n<\/ul>\n<h4>Principali realt\u00e0 nazionali e internazionali attive in campo ecumenico e interreligioso<\/h4>\n<ul>\n<li><a href=\"https:\/\/www.vatican.va\/roman_curia\/pontifical_councils\/chrstuni\/index_it.htm\" target=\"_blank\" rel=\"noopener\">Dicastero per la Promozione dell&#8217;Unit\u00e0 dei Cristiani<\/a><\/li>\n<li><a href=\"https:\/\/www.vatican.va\/roman_curia\/pontifical_councils\/interelg\/index_it.htm\" target=\"_blank\" rel=\"noopener\">Dicastero per il Dialogo Interreligioso<\/a><\/li>\n<li><a href=\"https:\/\/unedi.chiesacattolica.it\/\" target=\"_blank\" rel=\"noopener\">Ufficio Nazionale per l&#8217;Ecumenismo e il Dialogo Interreligioso della Conferenza Episcopale Italiana<\/a><\/li>\n<li><a href=\"https:\/\/www.oikoumene.org\/\" target=\"_blank\" rel=\"noopener\">Consiglio Ecumenico delle Chiese (Word Council of Churches)<\/a><\/li>\n<li><a href=\"https:\/\/www.prounione.it\/it\/\" target=\"_blank\" rel=\"noopener\">Centro Pro Unione<\/a><\/li>\n<li><a href=\"https:\/\/www.monasterodibose.it\/\" target=\"_blank\" rel=\"noopener\">Comunit\u00e0 Ecumenica di Bose<\/a><\/li>\n<li><a href=\"https:\/\/www.taize.fr\/\" target=\"_blank\" rel=\"noopener\">Comunit\u00e0 Ecumenica di Taiz\u00e9<\/a><\/li>\n<li><a href=\"https:\/\/www.rfpitalia.org\/\" target=\"_blank\" rel=\"noopener\">Religions for peace<\/a><\/li>\n<\/ul>\n<hr \/>\n<h4>Consiglio di Chiese cristiane di Trento<\/h4>\n<p><a href=\"https:\/\/www.diocesitn.it\/area-testimonianza\/ecumenismo-e-dialogo-interreligioso-2\/il-consiglio-chiese-cristiane-di-trento\/\">Maggiori informazioni.<\/a><\/p>\n<hr \/>\n<h4>Tavolo locale delle appartenenze religiose<\/h4>\n<p>Il Tavolo Locale delle Appartenenze Religiose \u00e8 un Tavolo di incontro delle Spiritualit\u00e0, delle Comunit\u00e0, delle Chiese, presenti nella nostra realt\u00e0 territoriale trentina.<\/p>\n<p><a href=\"https:\/\/www.diocesitn.it\/area-testimonianza\/ecumenismo-e-dialogo-interreligioso-2\/tavolo-delle-religioni\/\">Maggiori informazioni.<\/a><\/p>\n<hr \/>\n<h4>Contatti ecumenici e interreligiosi<\/h4>\n<p><a href=\"https:\/\/www.diocesitn.it\/area-testimonianza\/ecumenismo-e-dialogo-interreligioso-2\/contatti-ecumenici\/\">Tutti i contatti<\/a>.<\/p>\n<hr \/>\n<h4>Testimoni significativi<\/h4>\n<p>Dal mandato di Paolo VI (1964) in poi. <a href=\"https:\/\/www.diocesitn.it\/area-testimonianza\/ecumenismo-e-dialogo-interreligioso-2\/memorie-e-testimoni\/\">Leggi tutto.<\/a><\/p>\n<hr \/>\n<p style=\"text-align: center\"><a href=\"https:\/\/www.diocesitn.it\/area-testimonianza\/home-page\/chi-siamo-area-testimonianza-e-impegno-sociale\/\">Vai a <strong>Chi siamo &#8211; Area Testimonianza e impegno sociale<\/strong><\/a><\/p>\n","protected":false},"excerpt":{"rendered":"<p>La &#8220;speciale vocazione ecumenica&#8221; della Chiesa di Trento, affidatale da Paolo VI nel 1964 e confermata da Giovanni Paolo II, viene alimentata nella comunit\u00e0 dal Servizio Diocesano per l&#8217;Ecumenismo e il Dialogo interreligioso che intende<\/p>\n","protected":false},"author":161,"featured_media":0,"parent":0,"menu_order":0,"comment_status":"closed","ping_status":"closed","template":"","meta":{"footnotes":""},"class_list":["post-13876","page","type-page","status-publish","hentry"],"acf":{"seed-localization-paese-cod":"IT","seed-localization-address":"","seed-localization-citta":"Trento","seed-localization-regione-cod-istat":"04","seed-localization-citta-cod-istat":"022205","seed-localization-localita":"","seed-localization-cap":"","seed-localization-marker-visibility":false,"seed-localization-children-visibility":false,"seed-localization-kml":"","seed-localization-custom-marker":""},"yoast_head":"<!-- This site is optimized with the Yoast SEO Premium plugin v20.2.1 (Yoast SEO v25.9) - https:\/\/yoast.com\/wordpress\/plugins\/seo\/ -->\n<title>Ecumenismo e dialogo interreligioso<\/title>\n<meta name=\"description\" content=\"Tutto quel che c&#039;\u00e8 da sapere sul Servizio di Ecumenismo e Dialogo Interreligioso di Trento.\" \/>\n<meta name=\"robots\" content=\"index, follow, max-snippet:-1, max-image-preview:large, max-video-preview:-1\" \/>\n<link rel=\"canonical\" href=\"https:\/\/www.diocesitn.it\/area-testimonianza\/ecumenismo-e-dialogo-interreligioso-2\/\" \/>\n<meta property=\"og:locale\" content=\"it_IT\" \/>\n<meta property=\"og:type\" content=\"article\" \/>\n<meta property=\"og:title\" content=\"Ecumenismo e dialogo interreligioso\" \/>\n<meta property=\"og:description\" content=\"Tutto quel che c&#039;\u00e8 da sapere sul Servizio di Ecumenismo e Dialogo Interreligioso di Trento.\" \/>\n<meta property=\"og:url\" content=\"https:\/\/www.diocesitn.it\/area-testimonianza\/ecumenismo-e-dialogo-interreligioso-2\/\" \/>\n<meta property=\"og:site_name\" content=\"Testimonianza e Impegno sociale\" \/>\n<meta property=\"article:modified_time\" content=\"2025-10-15T14:12:09+00:00\" \/>\n<meta property=\"og:image\" content=\"https:\/\/www.diocesitn.it\/area-testimonianza\/wp-content\/uploads\/sites\/37\/2021\/09\/og-logo-testimonianza-e-impegno-sociale.jpg\" \/>\n\t<meta property=\"og:image:width\" content=\"1200\" \/>\n\t<meta property=\"og:image:height\" content=\"630\" \/>\n\t<meta property=\"og:image:type\" content=\"image\/jpeg\" \/>\n<meta name=\"twitter:card\" content=\"summary_large_image\" \/>\n<meta name=\"twitter:label1\" content=\"Tempo di lettura stimato\" \/>\n\t<meta name=\"twitter:data1\" content=\"2 minuti\" \/>\n<script type=\"application\/ld+json\" class=\"yoast-schema-graph\">{\"@context\":\"https:\/\/schema.org\",\"@graph\":[{\"@type\":\"WebPage\",\"@id\":\"https:\/\/www.diocesitn.it\/area-testimonianza\/ecumenismo-e-dialogo-interreligioso-2\/\",\"url\":\"https:\/\/www.diocesitn.it\/area-testimonianza\/ecumenismo-e-dialogo-interreligioso-2\/\",\"name\":\"Ecumenismo e dialogo interreligioso\",\"isPartOf\":{\"@id\":\"https:\/\/www.diocesitn.it\/area-testimonianza\/#website\"},\"datePublished\":\"2023-11-08T10:55:59+00:00\",\"dateModified\":\"2025-10-15T14:12:09+00:00\",\"description\":\"Tutto quel che c'\u00e8 da sapere sul Servizio di Ecumenismo e Dialogo Interreligioso di Trento.\",\"breadcrumb\":{\"@id\":\"https:\/\/www.diocesitn.it\/area-testimonianza\/ecumenismo-e-dialogo-interreligioso-2\/#breadcrumb\"},\"inLanguage\":\"it-IT\",\"potentialAction\":[{\"@type\":\"ReadAction\",\"target\":[\"https:\/\/www.diocesitn.it\/area-testimonianza\/ecumenismo-e-dialogo-interreligioso-2\/\"]}]},{\"@type\":\"BreadcrumbList\",\"@id\":\"https:\/\/www.diocesitn.it\/area-testimonianza\/ecumenismo-e-dialogo-interreligioso-2\/#breadcrumb\",\"itemListElement\":[{\"@type\":\"ListItem\",\"position\":1,\"name\":\"Home\",\"item\":\"https:\/\/www.diocesitn.it\/area-testimonianza\/\"},{\"@type\":\"ListItem\",\"position\":2,\"name\":\"Ecumenismo e dialogo interreligioso\"}]},{\"@type\":\"WebSite\",\"@id\":\"https:\/\/www.diocesitn.it\/area-testimonianza\/#website\",\"url\":\"https:\/\/www.diocesitn.it\/area-testimonianza\/\",\"name\":\"Testimonianza e Impegno sociale\",\"description\":\"Chiesa di Trento\",\"publisher\":{\"@id\":\"https:\/\/www.diocesitn.it\/area-testimonianza\/#organization\"},\"potentialAction\":[{\"@type\":\"SearchAction\",\"target\":{\"@type\":\"EntryPoint\",\"urlTemplate\":\"https:\/\/www.diocesitn.it\/area-testimonianza\/?s={search_term_string}\"},\"query-input\":{\"@type\":\"PropertyValueSpecification\",\"valueRequired\":true,\"valueName\":\"search_term_string\"}}],\"inLanguage\":\"it-IT\"},{\"@type\":[\"Organization\",\"Place\"],\"@id\":\"https:\/\/www.diocesitn.it\/area-testimonianza\/#organization\",\"name\":\"Area Testimonianza e Impegno Sociale - Chiesa di Trento\",\"url\":\"https:\/\/www.diocesitn.it\/area-testimonianza\/\",\"logo\":{\"@id\":\"https:\/\/www.diocesitn.it\/area-testimonianza\/ecumenismo-e-dialogo-interreligioso-2\/#local-main-organization-logo\"},\"image\":{\"@id\":\"https:\/\/www.diocesitn.it\/area-testimonianza\/ecumenismo-e-dialogo-interreligioso-2\/#local-main-organization-logo\"},\"openingHoursSpecification\":[{\"@type\":\"OpeningHoursSpecification\",\"dayOfWeek\":[\"Monday\",\"Tuesday\",\"Wednesday\",\"Thursday\",\"Friday\",\"Saturday\",\"Sunday\"],\"opens\":\"09:00\",\"closes\":\"17:00\"}]},{\"@type\":\"ImageObject\",\"inLanguage\":\"it-IT\",\"@id\":\"https:\/\/www.diocesitn.it\/area-testimonianza\/ecumenismo-e-dialogo-interreligioso-2\/#local-main-organization-logo\",\"url\":\"https:\/\/www.diocesitn.it\/area-testimonianza\/wp-content\/uploads\/sites\/37\/2021\/09\/og-logo-testimonianza-e-impegno-sociale.jpg\",\"contentUrl\":\"https:\/\/www.diocesitn.it\/area-testimonianza\/wp-content\/uploads\/sites\/37\/2021\/09\/og-logo-testimonianza-e-impegno-sociale.jpg\",\"width\":1200,\"height\":630,\"caption\":\"Area Testimonianza e Impegno Sociale - Chiesa di Trento\"}]}<\/script>\n<!-- \/ Yoast SEO Premium plugin. -->","yoast_head_json":{"title":"Ecumenismo e dialogo interreligioso","description":"Tutto quel che c'\u00e8 da sapere sul Servizio di Ecumenismo e Dialogo Interreligioso di Trento.","robots":{"index":"index","follow":"follow","max-snippet":"max-snippet:-1","max-image-preview":"max-image-preview:large","max-video-preview":"max-video-preview:-1"},"canonical":"https:\/\/www.diocesitn.it\/area-testimonianza\/ecumenismo-e-dialogo-interreligioso-2\/","og_locale":"it_IT","og_type":"article","og_title":"Ecumenismo e dialogo interreligioso","og_description":"Tutto quel che c'\u00e8 da sapere sul Servizio di Ecumenismo e Dialogo Interreligioso di Trento.","og_url":"https:\/\/www.diocesitn.it\/area-testimonianza\/ecumenismo-e-dialogo-interreligioso-2\/","og_site_name":"Testimonianza e Impegno sociale","article_modified_time":"2025-10-15T14:12:09+00:00","og_image":[{"width":1200,"height":630,"url":"https:\/\/www.diocesitn.it\/area-testimonianza\/wp-content\/uploads\/sites\/37\/2021\/09\/og-logo-testimonianza-e-impegno-sociale.jpg","type":"image\/jpeg"}],"twitter_card":"summary_large_image","twitter_misc":{"Tempo di lettura stimato":"2 minuti"},"schema":{"@context":"https:\/\/schema.org","@graph":[{"@type":"WebPage","@id":"https:\/\/www.diocesitn.it\/area-testimonianza\/ecumenismo-e-dialogo-interreligioso-2\/","url":"https:\/\/www.diocesitn.it\/area-testimonianza\/ecumenismo-e-dialogo-interreligioso-2\/","name":"Ecumenismo e dialogo interreligioso","isPartOf":{"@id":"https:\/\/www.diocesitn.it\/area-testimonianza\/#website"},"datePublished":"2023-11-08T10:55:59+00:00","dateModified":"2025-10-15T14:12:09+00:00","description":"Tutto quel che c'\u00e8 da sapere sul Servizio di Ecumenismo e Dialogo Interreligioso di Trento.","breadcrumb":{"@id":"https:\/\/www.diocesitn.it\/area-testimonianza\/ecumenismo-e-dialogo-interreligioso-2\/#breadcrumb"},"inLanguage":"it-IT","potentialAction":[{"@type":"ReadAction","target":["https:\/\/www.diocesitn.it\/area-testimonianza\/ecumenismo-e-dialogo-interreligioso-2\/"]}]},{"@type":"BreadcrumbList","@id":"https:\/\/www.diocesitn.it\/area-testimonianza\/ecumenismo-e-dialogo-interreligioso-2\/#breadcrumb","itemListElement":[{"@type":"ListItem","position":1,"name":"Home","item":"https:\/\/www.diocesitn.it\/area-testimonianza\/"},{"@type":"ListItem","position":2,"name":"Ecumenismo e dialogo interreligioso"}]},{"@type":"WebSite","@id":"https:\/\/www.diocesitn.it\/area-testimonianza\/#website","url":"https:\/\/www.diocesitn.it\/area-testimonianza\/","name":"Testimonianza e Impegno sociale","description":"Chiesa di Trento","publisher":{"@id":"https:\/\/www.diocesitn.it\/area-testimonianza\/#organization"},"potentialAction":[{"@type":"SearchAction","target":{"@type":"EntryPoint","urlTemplate":"https:\/\/www.diocesitn.it\/area-testimonianza\/?s={search_term_string}"},"query-input":{"@type":"PropertyValueSpecification","valueRequired":true,"valueName":"search_term_string"}}],"inLanguage":"it-IT"},{"@type":["Organization","Place"],"@id":"https:\/\/www.diocesitn.it\/area-testimonianza\/#organization","name":"Area Testimonianza e Impegno Sociale - Chiesa di Trento","url":"https:\/\/www.diocesitn.it\/area-testimonianza\/","logo":{"@id":"https:\/\/www.diocesitn.it\/area-testimonianza\/ecumenismo-e-dialogo-interreligioso-2\/#local-main-organization-logo"},"image":{"@id":"https:\/\/www.diocesitn.it\/area-testimonianza\/ecumenismo-e-dialogo-interreligioso-2\/#local-main-organization-logo"},"openingHoursSpecification":[{"@type":"OpeningHoursSpecification","dayOfWeek":["Monday","Tuesday","Wednesday","Thursday","Friday","Saturday","Sunday"],"opens":"09:00","closes":"17:00"}]},{"@type":"ImageObject","inLanguage":"it-IT","@id":"https:\/\/www.diocesitn.it\/area-testimonianza\/ecumenismo-e-dialogo-interreligioso-2\/#local-main-organization-logo","url":"https:\/\/www.diocesitn.it\/area-testimonianza\/wp-content\/uploads\/sites\/37\/2021\/09\/og-logo-testimonianza-e-impegno-sociale.jpg","contentUrl":"https:\/\/www.diocesitn.it\/area-testimonianza\/wp-content\/uploads\/sites\/37\/2021\/09\/og-logo-testimonianza-e-impegno-sociale.jpg","width":1200,"height":630,"caption":"Area Testimonianza e Impegno Sociale - Chiesa di Trento"}]}},"_links":{"self":[{"href":"https:\/\/www.diocesitn.it\/area-testimonianza\/wp-json\/wp\/v2\/pages\/13876","targetHints":{"allow":["GET"]}}],"collection":[{"href":"https:\/\/www.diocesitn.it\/area-testimonianza\/wp-json\/wp\/v2\/pages"}],"about":[{"href":"https:\/\/www.diocesitn.it\/area-testimonianza\/wp-json\/wp\/v2\/types\/page"}],"author":[{"embeddable":true,"href":"https:\/\/www.diocesitn.it\/area-testimonianza\/wp-json\/wp\/v2\/users\/161"}],"replies":[{"embeddable":true,"href":"https:\/\/www.diocesitn.it\/area-testimonianza\/wp-json\/wp\/v2\/comments?post=13876"}],"version-history":[{"count":4,"href":"https:\/\/www.diocesitn.it\/area-testimonianza\/wp-json\/wp\/v2\/pages\/13876\/revisions"}],"predecessor-version":[{"id":18106,"href":"https:\/\/www.diocesitn.it\/area-testimonianza\/wp-json\/wp\/v2\/pages\/13876\/revisions\/18106"}],"wp:attachment":[{"href":"https:\/\/www.diocesitn.it\/area-testimonianza\/wp-json\/wp\/v2\/media?parent=13876"}],"curies":[{"name":"wp","href":"https:\/\/api.w.org\/{rel}","templated":true}]}}