{"id":13378,"date":"2023-09-06T14:56:17","date_gmt":"2023-09-06T12:56:17","guid":{"rendered":"https:\/\/www.diocesitn.it\/area-testimonianza\/?page_id=13378"},"modified":"2025-11-20T09:35:17","modified_gmt":"2025-11-20T08:35:17","slug":"i-lunedi-della-missione-2023-2024","status":"publish","type":"page","link":"https:\/\/www.diocesitn.it\/area-testimonianza\/centro-missionario-diocesano\/appuntamenti-missionari\/i-lunedi-della-missione-2023-2024\/","title":{"rendered":"I luned\u00ec della missione 2023-2024"},"content":{"rendered":"<header class=\"entry-header\"><\/header>\n<div class=\"entry-content\">\n<div id=\":oh\" class=\"ii gt\">\n<div id=\":og\" class=\"a3s aiL \">\n<div dir=\"auto\">Le serate mensili di informazione e testimonianza trasmesse in diretta on line sul canale Youtube <a href=\"https:\/\/www.youtube.com\/@lunedidellamissione\" target=\"_blank\" rel=\"noopener\">@Luned\u00ecdellamissione<\/a> vogliono essere un&#8217;occasione per conoscere pi\u00f9 da vicino e da punti di vista differenti alcune sfide urgenti che sta vivendo il nostro mondo e da questa consapevolezza far conoscere percorsi di rispetto, attenzione e cura.<\/div>\n<\/div>\n<\/div>\n<p><span style=\"color: #000000\"><strong>Gli incontri si svolgeranno ONLINE sul c<\/strong><strong>anale YouTube dalle ore 20.45 e saranno visionabili anche in un secondo momento.<\/strong><strong>\u00a0<\/strong><\/span><\/p>\n<p style=\"text-align: center\"><span style=\"color: #3366ff\"><strong><a class=\"su-button su-button-style-flat su-button-wide\" style=\"color: #3366ff;text-decoration: underline\" href=\"https:\/\/www.youtube.com\/@lunedidellamissione\" target=\"_blank\" rel=\"noopener\">ISCRIVITI AL CANALE YOUTUBE<\/a><\/strong><\/span><\/p>\n<p><span style=\"color: #000000\">Iscrivendosi alla <span style=\"color: #3366ff\"><a style=\"color: #3366ff;text-decoration: underline\" href=\"https:\/\/chat.whatsapp.com\/DUA95yhCFWY2rRYFtellph\" target=\"_blank\" rel=\"noopener\"><strong>comunity WhatsApp<\/strong><\/a> <\/span>potrete restare aggiornati sui luned\u00ec della missione.<\/span><\/p>\n<div><\/div>\n<\/div>\n<p><a href=\"https:\/\/www.diocesitn.it\/area-testimonianza\/wp-content\/uploads\/sites\/37\/2023\/09\/LdM-23-24-Locandina.jpg\" target=\"_blank\" rel=\"noopener\"><img loading=\"lazy\" decoding=\"async\" class=\"alignnone wp-image-13374 aligncenter\" src=\"https:\/\/www.diocesitn.it\/area-testimonianza\/wp-content\/uploads\/sites\/37\/2023\/09\/LdM-23-24-Locandina-212x300.jpg\" alt=\"\" width=\"614\" height=\"869\" srcset=\"https:\/\/www.diocesitn.it\/area-testimonianza\/wp-content\/uploads\/sites\/37\/2023\/09\/LdM-23-24-Locandina-212x300.jpg 212w, https:\/\/www.diocesitn.it\/area-testimonianza\/wp-content\/uploads\/sites\/37\/2023\/09\/LdM-23-24-Locandina-724x1024.jpg 724w, https:\/\/www.diocesitn.it\/area-testimonianza\/wp-content\/uploads\/sites\/37\/2023\/09\/LdM-23-24-Locandina-768x1086.jpg 768w, https:\/\/www.diocesitn.it\/area-testimonianza\/wp-content\/uploads\/sites\/37\/2023\/09\/LdM-23-24-Locandina-198x280.jpg 198w, https:\/\/www.diocesitn.it\/area-testimonianza\/wp-content\/uploads\/sites\/37\/2023\/09\/LdM-23-24-Locandina-543x768.jpg 543w, https:\/\/www.diocesitn.it\/area-testimonianza\/wp-content\/uploads\/sites\/37\/2023\/09\/LdM-23-24-Locandina-1086x1536.jpg 1086w, https:\/\/www.diocesitn.it\/area-testimonianza\/wp-content\/uploads\/sites\/37\/2023\/09\/LdM-23-24-Locandina-800x1132.jpg 800w, https:\/\/www.diocesitn.it\/area-testimonianza\/wp-content\/uploads\/sites\/37\/2023\/09\/LdM-23-24-Locandina-1200x1697.jpg 1200w, https:\/\/www.diocesitn.it\/area-testimonianza\/wp-content\/uploads\/sites\/37\/2023\/09\/LdM-23-24-Locandina.jpg 1240w\" sizes=\"auto, (max-width: 614px) 100vw, 614px\" \/><\/a><\/p>\n<h4><strong>Cosa puoi gi\u00e0 vedere sul\u00a0<a href=\"https:\/\/www.youtube.com\/@lunedidellamissione\" target=\"_blank\" rel=\"noopener\">canale YouTube\u00a0<\/a><em>Luned\u00ec della Missione<\/em><\/strong><\/h4>\n<ul>\n<li><a href=\"https:\/\/www.youtube.com\/watch?v=m42u6Kj5Hjg\" target=\"_blank\" rel=\"noopener\"><span style=\"text-decoration: underline\"><strong>#informazione<\/strong><\/span><\/a><br \/>\n<a href=\"https:\/\/www.diocesitn.it\/area-testimonianza\/wd-appuntamenti\/i-lunedi-della-missione-informazione\/\">On line dal 16 ottobre 2023 ore 20.45<\/a><br \/>\nConoscere da vicino un tipo di informazione che veicoli notizie che normalmente sono scartate dai mass media e che spesso riguardano Paesi che vivono conflitti o situazioni di ingiustizia. Ospiti della serata: Christiane Murray, nel 2019 nominata da Papa Francesco vicedirettore della Sala Stampa della Santa Sede, e p. Giulio Albanese, missionario Comboniano e giornalista.<\/li>\n<li><a href=\"https:\/\/www.youtube.com\/watch?v=4TOcp_mhq5o\" target=\"_blank\" rel=\"noopener\"><span style=\"text-decoration: underline\"><strong>#impoveriti<\/strong><\/span><\/a><br \/>\n<a href=\"https:\/\/www.diocesitn.it\/area-testimonianza\/wd-appuntamenti\/lunedi-della-missione-impoveriti\/\">On line dal 20 novembre 2023 ore 20.45<\/a><br \/>\n\u201cPoverini\u201d, \u201caiutiamoli a casa loro\u201d. Troppo spesso il nostro approccio con il Sud globale tradisce una visione di superiorit\u00e0 e di paternalismo verso gli altri non distante dalle forme di colonialismo dei nostri bisnonni. Cos\u00ec rischiamo di far rivivere il fardello dell\u2019uomo bianco e dimentichiamo di metterci in discussione guardando lo sfruttamento di risorse e manodopera, la rapina perpetrata dalle multinazionali in Paesi ricchi di risorse, di mezzi e di umanit\u00e0 che sono per\u00f2 impoveriti dalle diseguaglianze e anche dal nostro stile di vita.<\/li>\n<li><a href=\"https:\/\/youtu.be\/wDFKOsHAArE\" target=\"_blank\" rel=\"noopener\"><span style=\"text-decoration: underline\"><strong>#diritti umani<\/strong><\/span><\/a><br \/>\n<a href=\"https:\/\/www.diocesitn.it\/area-testimonianza\/wd-appuntamenti\/lunedi-della-missione-dirittiumani\/\">On line dal 18 dicembre 2023 ore 20.45<\/a><br \/>\n\u201cTutti gli esseri umani nascono liberi ed eguali in dignit\u00e0 e diritti. Essi sono dotati di ragione e di coscienza e devono agire gli uni verso gli altri in spirito di fratellanza.\u201d Potremmo imparare a memoria l\u2019art.1 della Dichiarazione Universale dei Diritti Umani \u00e8 una fratellanza che unisce in un impegno solidale credenti e non credenti. Il 10 dicembre 1948 la presentava alle Nazioni Unite Eleanor Roosevelt, moglie del presidente degli Stati Uniti. Eleanor disse una volta: \u201cDa dove iniziano, dopo tutto, i diritti umani universali? In posti piccoli, vicino a casa, cos\u00ec vicini e cos\u00ec piccoli che non possono essere visti su nessuna mappa del mondo. Se questi diritti non hanno significato l\u00ec, hanno poco significato ovunque. Senza un\u2019azione concertata dei cittadini per sostenerli vicino a casa, cercheremo invano progressi in un mondo pi\u00f9 ampio\u201d.<br \/>\nAttraverso alcune esperienze di diritti alla cura, alla terra, al benessere, alla parit\u00e0 di genere\u2026 attraverso piccole azioni, troppo spesso invisibili nelle nostre mappe scopriremo insieme queste diverse declinazioni del coraggio dei diritti umani per farsi insieme missionari con il Vangelo in una mano e nell\u2019altra quella Dichiarazione Universale scritta 75 anni fa.<\/li>\n<li><a href=\"https:\/\/m.youtube.com\/watch?v=Nc7UAovxCOw&amp;ab_channel=Luned%C3%ACdellaMissione&amp;fbclid=PAAaYWhHZyPdYNb3ypL2GCWCDzQKqRi2OcqVoF3h46-Mz2ySx0QY0WIZ3ytiY#bottom-sheet\" target=\"_blank\" rel=\"noopener\"><span style=\"text-decoration: underline\"><strong>#giovani<\/strong><\/span><\/a><br \/>\n<a href=\"https:\/\/www.diocesitn.it\/area-testimonianza\/wd-appuntamenti\/lunedi-della-missione-giovani\/\">On line dal 15 gennaio 2024 ore 20.45<\/a><br \/>\nSdraiati sul divano, incapaci di sognare, in ansia per il clima, incastrati dalle molteplici crisi delle nostre comunit\u00e0. Si fa un gran parlare di giovani senza renderli protagonisti. Il mondo delle missioni \u00e8 in grado di essere uno spazio di confronto per la loro ricerca di senso? C&#8217;\u00e8 il coraggio di dar loro voce? In questa puntata proviamo ad ascoltare alcuni di loro e il loro tentativo di mettersi in viaggio.<\/li>\n<li><a href=\"https:\/\/www.youtube.com\/watch?v=TX-SgnJ2mpU\" target=\"_blank\" rel=\"noopener\"><span style=\"text-decoration: underline\"><strong>#donna e #missione<\/strong><\/span><\/a><br \/>\n<a href=\"https:\/\/www.diocesitn.it\/area-testimonianza\/wd-appuntamenti\/lunedi-della-misisone-donna-e-missione\/\">On line dal 19 febbraio 2024 ore 20.45\u00a0<\/a><br \/>\nIl ruolo della donna nella Chiesa \u00e8 uno dei temi pi\u00f9 complessi dei sinodi diocesani\u2026 La parit\u00e0 di genere \u00e8 uno degli obiettivi pi\u00f9 faticosi dell\u2019Agenda 2030 delle Nazioni Unite\u2026 La meta sembra davvero lontana. Allora potremmo domandarci: ma nelle missioni cristiane in giro per il mondo come vanno le cose? Quali risultati concreti si percepiscono nelle realt\u00e0 locali rispetto alla promozione della donna e del suo ruolo sociale?<\/li>\n<li><a href=\"https:\/\/www.youtube.com\/watch?v=IOvuu6vzbTc\" target=\"_blank\" rel=\"noopener\"><span style=\"text-decoration: underline\"><strong>#scelte di vita<\/strong><\/span><\/a><br \/>\n<a href=\"https:\/\/www.diocesitn.it\/area-testimonianza\/wd-appuntamenti\/lunedi-della-missione-scelte-di-vita\/\">On line dal 18 marzo 2024 ore 20.45<\/a><br \/>\nSul fatto che vogliamo la pace siamo tutti d&#8217;accordo, ma se poi iniziamo a guardare i dettagli sul conflitto in Ucraina, sulle bombe a Gaza o su quelle battaglie dimenticate sparse in Africa, Asia e Latino America cominciano i distinguo, le discussioni sul diritto a difendersi o ad aggredire e perdiamo lucidit\u00e0. La pace va preparata, giorno per giorno, con scelte concrete che arginano la violenza e il suo effetto a catena. Come?<\/li>\n<li><a href=\"https:\/\/www.youtube.com\/watch?v=H2VmxZ1_3L0\" target=\"_blank\" rel=\"noopener\"><strong><span style=\"text-decoration: underline\">#ambiente<\/span><\/strong><\/a><br \/>\n<a href=\"https:\/\/www.diocesitn.it\/area-testimonianza\/wd-appuntamenti\/lunedi-della-missione-ambiente\/\">On line dal 15 aprile 2024 ore 20.45<\/a><br \/>\nLa crisi climatica ci inquieta. Ma da dove nascono i problemi ambientali? Come li vive chi opera oltre Oceano tra i mapuche del Cile? Tra gli indios dell&#8217;Amazzonia? Tra i popoli originari delle montagne boliviane? Come si rendono protagoniste le comunit\u00e0 locali per vivere davvero l&#8217;ecologia integrale? E noi? Come siamo visti? Come possiamo essere di supporto cos\u00ec distanti?<\/li>\n<li><a href=\"https:\/\/www.youtube.com\/watch?v=FWB6NY5_3Gc\" target=\"_blank\" rel=\"noopener\"><strong><span style=\"text-decoration: underline\">#pace<\/span><\/strong><\/a><br \/>\n<a href=\"https:\/\/www.diocesitn.it\/area-testimonianza\/wd-appuntamenti\/lunedi-della-missione-2\/\">On line dal 20 maggio 2024 ore 20.45<\/a><br \/>\nDopo dieci anni torna l&#8217;Arena di Pace a Verona. \u00c8 un&#8217;occasione per capire come fare volare di nuovo una colomba bianca con un ramoscello d&#8217;ulivo sul becco. Non \u00e8 una storia semplice: in dieci anni le guerre si sono moltiplicate, i rifugiati nel mondo sono raddoppiati, si sono aggiunte derive autoritarie in molti Paesi, la spesa per le armi \u00e8 cresciuta ovunque&#8230; Ma se si \u00e8 espansa la retorica del &#8220;tanto non cambia nulla&#8221;, questo <em>Luned\u00ec della missione<\/em> proviamo a fare resistenza condividendo buone prassi, piccole pratiche quotidiane, azioni efficaci che seminino speranza. Ce le raccontiamo ad un paio di giorni dal ritrovo in Arena.<\/li>\n<\/ul>\n<hr \/>\n<p style=\"text-align: center\"><strong><a style=\"color: #1585cf\" href=\"https:\/\/www.diocesitn.it\/area-testimonianza\/centro-missionario-diocesano\/#appuntamenti\">Vai a tutti gli appuntamenti missionari<\/a>.<\/strong><\/p>\n<hr \/>\n<p style=\"text-align: center\">\n","protected":false},"excerpt":{"rendered":"<p>Le serate mensili di informazione e testimonianza trasmesse in diretta on line sul canale Youtube @Luned\u00ecdellamissione vogliono essere un&#8217;occasione per conoscere pi\u00f9 da vicino e da punti di vista differenti alcune sfide urgenti che sta<\/p>\n","protected":false},"author":161,"featured_media":0,"parent":6245,"menu_order":0,"comment_status":"closed","ping_status":"closed","template":"","meta":{"footnotes":""},"class_list":["post-13378","page","type-page","status-publish","hentry"],"acf":{"seed-localization-paese-cod":"IT","seed-localization-address":"","seed-localization-citta":"Trento","seed-localization-regione-cod-istat":"04","seed-localization-citta-cod-istat":"022205","seed-localization-localita":"","seed-localization-cap":"","seed-localization-marker-visibility":false,"seed-localization-children-visibility":false,"seed-localization-kml":"","seed-localization-custom-marker":""},"yoast_head":"<!-- This site is optimized with the Yoast SEO Premium plugin v20.2.1 (Yoast SEO v22.2) - https:\/\/yoast.com\/wordpress\/plugins\/seo\/ -->\n<title>I luned\u00ec della missione 2023-2024<\/title>\n<meta name=\"description\" content=\"I luned\u00ec della missione. Ciclo di incontri on line a cadenza mensile dal tema &quot;Il coraggio di essere umani...&quot;.\" \/>\n<meta name=\"robots\" content=\"index, follow, max-snippet:-1, max-image-preview:large, max-video-preview:-1\" \/>\n<link rel=\"canonical\" href=\"https:\/\/www.diocesitn.it\/area-testimonianza\/centro-missionario-diocesano\/appuntamenti-missionari\/i-lunedi-della-missione-2023-2024\/\" \/>\n<meta property=\"og:locale\" content=\"it_IT\" \/>\n<meta property=\"og:type\" content=\"article\" \/>\n<meta property=\"og:title\" content=\"I luned\u00ec della missione 2023-2024\" \/>\n<meta property=\"og:description\" content=\"I luned\u00ec della missione. Ciclo di incontri on line a cadenza mensile dal tema &quot;Il coraggio di essere umani...&quot;.\" \/>\n<meta property=\"og:url\" content=\"https:\/\/www.diocesitn.it\/area-testimonianza\/centro-missionario-diocesano\/appuntamenti-missionari\/i-lunedi-della-missione-2023-2024\/\" \/>\n<meta property=\"og:site_name\" content=\"Testimonianza e Impegno sociale\" \/>\n<meta property=\"article:modified_time\" content=\"2025-11-20T08:35:17+00:00\" \/>\n<meta property=\"og:image\" content=\"https:\/\/www.diocesitn.it\/area-testimonianza\/wp-content\/uploads\/sites\/37\/2023\/09\/LdM-23-24-Locandina.jpg\" \/>\n\t<meta property=\"og:image:width\" content=\"1240\" \/>\n\t<meta property=\"og:image:height\" content=\"1754\" \/>\n\t<meta property=\"og:image:type\" content=\"image\/jpeg\" \/>\n<meta name=\"twitter:card\" content=\"summary_large_image\" \/>\n<meta name=\"twitter:label1\" content=\"Tempo di lettura stimato\" \/>\n\t<meta name=\"twitter:data1\" content=\"5 minuti\" \/>\n<script type=\"application\/ld+json\" class=\"yoast-schema-graph\">{\"@context\":\"https:\/\/schema.org\",\"@graph\":[{\"@type\":\"WebPage\",\"@id\":\"https:\/\/www.diocesitn.it\/area-testimonianza\/centro-missionario-diocesano\/appuntamenti-missionari\/i-lunedi-della-missione-2023-2024\/\",\"url\":\"https:\/\/www.diocesitn.it\/area-testimonianza\/centro-missionario-diocesano\/appuntamenti-missionari\/i-lunedi-della-missione-2023-2024\/\",\"name\":\"I luned\u00ec della missione 2023-2024\",\"isPartOf\":{\"@id\":\"https:\/\/www.diocesitn.it\/area-testimonianza\/#website\"},\"primaryImageOfPage\":{\"@id\":\"https:\/\/www.diocesitn.it\/area-testimonianza\/centro-missionario-diocesano\/appuntamenti-missionari\/i-lunedi-della-missione-2023-2024\/#primaryimage\"},\"image\":{\"@id\":\"https:\/\/www.diocesitn.it\/area-testimonianza\/centro-missionario-diocesano\/appuntamenti-missionari\/i-lunedi-della-missione-2023-2024\/#primaryimage\"},\"thumbnailUrl\":\"https:\/\/www.diocesitn.it\/area-testimonianza\/wp-content\/uploads\/sites\/37\/2023\/09\/LdM-23-24-Locandina-212x300.jpg\",\"datePublished\":\"2023-09-06T12:56:17+00:00\",\"dateModified\":\"2025-11-20T08:35:17+00:00\",\"description\":\"I luned\u00ec della missione. Ciclo di incontri on line a cadenza mensile dal tema \\\"Il coraggio di essere umani...\\\".\",\"breadcrumb\":{\"@id\":\"https:\/\/www.diocesitn.it\/area-testimonianza\/centro-missionario-diocesano\/appuntamenti-missionari\/i-lunedi-della-missione-2023-2024\/#breadcrumb\"},\"inLanguage\":\"it-IT\",\"potentialAction\":[{\"@type\":\"ReadAction\",\"target\":[\"https:\/\/www.diocesitn.it\/area-testimonianza\/centro-missionario-diocesano\/appuntamenti-missionari\/i-lunedi-della-missione-2023-2024\/\"]}]},{\"@type\":\"ImageObject\",\"inLanguage\":\"it-IT\",\"@id\":\"https:\/\/www.diocesitn.it\/area-testimonianza\/centro-missionario-diocesano\/appuntamenti-missionari\/i-lunedi-della-missione-2023-2024\/#primaryimage\",\"url\":\"https:\/\/www.diocesitn.it\/area-testimonianza\/wp-content\/uploads\/sites\/37\/2023\/09\/LdM-23-24-Locandina.jpg\",\"contentUrl\":\"https:\/\/www.diocesitn.it\/area-testimonianza\/wp-content\/uploads\/sites\/37\/2023\/09\/LdM-23-24-Locandina.jpg\",\"width\":1240,\"height\":1754},{\"@type\":\"BreadcrumbList\",\"@id\":\"https:\/\/www.diocesitn.it\/area-testimonianza\/centro-missionario-diocesano\/appuntamenti-missionari\/i-lunedi-della-missione-2023-2024\/#breadcrumb\",\"itemListElement\":[{\"@type\":\"ListItem\",\"position\":1,\"name\":\"Home\",\"item\":\"https:\/\/www.diocesitn.it\/area-testimonianza\/\"},{\"@type\":\"ListItem\",\"position\":2,\"name\":\"Centro Missionario Diocesano\",\"item\":\"https:\/\/www.diocesitn.it\/area-testimonianza\/centro-missionario-diocesano\/\"},{\"@type\":\"ListItem\",\"position\":3,\"name\":\"Appuntamenti missionari\",\"item\":\"https:\/\/www.diocesitn.it\/area-testimonianza\/centro-missionario-diocesano\/appuntamenti-missionari\/\"},{\"@type\":\"ListItem\",\"position\":4,\"name\":\"I luned\u00ec della missione 2023-2024\"}]},{\"@type\":\"WebSite\",\"@id\":\"https:\/\/www.diocesitn.it\/area-testimonianza\/#website\",\"url\":\"https:\/\/www.diocesitn.it\/area-testimonianza\/\",\"name\":\"Testimonianza e Impegno sociale\",\"description\":\"Chiesa di Trento\",\"publisher\":{\"@id\":\"https:\/\/www.diocesitn.it\/area-testimonianza\/#organization\"},\"potentialAction\":[{\"@type\":\"SearchAction\",\"target\":{\"@type\":\"EntryPoint\",\"urlTemplate\":\"https:\/\/www.diocesitn.it\/area-testimonianza\/?s={search_term_string}\"},\"query-input\":\"required name=search_term_string\"}],\"inLanguage\":\"it-IT\"},{\"@type\":[\"Organization\",\"Place\"],\"@id\":\"https:\/\/www.diocesitn.it\/area-testimonianza\/#organization\",\"name\":\"Area Testimonianza e Impegno Sociale - Chiesa di Trento\",\"url\":\"https:\/\/www.diocesitn.it\/area-testimonianza\/\",\"logo\":{\"@id\":\"https:\/\/www.diocesitn.it\/area-testimonianza\/centro-missionario-diocesano\/appuntamenti-missionari\/i-lunedi-della-missione-2023-2024\/#local-main-organization-logo\"},\"image\":{\"@id\":\"https:\/\/www.diocesitn.it\/area-testimonianza\/centro-missionario-diocesano\/appuntamenti-missionari\/i-lunedi-della-missione-2023-2024\/#local-main-organization-logo\"},\"openingHoursSpecification\":[{\"@type\":\"OpeningHoursSpecification\",\"dayOfWeek\":[\"Monday\",\"Tuesday\",\"Wednesday\",\"Thursday\",\"Friday\",\"Saturday\",\"Sunday\"],\"opens\":\"09:00\",\"closes\":\"17:00\"}]},{\"@type\":\"ImageObject\",\"inLanguage\":\"it-IT\",\"@id\":\"https:\/\/www.diocesitn.it\/area-testimonianza\/centro-missionario-diocesano\/appuntamenti-missionari\/i-lunedi-della-missione-2023-2024\/#local-main-organization-logo\",\"url\":\"https:\/\/www.diocesitn.it\/area-testimonianza\/wp-content\/uploads\/sites\/37\/2021\/09\/og-logo-testimonianza-e-impegno-sociale.jpg\",\"contentUrl\":\"https:\/\/www.diocesitn.it\/area-testimonianza\/wp-content\/uploads\/sites\/37\/2021\/09\/og-logo-testimonianza-e-impegno-sociale.jpg\",\"width\":1200,\"height\":630,\"caption\":\"Area Testimonianza e Impegno Sociale - Chiesa di Trento\"}]}<\/script>\n<!-- \/ Yoast SEO Premium plugin. -->","yoast_head_json":{"title":"I luned\u00ec della missione 2023-2024","description":"I luned\u00ec della missione. Ciclo di incontri on line a cadenza mensile dal tema \"Il coraggio di essere umani...\".","robots":{"index":"index","follow":"follow","max-snippet":"max-snippet:-1","max-image-preview":"max-image-preview:large","max-video-preview":"max-video-preview:-1"},"canonical":"https:\/\/www.diocesitn.it\/area-testimonianza\/centro-missionario-diocesano\/appuntamenti-missionari\/i-lunedi-della-missione-2023-2024\/","og_locale":"it_IT","og_type":"article","og_title":"I luned\u00ec della missione 2023-2024","og_description":"I luned\u00ec della missione. Ciclo di incontri on line a cadenza mensile dal tema \"Il coraggio di essere umani...\".","og_url":"https:\/\/www.diocesitn.it\/area-testimonianza\/centro-missionario-diocesano\/appuntamenti-missionari\/i-lunedi-della-missione-2023-2024\/","og_site_name":"Testimonianza e Impegno sociale","article_modified_time":"2025-11-20T08:35:17+00:00","og_image":[{"width":1240,"height":1754,"url":"https:\/\/www.diocesitn.it\/area-testimonianza\/wp-content\/uploads\/sites\/37\/2023\/09\/LdM-23-24-Locandina.jpg","type":"image\/jpeg"}],"twitter_card":"summary_large_image","twitter_misc":{"Tempo di lettura stimato":"5 minuti"},"schema":{"@context":"https:\/\/schema.org","@graph":[{"@type":"WebPage","@id":"https:\/\/www.diocesitn.it\/area-testimonianza\/centro-missionario-diocesano\/appuntamenti-missionari\/i-lunedi-della-missione-2023-2024\/","url":"https:\/\/www.diocesitn.it\/area-testimonianza\/centro-missionario-diocesano\/appuntamenti-missionari\/i-lunedi-della-missione-2023-2024\/","name":"I luned\u00ec della missione 2023-2024","isPartOf":{"@id":"https:\/\/www.diocesitn.it\/area-testimonianza\/#website"},"primaryImageOfPage":{"@id":"https:\/\/www.diocesitn.it\/area-testimonianza\/centro-missionario-diocesano\/appuntamenti-missionari\/i-lunedi-della-missione-2023-2024\/#primaryimage"},"image":{"@id":"https:\/\/www.diocesitn.it\/area-testimonianza\/centro-missionario-diocesano\/appuntamenti-missionari\/i-lunedi-della-missione-2023-2024\/#primaryimage"},"thumbnailUrl":"https:\/\/www.diocesitn.it\/area-testimonianza\/wp-content\/uploads\/sites\/37\/2023\/09\/LdM-23-24-Locandina-212x300.jpg","datePublished":"2023-09-06T12:56:17+00:00","dateModified":"2025-11-20T08:35:17+00:00","description":"I luned\u00ec della missione. Ciclo di incontri on line a cadenza mensile dal tema \"Il coraggio di essere umani...\".","breadcrumb":{"@id":"https:\/\/www.diocesitn.it\/area-testimonianza\/centro-missionario-diocesano\/appuntamenti-missionari\/i-lunedi-della-missione-2023-2024\/#breadcrumb"},"inLanguage":"it-IT","potentialAction":[{"@type":"ReadAction","target":["https:\/\/www.diocesitn.it\/area-testimonianza\/centro-missionario-diocesano\/appuntamenti-missionari\/i-lunedi-della-missione-2023-2024\/"]}]},{"@type":"ImageObject","inLanguage":"it-IT","@id":"https:\/\/www.diocesitn.it\/area-testimonianza\/centro-missionario-diocesano\/appuntamenti-missionari\/i-lunedi-della-missione-2023-2024\/#primaryimage","url":"https:\/\/www.diocesitn.it\/area-testimonianza\/wp-content\/uploads\/sites\/37\/2023\/09\/LdM-23-24-Locandina.jpg","contentUrl":"https:\/\/www.diocesitn.it\/area-testimonianza\/wp-content\/uploads\/sites\/37\/2023\/09\/LdM-23-24-Locandina.jpg","width":1240,"height":1754},{"@type":"BreadcrumbList","@id":"https:\/\/www.diocesitn.it\/area-testimonianza\/centro-missionario-diocesano\/appuntamenti-missionari\/i-lunedi-della-missione-2023-2024\/#breadcrumb","itemListElement":[{"@type":"ListItem","position":1,"name":"Home","item":"https:\/\/www.diocesitn.it\/area-testimonianza\/"},{"@type":"ListItem","position":2,"name":"Centro Missionario Diocesano","item":"https:\/\/www.diocesitn.it\/area-testimonianza\/centro-missionario-diocesano\/"},{"@type":"ListItem","position":3,"name":"Appuntamenti missionari","item":"https:\/\/www.diocesitn.it\/area-testimonianza\/centro-missionario-diocesano\/appuntamenti-missionari\/"},{"@type":"ListItem","position":4,"name":"I luned\u00ec della missione 2023-2024"}]},{"@type":"WebSite","@id":"https:\/\/www.diocesitn.it\/area-testimonianza\/#website","url":"https:\/\/www.diocesitn.it\/area-testimonianza\/","name":"Testimonianza e Impegno sociale","description":"Chiesa di Trento","publisher":{"@id":"https:\/\/www.diocesitn.it\/area-testimonianza\/#organization"},"potentialAction":[{"@type":"SearchAction","target":{"@type":"EntryPoint","urlTemplate":"https:\/\/www.diocesitn.it\/area-testimonianza\/?s={search_term_string}"},"query-input":"required name=search_term_string"}],"inLanguage":"it-IT"},{"@type":["Organization","Place"],"@id":"https:\/\/www.diocesitn.it\/area-testimonianza\/#organization","name":"Area Testimonianza e Impegno Sociale - Chiesa di Trento","url":"https:\/\/www.diocesitn.it\/area-testimonianza\/","logo":{"@id":"https:\/\/www.diocesitn.it\/area-testimonianza\/centro-missionario-diocesano\/appuntamenti-missionari\/i-lunedi-della-missione-2023-2024\/#local-main-organization-logo"},"image":{"@id":"https:\/\/www.diocesitn.it\/area-testimonianza\/centro-missionario-diocesano\/appuntamenti-missionari\/i-lunedi-della-missione-2023-2024\/#local-main-organization-logo"},"openingHoursSpecification":[{"@type":"OpeningHoursSpecification","dayOfWeek":["Monday","Tuesday","Wednesday","Thursday","Friday","Saturday","Sunday"],"opens":"09:00","closes":"17:00"}]},{"@type":"ImageObject","inLanguage":"it-IT","@id":"https:\/\/www.diocesitn.it\/area-testimonianza\/centro-missionario-diocesano\/appuntamenti-missionari\/i-lunedi-della-missione-2023-2024\/#local-main-organization-logo","url":"https:\/\/www.diocesitn.it\/area-testimonianza\/wp-content\/uploads\/sites\/37\/2021\/09\/og-logo-testimonianza-e-impegno-sociale.jpg","contentUrl":"https:\/\/www.diocesitn.it\/area-testimonianza\/wp-content\/uploads\/sites\/37\/2021\/09\/og-logo-testimonianza-e-impegno-sociale.jpg","width":1200,"height":630,"caption":"Area Testimonianza e Impegno Sociale - Chiesa di Trento"}]}},"_links":{"self":[{"href":"https:\/\/www.diocesitn.it\/area-testimonianza\/wp-json\/wp\/v2\/pages\/13378","targetHints":{"allow":["GET"]}}],"collection":[{"href":"https:\/\/www.diocesitn.it\/area-testimonianza\/wp-json\/wp\/v2\/pages"}],"about":[{"href":"https:\/\/www.diocesitn.it\/area-testimonianza\/wp-json\/wp\/v2\/types\/page"}],"author":[{"embeddable":true,"href":"https:\/\/www.diocesitn.it\/area-testimonianza\/wp-json\/wp\/v2\/users\/161"}],"replies":[{"embeddable":true,"href":"https:\/\/www.diocesitn.it\/area-testimonianza\/wp-json\/wp\/v2\/comments?post=13378"}],"version-history":[{"count":4,"href":"https:\/\/www.diocesitn.it\/area-testimonianza\/wp-json\/wp\/v2\/pages\/13378\/revisions"}],"predecessor-version":[{"id":15223,"href":"https:\/\/www.diocesitn.it\/area-testimonianza\/wp-json\/wp\/v2\/pages\/13378\/revisions\/15223"}],"up":[{"embeddable":true,"href":"https:\/\/www.diocesitn.it\/area-testimonianza\/wp-json\/wp\/v2\/pages\/6245"}],"wp:attachment":[{"href":"https:\/\/www.diocesitn.it\/area-testimonianza\/wp-json\/wp\/v2\/media?parent=13378"}],"curies":[{"name":"wp","href":"https:\/\/api.w.org\/{rel}","templated":true}]}}