{"id":2516,"date":"2019-01-29T16:00:41","date_gmt":"2019-01-29T15:00:41","guid":{"rendered":"https:\/\/www.diocesitn.it\/vigilianum\/?page_id=735"},"modified":"2026-04-22T11:41:57","modified_gmt":"2026-04-22T09:41:57","slug":"chi-siamo-area-cultura","status":"publish","type":"page","link":"https:\/\/www.diocesitn.it\/area-cultura\/chi-siamo-area-cultura\/","title":{"rendered":"Chi siamo &#8211; Area Cultura"},"content":{"rendered":"<p>L&#8217;Area Cultura \u00e8 responsabile:<\/p>\n<ul>\n<li>della tutela e valorizzazione del patrimonio archivistico e librario<\/li>\n<li>della promozione culturale e dell&#8217;attivit\u00e0 didattica<\/li>\n<li>della formazione teologica e pastorale accademica e non accademica<\/li>\n<\/ul>\n<p><em><strong>Delegato vescovile\u00a0<\/strong><\/em><\/p>\n<p>don Stefano Zeni<\/p>\n<p>mail: stefanozeni@diocesitn.it<\/p>\n<p><strong>Indice<\/strong><\/p>\n<ul>\n<li><a style=\"font-size: inherit; background-color: #ffffff;\" href=\"#archivio\">Archivio Diocesano Tridentino<\/a><\/li>\n<li><a href=\"#biblioteca\">Biblioteca Diocesana Vigilianum<\/a><\/li>\n<li><a href=\"#formazione\">Formazione<\/a><\/li>\n<\/ul>\n<p>L&#8217;Area Cultura si trova presso il <strong>Vigilianum<\/strong> &#8211; via Endrici 14 &#8211; Trento<\/p>\n<h3><a id=\"archivio\"><\/a>Archivio Diocesano Tridentino<\/h3>\n<p>L\u2019Archivio Diocesano Tridentino (ADT) raccoglie la documentazione storica prodotta dagli organi diocesani, dai vescovi e dagli uffici di Curia a partire dal XII secolo. Accanto ai fondi propri si trovano <a href=\"https:\/\/www.diocesitn.it\/area-cultura\/fondi\/\">archivi<\/a> depositati a vario titolo (Capitolo della Cattedrale, Azione Cattolica, Acli, Ditta Domenico Viesi ecc.) e <a href=\"https:\/\/www.diocesitn.it\/area-cultura\/archivi-parrocchiali\/\">archivi storici parrocchiali<\/a> che delegano all\u2019ADT i compiti di conservazione e valorizzazione. L\u2019Archivio \u00e8 aperto al pubblico da luned\u00ec a gioved\u00ec; svolge consulenza con il proprio personale specializzato.<\/p>\n<p>Tra le attivit\u00e0 ha una sezione didattica rivolta al mondo della <a href=\"https:\/\/www.diocesitn.it\/area-cultura\/wp-content\/uploads\/sites\/38\/2025\/11\/Libretto-didattica_25-26.pdf\">scuola,<\/a> organizza mostre documentarie, convegni, conferenze, corsi per adulti e tirocini.<\/p>\n<p>Informazioni: tel. 0461\/891.177\u00a0 mail: archivio@diocesitn.it<\/p>\n<p>Katia Pizzini, <em>referente<\/em>,\u00a0 tel. 0461\/891.174\u00a0 mail: katiapizzini@diocesitn.it<br \/>\nClaudio Andreolli<\/p>\n<p><em>Orario<br \/>\n<\/em>da luned\u00ec a gioved\u00ec\u00a0 \u00a0 9.00 &#8211; 12.00\u00a0\u00a0 14.00 &#8211; 17.00<\/p>\n<h3>Biblioteca Diocesana Vigilianum<\/h3>\n<p>La Biblioteca Diocesana Vigilianum \u00e8 specializzata nelle scienze teologiche e religiose e nelle tematiche inerenti al Sud del mondo. Costantemente aggiornata, \u00e8 dotata di un ricco <a href=\"https:\/\/www.diocesitn.it\/area-cultura\/patrimonio-posseduto\/\">patrimonio<\/a> antico e moderno costituito da 200.000 monografie, pi\u00f9 di 100 periodici in abbonamento, 9.000 pezzi di musica a stampa e molto altro.<\/p>\n<p>\u00c8 inserita nel <a href=\"https:\/\/strutture-provincia.primo.exlibrisgroup.com\/discovery\/search?vid=39SBT_INST:39SBT_VU1&amp;lang=it\">Catalogo Bibliografico Trentino<\/a> ed \u00e8 liberamente accessibile a tutti, offrendo servizi di prestito, consultazione, reference, oltre a <a href=\"https:\/\/www.diocesitn.it\/area-cultura\/wp-content\/uploads\/sites\/38\/2025\/11\/Libretto-didattica_25-26.pdf\">proposte didattiche <\/a>culturali.<\/p>\n<p>Informazioni: tel. 0461\/891.184\u00a0 mail: biblioteca@diocesitn.it<\/p>\n<p>Paola Tomasi, <em>referente,\u00a0<\/em> tel. 0461\/891.182\u00a0 mail: paolatomasi@diocesitn.it<br \/>\nLaure Edine<\/p>\n<p><em>Orario<\/em><br \/>\nda luned\u00ec a gioved\u00ec\u00a0\u00a0\u00a0\u00a09.00 &#8211; 17.00 continuato<br \/>\nvenerd\u00ec\u00a0 \u00a0 \u00a0 \u00a0 \u00a0 \u00a0 \u00a0 \u00a0 \u00a0 \u00a0 \u00a0 \u00a0 9.00 &#8211; 13.00<\/p>\n<h3><a id=\"formazione\"><\/a>Formazione<strong><br \/>\n<\/strong><\/h3>\n<p>Il Servizio Formazione organizza, promuove e coordina iniziative e corsi di formazione teologica e pastorale e fornisce supporto metodologico alle attivit\u00e0 formative delle altre Aree.<br \/>\nAl suo interno si collocano <a href=\"https:\/\/www.diocesitn.it\/issr\/\">l&#8217;Istituto Superiore di Scienze Religiose (ISSR) &#8220;Romano Guardini<\/a>&#8221; e la <a href=\"https:\/\/www.diocesitn.it\/area-cultura\/scuola-diocesana-di-formazione-teologica-trento\/\">Scuola Diocesana di Formazione Teologica (SDFT)<\/a>.<\/p>\n<p>Informazioni: tel. 0461\/891.165<\/p>\n<p>Leonardo Paris,\u00a0<em>referente,<\/em>\u00a0 <span style=\"color: #000000;\">t<\/span>el. 0461\/891.165 mail: leonardoparis@diocesitn.it<\/p>\n<p><em>Orario<\/em><br \/>\nda luned\u00ec a mercoled\u00ec\u00a0 \u00a0 \u00a0 \u00a0 \u00a0 9.00 \u2013 12.00\u00a0\u00a0\u00a0\u00a013.30 \u2013 16.00<br \/>\ngioved\u00ec\u00a0 \u00a0 \u00a0 \u00a0 \u00a0 \u00a0 \u00a0 \u00a0 \u00a0 \u00a0 \u00a0 \u00a0 \u00a0 \u00a0 \u00a0 \u00a0 \u00a0 \u00a0 9.00 \u2013 12.00<\/p>\n<p>&nbsp;<\/p>\n<p>&nbsp;<\/p>\n<p>&nbsp;<\/p>\n","protected":false},"excerpt":{"rendered":"<p>L&#8217;Area Cultura \u00e8 responsabile: della tutela e valorizzazione del patrimonio archivistico e librario della promozione culturale e dell&#8217;attivit\u00e0 didattica della formazione teologica e pastorale accademica e non accademica Delegato vescovile\u00a0 don Stefano Zeni mail: stefanozeni@diocesitn.it<\/p>\n","protected":false},"author":9,"featured_media":0,"parent":0,"menu_order":11,"comment_status":"closed","ping_status":"closed","template":"","meta":{"footnotes":""},"class_list":["post-2516","page","type-page","status-publish","hentry"],"acf":{"seed-localization-paese-cod":"","seed-localization-address":"","seed-localization-citta":"","seed-localization-regione-cod-istat":"","seed-localization-citta-cod-istat":"","seed-localization-localita":"","seed-localization-cap":"","seed-localization-marker-visibility":false,"seed-localization-children-visibility":false,"seed-localization-kml":"","seed-localization-custom-marker":""},"yoast_head":"<!-- This site is optimized with the Yoast SEO Premium plugin v20.2.1 (Yoast SEO v22.2) - https:\/\/yoast.com\/wordpress\/plugins\/seo\/ -->\n<title>Chi siamo - Area Cultura - Cultura<\/title>\n<meta name=\"robots\" content=\"index, follow, max-snippet:-1, max-image-preview:large, max-video-preview:-1\" \/>\n<link rel=\"canonical\" href=\"https:\/\/www.diocesitn.it\/area-cultura\/chi-siamo-area-cultura\/\" \/>\n<meta property=\"og:locale\" content=\"it_IT\" \/>\n<meta property=\"og:type\" content=\"article\" \/>\n<meta property=\"og:title\" content=\"Chi siamo - Area Cultura\" \/>\n<meta property=\"og:description\" content=\"L&#8217;Area Cultura \u00e8 responsabile: della tutela e valorizzazione del patrimonio archivistico e librario della promozione culturale e dell&#8217;attivit\u00e0 didattica della formazione teologica e pastorale accademica e non accademica Delegato vescovile\u00a0 don Stefano Zeni mail: stefanozeni@diocesitn.it\" \/>\n<meta property=\"og:url\" content=\"https:\/\/www.diocesitn.it\/area-cultura\/chi-siamo-area-cultura\/\" \/>\n<meta property=\"og:site_name\" content=\"Cultura\" \/>\n<meta property=\"article:modified_time\" content=\"2026-04-22T09:41:57+00:00\" \/>\n<meta property=\"og:image\" content=\"https:\/\/www.diocesitn.it\/area-cultura\/wp-content\/uploads\/sites\/38\/2021\/09\/og-logo-cultura.jpg\" \/>\n\t<meta property=\"og:image:width\" content=\"1200\" \/>\n\t<meta property=\"og:image:height\" content=\"630\" \/>\n\t<meta property=\"og:image:type\" content=\"image\/jpeg\" \/>\n<meta name=\"twitter:card\" content=\"summary_large_image\" \/>\n<meta name=\"twitter:label1\" content=\"Tempo di lettura stimato\" \/>\n\t<meta name=\"twitter:data1\" content=\"2 minuti\" \/>\n<script type=\"application\/ld+json\" class=\"yoast-schema-graph\">{\"@context\":\"https:\/\/schema.org\",\"@graph\":[{\"@type\":\"WebPage\",\"@id\":\"https:\/\/www.diocesitn.it\/area-cultura\/chi-siamo-area-cultura\/\",\"url\":\"https:\/\/www.diocesitn.it\/area-cultura\/chi-siamo-area-cultura\/\",\"name\":\"Chi siamo - Area Cultura - Cultura\",\"isPartOf\":{\"@id\":\"https:\/\/www.diocesitn.it\/area-cultura\/#website\"},\"datePublished\":\"2019-01-29T15:00:41+00:00\",\"dateModified\":\"2026-04-22T09:41:57+00:00\",\"breadcrumb\":{\"@id\":\"https:\/\/www.diocesitn.it\/area-cultura\/chi-siamo-area-cultura\/#breadcrumb\"},\"inLanguage\":\"it-IT\",\"potentialAction\":[{\"@type\":\"ReadAction\",\"target\":[\"https:\/\/www.diocesitn.it\/area-cultura\/chi-siamo-area-cultura\/\"]}]},{\"@type\":\"BreadcrumbList\",\"@id\":\"https:\/\/www.diocesitn.it\/area-cultura\/chi-siamo-area-cultura\/#breadcrumb\",\"itemListElement\":[{\"@type\":\"ListItem\",\"position\":1,\"name\":\"Home\",\"item\":\"https:\/\/www.diocesitn.it\/area-cultura\/\"},{\"@type\":\"ListItem\",\"position\":2,\"name\":\"Chi siamo &#8211; Area Cultura\"}]},{\"@type\":\"WebSite\",\"@id\":\"https:\/\/www.diocesitn.it\/area-cultura\/#website\",\"url\":\"https:\/\/www.diocesitn.it\/area-cultura\/\",\"name\":\"Cultura\",\"description\":\"Chiesa di Trento\",\"publisher\":{\"@id\":\"https:\/\/www.diocesitn.it\/area-cultura\/#organization\"},\"potentialAction\":[{\"@type\":\"SearchAction\",\"target\":{\"@type\":\"EntryPoint\",\"urlTemplate\":\"https:\/\/www.diocesitn.it\/area-cultura\/?s={search_term_string}\"},\"query-input\":\"required name=search_term_string\"}],\"inLanguage\":\"it-IT\"},{\"@type\":[\"Organization\",\"Place\"],\"@id\":\"https:\/\/www.diocesitn.it\/area-cultura\/#organization\",\"name\":\"Area Cultura - Chiesa di Trento\",\"url\":\"https:\/\/www.diocesitn.it\/area-cultura\/\",\"logo\":{\"@id\":\"https:\/\/www.diocesitn.it\/area-cultura\/chi-siamo-area-cultura\/#local-main-organization-logo\"},\"image\":{\"@id\":\"https:\/\/www.diocesitn.it\/area-cultura\/chi-siamo-area-cultura\/#local-main-organization-logo\"},\"sameAs\":[\"https:\/\/www.youtube.com\/channel\/UCfWD2n-N6WTCg2P_UA72H6Q\"],\"openingHoursSpecification\":[{\"@type\":\"OpeningHoursSpecification\",\"dayOfWeek\":[\"Monday\",\"Tuesday\",\"Wednesday\",\"Thursday\",\"Friday\",\"Saturday\",\"Sunday\"],\"opens\":\"09:00\",\"closes\":\"17:00\"}]},{\"@type\":\"ImageObject\",\"inLanguage\":\"it-IT\",\"@id\":\"https:\/\/www.diocesitn.it\/area-cultura\/chi-siamo-area-cultura\/#local-main-organization-logo\",\"url\":\"https:\/\/www.diocesitn.it\/area-cultura\/wp-content\/uploads\/sites\/38\/2021\/09\/og-logo-cultura.jpg\",\"contentUrl\":\"https:\/\/www.diocesitn.it\/area-cultura\/wp-content\/uploads\/sites\/38\/2021\/09\/og-logo-cultura.jpg\",\"width\":1200,\"height\":630,\"caption\":\"Area Cultura - Chiesa di Trento\"}]}<\/script>\n<!-- \/ Yoast SEO Premium plugin. -->","yoast_head_json":{"title":"Chi siamo - Area Cultura - Cultura","robots":{"index":"index","follow":"follow","max-snippet":"max-snippet:-1","max-image-preview":"max-image-preview:large","max-video-preview":"max-video-preview:-1"},"canonical":"https:\/\/www.diocesitn.it\/area-cultura\/chi-siamo-area-cultura\/","og_locale":"it_IT","og_type":"article","og_title":"Chi siamo - Area Cultura","og_description":"L&#8217;Area Cultura \u00e8 responsabile: della tutela e valorizzazione del patrimonio archivistico e librario della promozione culturale e dell&#8217;attivit\u00e0 didattica della formazione teologica e pastorale accademica e non accademica Delegato vescovile\u00a0 don Stefano Zeni mail: stefanozeni@diocesitn.it","og_url":"https:\/\/www.diocesitn.it\/area-cultura\/chi-siamo-area-cultura\/","og_site_name":"Cultura","article_modified_time":"2026-04-22T09:41:57+00:00","og_image":[{"width":1200,"height":630,"url":"https:\/\/www.diocesitn.it\/area-cultura\/wp-content\/uploads\/sites\/38\/2021\/09\/og-logo-cultura.jpg","type":"image\/jpeg"}],"twitter_card":"summary_large_image","twitter_misc":{"Tempo di lettura stimato":"2 minuti"},"schema":{"@context":"https:\/\/schema.org","@graph":[{"@type":"WebPage","@id":"https:\/\/www.diocesitn.it\/area-cultura\/chi-siamo-area-cultura\/","url":"https:\/\/www.diocesitn.it\/area-cultura\/chi-siamo-area-cultura\/","name":"Chi siamo - Area Cultura - Cultura","isPartOf":{"@id":"https:\/\/www.diocesitn.it\/area-cultura\/#website"},"datePublished":"2019-01-29T15:00:41+00:00","dateModified":"2026-04-22T09:41:57+00:00","breadcrumb":{"@id":"https:\/\/www.diocesitn.it\/area-cultura\/chi-siamo-area-cultura\/#breadcrumb"},"inLanguage":"it-IT","potentialAction":[{"@type":"ReadAction","target":["https:\/\/www.diocesitn.it\/area-cultura\/chi-siamo-area-cultura\/"]}]},{"@type":"BreadcrumbList","@id":"https:\/\/www.diocesitn.it\/area-cultura\/chi-siamo-area-cultura\/#breadcrumb","itemListElement":[{"@type":"ListItem","position":1,"name":"Home","item":"https:\/\/www.diocesitn.it\/area-cultura\/"},{"@type":"ListItem","position":2,"name":"Chi siamo &#8211; Area Cultura"}]},{"@type":"WebSite","@id":"https:\/\/www.diocesitn.it\/area-cultura\/#website","url":"https:\/\/www.diocesitn.it\/area-cultura\/","name":"Cultura","description":"Chiesa di Trento","publisher":{"@id":"https:\/\/www.diocesitn.it\/area-cultura\/#organization"},"potentialAction":[{"@type":"SearchAction","target":{"@type":"EntryPoint","urlTemplate":"https:\/\/www.diocesitn.it\/area-cultura\/?s={search_term_string}"},"query-input":"required name=search_term_string"}],"inLanguage":"it-IT"},{"@type":["Organization","Place"],"@id":"https:\/\/www.diocesitn.it\/area-cultura\/#organization","name":"Area Cultura - Chiesa di Trento","url":"https:\/\/www.diocesitn.it\/area-cultura\/","logo":{"@id":"https:\/\/www.diocesitn.it\/area-cultura\/chi-siamo-area-cultura\/#local-main-organization-logo"},"image":{"@id":"https:\/\/www.diocesitn.it\/area-cultura\/chi-siamo-area-cultura\/#local-main-organization-logo"},"sameAs":["https:\/\/www.youtube.com\/channel\/UCfWD2n-N6WTCg2P_UA72H6Q"],"openingHoursSpecification":[{"@type":"OpeningHoursSpecification","dayOfWeek":["Monday","Tuesday","Wednesday","Thursday","Friday","Saturday","Sunday"],"opens":"09:00","closes":"17:00"}]},{"@type":"ImageObject","inLanguage":"it-IT","@id":"https:\/\/www.diocesitn.it\/area-cultura\/chi-siamo-area-cultura\/#local-main-organization-logo","url":"https:\/\/www.diocesitn.it\/area-cultura\/wp-content\/uploads\/sites\/38\/2021\/09\/og-logo-cultura.jpg","contentUrl":"https:\/\/www.diocesitn.it\/area-cultura\/wp-content\/uploads\/sites\/38\/2021\/09\/og-logo-cultura.jpg","width":1200,"height":630,"caption":"Area Cultura - Chiesa di Trento"}]}},"_links":{"self":[{"href":"https:\/\/www.diocesitn.it\/area-cultura\/wp-json\/wp\/v2\/pages\/2516","targetHints":{"allow":["GET"]}}],"collection":[{"href":"https:\/\/www.diocesitn.it\/area-cultura\/wp-json\/wp\/v2\/pages"}],"about":[{"href":"https:\/\/www.diocesitn.it\/area-cultura\/wp-json\/wp\/v2\/types\/page"}],"author":[{"embeddable":true,"href":"https:\/\/www.diocesitn.it\/area-cultura\/wp-json\/wp\/v2\/users\/9"}],"replies":[{"embeddable":true,"href":"https:\/\/www.diocesitn.it\/area-cultura\/wp-json\/wp\/v2\/comments?post=2516"}],"version-history":[{"count":6,"href":"https:\/\/www.diocesitn.it\/area-cultura\/wp-json\/wp\/v2\/pages\/2516\/revisions"}],"predecessor-version":[{"id":17186,"href":"https:\/\/www.diocesitn.it\/area-cultura\/wp-json\/wp\/v2\/pages\/2516\/revisions\/17186"}],"wp:attachment":[{"href":"https:\/\/www.diocesitn.it\/area-cultura\/wp-json\/wp\/v2\/media?parent=2516"}],"curies":[{"name":"wp","href":"https:\/\/api.w.org\/{rel}","templated":true}]}}