{"id":8009,"date":"2019-11-15T10:27:55","date_gmt":"2019-11-15T09:27:55","guid":{"rendered":"https:\/\/www.diocesitn.it\/area-annuncio\/?page_id=8009"},"modified":"2024-11-28T15:41:55","modified_gmt":"2024-11-28T14:41:55","slug":"avvento-natale-2024-2025-pagine-interattive","status":"publish","type":"page","link":"https:\/\/www.diocesitn.it\/area-annuncio\/avvento-natale-2024-2025-pagine-interattive\/","title":{"rendered":"SUSSIDIO AVVENTO-NATALE 2024-2025: pagine interattive"},"content":{"rendered":"<p><span style=\"color: #000000\"><small>In questa pagina \u00e8 possibile scaricare il materiale del sussidio che tradizionalmente ci accompagna nei giorni di Avvento e di Natale.<\/small><\/span><\/p>\n<p><span style=\"color: #000000\"><small>\u00c8 un modo per rendere ancora pi\u00f9\u00a0ricco comodo, simpatico e aggiornato l&#8217;uso di questo strumento per la preghiera in famiglia,\u00a0e d\u00e0 la\u00a0possibilit\u00e0 di fare\u00a0assieme ai\u00a0propri figli e nipoti attivit\u00e0 che accompagnano l&#8217;avvento del Natale\u00a0<\/small><\/span><\/p>\n<p>\u200b<\/p>\n<table style=\"border-collapse: collapse;width: 77.9757%\">\n<tbody>\n<tr>\n<td style=\"width: 21.6599%\"><img loading=\"lazy\" decoding=\"async\" class=\"wp-image-22162 aligncenter\" src=\"https:\/\/www.diocesitn.it\/area-annuncio\/wp-content\/uploads\/sites\/39\/2024\/10\/Immagine-per-sito-300x169.png\" alt=\"\" width=\"233\" height=\"131\" srcset=\"https:\/\/www.diocesitn.it\/area-annuncio\/wp-content\/uploads\/sites\/39\/2024\/10\/Immagine-per-sito-300x169.png 300w, https:\/\/www.diocesitn.it\/area-annuncio\/wp-content\/uploads\/sites\/39\/2024\/10\/Immagine-per-sito-360x203.png 360w, https:\/\/www.diocesitn.it\/area-annuncio\/wp-content\/uploads\/sites\/39\/2024\/10\/Immagine-per-sito.png 727w\" sizes=\"auto, (max-width: 233px) 100vw, 233px\" \/><\/td>\n<td style=\"width: 56.2889%\"><a href=\"https:\/\/www.diocesitn.it\/area-annuncio\/avvento-natale-2024-2025-pagine-dei-giorni\/\" target=\"_blank\" rel=\"noopener\"><span style=\"color: #000000\"><strong>PAG<\/strong><strong style=\"font-size: inherit\">INE DEI GIORNI<\/strong><\/span><\/a><\/td>\n<\/tr>\n<tr>\n<td style=\"width: 21.6599%\">\n<p style=\"font-size: 16px;color: #444444\"><img loading=\"lazy\" decoding=\"async\" class=\"wp-image-19849 aligncenter\" src=\"https:\/\/www.diocesitn.it\/area-annuncio\/wp-content\/uploads\/sites\/39\/2023\/11\/icona-CoronaAvvento-1.jpg\" alt=\"\" width=\"121\" height=\"121\" \/><\/p>\n<p>&nbsp;<\/td>\n<td style=\"width: 56.2889%\"><a href=\"https:\/\/www.diocesitn.it\/area-annuncio\/corona-di-avvento-2023\/\" target=\"_blank\" rel=\"noopener\"><span style=\"color: #993366\"><strong>PREPARIAMO LA CORONA DI AVVENTO<\/strong><\/span><\/a><\/td>\n<\/tr>\n<tr>\n<td style=\"width: 21.6599%\"><img loading=\"lazy\" decoding=\"async\" class=\"wp-image-19859 aligncenter\" src=\"https:\/\/www.diocesitn.it\/area-annuncio\/wp-content\/uploads\/sites\/39\/2023\/11\/Icona-PREPARIAMO-IL-NATALE-300x300.jpg\" alt=\"\" width=\"144\" height=\"144\" srcset=\"https:\/\/www.diocesitn.it\/area-annuncio\/wp-content\/uploads\/sites\/39\/2023\/11\/Icona-PREPARIAMO-IL-NATALE-300x300.jpg 300w, https:\/\/www.diocesitn.it\/area-annuncio\/wp-content\/uploads\/sites\/39\/2023\/11\/Icona-PREPARIAMO-IL-NATALE-1024x1024.jpg 1024w, https:\/\/www.diocesitn.it\/area-annuncio\/wp-content\/uploads\/sites\/39\/2023\/11\/Icona-PREPARIAMO-IL-NATALE-150x150.jpg 150w, https:\/\/www.diocesitn.it\/area-annuncio\/wp-content\/uploads\/sites\/39\/2023\/11\/Icona-PREPARIAMO-IL-NATALE-768x768.jpg 768w, https:\/\/www.diocesitn.it\/area-annuncio\/wp-content\/uploads\/sites\/39\/2023\/11\/Icona-PREPARIAMO-IL-NATALE-200x200.jpg 200w, https:\/\/www.diocesitn.it\/area-annuncio\/wp-content\/uploads\/sites\/39\/2023\/11\/Icona-PREPARIAMO-IL-NATALE-280x280.jpg 280w, https:\/\/www.diocesitn.it\/area-annuncio\/wp-content\/uploads\/sites\/39\/2023\/11\/Icona-PREPARIAMO-IL-NATALE-800x800.jpg 800w, https:\/\/www.diocesitn.it\/area-annuncio\/wp-content\/uploads\/sites\/39\/2023\/11\/Icona-PREPARIAMO-IL-NATALE-1200x1200.jpg 1200w, https:\/\/www.diocesitn.it\/area-annuncio\/wp-content\/uploads\/sites\/39\/2023\/11\/Icona-PREPARIAMO-IL-NATALE-1320x1320.jpg 1320w, https:\/\/www.diocesitn.it\/area-annuncio\/wp-content\/uploads\/sites\/39\/2023\/11\/Icona-PREPARIAMO-IL-NATALE.jpg 1535w\" sizes=\"auto, (max-width: 144px) 100vw, 144px\" \/><\/td>\n<td style=\"width: 56.2889%\"><a href=\"https:\/\/www.diocesitn.it\/area-annuncio\/prepariamo-natale-2024\/\" target=\"_blank\" rel=\"noopener\"><strong style=\"color: #0000ff;background-color: #f1f1f1\">PREPARIAMO IL NATALE<\/strong><\/a><\/td>\n<\/tr>\n<tr>\n<td style=\"width: 21.6599%\"><img loading=\"lazy\" decoding=\"async\" class=\"alignnone size-full wp-image-19876 aligncenter\" src=\"https:\/\/www.diocesitn.it\/area-annuncio\/wp-content\/uploads\/sites\/39\/2023\/11\/Icona-film.jpg\" alt=\"\" width=\"85\" height=\"85\" \/><\/td>\n<td style=\"width: 56.2889%\"><a href=\"https:\/\/www.diocesitn.it\/area-annuncio\/avvento-natale-2024-2025-cineforum-in-famiglia\/\" target=\"_blank\" rel=\"noopener\"><span style=\"color: #ff00ff\"><b>SCHEDE FILM<\/b><\/span><\/a><\/td>\n<\/tr>\n<tr>\n<td style=\"width: 21.6599%\"><img loading=\"lazy\" decoding=\"async\" class=\"wp-image-16828 aligncenter\" src=\"https:\/\/www.diocesitn.it\/area-annuncio\/wp-content\/uploads\/sites\/39\/2022\/11\/ICONA_Musica-300x255.jpg\" alt=\"\" width=\"144\" height=\"122\" srcset=\"https:\/\/www.diocesitn.it\/area-annuncio\/wp-content\/uploads\/sites\/39\/2022\/11\/ICONA_Musica-300x255.jpg 300w, https:\/\/www.diocesitn.it\/area-annuncio\/wp-content\/uploads\/sites\/39\/2022\/11\/ICONA_Musica-1024x871.jpg 1024w, https:\/\/www.diocesitn.it\/area-annuncio\/wp-content\/uploads\/sites\/39\/2022\/11\/ICONA_Musica-768x653.jpg 768w, https:\/\/www.diocesitn.it\/area-annuncio\/wp-content\/uploads\/sites\/39\/2022\/11\/ICONA_Musica-329x280.jpg 329w, https:\/\/www.diocesitn.it\/area-annuncio\/wp-content\/uploads\/sites\/39\/2022\/11\/ICONA_Musica-903x768.jpg 903w, https:\/\/www.diocesitn.it\/area-annuncio\/wp-content\/uploads\/sites\/39\/2022\/11\/ICONA_Musica-1536x1306.jpg 1536w, https:\/\/www.diocesitn.it\/area-annuncio\/wp-content\/uploads\/sites\/39\/2022\/11\/ICONA_Musica-800x680.jpg 800w, https:\/\/www.diocesitn.it\/area-annuncio\/wp-content\/uploads\/sites\/39\/2022\/11\/ICONA_Musica-1200x1020.jpg 1200w, https:\/\/www.diocesitn.it\/area-annuncio\/wp-content\/uploads\/sites\/39\/2022\/11\/ICONA_Musica-1320x1122.jpg 1320w, https:\/\/www.diocesitn.it\/area-annuncio\/wp-content\/uploads\/sites\/39\/2022\/11\/ICONA_Musica.jpg 1808w\" sizes=\"auto, (max-width: 144px) 100vw, 144px\" \/><\/td>\n<td style=\"width: 56.2889%\"><a href=\"https:\/\/www.diocesitn.it\/area-annuncio\/avvento-natale-2024-2025-la-canzone\/\" target=\"_blank\" rel=\"noopener\"><strong><span style=\"color: #00ccff\">CANZONI<\/span><\/strong><\/a><\/td>\n<\/tr>\n<tr>\n<td style=\"width: 21.6599%\"><strong style=\"color: #339966\"><img loading=\"lazy\" decoding=\"async\" class=\"wp-image-22162 aligncenter\" src=\"https:\/\/www.diocesitn.it\/area-annuncio\/wp-content\/uploads\/sites\/39\/2024\/10\/Immagine-per-sito-300x169.png\" alt=\"\" width=\"236\" height=\"133\" srcset=\"https:\/\/www.diocesitn.it\/area-annuncio\/wp-content\/uploads\/sites\/39\/2024\/10\/Immagine-per-sito-300x169.png 300w, https:\/\/www.diocesitn.it\/area-annuncio\/wp-content\/uploads\/sites\/39\/2024\/10\/Immagine-per-sito-360x203.png 360w, https:\/\/www.diocesitn.it\/area-annuncio\/wp-content\/uploads\/sites\/39\/2024\/10\/Immagine-per-sito.png 727w\" sizes=\"auto, (max-width: 236px) 100vw, 236px\" \/><\/strong><\/td>\n<td style=\"width: 56.2889%\"><a href=\"https:\/\/www.diocesitn.it\/area-annuncio\/avvento-natale-2024-2025-immagini-domeniche\/\" target=\"_blank\" rel=\"noopener\"><span style=\"color: #339966\"><strong>IMMAGINI PER LE DOMENICHE<\/strong><\/span><\/a><\/td>\n<\/tr>\n<\/tbody>\n<\/table>\n<p><span style=\"color: #0000ff\"><strong>\u00a0 \u00a0 \u00a0 \u00a0 \u00a0 \u00a0 \u00a0<\/strong><\/span><\/p>\n<p><span style=\"color: #0000ff\"><strong>\u00a0 \u00a0 \u00a0 \u00a0 <\/strong><\/span><span style=\"color: #0000ff\"><strong>\u00a0<\/strong><\/span><\/p>\n<p><strong style=\"color: #0000ff;font-size: inherit\">\u00a0\u00a0<\/strong><\/p>\n<p>&nbsp;<\/p>\n<p>&nbsp;<\/p>\n<p>&nbsp;<\/p>\n<p><strong><span style=\"color: #ff0000\">\u00a0<\/span><\/strong><\/p>\n<div><\/div>\n<div><\/div>\n<div><\/div>\n<div>\u00a0 \u00a0 \u00a0 \u00a0<a href=\"https:\/\/www.diocesitn.it\/area-annuncio\/sussidio-avvento-natale-2017-2018-pagine-interattive\/avvento-natale-2019-2020-la-canzone\/\" target=\"_blank\" rel=\"noopener noreferrer\">\u00a0<\/a><\/div>\n<div><\/div>\n<div><\/div>\n<div>\u00a0 \u00a0 \u00a0 \u00a0 \u00a0 \u00a0\u00a0<span style=\"color: #fae502\">\u00a0 \u00a0 \u00a0 \u00a0 \u00a0 \u00a0\u00a0<\/span><\/div>\n<div><\/div>\n<div><\/div>\n<div><\/div>\n<div><span style=\"color: #ff0000\"><b>\u00a0 \u00a0 \u00a0<\/b><\/span><\/div>\n","protected":false},"excerpt":{"rendered":"<p>In questa pagina \u00e8 possibile scaricare il materiale del sussidio che tradizionalmente ci accompagna nei giorni di Avvento e di Natale. \u00c8 un modo per rendere ancora pi\u00f9\u00a0ricco comodo, simpatico e aggiornato l&#8217;uso di questo<\/p>\n","protected":false},"author":14,"featured_media":0,"parent":0,"menu_order":15,"comment_status":"closed","ping_status":"closed","template":"","meta":{"footnotes":""},"class_list":["post-8009","page","type-page","status-publish","hentry"],"acf":{"seed-localization-paese-cod":"","seed-localization-address":"","seed-localization-citta":"","seed-localization-regione-cod-istat":"","seed-localization-citta-cod-istat":"","seed-localization-localita":"","seed-localization-cap":"","seed-localization-marker-visibility":false,"seed-localization-children-visibility":false,"seed-localization-kml":"","seed-localization-custom-marker":""},"yoast_head":"<!-- This site is optimized with the Yoast SEO Premium plugin v20.2.1 (Yoast SEO v22.2) - https:\/\/yoast.com\/wordpress\/plugins\/seo\/ -->\n<title>SUSSIDIO AVVENTO-NATALE 2024-2025: pagine interattive - Annuncio e Sacramenti<\/title>\n<meta name=\"robots\" content=\"index, follow, max-snippet:-1, max-image-preview:large, max-video-preview:-1\" \/>\n<link rel=\"canonical\" href=\"https:\/\/www.diocesitn.it\/area-annuncio\/avvento-natale-2024-2025-pagine-interattive\/\" \/>\n<meta property=\"og:locale\" content=\"it_IT\" \/>\n<meta property=\"og:type\" content=\"article\" \/>\n<meta property=\"og:title\" content=\"SUSSIDIO AVVENTO-NATALE 2024-2025: pagine interattive\" \/>\n<meta property=\"og:description\" content=\"In questa pagina \u00e8 possibile scaricare il materiale del sussidio che tradizionalmente ci accompagna nei giorni di Avvento e di Natale. \u00c8 un modo per rendere ancora pi\u00f9\u00a0ricco comodo, simpatico e aggiornato l&#8217;uso di questo\" \/>\n<meta property=\"og:url\" content=\"https:\/\/www.diocesitn.it\/area-annuncio\/avvento-natale-2024-2025-pagine-interattive\/\" \/>\n<meta property=\"og:site_name\" content=\"Annuncio e Sacramenti\" \/>\n<meta property=\"article:publisher\" content=\"https:\/\/www.facebook.com\/pastoralegiovanile.trento\/\" \/>\n<meta property=\"article:modified_time\" content=\"2024-11-28T14:41:55+00:00\" \/>\n<meta property=\"og:image\" content=\"https:\/\/www.diocesitn.it\/area-annuncio\/wp-content\/uploads\/sites\/39\/2024\/10\/Immagine-per-sito-300x169.png\" \/>\n<meta name=\"twitter:card\" content=\"summary_large_image\" \/>\n<meta name=\"twitter:label1\" content=\"Tempo di lettura stimato\" \/>\n\t<meta name=\"twitter:data1\" content=\"2 minuti\" \/>\n<script type=\"application\/ld+json\" class=\"yoast-schema-graph\">{\"@context\":\"https:\/\/schema.org\",\"@graph\":[{\"@type\":\"WebPage\",\"@id\":\"https:\/\/www.diocesitn.it\/area-annuncio\/avvento-natale-2024-2025-pagine-interattive\/\",\"url\":\"https:\/\/www.diocesitn.it\/area-annuncio\/avvento-natale-2024-2025-pagine-interattive\/\",\"name\":\"SUSSIDIO AVVENTO-NATALE 2024-2025: pagine interattive - Annuncio e Sacramenti\",\"isPartOf\":{\"@id\":\"https:\/\/www.diocesitn.it\/area-annuncio\/#website\"},\"primaryImageOfPage\":{\"@id\":\"https:\/\/www.diocesitn.it\/area-annuncio\/avvento-natale-2024-2025-pagine-interattive\/#primaryimage\"},\"image\":{\"@id\":\"https:\/\/www.diocesitn.it\/area-annuncio\/avvento-natale-2024-2025-pagine-interattive\/#primaryimage\"},\"thumbnailUrl\":\"https:\/\/www.diocesitn.it\/area-annuncio\/wp-content\/uploads\/sites\/39\/2024\/10\/Immagine-per-sito-300x169.png\",\"datePublished\":\"2019-11-15T09:27:55+00:00\",\"dateModified\":\"2024-11-28T14:41:55+00:00\",\"breadcrumb\":{\"@id\":\"https:\/\/www.diocesitn.it\/area-annuncio\/avvento-natale-2024-2025-pagine-interattive\/#breadcrumb\"},\"inLanguage\":\"it-IT\",\"potentialAction\":[{\"@type\":\"ReadAction\",\"target\":[\"https:\/\/www.diocesitn.it\/area-annuncio\/avvento-natale-2024-2025-pagine-interattive\/\"]}]},{\"@type\":\"ImageObject\",\"inLanguage\":\"it-IT\",\"@id\":\"https:\/\/www.diocesitn.it\/area-annuncio\/avvento-natale-2024-2025-pagine-interattive\/#primaryimage\",\"url\":\"https:\/\/www.diocesitn.it\/area-annuncio\/wp-content\/uploads\/sites\/39\/2024\/10\/Immagine-per-sito.png\",\"contentUrl\":\"https:\/\/www.diocesitn.it\/area-annuncio\/wp-content\/uploads\/sites\/39\/2024\/10\/Immagine-per-sito.png\",\"width\":727,\"height\":409},{\"@type\":\"BreadcrumbList\",\"@id\":\"https:\/\/www.diocesitn.it\/area-annuncio\/avvento-natale-2024-2025-pagine-interattive\/#breadcrumb\",\"itemListElement\":[{\"@type\":\"ListItem\",\"position\":1,\"name\":\"Home\",\"item\":\"https:\/\/www.diocesitn.it\/area-annuncio\/\"},{\"@type\":\"ListItem\",\"position\":2,\"name\":\"SUSSIDIO AVVENTO-NATALE 2024-2025: pagine interattive\"}]},{\"@type\":\"WebSite\",\"@id\":\"https:\/\/www.diocesitn.it\/area-annuncio\/#website\",\"url\":\"https:\/\/www.diocesitn.it\/area-annuncio\/\",\"name\":\"Annuncio e Sacramenti\",\"description\":\"Chiesa di Trento\",\"publisher\":{\"@id\":\"https:\/\/www.diocesitn.it\/area-annuncio\/#organization\"},\"potentialAction\":[{\"@type\":\"SearchAction\",\"target\":{\"@type\":\"EntryPoint\",\"urlTemplate\":\"https:\/\/www.diocesitn.it\/area-annuncio\/?s={search_term_string}\"},\"query-input\":\"required name=search_term_string\"}],\"inLanguage\":\"it-IT\"},{\"@type\":[\"Organization\",\"Place\"],\"@id\":\"https:\/\/www.diocesitn.it\/area-annuncio\/#organization\",\"name\":\"Area Annuncio e Sacramenti - Chiesa di Trento\",\"url\":\"https:\/\/www.diocesitn.it\/area-annuncio\/\",\"logo\":{\"@id\":\"https:\/\/www.diocesitn.it\/area-annuncio\/avvento-natale-2024-2025-pagine-interattive\/#local-main-organization-logo\"},\"image\":{\"@id\":\"https:\/\/www.diocesitn.it\/area-annuncio\/avvento-natale-2024-2025-pagine-interattive\/#local-main-organization-logo\"},\"sameAs\":[\"https:\/\/www.facebook.com\/pastoralegiovanile.trento\/\",\"https:\/\/www.instagram.com\/pastoralegiovaniletrento\/\",\"https:\/\/www.youtube.com\/channel\/UCGt7hyJaIQIkrQPos4K6L6w\"],\"openingHoursSpecification\":[{\"@type\":\"OpeningHoursSpecification\",\"dayOfWeek\":[\"Monday\",\"Tuesday\",\"Wednesday\",\"Thursday\",\"Friday\",\"Saturday\",\"Sunday\"],\"opens\":\"09:00\",\"closes\":\"17:00\"}]},{\"@type\":\"ImageObject\",\"inLanguage\":\"it-IT\",\"@id\":\"https:\/\/www.diocesitn.it\/area-annuncio\/avvento-natale-2024-2025-pagine-interattive\/#local-main-organization-logo\",\"url\":\"https:\/\/www.diocesitn.it\/area-annuncio\/wp-content\/uploads\/sites\/39\/2021\/09\/og-logo-annuncio-e-sacramenti.jpg\",\"contentUrl\":\"https:\/\/www.diocesitn.it\/area-annuncio\/wp-content\/uploads\/sites\/39\/2021\/09\/og-logo-annuncio-e-sacramenti.jpg\",\"width\":1200,\"height\":630,\"caption\":\"Area Annuncio e Sacramenti - Chiesa di Trento\"}]}<\/script>\n<!-- \/ Yoast SEO Premium plugin. -->","yoast_head_json":{"title":"SUSSIDIO AVVENTO-NATALE 2024-2025: pagine interattive - Annuncio e Sacramenti","robots":{"index":"index","follow":"follow","max-snippet":"max-snippet:-1","max-image-preview":"max-image-preview:large","max-video-preview":"max-video-preview:-1"},"canonical":"https:\/\/www.diocesitn.it\/area-annuncio\/avvento-natale-2024-2025-pagine-interattive\/","og_locale":"it_IT","og_type":"article","og_title":"SUSSIDIO AVVENTO-NATALE 2024-2025: pagine interattive","og_description":"In questa pagina \u00e8 possibile scaricare il materiale del sussidio che tradizionalmente ci accompagna nei giorni di Avvento e di Natale. \u00c8 un modo per rendere ancora pi\u00f9\u00a0ricco comodo, simpatico e aggiornato l&#8217;uso di questo","og_url":"https:\/\/www.diocesitn.it\/area-annuncio\/avvento-natale-2024-2025-pagine-interattive\/","og_site_name":"Annuncio e Sacramenti","article_publisher":"https:\/\/www.facebook.com\/pastoralegiovanile.trento\/","article_modified_time":"2024-11-28T14:41:55+00:00","og_image":[{"url":"https:\/\/www.diocesitn.it\/area-annuncio\/wp-content\/uploads\/sites\/39\/2024\/10\/Immagine-per-sito-300x169.png"}],"twitter_card":"summary_large_image","twitter_misc":{"Tempo di lettura stimato":"2 minuti"},"schema":{"@context":"https:\/\/schema.org","@graph":[{"@type":"WebPage","@id":"https:\/\/www.diocesitn.it\/area-annuncio\/avvento-natale-2024-2025-pagine-interattive\/","url":"https:\/\/www.diocesitn.it\/area-annuncio\/avvento-natale-2024-2025-pagine-interattive\/","name":"SUSSIDIO AVVENTO-NATALE 2024-2025: pagine interattive - Annuncio e Sacramenti","isPartOf":{"@id":"https:\/\/www.diocesitn.it\/area-annuncio\/#website"},"primaryImageOfPage":{"@id":"https:\/\/www.diocesitn.it\/area-annuncio\/avvento-natale-2024-2025-pagine-interattive\/#primaryimage"},"image":{"@id":"https:\/\/www.diocesitn.it\/area-annuncio\/avvento-natale-2024-2025-pagine-interattive\/#primaryimage"},"thumbnailUrl":"https:\/\/www.diocesitn.it\/area-annuncio\/wp-content\/uploads\/sites\/39\/2024\/10\/Immagine-per-sito-300x169.png","datePublished":"2019-11-15T09:27:55+00:00","dateModified":"2024-11-28T14:41:55+00:00","breadcrumb":{"@id":"https:\/\/www.diocesitn.it\/area-annuncio\/avvento-natale-2024-2025-pagine-interattive\/#breadcrumb"},"inLanguage":"it-IT","potentialAction":[{"@type":"ReadAction","target":["https:\/\/www.diocesitn.it\/area-annuncio\/avvento-natale-2024-2025-pagine-interattive\/"]}]},{"@type":"ImageObject","inLanguage":"it-IT","@id":"https:\/\/www.diocesitn.it\/area-annuncio\/avvento-natale-2024-2025-pagine-interattive\/#primaryimage","url":"https:\/\/www.diocesitn.it\/area-annuncio\/wp-content\/uploads\/sites\/39\/2024\/10\/Immagine-per-sito.png","contentUrl":"https:\/\/www.diocesitn.it\/area-annuncio\/wp-content\/uploads\/sites\/39\/2024\/10\/Immagine-per-sito.png","width":727,"height":409},{"@type":"BreadcrumbList","@id":"https:\/\/www.diocesitn.it\/area-annuncio\/avvento-natale-2024-2025-pagine-interattive\/#breadcrumb","itemListElement":[{"@type":"ListItem","position":1,"name":"Home","item":"https:\/\/www.diocesitn.it\/area-annuncio\/"},{"@type":"ListItem","position":2,"name":"SUSSIDIO AVVENTO-NATALE 2024-2025: pagine interattive"}]},{"@type":"WebSite","@id":"https:\/\/www.diocesitn.it\/area-annuncio\/#website","url":"https:\/\/www.diocesitn.it\/area-annuncio\/","name":"Annuncio e Sacramenti","description":"Chiesa di Trento","publisher":{"@id":"https:\/\/www.diocesitn.it\/area-annuncio\/#organization"},"potentialAction":[{"@type":"SearchAction","target":{"@type":"EntryPoint","urlTemplate":"https:\/\/www.diocesitn.it\/area-annuncio\/?s={search_term_string}"},"query-input":"required name=search_term_string"}],"inLanguage":"it-IT"},{"@type":["Organization","Place"],"@id":"https:\/\/www.diocesitn.it\/area-annuncio\/#organization","name":"Area Annuncio e Sacramenti - Chiesa di Trento","url":"https:\/\/www.diocesitn.it\/area-annuncio\/","logo":{"@id":"https:\/\/www.diocesitn.it\/area-annuncio\/avvento-natale-2024-2025-pagine-interattive\/#local-main-organization-logo"},"image":{"@id":"https:\/\/www.diocesitn.it\/area-annuncio\/avvento-natale-2024-2025-pagine-interattive\/#local-main-organization-logo"},"sameAs":["https:\/\/www.facebook.com\/pastoralegiovanile.trento\/","https:\/\/www.instagram.com\/pastoralegiovaniletrento\/","https:\/\/www.youtube.com\/channel\/UCGt7hyJaIQIkrQPos4K6L6w"],"openingHoursSpecification":[{"@type":"OpeningHoursSpecification","dayOfWeek":["Monday","Tuesday","Wednesday","Thursday","Friday","Saturday","Sunday"],"opens":"09:00","closes":"17:00"}]},{"@type":"ImageObject","inLanguage":"it-IT","@id":"https:\/\/www.diocesitn.it\/area-annuncio\/avvento-natale-2024-2025-pagine-interattive\/#local-main-organization-logo","url":"https:\/\/www.diocesitn.it\/area-annuncio\/wp-content\/uploads\/sites\/39\/2021\/09\/og-logo-annuncio-e-sacramenti.jpg","contentUrl":"https:\/\/www.diocesitn.it\/area-annuncio\/wp-content\/uploads\/sites\/39\/2021\/09\/og-logo-annuncio-e-sacramenti.jpg","width":1200,"height":630,"caption":"Area Annuncio e Sacramenti - Chiesa di Trento"}]}},"_links":{"self":[{"href":"https:\/\/www.diocesitn.it\/area-annuncio\/wp-json\/wp\/v2\/pages\/8009","targetHints":{"allow":["GET"]}}],"collection":[{"href":"https:\/\/www.diocesitn.it\/area-annuncio\/wp-json\/wp\/v2\/pages"}],"about":[{"href":"https:\/\/www.diocesitn.it\/area-annuncio\/wp-json\/wp\/v2\/types\/page"}],"author":[{"embeddable":true,"href":"https:\/\/www.diocesitn.it\/area-annuncio\/wp-json\/wp\/v2\/users\/14"}],"replies":[{"embeddable":true,"href":"https:\/\/www.diocesitn.it\/area-annuncio\/wp-json\/wp\/v2\/comments?post=8009"}],"version-history":[{"count":4,"href":"https:\/\/www.diocesitn.it\/area-annuncio\/wp-json\/wp\/v2\/pages\/8009\/revisions"}],"predecessor-version":[{"id":22884,"href":"https:\/\/www.diocesitn.it\/area-annuncio\/wp-json\/wp\/v2\/pages\/8009\/revisions\/22884"}],"wp:attachment":[{"href":"https:\/\/www.diocesitn.it\/area-annuncio\/wp-json\/wp\/v2\/media?parent=8009"}],"curies":[{"name":"wp","href":"https:\/\/api.w.org\/{rel}","templated":true}]}}