{"id":5873,"date":"2019-02-04T11:40:43","date_gmt":"2019-02-04T10:40:43","guid":{"rendered":"https:\/\/www.diocesitn.it\/area-annuncio\/?page_id=5873"},"modified":"2023-04-05T12:15:11","modified_gmt":"2023-04-05T10:15:11","slug":"ministri-del-canto","status":"publish","type":"page","link":"https:\/\/www.diocesitn.it\/area-annuncio\/ministri-del-canto\/","title":{"rendered":"MINISTRI DEL CANTO"},"content":{"rendered":"<p>L\u2019azione liturgica riveste una forma pi\u00f9 nobile quando \u00e8 celebrata in canto, con i ministri di ogni grado che svolgono il proprio ufficio, e con la partecipazione del popolo. In questa forma di celebrazione, infatti, la preghiera acquista un\u2019espressione pi\u00f9 gioiosa, il mistero della sacra Liturgia e la sua natura gerarchica e comunitaria vengono manifestati pi\u00f9 chiaramente, l\u2019unit\u00e0 dei cuori \u00e8 resa pi\u00f9 profonda dall\u2019unit\u00e0 delle voci, gli animi si innalzano pi\u00f9 facilmente alle cose celesti per mezzo dello splendore delle cose sacre, e tutta la celebrazione prefigura pi\u00f9 chiaramente la liturgia ch<span style=\"font-size: inherit\">e si svolge nella Gerusalemme celeste. (Musicam Sacram, 5)<\/span><\/p>\n<p>Non c\u2019\u00e8 niente di pi\u00f9 solenne e festoso nelle sacre celebrazioni di una assemblea che, tutta, esprime con il canto la sua piet\u00e0 e la sua fede. Pertanto la partecipazione attiva di tutto il popolo, che si manifesta con il canto, si promuova con ogni cura. (Musicam Sacram, 16)<\/p>\n<ul>\n<li><a href=\"#Formazione\"><strong>FORMAZIONE<\/strong><\/a><\/li>\n<li><a href=\"#Sussidi\"><strong>SUSSIDI<\/strong><\/a><\/li>\n<li><a href=\"#Celebrazione\"><strong>CELEBRAZIONE<\/strong><\/a><\/li>\n<\/ul>\n<p><strong><a id=\"Formazione\"><\/a>FORMAZIONE<\/strong><\/p>\n<ul>\n<li><a href=\"https:\/\/www.diocesitn.it\/area-annuncio\/istituto-diocesano-di-musica-sacra\/\" target=\"_blank\" rel=\"noopener noreferrer\">Istituto Diocesano di Musica Sacra<\/a><\/li>\n<li><a href=\"https:\/\/www.diocesitn.it\/area-annuncio\/2019\/05\/03\/workshop-con-il-gen-verde\/\" target=\"_blank\" rel=\"noopener noreferrer\">Workshop con il Gen Verde &#8211; Settembre 2019<\/a><\/li>\n<li><a href=\"https:\/\/www.diocesitn.it\/area-annuncio\/2019\/09\/30\/papa-francesco-un-messaggio-per-i-cantori\/\" target=\"_blank\" rel=\"noopener noreferrer\">Papa Francesco &#8211; Udienza particolare per le Schol\u00e6 cantorum &#8211; 28.09.02019<\/a><\/li>\n<\/ul>\n<p><strong><a id=\"Sussidi\"><\/a>SUSSIDI<\/strong><\/p>\n<ul>\n<li><a href=\"https:\/\/www.diocesitn.it\/area-annuncio\/wp-content\/uploads\/sites\/39\/2019\/02\/Statuto-del-coro-parrocchiale.pdf\" target=\"_blank\" rel=\"noopener noreferrer\">Proposta di statuto per il coro parrocchiale<\/a><\/li>\n<li><a href=\"https:\/\/www.diocesitn.it\/area-annuncio\/wp-content\/uploads\/sites\/39\/2019\/02\/Preghiera-del-Cantore.pdf\">Preghiera del cantore<\/a><\/li>\n<li><a href=\"https:\/\/www.diocesitn.it\/area-annuncio\/wp-content\/uploads\/sites\/39\/2019\/02\/PREGHIERA-A-SANTA-CECILIA.pdf\">Preghiera a Santa Cecilia<\/a><\/li>\n<\/ul>\n<p><strong><a id=\"Celebrazione\"><\/a>CELEBRAZIONE<\/strong><\/p>\n<ul>\n<li><a href=\"https:\/\/www.diocesitn.it\/area-annuncio\/2019\/02\/21\/acclamazione-al-vangelo-per-il-tempo-di-quaresima\/\" target=\"_blank\" rel=\"noopener noreferrer\">Acclamazioni al Vangelo per il Tempo di Quaresima (cori giovanili)<\/a><\/li>\n<li><a href=\"https:\/\/www.diocesitn.it\/area-annuncio\/2021\/03\/29\/esulti-il-coro-degli-angeli-gioisca-la-madre-chiesa\/\" target=\"_blank\" rel=\"noopener noreferrer\">Annuncio pasquale (Exsultet)<\/a><\/li>\n<\/ul>\n","protected":false},"excerpt":{"rendered":"<p>L\u2019azione liturgica riveste una forma pi\u00f9 nobile quando \u00e8 celebrata in canto, con i ministri di ogni grado che svolgono il proprio ufficio, e con la partecipazione del popolo. In questa forma di celebrazione, infatti,<\/p>\n","protected":false},"author":31,"featured_media":5876,"parent":0,"menu_order":0,"comment_status":"closed","ping_status":"closed","template":"","meta":{"footnotes":""},"class_list":["post-5873","page","type-page","status-publish","has-post-thumbnail","hentry"],"acf":{"seed-localization-paese-cod":"IT","seed-localization-address":"","seed-localization-citta":"Trento","seed-localization-regione-cod-istat":"04","seed-localization-citta-cod-istat":"022205","seed-localization-localita":"","seed-localization-cap":"","seed-localization-marker-visibility":false,"seed-localization-children-visibility":false,"seed-localization-kml":"","seed-localization-custom-marker":""},"yoast_head":"<!-- This site is optimized with the Yoast SEO Premium plugin v20.2.1 (Yoast SEO v22.2) - https:\/\/yoast.com\/wordpress\/plugins\/seo\/ -->\n<title>MINISTRI DEL CANTO - Annuncio e Sacramenti<\/title>\n<meta name=\"robots\" content=\"index, follow, max-snippet:-1, max-image-preview:large, max-video-preview:-1\" \/>\n<link rel=\"canonical\" href=\"https:\/\/www.diocesitn.it\/area-annuncio\/ministri-del-canto\/\" \/>\n<meta property=\"og:locale\" content=\"it_IT\" \/>\n<meta property=\"og:type\" content=\"article\" \/>\n<meta property=\"og:title\" content=\"MINISTRI DEL CANTO\" \/>\n<meta property=\"og:description\" content=\"L\u2019azione liturgica riveste una forma pi\u00f9 nobile quando \u00e8 celebrata in canto, con i ministri di ogni grado che svolgono il proprio ufficio, e con la partecipazione del popolo. In questa forma di celebrazione, infatti,\" \/>\n<meta property=\"og:url\" content=\"https:\/\/www.diocesitn.it\/area-annuncio\/ministri-del-canto\/\" \/>\n<meta property=\"og:site_name\" content=\"Annuncio e Sacramenti\" \/>\n<meta property=\"article:publisher\" content=\"https:\/\/www.facebook.com\/pastoralegiovanile.trento\/\" \/>\n<meta property=\"article:modified_time\" content=\"2023-04-05T10:15:11+00:00\" \/>\n<meta property=\"og:image\" content=\"https:\/\/www.diocesitn.it\/area-annuncio\/wp-content\/uploads\/sites\/39\/2019\/02\/Coro-1-1024x768.jpg\" \/>\n\t<meta property=\"og:image:width\" content=\"1024\" \/>\n\t<meta property=\"og:image:height\" content=\"768\" \/>\n\t<meta property=\"og:image:type\" content=\"image\/jpeg\" \/>\n<meta name=\"twitter:card\" content=\"summary_large_image\" \/>\n<meta name=\"twitter:label1\" content=\"Tempo di lettura stimato\" \/>\n\t<meta name=\"twitter:data1\" content=\"1 minuto\" \/>\n<script type=\"application\/ld+json\" class=\"yoast-schema-graph\">{\"@context\":\"https:\/\/schema.org\",\"@graph\":[{\"@type\":\"WebPage\",\"@id\":\"https:\/\/www.diocesitn.it\/area-annuncio\/ministri-del-canto\/\",\"url\":\"https:\/\/www.diocesitn.it\/area-annuncio\/ministri-del-canto\/\",\"name\":\"MINISTRI DEL CANTO - Annuncio e Sacramenti\",\"isPartOf\":{\"@id\":\"https:\/\/www.diocesitn.it\/area-annuncio\/#website\"},\"primaryImageOfPage\":{\"@id\":\"https:\/\/www.diocesitn.it\/area-annuncio\/ministri-del-canto\/#primaryimage\"},\"image\":{\"@id\":\"https:\/\/www.diocesitn.it\/area-annuncio\/ministri-del-canto\/#primaryimage\"},\"thumbnailUrl\":\"https:\/\/www.diocesitn.it\/area-annuncio\/wp-content\/uploads\/sites\/39\/2019\/02\/Coro-1.jpg\",\"datePublished\":\"2019-02-04T10:40:43+00:00\",\"dateModified\":\"2023-04-05T10:15:11+00:00\",\"breadcrumb\":{\"@id\":\"https:\/\/www.diocesitn.it\/area-annuncio\/ministri-del-canto\/#breadcrumb\"},\"inLanguage\":\"it-IT\",\"potentialAction\":[{\"@type\":\"ReadAction\",\"target\":[\"https:\/\/www.diocesitn.it\/area-annuncio\/ministri-del-canto\/\"]}]},{\"@type\":\"ImageObject\",\"inLanguage\":\"it-IT\",\"@id\":\"https:\/\/www.diocesitn.it\/area-annuncio\/ministri-del-canto\/#primaryimage\",\"url\":\"https:\/\/www.diocesitn.it\/area-annuncio\/wp-content\/uploads\/sites\/39\/2019\/02\/Coro-1.jpg\",\"contentUrl\":\"https:\/\/www.diocesitn.it\/area-annuncio\/wp-content\/uploads\/sites\/39\/2019\/02\/Coro-1.jpg\",\"width\":3968,\"height\":2976},{\"@type\":\"BreadcrumbList\",\"@id\":\"https:\/\/www.diocesitn.it\/area-annuncio\/ministri-del-canto\/#breadcrumb\",\"itemListElement\":[{\"@type\":\"ListItem\",\"position\":1,\"name\":\"Home\",\"item\":\"https:\/\/www.diocesitn.it\/area-annuncio\/\"},{\"@type\":\"ListItem\",\"position\":2,\"name\":\"MINISTRI DEL CANTO\"}]},{\"@type\":\"WebSite\",\"@id\":\"https:\/\/www.diocesitn.it\/area-annuncio\/#website\",\"url\":\"https:\/\/www.diocesitn.it\/area-annuncio\/\",\"name\":\"Annuncio e Sacramenti\",\"description\":\"Chiesa di Trento\",\"publisher\":{\"@id\":\"https:\/\/www.diocesitn.it\/area-annuncio\/#organization\"},\"potentialAction\":[{\"@type\":\"SearchAction\",\"target\":{\"@type\":\"EntryPoint\",\"urlTemplate\":\"https:\/\/www.diocesitn.it\/area-annuncio\/?s={search_term_string}\"},\"query-input\":\"required name=search_term_string\"}],\"inLanguage\":\"it-IT\"},{\"@type\":[\"Organization\",\"Place\"],\"@id\":\"https:\/\/www.diocesitn.it\/area-annuncio\/#organization\",\"name\":\"Area Annuncio e Sacramenti - Chiesa di Trento\",\"url\":\"https:\/\/www.diocesitn.it\/area-annuncio\/\",\"logo\":{\"@id\":\"https:\/\/www.diocesitn.it\/area-annuncio\/ministri-del-canto\/#local-main-organization-logo\"},\"image\":{\"@id\":\"https:\/\/www.diocesitn.it\/area-annuncio\/ministri-del-canto\/#local-main-organization-logo\"},\"sameAs\":[\"https:\/\/www.facebook.com\/pastoralegiovanile.trento\/\",\"https:\/\/www.instagram.com\/pastoralegiovaniletrento\/\",\"https:\/\/www.youtube.com\/channel\/UCGt7hyJaIQIkrQPos4K6L6w\"],\"openingHoursSpecification\":[{\"@type\":\"OpeningHoursSpecification\",\"dayOfWeek\":[\"Monday\",\"Tuesday\",\"Wednesday\",\"Thursday\",\"Friday\",\"Saturday\",\"Sunday\"],\"opens\":\"09:00\",\"closes\":\"17:00\"}]},{\"@type\":\"ImageObject\",\"inLanguage\":\"it-IT\",\"@id\":\"https:\/\/www.diocesitn.it\/area-annuncio\/ministri-del-canto\/#local-main-organization-logo\",\"url\":\"https:\/\/www.diocesitn.it\/area-annuncio\/wp-content\/uploads\/sites\/39\/2021\/09\/og-logo-annuncio-e-sacramenti.jpg\",\"contentUrl\":\"https:\/\/www.diocesitn.it\/area-annuncio\/wp-content\/uploads\/sites\/39\/2021\/09\/og-logo-annuncio-e-sacramenti.jpg\",\"width\":1200,\"height\":630,\"caption\":\"Area Annuncio e Sacramenti - Chiesa di Trento\"}]}<\/script>\n<!-- \/ Yoast SEO Premium plugin. -->","yoast_head_json":{"title":"MINISTRI DEL CANTO - Annuncio e Sacramenti","robots":{"index":"index","follow":"follow","max-snippet":"max-snippet:-1","max-image-preview":"max-image-preview:large","max-video-preview":"max-video-preview:-1"},"canonical":"https:\/\/www.diocesitn.it\/area-annuncio\/ministri-del-canto\/","og_locale":"it_IT","og_type":"article","og_title":"MINISTRI DEL CANTO","og_description":"L\u2019azione liturgica riveste una forma pi\u00f9 nobile quando \u00e8 celebrata in canto, con i ministri di ogni grado che svolgono il proprio ufficio, e con la partecipazione del popolo. In questa forma di celebrazione, infatti,","og_url":"https:\/\/www.diocesitn.it\/area-annuncio\/ministri-del-canto\/","og_site_name":"Annuncio e Sacramenti","article_publisher":"https:\/\/www.facebook.com\/pastoralegiovanile.trento\/","article_modified_time":"2023-04-05T10:15:11+00:00","og_image":[{"width":1024,"height":768,"url":"https:\/\/www.diocesitn.it\/area-annuncio\/wp-content\/uploads\/sites\/39\/2019\/02\/Coro-1-1024x768.jpg","type":"image\/jpeg"}],"twitter_card":"summary_large_image","twitter_misc":{"Tempo di lettura stimato":"1 minuto"},"schema":{"@context":"https:\/\/schema.org","@graph":[{"@type":"WebPage","@id":"https:\/\/www.diocesitn.it\/area-annuncio\/ministri-del-canto\/","url":"https:\/\/www.diocesitn.it\/area-annuncio\/ministri-del-canto\/","name":"MINISTRI DEL CANTO - Annuncio e Sacramenti","isPartOf":{"@id":"https:\/\/www.diocesitn.it\/area-annuncio\/#website"},"primaryImageOfPage":{"@id":"https:\/\/www.diocesitn.it\/area-annuncio\/ministri-del-canto\/#primaryimage"},"image":{"@id":"https:\/\/www.diocesitn.it\/area-annuncio\/ministri-del-canto\/#primaryimage"},"thumbnailUrl":"https:\/\/www.diocesitn.it\/area-annuncio\/wp-content\/uploads\/sites\/39\/2019\/02\/Coro-1.jpg","datePublished":"2019-02-04T10:40:43+00:00","dateModified":"2023-04-05T10:15:11+00:00","breadcrumb":{"@id":"https:\/\/www.diocesitn.it\/area-annuncio\/ministri-del-canto\/#breadcrumb"},"inLanguage":"it-IT","potentialAction":[{"@type":"ReadAction","target":["https:\/\/www.diocesitn.it\/area-annuncio\/ministri-del-canto\/"]}]},{"@type":"ImageObject","inLanguage":"it-IT","@id":"https:\/\/www.diocesitn.it\/area-annuncio\/ministri-del-canto\/#primaryimage","url":"https:\/\/www.diocesitn.it\/area-annuncio\/wp-content\/uploads\/sites\/39\/2019\/02\/Coro-1.jpg","contentUrl":"https:\/\/www.diocesitn.it\/area-annuncio\/wp-content\/uploads\/sites\/39\/2019\/02\/Coro-1.jpg","width":3968,"height":2976},{"@type":"BreadcrumbList","@id":"https:\/\/www.diocesitn.it\/area-annuncio\/ministri-del-canto\/#breadcrumb","itemListElement":[{"@type":"ListItem","position":1,"name":"Home","item":"https:\/\/www.diocesitn.it\/area-annuncio\/"},{"@type":"ListItem","position":2,"name":"MINISTRI DEL CANTO"}]},{"@type":"WebSite","@id":"https:\/\/www.diocesitn.it\/area-annuncio\/#website","url":"https:\/\/www.diocesitn.it\/area-annuncio\/","name":"Annuncio e Sacramenti","description":"Chiesa di Trento","publisher":{"@id":"https:\/\/www.diocesitn.it\/area-annuncio\/#organization"},"potentialAction":[{"@type":"SearchAction","target":{"@type":"EntryPoint","urlTemplate":"https:\/\/www.diocesitn.it\/area-annuncio\/?s={search_term_string}"},"query-input":"required name=search_term_string"}],"inLanguage":"it-IT"},{"@type":["Organization","Place"],"@id":"https:\/\/www.diocesitn.it\/area-annuncio\/#organization","name":"Area Annuncio e Sacramenti - Chiesa di Trento","url":"https:\/\/www.diocesitn.it\/area-annuncio\/","logo":{"@id":"https:\/\/www.diocesitn.it\/area-annuncio\/ministri-del-canto\/#local-main-organization-logo"},"image":{"@id":"https:\/\/www.diocesitn.it\/area-annuncio\/ministri-del-canto\/#local-main-organization-logo"},"sameAs":["https:\/\/www.facebook.com\/pastoralegiovanile.trento\/","https:\/\/www.instagram.com\/pastoralegiovaniletrento\/","https:\/\/www.youtube.com\/channel\/UCGt7hyJaIQIkrQPos4K6L6w"],"openingHoursSpecification":[{"@type":"OpeningHoursSpecification","dayOfWeek":["Monday","Tuesday","Wednesday","Thursday","Friday","Saturday","Sunday"],"opens":"09:00","closes":"17:00"}]},{"@type":"ImageObject","inLanguage":"it-IT","@id":"https:\/\/www.diocesitn.it\/area-annuncio\/ministri-del-canto\/#local-main-organization-logo","url":"https:\/\/www.diocesitn.it\/area-annuncio\/wp-content\/uploads\/sites\/39\/2021\/09\/og-logo-annuncio-e-sacramenti.jpg","contentUrl":"https:\/\/www.diocesitn.it\/area-annuncio\/wp-content\/uploads\/sites\/39\/2021\/09\/og-logo-annuncio-e-sacramenti.jpg","width":1200,"height":630,"caption":"Area Annuncio e Sacramenti - Chiesa di Trento"}]}},"_links":{"self":[{"href":"https:\/\/www.diocesitn.it\/area-annuncio\/wp-json\/wp\/v2\/pages\/5873","targetHints":{"allow":["GET"]}}],"collection":[{"href":"https:\/\/www.diocesitn.it\/area-annuncio\/wp-json\/wp\/v2\/pages"}],"about":[{"href":"https:\/\/www.diocesitn.it\/area-annuncio\/wp-json\/wp\/v2\/types\/page"}],"author":[{"embeddable":true,"href":"https:\/\/www.diocesitn.it\/area-annuncio\/wp-json\/wp\/v2\/users\/31"}],"replies":[{"embeddable":true,"href":"https:\/\/www.diocesitn.it\/area-annuncio\/wp-json\/wp\/v2\/comments?post=5873"}],"version-history":[{"count":4,"href":"https:\/\/www.diocesitn.it\/area-annuncio\/wp-json\/wp\/v2\/pages\/5873\/revisions"}],"predecessor-version":[{"id":18400,"href":"https:\/\/www.diocesitn.it\/area-annuncio\/wp-json\/wp\/v2\/pages\/5873\/revisions\/18400"}],"wp:featuredmedia":[{"embeddable":true,"href":"https:\/\/www.diocesitn.it\/area-annuncio\/wp-json\/wp\/v2\/media\/5876"}],"wp:attachment":[{"href":"https:\/\/www.diocesitn.it\/area-annuncio\/wp-json\/wp\/v2\/media?parent=5873"}],"curies":[{"name":"wp","href":"https:\/\/api.w.org\/{rel}","templated":true}]}}