{"id":2243,"date":"2017-10-25T15:41:56","date_gmt":"2017-10-25T13:41:56","guid":{"rendered":"https:\/\/www.diocesitn.it\/famiglia\/materiale-a-disposizione\/schede-amoris-laetitia\/capitolo-1-2-2-2-2-2-2-2-2\/"},"modified":"2017-10-25T15:41:56","modified_gmt":"2017-10-25T13:41:56","slug":"capitolo-9","status":"publish","type":"page","link":"https:\/\/www.diocesitn.it\/area-annuncio\/materiale-a-disposizione\/schede-amoris-laetitia\/capitolo-9\/","title":{"rendered":"Capitolo 9"},"content":{"rendered":"<h1 class=\"c17\" style=\"text-align: center\"><strong><span class=\"c20 c21\">SPIRITUALIT\u00c0 CONIUGALE E FAMILIARE<\/span><\/strong><\/h1>\n<p class=\"c17\" style=\"text-align: center\"><em><span class=\"c9 c8\">La fisionomia della spiritualit\u00e0 formato famiglia<\/span><\/em><\/p>\n<p>&nbsp;<\/p>\n<p class=\"c7\"><strong><span class=\"c5\">Musica<\/span><\/strong><\/p>\n<ul>\n<li class=\"c6\"><span class=\"c0\"><a class=\"c1\" href=\"https:\/\/www.google.com\/url?q=https:\/\/www.youtube.com\/watch?v%3Db3lJJRrB74c&amp;sa=D&amp;ust=1508942477029000&amp;usg=AFQjCNFK8eeiXbooN_wehLJvGTUeEwEBcQ\">Come musica<\/a><\/span><span class=\"c4\">\u00a0&#8211; Lorenzo Jovanotti Cherubini<\/span><\/li>\n<li class=\"c6\"><span class=\"c0\"><a class=\"c1\" href=\"https:\/\/www.google.com\/url?q=https:\/\/www.youtube.com\/watch?v%3DjsCCnpcGEWI&amp;sa=D&amp;ust=1508942477030000&amp;usg=AFQjCNEutkVjUDxMiwPkCOdaY4psRYXgZA\">Baciami ancora<\/a><\/span><span class=\"c4\">\u00a0&#8211; Lorenzo Jovanotti Cherubini<\/span><\/li>\n<\/ul>\n<p class=\"c6\" style=\"padding-left: 30px\"><span class=\"c8\">Ogni storia, nella sua normalit\u00e0 (<\/span><span class=\"c8 c18\">\u201c\u2026che altri gi\u00e0 si amarono, non \u00e8 una novit\u00e0..<\/span><span class=\"c8\">\u201d), \u00e8 unica ed irripetibile e desidera tendere all\u2019infinito\u2026 il tutto vissuto sempre nella concretezza, con lo sfondo della vita quotidiana fatta di cose semplici &#8230;\u201d<\/span><span class=\"c9 c8\">una bimba che danza, un cielo, una stanza, una strada, un lavoro, una scuola,\u2026\u201d<\/span><\/p>\n<ul>\n<li class=\"c6\"><span class=\"c0\"><a class=\"c1\" href=\"https:\/\/www.google.com\/url?q=https:\/\/www.youtube.com\/watch?v%3DS1CopaDz7NA&amp;sa=D&amp;ust=1508942477030000&amp;usg=AFQjCNGAJD1WzHt890qvuTaYsqLdseWpDw\">Sempre e per sempre<\/a><\/span><span class=\"c4\">\u00a0&#8211; De Gregori<\/span><\/li>\n<\/ul>\n<p class=\"c6\" style=\"padding-left: 30px\"><span class=\"c4\">sull\u2019amore esclusivo<\/span><\/p>\n<ul>\n<li class=\"c6\"><span class=\"c0\"><a class=\"c1\" href=\"https:\/\/www.google.com\/url?q=https:\/\/www.youtube.com\/watch?v%3DcLJp-YJeuzc&amp;sa=D&amp;ust=1508942477031000&amp;usg=AFQjCNEcgAPVo9x3b_LIMn5MoaLINoHYoA\">La cura<\/a><\/span><span class=\"c8\">\u00a0&#8211; Battiato<\/span><\/li>\n<li class=\"c7\"><span class=\"c0\"><a class=\"c1\" href=\"https:\/\/www.google.com\/url?q=https:\/\/www.youtube.com\/watch?v%3DHrydHNz3yoI&amp;sa=D&amp;ust=1508942477032000&amp;usg=AFQjCNEsfUveCncb89ceNGRQt4U72MfylQ\">Il guerriero\u00a0<\/a><\/span><span class=\"c4\">&#8211; Mengoni<\/span><\/li>\n<\/ul>\n<p>&nbsp;<\/p>\n<p class=\"c7\"><strong><span class=\"c19\">Arte<\/span><\/strong><\/p>\n<p class=\"c7\"><span class=\"c0\"><a class=\"c1\" href=\"https:\/\/www.google.com\/url?q=http:\/\/www.musee-orsay.fr\/it\/collezioni\/opere-commentate\/cerca\/commentaire_id\/langelus-339.html?no_cache%3D1&amp;sa=D&amp;ust=1508942477033000&amp;usg=AFQjCNEHPkEoG3aiALJ7BJAXlK0fdYB6WQ\">L\u2019Angelus<\/a><\/span><span class=\"c8 c18\">\u00a0<\/span><span class=\"c8\">Jean-Fran\u00e7ois Millet\u00a0<\/span><span class=\"c8 c18\">(<\/span><span class=\"c4\">1857-1859)<\/span><\/p>\n<p class=\"c6\"><span class=\"c8\">Una coppia di contadini interrompe la raccolta delle patate al suono delle<\/span><span class=\"c8\"><a class=\"c1\" href=\"https:\/\/www.google.com\/url?q=http:\/\/it.cathopedia.org\/w\/index.php?title%3DCampana%26action%3Dedit%26redlink%3D1&amp;sa=D&amp;ust=1508942477034000&amp;usg=AFQjCNE3f1kXds3eV-OQ41yuhJ6r1dJuWQ\">\u00a0campane<\/a><\/span><span class=\"c8\">\u00a0che annuncia l\u2019<\/span><span class=\"c8 c18\"><a class=\"c1\" href=\"https:\/\/www.google.com\/url?q=http:\/\/it.cathopedia.org\/wiki\/Angelus&amp;sa=D&amp;ust=1508942477034000&amp;usg=AFQjCNH-7XatAoJAONGf_1qHYNrKG5DGLg\">Angelus<\/a><\/span><span class=\"c8\">;<\/span><span class=\"c4\">\u00a0momento intenso di preghiera e devozione che ritma le loro giornate.<\/span><\/p>\n<p>&nbsp;<\/p>\n<p class=\"c11\"><strong><span class=\"c5\">Lettura<\/span><\/strong><\/p>\n<ul>\n<li class=\"c7\"><span class=\"c8 c14\"><a class=\"c1\" href=\"https:\/\/www.google.com\/url?q=http:\/\/www.casaspiritualita.it\/images\/coppia\/santi\/camera-maritain.pdf&amp;sa=D&amp;ust=1508942477035000&amp;usg=AFQjCNEaTq5JT6JYjvAJExeHblk2RdkIrA\">Percorsi visivo-spirituali sulla santit\u00e0 di coppia<\/a><\/span><span class=\"c4\">: i coniugi Maritain<\/span><\/li>\n<li class=\"c11\"><span class=\"c8 c14 c20\"><a class=\"c1\" href=\"https:\/\/www.google.com\/url?q=http:\/\/www.laici.va\/content\/dam\/laici\/documenti\/donna\/culturasocieta\/italiano\/jacques-e-raissa-maritain-un-cammino-d-amore-e-fede-in-coppia.pdf&amp;sa=D&amp;ust=1508942477036000&amp;usg=AFQjCNGo_o6Ngdva53aZsKePsYi9r1f05g\">Ra\u00efssa e Jacques Maritain. Un cammino d\u2019amore e di fede in coppia<\/a><\/span><\/li>\n<\/ul>\n","protected":false},"excerpt":{"rendered":"<p>SPIRITUALIT\u00c0 CONIUGALE E FAMILIARE La fisionomia della spiritualit\u00e0 formato famiglia &nbsp; Musica Come musica\u00a0&#8211; Lorenzo Jovanotti Cherubini Baciami ancora\u00a0&#8211; Lorenzo Jovanotti Cherubini Ogni storia, nella sua normalit\u00e0 (\u201c\u2026che altri gi\u00e0 si amarono, non \u00e8 una<\/p>\n","protected":false},"author":14,"featured_media":0,"parent":463,"menu_order":8,"comment_status":"closed","ping_status":"closed","template":"","meta":{"footnotes":""},"class_list":["post-2243","page","type-page","status-publish","hentry"],"acf":{"seed-localization-paese-cod":"IT","seed-localization-address":"","seed-localization-citta":"Trento","seed-localization-regione-cod-istat":"04","seed-localization-citta-cod-istat":"022205","seed-localization-localita":"","seed-localization-cap":"","seed-localization-marker-visibility":false,"seed-localization-children-visibility":false,"seed-localization-kml":null,"seed-localization-custom-marker":null},"yoast_head":"<!-- This site is optimized with the Yoast SEO Premium plugin v20.2.1 (Yoast SEO v22.2) - https:\/\/yoast.com\/wordpress\/plugins\/seo\/ -->\n<title>Capitolo 9 - Annuncio e Sacramenti<\/title>\n<meta name=\"robots\" content=\"index, follow, max-snippet:-1, max-image-preview:large, max-video-preview:-1\" \/>\n<link rel=\"canonical\" href=\"https:\/\/www.diocesitn.it\/area-annuncio\/materiale-a-disposizione\/schede-amoris-laetitia\/capitolo-9\/\" \/>\n<meta property=\"og:locale\" content=\"it_IT\" \/>\n<meta property=\"og:type\" content=\"article\" \/>\n<meta property=\"og:title\" content=\"Capitolo 9\" \/>\n<meta property=\"og:description\" content=\"SPIRITUALIT\u00c0 CONIUGALE E FAMILIARE La fisionomia della spiritualit\u00e0 formato famiglia &nbsp; Musica Come musica\u00a0&#8211; Lorenzo Jovanotti Cherubini Baciami ancora\u00a0&#8211; Lorenzo Jovanotti Cherubini Ogni storia, nella sua normalit\u00e0 (\u201c\u2026che altri gi\u00e0 si amarono, non \u00e8 una\" \/>\n<meta property=\"og:url\" content=\"https:\/\/www.diocesitn.it\/area-annuncio\/materiale-a-disposizione\/schede-amoris-laetitia\/capitolo-9\/\" \/>\n<meta property=\"og:site_name\" content=\"Annuncio e Sacramenti\" \/>\n<meta property=\"article:publisher\" content=\"https:\/\/www.facebook.com\/pastoralegiovanile.trento\/\" \/>\n<meta property=\"og:image\" content=\"https:\/\/www.diocesitn.it\/area-annuncio\/wp-content\/uploads\/sites\/39\/2021\/09\/og-logo-annuncio-e-sacramenti.jpg\" \/>\n\t<meta property=\"og:image:width\" content=\"1200\" \/>\n\t<meta property=\"og:image:height\" content=\"630\" \/>\n\t<meta property=\"og:image:type\" content=\"image\/jpeg\" \/>\n<meta name=\"twitter:card\" content=\"summary_large_image\" \/>\n<meta name=\"twitter:label1\" content=\"Tempo di lettura stimato\" \/>\n\t<meta name=\"twitter:data1\" content=\"1 minuto\" \/>\n<script type=\"application\/ld+json\" class=\"yoast-schema-graph\">{\"@context\":\"https:\/\/schema.org\",\"@graph\":[{\"@type\":\"WebPage\",\"@id\":\"https:\/\/www.diocesitn.it\/area-annuncio\/materiale-a-disposizione\/schede-amoris-laetitia\/capitolo-9\/\",\"url\":\"https:\/\/www.diocesitn.it\/area-annuncio\/materiale-a-disposizione\/schede-amoris-laetitia\/capitolo-9\/\",\"name\":\"Capitolo 9 - Annuncio e Sacramenti\",\"isPartOf\":{\"@id\":\"https:\/\/www.diocesitn.it\/area-annuncio\/#website\"},\"datePublished\":\"2017-10-25T13:41:56+00:00\",\"dateModified\":\"2017-10-25T13:41:56+00:00\",\"breadcrumb\":{\"@id\":\"https:\/\/www.diocesitn.it\/area-annuncio\/materiale-a-disposizione\/schede-amoris-laetitia\/capitolo-9\/#breadcrumb\"},\"inLanguage\":\"it-IT\",\"potentialAction\":[{\"@type\":\"ReadAction\",\"target\":[\"https:\/\/www.diocesitn.it\/area-annuncio\/materiale-a-disposizione\/schede-amoris-laetitia\/capitolo-9\/\"]}]},{\"@type\":\"BreadcrumbList\",\"@id\":\"https:\/\/www.diocesitn.it\/area-annuncio\/materiale-a-disposizione\/schede-amoris-laetitia\/capitolo-9\/#breadcrumb\",\"itemListElement\":[{\"@type\":\"ListItem\",\"position\":1,\"name\":\"Home\",\"item\":\"https:\/\/www.diocesitn.it\/area-annuncio\/\"},{\"@type\":\"ListItem\",\"position\":2,\"name\":\"MATERIALE A DISPOSIZIONE\",\"item\":\"https:\/\/www.diocesitn.it\/area-annuncio\/materiale-a-disposizione\/\"},{\"@type\":\"ListItem\",\"position\":3,\"name\":\"La grande bellezza\",\"item\":\"https:\/\/www.diocesitn.it\/area-annuncio\/materiale-a-disposizione\/schede-amoris-laetitia\/\"},{\"@type\":\"ListItem\",\"position\":4,\"name\":\"Capitolo 9\"}]},{\"@type\":\"WebSite\",\"@id\":\"https:\/\/www.diocesitn.it\/area-annuncio\/#website\",\"url\":\"https:\/\/www.diocesitn.it\/area-annuncio\/\",\"name\":\"Annuncio e Sacramenti\",\"description\":\"Chiesa di Trento\",\"publisher\":{\"@id\":\"https:\/\/www.diocesitn.it\/area-annuncio\/#organization\"},\"potentialAction\":[{\"@type\":\"SearchAction\",\"target\":{\"@type\":\"EntryPoint\",\"urlTemplate\":\"https:\/\/www.diocesitn.it\/area-annuncio\/?s={search_term_string}\"},\"query-input\":\"required name=search_term_string\"}],\"inLanguage\":\"it-IT\"},{\"@type\":[\"Organization\",\"Place\"],\"@id\":\"https:\/\/www.diocesitn.it\/area-annuncio\/#organization\",\"name\":\"Area Annuncio e Sacramenti - Chiesa di Trento\",\"url\":\"https:\/\/www.diocesitn.it\/area-annuncio\/\",\"logo\":{\"@id\":\"https:\/\/www.diocesitn.it\/area-annuncio\/materiale-a-disposizione\/schede-amoris-laetitia\/capitolo-9\/#local-main-organization-logo\"},\"image\":{\"@id\":\"https:\/\/www.diocesitn.it\/area-annuncio\/materiale-a-disposizione\/schede-amoris-laetitia\/capitolo-9\/#local-main-organization-logo\"},\"sameAs\":[\"https:\/\/www.facebook.com\/pastoralegiovanile.trento\/\",\"https:\/\/www.instagram.com\/pastoralegiovaniletrento\/\",\"https:\/\/www.youtube.com\/channel\/UCGt7hyJaIQIkrQPos4K6L6w\"],\"openingHoursSpecification\":[{\"@type\":\"OpeningHoursSpecification\",\"dayOfWeek\":[\"Monday\",\"Tuesday\",\"Wednesday\",\"Thursday\",\"Friday\",\"Saturday\",\"Sunday\"],\"opens\":\"09:00\",\"closes\":\"17:00\"}]},{\"@type\":\"ImageObject\",\"inLanguage\":\"it-IT\",\"@id\":\"https:\/\/www.diocesitn.it\/area-annuncio\/materiale-a-disposizione\/schede-amoris-laetitia\/capitolo-9\/#local-main-organization-logo\",\"url\":\"https:\/\/www.diocesitn.it\/area-annuncio\/wp-content\/uploads\/sites\/39\/2021\/09\/og-logo-annuncio-e-sacramenti.jpg\",\"contentUrl\":\"https:\/\/www.diocesitn.it\/area-annuncio\/wp-content\/uploads\/sites\/39\/2021\/09\/og-logo-annuncio-e-sacramenti.jpg\",\"width\":1200,\"height\":630,\"caption\":\"Area Annuncio e Sacramenti - Chiesa di Trento\"}]}<\/script>\n<!-- \/ Yoast SEO Premium plugin. -->","yoast_head_json":{"title":"Capitolo 9 - Annuncio e Sacramenti","robots":{"index":"index","follow":"follow","max-snippet":"max-snippet:-1","max-image-preview":"max-image-preview:large","max-video-preview":"max-video-preview:-1"},"canonical":"https:\/\/www.diocesitn.it\/area-annuncio\/materiale-a-disposizione\/schede-amoris-laetitia\/capitolo-9\/","og_locale":"it_IT","og_type":"article","og_title":"Capitolo 9","og_description":"SPIRITUALIT\u00c0 CONIUGALE E FAMILIARE La fisionomia della spiritualit\u00e0 formato famiglia &nbsp; Musica Come musica\u00a0&#8211; Lorenzo Jovanotti Cherubini Baciami ancora\u00a0&#8211; Lorenzo Jovanotti Cherubini Ogni storia, nella sua normalit\u00e0 (\u201c\u2026che altri gi\u00e0 si amarono, non \u00e8 una","og_url":"https:\/\/www.diocesitn.it\/area-annuncio\/materiale-a-disposizione\/schede-amoris-laetitia\/capitolo-9\/","og_site_name":"Annuncio e Sacramenti","article_publisher":"https:\/\/www.facebook.com\/pastoralegiovanile.trento\/","og_image":[{"width":1200,"height":630,"url":"https:\/\/www.diocesitn.it\/area-annuncio\/wp-content\/uploads\/sites\/39\/2021\/09\/og-logo-annuncio-e-sacramenti.jpg","type":"image\/jpeg"}],"twitter_card":"summary_large_image","twitter_misc":{"Tempo di lettura stimato":"1 minuto"},"schema":{"@context":"https:\/\/schema.org","@graph":[{"@type":"WebPage","@id":"https:\/\/www.diocesitn.it\/area-annuncio\/materiale-a-disposizione\/schede-amoris-laetitia\/capitolo-9\/","url":"https:\/\/www.diocesitn.it\/area-annuncio\/materiale-a-disposizione\/schede-amoris-laetitia\/capitolo-9\/","name":"Capitolo 9 - Annuncio e Sacramenti","isPartOf":{"@id":"https:\/\/www.diocesitn.it\/area-annuncio\/#website"},"datePublished":"2017-10-25T13:41:56+00:00","dateModified":"2017-10-25T13:41:56+00:00","breadcrumb":{"@id":"https:\/\/www.diocesitn.it\/area-annuncio\/materiale-a-disposizione\/schede-amoris-laetitia\/capitolo-9\/#breadcrumb"},"inLanguage":"it-IT","potentialAction":[{"@type":"ReadAction","target":["https:\/\/www.diocesitn.it\/area-annuncio\/materiale-a-disposizione\/schede-amoris-laetitia\/capitolo-9\/"]}]},{"@type":"BreadcrumbList","@id":"https:\/\/www.diocesitn.it\/area-annuncio\/materiale-a-disposizione\/schede-amoris-laetitia\/capitolo-9\/#breadcrumb","itemListElement":[{"@type":"ListItem","position":1,"name":"Home","item":"https:\/\/www.diocesitn.it\/area-annuncio\/"},{"@type":"ListItem","position":2,"name":"MATERIALE A DISPOSIZIONE","item":"https:\/\/www.diocesitn.it\/area-annuncio\/materiale-a-disposizione\/"},{"@type":"ListItem","position":3,"name":"La grande bellezza","item":"https:\/\/www.diocesitn.it\/area-annuncio\/materiale-a-disposizione\/schede-amoris-laetitia\/"},{"@type":"ListItem","position":4,"name":"Capitolo 9"}]},{"@type":"WebSite","@id":"https:\/\/www.diocesitn.it\/area-annuncio\/#website","url":"https:\/\/www.diocesitn.it\/area-annuncio\/","name":"Annuncio e Sacramenti","description":"Chiesa di Trento","publisher":{"@id":"https:\/\/www.diocesitn.it\/area-annuncio\/#organization"},"potentialAction":[{"@type":"SearchAction","target":{"@type":"EntryPoint","urlTemplate":"https:\/\/www.diocesitn.it\/area-annuncio\/?s={search_term_string}"},"query-input":"required name=search_term_string"}],"inLanguage":"it-IT"},{"@type":["Organization","Place"],"@id":"https:\/\/www.diocesitn.it\/area-annuncio\/#organization","name":"Area Annuncio e Sacramenti - Chiesa di Trento","url":"https:\/\/www.diocesitn.it\/area-annuncio\/","logo":{"@id":"https:\/\/www.diocesitn.it\/area-annuncio\/materiale-a-disposizione\/schede-amoris-laetitia\/capitolo-9\/#local-main-organization-logo"},"image":{"@id":"https:\/\/www.diocesitn.it\/area-annuncio\/materiale-a-disposizione\/schede-amoris-laetitia\/capitolo-9\/#local-main-organization-logo"},"sameAs":["https:\/\/www.facebook.com\/pastoralegiovanile.trento\/","https:\/\/www.instagram.com\/pastoralegiovaniletrento\/","https:\/\/www.youtube.com\/channel\/UCGt7hyJaIQIkrQPos4K6L6w"],"openingHoursSpecification":[{"@type":"OpeningHoursSpecification","dayOfWeek":["Monday","Tuesday","Wednesday","Thursday","Friday","Saturday","Sunday"],"opens":"09:00","closes":"17:00"}]},{"@type":"ImageObject","inLanguage":"it-IT","@id":"https:\/\/www.diocesitn.it\/area-annuncio\/materiale-a-disposizione\/schede-amoris-laetitia\/capitolo-9\/#local-main-organization-logo","url":"https:\/\/www.diocesitn.it\/area-annuncio\/wp-content\/uploads\/sites\/39\/2021\/09\/og-logo-annuncio-e-sacramenti.jpg","contentUrl":"https:\/\/www.diocesitn.it\/area-annuncio\/wp-content\/uploads\/sites\/39\/2021\/09\/og-logo-annuncio-e-sacramenti.jpg","width":1200,"height":630,"caption":"Area Annuncio e Sacramenti - Chiesa di Trento"}]}},"_links":{"self":[{"href":"https:\/\/www.diocesitn.it\/area-annuncio\/wp-json\/wp\/v2\/pages\/2243","targetHints":{"allow":["GET"]}}],"collection":[{"href":"https:\/\/www.diocesitn.it\/area-annuncio\/wp-json\/wp\/v2\/pages"}],"about":[{"href":"https:\/\/www.diocesitn.it\/area-annuncio\/wp-json\/wp\/v2\/types\/page"}],"author":[{"embeddable":true,"href":"https:\/\/www.diocesitn.it\/area-annuncio\/wp-json\/wp\/v2\/users\/14"}],"replies":[{"embeddable":true,"href":"https:\/\/www.diocesitn.it\/area-annuncio\/wp-json\/wp\/v2\/comments?post=2243"}],"version-history":[{"count":0,"href":"https:\/\/www.diocesitn.it\/area-annuncio\/wp-json\/wp\/v2\/pages\/2243\/revisions"}],"up":[{"embeddable":true,"href":"https:\/\/www.diocesitn.it\/area-annuncio\/wp-json\/wp\/v2\/pages\/463"}],"wp:attachment":[{"href":"https:\/\/www.diocesitn.it\/area-annuncio\/wp-json\/wp\/v2\/media?parent=2243"}],"curies":[{"name":"wp","href":"https:\/\/api.w.org\/{rel}","templated":true}]}}