{"id":2241,"date":"2017-10-25T15:39:54","date_gmt":"2017-10-25T13:39:54","guid":{"rendered":"https:\/\/www.diocesitn.it\/famiglia\/materiale-a-disposizione\/schede-amoris-laetitia\/capitolo-1-2-2-2-2-2-2-2\/"},"modified":"2017-10-25T15:39:54","modified_gmt":"2017-10-25T13:39:54","slug":"capitolo-8","status":"publish","type":"page","link":"https:\/\/www.diocesitn.it\/area-annuncio\/materiale-a-disposizione\/schede-amoris-laetitia\/capitolo-8\/","title":{"rendered":"Capitolo 8"},"content":{"rendered":"<h1 class=\"c12\" style=\"text-align: center\"><strong><span class=\"c18\">ACCOMPAGNARE, DISCERNERE\u00a0<\/span><span class=\"c18\">E INTEGRARE LA FRAGILIT\u00c0<\/span><\/strong><\/h1>\n<p class=\"c12\" style=\"text-align: center\"><em><span class=\"c1 c9\">Lavori in corso! La misericordia che cura<\/span><\/em><\/p>\n<p>&nbsp;<\/p>\n<p class=\"c7\"><strong><span class=\"c5\">Film<\/span><\/strong><\/p>\n<ul>\n<li class=\"c7\"><span class=\"c1 c4\"><a class=\"c11\" href=\"https:\/\/www.google.com\/url?q=https:\/\/it.wikipedia.org\/wiki\/L%2527arte_della_felicit%25C3%25A0&amp;sa=D&amp;ust=1508942347976000&amp;usg=AFQjCNEZD_PWPPb-9YSJZAixyaCxFk6iTA\">L&#8217;arte della felicit\u00e0<\/a><\/span><\/li>\n<\/ul>\n<p class=\"c6\" style=\"padding-left: 30px\"><span class=\"c2\">(Alessandro Rak, Italia 2013, 77&#8242;)<\/span><\/p>\n<p class=\"c6\" style=\"padding-left: 30px\"><span class=\"c2\">Un cartone animati italiano per adulti, a met\u00e0 strada tra Napoli e il Tibet, per parlare dei rapporti tra fratelli.<\/span><\/p>\n<p>&nbsp;<\/p>\n<p class=\"c7\"><strong><span class=\"c14\">Arte<\/span><\/strong><\/p>\n<ul>\n<li class=\"c3\"><span class=\"c1 c4\"><a class=\"c11\" href=\"https:\/\/www.google.com\/url?q=http:\/\/notedipastoralegiovanile.it\/index.php?option%3Dcom_content%26view%3Darticle%26id%3D10580%253Alil-figliol-prodigo-nella-vita-modernar-3-il-ritorno%26catid%3D482%253Aquestioni-artistiche%26Itemid%3D1&amp;sa=D&amp;ust=1508942347977000&amp;usg=AFQjCNFrXIjr-cA1aJ9V82NnL0bzcreTZg\">Il ritorno<\/a><\/span><span class=\"c1\">\u00a0<\/span><span class=\"c2\">James Tissot (1882)<\/span><\/li>\n<\/ul>\n<p class=\"c3\" style=\"padding-left: 30px\"><span class=\"c2\">Il ritorno a casa del figlio minore \u00e8 tutto racchiuso in un abbraccio intenso, drammatico, sconvolgente.<\/span><\/p>\n<p>&nbsp;<\/p>\n<p class=\"c6\"><strong><span class=\"c5\">Lettura<\/span><\/strong><\/p>\n<ul>\n<li class=\"c6\"><span class=\"c1 c4\"><a class=\"c11\" href=\"https:\/\/www.google.com\/url?q=http:\/\/w2.vatican.va\/content\/osservatore-romano\/it\/comments\/2016\/documents\/energia-che-guarisce.html&amp;sa=D&amp;ust=1508942347979000&amp;usg=AFQjCNEs4D3wk-3GZnsrX3HTMiY_byqXfQ\">Enzo Bianchi &#8211; Energia che guarisce<\/a><\/span><span class=\"c2\">\u00a0(L\u2019Osservatore Romano, 29 aprile 2016)<\/span><\/li>\n<\/ul>\n<p>&nbsp;<\/p>\n<p class=\"c6\"><strong><span class=\"c5\">Musica<\/span><\/strong><\/p>\n<ul>\n<li class=\"c6\"><span class=\"c1 c4\"><a class=\"c11\" href=\"https:\/\/www.google.com\/url?q=https:\/\/www.youtube.com\/watch?v%3DARqpqyA49y0&amp;sa=D&amp;ust=1508942347979000&amp;usg=AFQjCNFvhz7cypXARBEqm9FTspPx3i2wmQ\">Ti ho voluto bene veramente<\/a><\/span><span class=\"c2\">\u00a0&#8211; Marco Mengoni<\/span><\/li>\n<\/ul>\n<p class=\"c6\" style=\"padding-left: 30px\"><span class=\"c2\">\u00c9 il viaggio interiore di un uomo che ha amato veramente, e che solo lontano comprende quello che \u00e8 stato e che non potr\u00e0 pi\u00f9 tornare (\u201cAvrei trovato molte pi\u00f9 risposte se avessi chiesto a te. Non posso farlo ora che sei cos\u00ec lontana\u201d).<\/span><\/p>\n<ul>\n<li class=\"c6\"><span class=\"c15 c4\"><a class=\"c11\" href=\"https:\/\/www.google.com\/url?q=https:\/\/www.youtube.com\/watch?v%3Dj0IFkFVqZ0Y&amp;sa=D&amp;ust=1508942347980000&amp;usg=AFQjCNGMPgQcZJ2FiXB-KMGyw926xxWOrQ\">Mille giorni di te e di me<\/a><\/span><span class=\"c2\">\u00a0&#8211; Claudio Baglioni<\/span><\/li>\n<\/ul>\n<p class=\"c6\" style=\"padding-left: 30px\"><span class=\"c15\">Parla di un amore finito senza un perch\u00e9, n\u00e9 una ragione, n\u00e9 un motivo. Un amore che racchiudeva tutto. Finendo, rester\u00e0 il tempo passato insieme che niente e nessuno potr\u00e0 mai cancellare, anche quando qualcun altro prender\u00e0 il suo posto.<\/span><\/p>\n","protected":false},"excerpt":{"rendered":"<p>ACCOMPAGNARE, DISCERNERE\u00a0E INTEGRARE LA FRAGILIT\u00c0 Lavori in corso! La misericordia che cura &nbsp; Film L&#8217;arte della felicit\u00e0 (Alessandro Rak, Italia 2013, 77&#8242;) Un cartone animati italiano per adulti, a met\u00e0 strada tra Napoli e il<\/p>\n","protected":false},"author":14,"featured_media":0,"parent":463,"menu_order":7,"comment_status":"closed","ping_status":"closed","template":"","meta":{"footnotes":""},"class_list":["post-2241","page","type-page","status-publish","hentry"],"acf":{"seed-localization-paese-cod":"IT","seed-localization-address":"","seed-localization-citta":"Trento","seed-localization-regione-cod-istat":"04","seed-localization-citta-cod-istat":"022205","seed-localization-localita":"","seed-localization-cap":"","seed-localization-marker-visibility":false,"seed-localization-children-visibility":false,"seed-localization-kml":null,"seed-localization-custom-marker":null},"yoast_head":"<!-- This site is optimized with the Yoast SEO Premium plugin v20.2.1 (Yoast SEO v22.2) - https:\/\/yoast.com\/wordpress\/plugins\/seo\/ -->\n<title>Capitolo 8 - Annuncio e Sacramenti<\/title>\n<meta name=\"robots\" content=\"index, follow, max-snippet:-1, max-image-preview:large, max-video-preview:-1\" \/>\n<link rel=\"canonical\" href=\"https:\/\/www.diocesitn.it\/area-annuncio\/materiale-a-disposizione\/schede-amoris-laetitia\/capitolo-8\/\" \/>\n<meta property=\"og:locale\" content=\"it_IT\" \/>\n<meta property=\"og:type\" content=\"article\" \/>\n<meta property=\"og:title\" content=\"Capitolo 8\" \/>\n<meta property=\"og:description\" content=\"ACCOMPAGNARE, DISCERNERE\u00a0E INTEGRARE LA FRAGILIT\u00c0 Lavori in corso! La misericordia che cura &nbsp; Film L&#8217;arte della felicit\u00e0 (Alessandro Rak, Italia 2013, 77&#8242;) Un cartone animati italiano per adulti, a met\u00e0 strada tra Napoli e il\" \/>\n<meta property=\"og:url\" content=\"https:\/\/www.diocesitn.it\/area-annuncio\/materiale-a-disposizione\/schede-amoris-laetitia\/capitolo-8\/\" \/>\n<meta property=\"og:site_name\" content=\"Annuncio e Sacramenti\" \/>\n<meta property=\"article:publisher\" content=\"https:\/\/www.facebook.com\/pastoralegiovanile.trento\/\" \/>\n<meta property=\"og:image\" content=\"https:\/\/www.diocesitn.it\/area-annuncio\/wp-content\/uploads\/sites\/39\/2021\/09\/og-logo-annuncio-e-sacramenti.jpg\" \/>\n\t<meta property=\"og:image:width\" content=\"1200\" \/>\n\t<meta property=\"og:image:height\" content=\"630\" \/>\n\t<meta property=\"og:image:type\" content=\"image\/jpeg\" \/>\n<meta name=\"twitter:card\" content=\"summary_large_image\" \/>\n<meta name=\"twitter:label1\" content=\"Tempo di lettura stimato\" \/>\n\t<meta name=\"twitter:data1\" content=\"1 minuto\" \/>\n<script type=\"application\/ld+json\" class=\"yoast-schema-graph\">{\"@context\":\"https:\/\/schema.org\",\"@graph\":[{\"@type\":\"WebPage\",\"@id\":\"https:\/\/www.diocesitn.it\/area-annuncio\/materiale-a-disposizione\/schede-amoris-laetitia\/capitolo-8\/\",\"url\":\"https:\/\/www.diocesitn.it\/area-annuncio\/materiale-a-disposizione\/schede-amoris-laetitia\/capitolo-8\/\",\"name\":\"Capitolo 8 - Annuncio e Sacramenti\",\"isPartOf\":{\"@id\":\"https:\/\/www.diocesitn.it\/area-annuncio\/#website\"},\"datePublished\":\"2017-10-25T13:39:54+00:00\",\"dateModified\":\"2017-10-25T13:39:54+00:00\",\"breadcrumb\":{\"@id\":\"https:\/\/www.diocesitn.it\/area-annuncio\/materiale-a-disposizione\/schede-amoris-laetitia\/capitolo-8\/#breadcrumb\"},\"inLanguage\":\"it-IT\",\"potentialAction\":[{\"@type\":\"ReadAction\",\"target\":[\"https:\/\/www.diocesitn.it\/area-annuncio\/materiale-a-disposizione\/schede-amoris-laetitia\/capitolo-8\/\"]}]},{\"@type\":\"BreadcrumbList\",\"@id\":\"https:\/\/www.diocesitn.it\/area-annuncio\/materiale-a-disposizione\/schede-amoris-laetitia\/capitolo-8\/#breadcrumb\",\"itemListElement\":[{\"@type\":\"ListItem\",\"position\":1,\"name\":\"Home\",\"item\":\"https:\/\/www.diocesitn.it\/area-annuncio\/\"},{\"@type\":\"ListItem\",\"position\":2,\"name\":\"MATERIALE A DISPOSIZIONE\",\"item\":\"https:\/\/www.diocesitn.it\/area-annuncio\/materiale-a-disposizione\/\"},{\"@type\":\"ListItem\",\"position\":3,\"name\":\"La grande bellezza\",\"item\":\"https:\/\/www.diocesitn.it\/area-annuncio\/materiale-a-disposizione\/schede-amoris-laetitia\/\"},{\"@type\":\"ListItem\",\"position\":4,\"name\":\"Capitolo 8\"}]},{\"@type\":\"WebSite\",\"@id\":\"https:\/\/www.diocesitn.it\/area-annuncio\/#website\",\"url\":\"https:\/\/www.diocesitn.it\/area-annuncio\/\",\"name\":\"Annuncio e Sacramenti\",\"description\":\"Chiesa di Trento\",\"publisher\":{\"@id\":\"https:\/\/www.diocesitn.it\/area-annuncio\/#organization\"},\"potentialAction\":[{\"@type\":\"SearchAction\",\"target\":{\"@type\":\"EntryPoint\",\"urlTemplate\":\"https:\/\/www.diocesitn.it\/area-annuncio\/?s={search_term_string}\"},\"query-input\":\"required name=search_term_string\"}],\"inLanguage\":\"it-IT\"},{\"@type\":[\"Organization\",\"Place\"],\"@id\":\"https:\/\/www.diocesitn.it\/area-annuncio\/#organization\",\"name\":\"Area Annuncio e Sacramenti - Chiesa di Trento\",\"url\":\"https:\/\/www.diocesitn.it\/area-annuncio\/\",\"logo\":{\"@id\":\"https:\/\/www.diocesitn.it\/area-annuncio\/materiale-a-disposizione\/schede-amoris-laetitia\/capitolo-8\/#local-main-organization-logo\"},\"image\":{\"@id\":\"https:\/\/www.diocesitn.it\/area-annuncio\/materiale-a-disposizione\/schede-amoris-laetitia\/capitolo-8\/#local-main-organization-logo\"},\"sameAs\":[\"https:\/\/www.facebook.com\/pastoralegiovanile.trento\/\",\"https:\/\/www.instagram.com\/pastoralegiovaniletrento\/\",\"https:\/\/www.youtube.com\/channel\/UCGt7hyJaIQIkrQPos4K6L6w\"],\"openingHoursSpecification\":[{\"@type\":\"OpeningHoursSpecification\",\"dayOfWeek\":[\"Monday\",\"Tuesday\",\"Wednesday\",\"Thursday\",\"Friday\",\"Saturday\",\"Sunday\"],\"opens\":\"09:00\",\"closes\":\"17:00\"}]},{\"@type\":\"ImageObject\",\"inLanguage\":\"it-IT\",\"@id\":\"https:\/\/www.diocesitn.it\/area-annuncio\/materiale-a-disposizione\/schede-amoris-laetitia\/capitolo-8\/#local-main-organization-logo\",\"url\":\"https:\/\/www.diocesitn.it\/area-annuncio\/wp-content\/uploads\/sites\/39\/2021\/09\/og-logo-annuncio-e-sacramenti.jpg\",\"contentUrl\":\"https:\/\/www.diocesitn.it\/area-annuncio\/wp-content\/uploads\/sites\/39\/2021\/09\/og-logo-annuncio-e-sacramenti.jpg\",\"width\":1200,\"height\":630,\"caption\":\"Area Annuncio e Sacramenti - Chiesa di Trento\"}]}<\/script>\n<!-- \/ Yoast SEO Premium plugin. -->","yoast_head_json":{"title":"Capitolo 8 - Annuncio e Sacramenti","robots":{"index":"index","follow":"follow","max-snippet":"max-snippet:-1","max-image-preview":"max-image-preview:large","max-video-preview":"max-video-preview:-1"},"canonical":"https:\/\/www.diocesitn.it\/area-annuncio\/materiale-a-disposizione\/schede-amoris-laetitia\/capitolo-8\/","og_locale":"it_IT","og_type":"article","og_title":"Capitolo 8","og_description":"ACCOMPAGNARE, DISCERNERE\u00a0E INTEGRARE LA FRAGILIT\u00c0 Lavori in corso! La misericordia che cura &nbsp; Film L&#8217;arte della felicit\u00e0 (Alessandro Rak, Italia 2013, 77&#8242;) Un cartone animati italiano per adulti, a met\u00e0 strada tra Napoli e il","og_url":"https:\/\/www.diocesitn.it\/area-annuncio\/materiale-a-disposizione\/schede-amoris-laetitia\/capitolo-8\/","og_site_name":"Annuncio e Sacramenti","article_publisher":"https:\/\/www.facebook.com\/pastoralegiovanile.trento\/","og_image":[{"width":1200,"height":630,"url":"https:\/\/www.diocesitn.it\/area-annuncio\/wp-content\/uploads\/sites\/39\/2021\/09\/og-logo-annuncio-e-sacramenti.jpg","type":"image\/jpeg"}],"twitter_card":"summary_large_image","twitter_misc":{"Tempo di lettura stimato":"1 minuto"},"schema":{"@context":"https:\/\/schema.org","@graph":[{"@type":"WebPage","@id":"https:\/\/www.diocesitn.it\/area-annuncio\/materiale-a-disposizione\/schede-amoris-laetitia\/capitolo-8\/","url":"https:\/\/www.diocesitn.it\/area-annuncio\/materiale-a-disposizione\/schede-amoris-laetitia\/capitolo-8\/","name":"Capitolo 8 - Annuncio e Sacramenti","isPartOf":{"@id":"https:\/\/www.diocesitn.it\/area-annuncio\/#website"},"datePublished":"2017-10-25T13:39:54+00:00","dateModified":"2017-10-25T13:39:54+00:00","breadcrumb":{"@id":"https:\/\/www.diocesitn.it\/area-annuncio\/materiale-a-disposizione\/schede-amoris-laetitia\/capitolo-8\/#breadcrumb"},"inLanguage":"it-IT","potentialAction":[{"@type":"ReadAction","target":["https:\/\/www.diocesitn.it\/area-annuncio\/materiale-a-disposizione\/schede-amoris-laetitia\/capitolo-8\/"]}]},{"@type":"BreadcrumbList","@id":"https:\/\/www.diocesitn.it\/area-annuncio\/materiale-a-disposizione\/schede-amoris-laetitia\/capitolo-8\/#breadcrumb","itemListElement":[{"@type":"ListItem","position":1,"name":"Home","item":"https:\/\/www.diocesitn.it\/area-annuncio\/"},{"@type":"ListItem","position":2,"name":"MATERIALE A DISPOSIZIONE","item":"https:\/\/www.diocesitn.it\/area-annuncio\/materiale-a-disposizione\/"},{"@type":"ListItem","position":3,"name":"La grande bellezza","item":"https:\/\/www.diocesitn.it\/area-annuncio\/materiale-a-disposizione\/schede-amoris-laetitia\/"},{"@type":"ListItem","position":4,"name":"Capitolo 8"}]},{"@type":"WebSite","@id":"https:\/\/www.diocesitn.it\/area-annuncio\/#website","url":"https:\/\/www.diocesitn.it\/area-annuncio\/","name":"Annuncio e Sacramenti","description":"Chiesa di Trento","publisher":{"@id":"https:\/\/www.diocesitn.it\/area-annuncio\/#organization"},"potentialAction":[{"@type":"SearchAction","target":{"@type":"EntryPoint","urlTemplate":"https:\/\/www.diocesitn.it\/area-annuncio\/?s={search_term_string}"},"query-input":"required name=search_term_string"}],"inLanguage":"it-IT"},{"@type":["Organization","Place"],"@id":"https:\/\/www.diocesitn.it\/area-annuncio\/#organization","name":"Area Annuncio e Sacramenti - Chiesa di Trento","url":"https:\/\/www.diocesitn.it\/area-annuncio\/","logo":{"@id":"https:\/\/www.diocesitn.it\/area-annuncio\/materiale-a-disposizione\/schede-amoris-laetitia\/capitolo-8\/#local-main-organization-logo"},"image":{"@id":"https:\/\/www.diocesitn.it\/area-annuncio\/materiale-a-disposizione\/schede-amoris-laetitia\/capitolo-8\/#local-main-organization-logo"},"sameAs":["https:\/\/www.facebook.com\/pastoralegiovanile.trento\/","https:\/\/www.instagram.com\/pastoralegiovaniletrento\/","https:\/\/www.youtube.com\/channel\/UCGt7hyJaIQIkrQPos4K6L6w"],"openingHoursSpecification":[{"@type":"OpeningHoursSpecification","dayOfWeek":["Monday","Tuesday","Wednesday","Thursday","Friday","Saturday","Sunday"],"opens":"09:00","closes":"17:00"}]},{"@type":"ImageObject","inLanguage":"it-IT","@id":"https:\/\/www.diocesitn.it\/area-annuncio\/materiale-a-disposizione\/schede-amoris-laetitia\/capitolo-8\/#local-main-organization-logo","url":"https:\/\/www.diocesitn.it\/area-annuncio\/wp-content\/uploads\/sites\/39\/2021\/09\/og-logo-annuncio-e-sacramenti.jpg","contentUrl":"https:\/\/www.diocesitn.it\/area-annuncio\/wp-content\/uploads\/sites\/39\/2021\/09\/og-logo-annuncio-e-sacramenti.jpg","width":1200,"height":630,"caption":"Area Annuncio e Sacramenti - Chiesa di Trento"}]}},"_links":{"self":[{"href":"https:\/\/www.diocesitn.it\/area-annuncio\/wp-json\/wp\/v2\/pages\/2241","targetHints":{"allow":["GET"]}}],"collection":[{"href":"https:\/\/www.diocesitn.it\/area-annuncio\/wp-json\/wp\/v2\/pages"}],"about":[{"href":"https:\/\/www.diocesitn.it\/area-annuncio\/wp-json\/wp\/v2\/types\/page"}],"author":[{"embeddable":true,"href":"https:\/\/www.diocesitn.it\/area-annuncio\/wp-json\/wp\/v2\/users\/14"}],"replies":[{"embeddable":true,"href":"https:\/\/www.diocesitn.it\/area-annuncio\/wp-json\/wp\/v2\/comments?post=2241"}],"version-history":[{"count":0,"href":"https:\/\/www.diocesitn.it\/area-annuncio\/wp-json\/wp\/v2\/pages\/2241\/revisions"}],"up":[{"embeddable":true,"href":"https:\/\/www.diocesitn.it\/area-annuncio\/wp-json\/wp\/v2\/pages\/463"}],"wp:attachment":[{"href":"https:\/\/www.diocesitn.it\/area-annuncio\/wp-json\/wp\/v2\/media?parent=2241"}],"curies":[{"name":"wp","href":"https:\/\/api.w.org\/{rel}","templated":true}]}}