{"id":2236,"date":"2017-10-25T15:35:06","date_gmt":"2017-10-25T13:35:06","guid":{"rendered":"https:\/\/www.diocesitn.it\/famiglia\/materiale-a-disposizione\/schede-amoris-laetitia\/capitolo-1-2-2-2-2-2\/"},"modified":"2017-10-25T15:35:06","modified_gmt":"2017-10-25T13:35:06","slug":"capitolo-6","status":"publish","type":"page","link":"https:\/\/www.diocesitn.it\/area-annuncio\/materiale-a-disposizione\/schede-amoris-laetitia\/capitolo-6\/","title":{"rendered":"Capitolo 6"},"content":{"rendered":"<h1 class=\"c11\" style=\"text-align: center\"><strong><span class=\"c15\">ALCUNE PROSPETTIVE PASTORALI<\/span><\/strong><\/h1>\n<p class=\"c11\" style=\"text-align: center\"><em><span class=\"c0\">Una parola ed un cuore che abbraccino tutte le famiglie<\/span><\/em><\/p>\n<p>&nbsp;<\/p>\n<p class=\"c6\"><strong><span class=\"c10\">Film<\/span><\/strong><\/p>\n<ul>\n<li class=\"c3\"><span class=\"c2\"><a class=\"c4\" href=\"https:\/\/www.google.com\/url?q=http:\/\/www.familycinematv.it\/node\/565&amp;sa=D&amp;ust=1508942041860000&amp;usg=AFQjCNF8iBykZdaEiB1PYcxWkN44wBVzHg\">Good bye, Lenin!<\/a><\/span><\/li>\n<\/ul>\n<p class=\"c3\" style=\"padding-left: 30px\"><span class=\"c1\">(Wolfgang Becker, Germania 2003)<\/span><\/p>\n<p class=\"c3\" style=\"padding-left: 30px\"><span class=\"c1\">Per aiutare i propri familiari nel momento del bisogno ci vuole anche una buona dose di inventiva e un po\u2019 di follia.<\/span><\/p>\n<ul>\n<li class=\"c3\"><span class=\"c2\"><a class=\"c4\" href=\"https:\/\/www.google.com\/url?q=http:\/\/www.familycinematv.it\/node\/203&amp;sa=D&amp;ust=1508942041861000&amp;usg=AFQjCNHIpYvac4eMh8j7qF51ej1eKy7lGQ\">La matassa<\/a><\/span><\/li>\n<\/ul>\n<p class=\"c3\" style=\"padding-left: 30px\"><span class=\"c1\">(Salvo Ficarra, Valentino Picone, Giambattista Avellino, Italia 2009, 98\u2019)<\/span><\/p>\n<p class=\"c3\" style=\"padding-left: 30px\"><span class=\"c1\">Quando due famiglie litigano, la parte difficile \u00e8 fare il primo passo.<\/span><\/p>\n<ul>\n<li class=\"c3\"><span class=\"c2\"><a class=\"c4\" href=\"https:\/\/www.google.com\/url?q=https:\/\/it.wikipedia.org\/wiki\/Una_storia_vera&amp;sa=D&amp;ust=1508942041863000&amp;usg=AFQjCNG76ZIwot1uTYB6j5c5qURz34-VdA\">Una storia vera<\/a><\/span><\/li>\n<\/ul>\n<p class=\"c3\" style=\"padding-left: 30px\"><span class=\"c1\">(David Lynch, USA-Canada 1999, 111\u2019)<\/span><\/p>\n<p class=\"c3\" style=\"padding-left: 30px\"><span class=\"c9\">Non \u00e8 mai troppo tardi per fare pace.<\/span><\/p>\n<ul>\n<li class=\"c6\"><span class=\"c2\"><a class=\"c4\" href=\"https:\/\/www.google.com\/url?q=http:\/\/familycinematv.it\/node\/2145&amp;sa=D&amp;ust=1508942041864000&amp;usg=AFQjCNEQPGnrXE0YEdMubDuNEUhiywi4wQ\">Due giorni, una notte<\/a><\/span><\/li>\n<\/ul>\n<p class=\"c6\" style=\"padding-left: 30px\"><span class=\"c1\">(Jean-Pierre Dardenne e Luc Dardenne, Belgio 2014, drammatico, 95\u2019)<\/span><\/p>\n<p class=\"c3\" style=\"padding-left: 30px\"><span class=\"c9\">Molto bello il rapporto tra Sandra e il marito, che non molla mai una moglie sempre sul punto di crollare; le sta vicino, la sprona a riconoscere quel che lei ha e la spinge a non desistere in una lotta in cui in palio non c\u2019\u00e8 solo un posto di lavoro, ma soprattutto il rispetto di se stessa.<\/span><\/p>\n<ul>\n<li class=\"c6\"><span class=\"c2\"><a class=\"c4\" href=\"https:\/\/www.google.com\/url?q=http:\/\/www.saledellacomunita.it\/wp-content\/uploads\/2016\/11\/10_Schede_AmorisLaetitia_45anni.pdf&amp;sa=D&amp;ust=1508942041866000&amp;usg=AFQjCNEUlaUDlaIQY_KjCxvR9KV2FCiujA\">45 anni<\/a><\/span><\/li>\n<\/ul>\n<p class=\"c6\" style=\"padding-left: 30px\"><span class=\"c1\">(Andrew Haigh, Gran Bretagna 2015, drammatico, 95\u2019)<\/span><\/p>\n<p class=\"c3\" style=\"padding-left: 30px\"><span class=\"c1\">L\u2019arrivo di una lettera inaspettata sconvolge le vite di una coppia sposata da quarantacinque anni e rimette in discussione la veridicit\u00e0 dei loro sentimenti<\/span><\/p>\n<ul>\n<li class=\"c6\"><span class=\"c2\"><a class=\"c4\" href=\"https:\/\/www.google.com\/url?q=http:\/\/www.saledellacomunita.it\/wp-content\/uploads\/2017\/01\/12_Schede_AmorisLaetitia_Laforestadeisogni.pdf&amp;sa=D&amp;ust=1508942041867000&amp;usg=AFQjCNG1qKNuMGYj3_BvBP2xhQXnledGTg\">La foresta dei sogni<\/a><\/span><\/li>\n<\/ul>\n<p class=\"c6\" style=\"padding-left: 30px\"><span class=\"c1\">(Gus Van Sant, USA 2015, drammatico, 110\u2019)<\/span><\/p>\n<p class=\"c3\" style=\"padding-left: 30px\"><span class=\"c1\">Rielaborare il lutto e il fallimento amoroso: due vicende che corrono parallele e intrecciate in quest\u2019opera e che raccontano tante situazioni odierne che tolgono il fiato alle persone.<\/span><\/p>\n<ul>\n<li class=\"c3\"><span class=\"c9 c23\"><a class=\"c4\" href=\"https:\/\/www.google.com\/url?q=http:\/\/www.saledellacomunita.it\/wp-content\/uploads\/2017\/02\/13_Schede_AmorisLaetitia-1.pdf&amp;sa=D&amp;ust=1508942041868000&amp;usg=AFQjCNEIDRnTZ0ta_7jYwJjjhSv99nIJoQ\">Animali notturni<\/a><\/span><\/li>\n<\/ul>\n<p class=\"c3\" style=\"padding-left: 30px\"><span class=\"c1\">(Tom Ford, USA, Thriller, 115\u2019)<\/span><\/p>\n<p class=\"c3\" style=\"padding-left: 30px\"><span class=\"c1\">Un thriller di grande suspense tra arte, moda, letteratura, affetti e violenza che ci pongono di fronte alcune provocazioni che possono valere anche per la nostra vita sentimentale.<\/span><\/p>\n<p>&nbsp;<\/p>\n<p class=\"c3\"><strong><span class=\"c10\">Musica<\/span><\/strong><\/p>\n<ul>\n<li class=\"c3\"><span class=\"c2\"><a class=\"c4\" href=\"https:\/\/www.google.com\/url?q=https:\/\/www.youtube.com\/watch?v%3DL1AAakt2w6g&amp;sa=D&amp;ust=1508942041869000&amp;usg=AFQjCNGX09j0qevVR4MpKmRWnz3uIF52LA\">Unica<\/a><\/span><span class=\"c9 c14\">\u00a0&#8211;\u00a0<\/span><span class=\"c1\">Antonello Venditti<\/span><\/li>\n<\/ul>\n<p class=\"c6\" style=\"padding-left: 30px\"><span class=\"c1\">\u00c9 il racconto in musica di una relazione di coppia.<\/span><\/p>\n<p>&nbsp;<\/p>\n<p class=\"c6\"><strong><span class=\"c10\">Arte\u00a0\u00a0\u00a0\u00a0\u00a0\u00a0\u00a0\u00a0\u00a0<\/span><span class=\"c16\">\u00a0\u00a0\u00a0\u00a0\u00a0\u00a0\u00a0\u00a0\u00a0\u00a0\u00a0\u00a0\u00a0\u00a0\u00a0\u00a0\u00a0 \u00a0\u00a0\u00a0\u00a0\u00a0\u00a0\u00a0\u00a0<\/span><\/strong><\/p>\n<p class=\"c3\"><span class=\"c2\"><a class=\"c4\" href=\"https:\/\/www.google.com\/url?q=https:\/\/www.vangoghmuseum.nl\/en\/collection\/s0029V1962&amp;sa=D&amp;ust=1508942041870000&amp;usg=AFQjCNGpdQ_X2Vd26pX-DUI04xDPZCcFIg\">Il Seminatore al tramonto<\/a><\/span><span class=\"c1\">\u00a0\u00e8 un celebre soggetto che Van Gogh che replic\u00f2 e riformul\u00f2 diverse volte lungo la sua vita, con diverse tecniche e in diversi formati. Questa che vediamo \u00e8 la versione di Arles, del 1888, conservata ad Amsterdam, quasi identica a quella di Zurigo, realizzata nello stesso anno. Sappiamo che questa tela si ispira ad un capolavoro di un altro artista, Jean-Fran\u00e7ois Millet, del 1850, che aveva lo stesso soggetto. Van Gogh, come possiamo rilevare dalle sue lettere, apprezzava moltissimo le opere di questo pittore francese autore tra l\u2019altro del famoso \u201cAngelus\u201d: ai suoi occhi infatti esse rivestivano un\u2019importanza fondamentale, perch\u00e9 rappresentavano una traduzione esemplare della fede cristiana. Tra tutta la produzione di Millet, nessun quadro impression\u00f2 Van Gogh come \u201cIl Seminatore\u201d, oggi conservato a Boston. Si dice che quella figura magra e nervosa, rappresentasse per Van Gogh qualcosa di entusiasmante, per cui ci si affezion\u00f2 fin al punto da idealizzarlo, anzi da idolatrarlo: il realismo drammatico del gesto grandioso con cui quest\u2019uomo sparge sulla terra \u201cil pane dell\u2019avvenire\u201d, raggiungeva infatti per lui un livello eroico, eterno\u2026 divino, tanto da portarlo ad affermare che esso costituiva \u201cl\u2019apice dell\u2019arte\u201d! Cos\u00ec, nel desiderio di seguire il proprio maestro, (che egli arriv\u00f2 perfino a chiamare \u201cpap\u00e0 Millet\u201d), Van Gogh, si propose di realizzare un\u2019opera che, nelle sue intenzioni, avrebbe dovuto diventare \u201cil\u201d seminatore in assoluto. Nel constatare tutta l\u2019attenzione particolarissima concentrata su questo soggetto da parte del nostro artista, dobbiamo anche ricordare un particolare di grande importanza: il tema del seminatore \u00e8 proposto infatti dalla parabola del Vangelo di Marco (4, 3-8), in cui Ges\u00f9, parlando della Parola di Dio, la paragona alla potenza del seme che dar\u00e0 il suo frutto nonostante tutte le avversit\u00e0; ebbene, per il giovane Van Gogh, figlio di un pastore protestante, proprio questo fu il primo testo che egli fu chiamato a commentare in un sermone festivo, nella sua veste di aiuto predicatore. E\u2019 quindi evidente che il messaggio della Scrittura ha svolto un ruolo centrale nell\u2019affascinarlo, anche se poi l\u2019artista svilupp\u00f2 soprattutto il tema della prosecuzione eterna della vita, (pi\u00f9 legato al racconto della creazione del Libro della Genesi, che al testo di Marco).<\/span><\/p>\n<p class=\"c3\"><span class=\"c1\">IL SEMINATORE<\/span><\/p>\n<p class=\"c3\"><span class=\"c1\">Cos\u00ec noi comprendiamo che questo quadro, \u201cIl Seminatore al tramonto\u201d, racchiudeva molti di quegli aspetti che erano al centro dell\u2019attenzione di Van Gogh: un chiaro riferimento al Vangelo, un gesto di grande portata simbolica, un\u2019espressione della fatica causata dall\u2019opera nobile ed impegnativa, una speranza nell\u2019avvenire. C\u2019\u00e8 grandiosit\u00e0, c\u2019\u00e8 stile, in questa figura che compie un gesto ordinario eppure solenne, dalle linee essenziali, che sembra dipinto in palese contrasto con i colori dei campi che egli sta seminando. Il suo sguardo si rivolge alla mano, mentre i suoi piedi, che noi non possiamo vedere per la particolarit\u00e0 del taglio del quadro, seguono il percorso tracciato dall\u2019aratro: il ritmo del passo e del gesto del braccio sono sincronizzati, in una cadenza che ricorda un passo di danza\u2026 la danza della vita! Sembra davvero che l\u2019uomo, tutto dipinto a tinte scure, senta il peso della sua responsabilit\u00e0. Quello della semina non \u00e8 un gesto banale; infatti solo se il contadino semina con arte, sapendo misurare l\u2019azione della mano con la quantit\u00e0 dei semi attinti dal sacco delle sementi, risparmier\u00e0 il seme e le forze produttive della terra, in un rituale che ha qualcosa del genio del Creatore. E sar\u00e0 veramente capace di generare la vita, con l\u2019aiuto di Dio. Per questo una volta i seminatori iniziavano la semina lanciando in aria un pugno di semi in forma di un segno di croce, accompagnandolo con una preghiera!<\/span><\/p>\n<p class=\"c3\"><span class=\"c1\">IL SOLE<\/span><\/p>\n<p class=\"c3\"><span class=\"c1\">Il sole, dipinto dall\u2019artista con un giallo limone, \u00e8 posto proprio dietro la testa del contadino, come una specie di aureola naturale! In questo modo ci viene rivelata la \u201csantit\u00e0\u201d del lavoro di quest\u2019uomo, riconosciuto come una continuazione dell\u2019opera del Creatore. Infatti, affidando il seme alla terra, quando anche non riuscisse a coglierne il frutto, noi comprendiamo che questo seminatore merita il riconoscimento e l\u2019onore di chi lotta con indomabile energia ed umilt\u00e0 per la vita. Inoltre, il particolare del sole al tramonto annuncia la fine di una giornata, cos\u00ec come l\u2019autunno preannuncia la venuta dell\u2019inverno: in questo senso, ancora di pi\u00f9 viene accentuato il significato di un congiungimento ideale tra la vita vecchia e quella nuova\u2026 e proprio per questo assume una valenza che ha il sapore dell\u2019eternit\u00e0. Il tutto, sotto un cielo verde\u2026 il colore della speranza.<\/span><\/p>\n<p class=\"c3\"><span class=\"c1\">L\u2019ALBERO<\/span><\/p>\n<p class=\"c3\"><span class=\"c1\">Alla figura del seminatore, fa da contrappunto un grande albero dipinto in primo piano, di stile \u201cgiapponese\u201d: anche questa presenza rimarca il senso della continuit\u00e0 tra la stagione autunnale e l\u2019inizio della vita nuova primaverile che produrr\u00e0 fiori e frutti. Seminatore ed albero ci sono adesso, come ci saranno dopo, al momento del raccolto\u2026 ed \u00e8 precisamente in questo orizzonte che Van Gogh percep\u00ec in questa scena qualcosa di trascendente, qualcosa che parla di Dio e della sua eterna azione creatrice e ricreatrice, che l\u2019uomo \u00e8 chiamato a continuare con la sua opera.<\/span><\/p>\n<p class=\"c3\"><span class=\"c1\">GENERALE<\/span><\/p>\n<p class=\"c3\"><span class=\"c1\">Per Van Gogh dunque questo seminatore non \u00e8 dunque una semplice scena agreste, quanto piuttosto una grande omelia a colori: questa semina doveva apparire agli spettatori come una vera e propria pagina biblica! Secondo Van Gogh gli dei, gli eroi ed i santi della pittura classica, era giusto ormai che lasciassero il posto all\u2019uomo comune. E l\u2019artista aveva il compito di raggiungere nella sua rappresentazione una tale elevatezza che assumesse anche una valenza edificante. Solo, in mezzo ad una terra colorata di cielo, ed arata da poco, questo seminatore sembra comprendere allora la grandezza della sua missione per comunicarla anche a noi. Quest\u2019uomo ci viene mostrato come un ministro di Dio che tiene in mano la ricchezza della terra e la lancia nel vento, perch\u00e9 anche noi, meravigliati, raccogliamo il suo messaggio: creare qualcosa di bello, di vero, di buono, fare del nostro ambiente, della nostra vita e del nostro lavoro quotidiano un\u2019opera d\u2019arte, \u00e8 questo il dono\/compito affidato alle nostre fragili e potenti mani, perch\u00e9 impariamo a camminare, guardando in avanti, con un desiderio di vita mai appagato, che si lancia continuamente verso nuovo orizzonti. Contempliamo dunque questa tela, provando a lasciarci cullare da alcuni versi tratti da una poesia di un\u2019autrice contemporanea:<\/span><\/p>\n<p class=\"c12\"><span class=\"c0\">Dopo il tuo primo solco, diritto e sicuro,<\/span><\/p>\n<p class=\"c12\"><span class=\"c0\">ora traccerai gli altri, perch\u00e9 la nebbia \u00e8 scomparsa<\/span><\/p>\n<p class=\"c12\"><span class=\"c0\">e vedi chiara la direzione\u2026<\/span><\/p>\n<p class=\"c12\"><span class=\"c0\">Ti contemplo all\u2019inizio di questa giornata,<\/span><\/p>\n<p class=\"c12\"><span class=\"c0\">io che non posso aiutarti\u2026<\/span><\/p>\n<p class=\"c12\"><span class=\"c0\">soltanto ti contemplo come un bambino,<\/span><\/p>\n<p class=\"c12\"><span class=\"c0\">ad occhi sgranati, da una siepe:<\/span><\/p>\n<p class=\"c12\"><span class=\"c0\">con le mie mani nude ed il mio cuore puro.<\/span><\/p>\n<p class=\"c12\"><span class=\"c0\">Dio benedica il tuo andare e il tuo stare,<\/span><\/p>\n<p class=\"c12\"><span class=\"c0\">benedica per te la semina ed il raccolto:<\/span><\/p>\n<p class=\"c12\"><span class=\"c0\">Egli che ar\u00f2 il grande campo dell\u2019universo<\/span><\/p>\n<p class=\"c12\"><span class=\"c0\">E trasse spighe di stelle dai suoi solchi.<\/span><\/p>\n<p class=\"c12\"><span class=\"c0\">Margherita Guidacci<\/span><\/p>\n<p class=\"c6\"><span class=\"c1\">don Antonio Scattolini<\/span><\/p>\n<p class=\"c6\"><span class=\"c1\">(Servizio per la Pastorale dell\u2019arte &#8220;Karis&#8221; della diocesi di Verona)<\/span><\/p>\n<p>&nbsp;<\/p>\n<p class=\"c6\"><strong><span class=\"c10 c19\">Lettura<\/span><\/strong><\/p>\n<ul>\n<li class=\"c6\"><span class=\"c9\">Accompagnare nel cammino dell\u2019amore &#8211;\u00a0<\/span><span class=\"c9 c14\">Orientamenti per l\u2019educazione degli adolescenti all\u2019amore<\/span><span class=\"c9\">, Centro Diocesano di Pastorale familiare, 2010.<\/span><\/li>\n<\/ul>\n","protected":false},"excerpt":{"rendered":"<p>ALCUNE PROSPETTIVE PASTORALI Una parola ed un cuore che abbraccino tutte le famiglie &nbsp; Film Good bye, Lenin! (Wolfgang Becker, Germania 2003) Per aiutare i propri familiari nel momento del bisogno ci vuole anche una<\/p>\n","protected":false},"author":14,"featured_media":0,"parent":463,"menu_order":5,"comment_status":"closed","ping_status":"closed","template":"","meta":{"footnotes":""},"class_list":["post-2236","page","type-page","status-publish","hentry"],"acf":{"seed-localization-paese-cod":"IT","seed-localization-address":"","seed-localization-citta":"Trento","seed-localization-regione-cod-istat":"04","seed-localization-citta-cod-istat":"022205","seed-localization-localita":"","seed-localization-cap":"","seed-localization-marker-visibility":false,"seed-localization-children-visibility":false,"seed-localization-kml":null,"seed-localization-custom-marker":null},"yoast_head":"<!-- This site is optimized with the Yoast SEO Premium plugin v20.2.1 (Yoast SEO v22.2) - https:\/\/yoast.com\/wordpress\/plugins\/seo\/ -->\n<title>Capitolo 6 - Annuncio e Sacramenti<\/title>\n<meta name=\"robots\" content=\"index, follow, max-snippet:-1, max-image-preview:large, max-video-preview:-1\" \/>\n<link rel=\"canonical\" href=\"https:\/\/www.diocesitn.it\/area-annuncio\/materiale-a-disposizione\/schede-amoris-laetitia\/capitolo-6\/\" \/>\n<meta property=\"og:locale\" content=\"it_IT\" \/>\n<meta property=\"og:type\" content=\"article\" \/>\n<meta property=\"og:title\" content=\"Capitolo 6\" \/>\n<meta property=\"og:description\" content=\"ALCUNE PROSPETTIVE PASTORALI Una parola ed un cuore che abbraccino tutte le famiglie &nbsp; Film Good bye, Lenin! (Wolfgang Becker, Germania 2003) Per aiutare i propri familiari nel momento del bisogno ci vuole anche una\" \/>\n<meta property=\"og:url\" content=\"https:\/\/www.diocesitn.it\/area-annuncio\/materiale-a-disposizione\/schede-amoris-laetitia\/capitolo-6\/\" \/>\n<meta property=\"og:site_name\" content=\"Annuncio e Sacramenti\" \/>\n<meta property=\"article:publisher\" content=\"https:\/\/www.facebook.com\/pastoralegiovanile.trento\/\" \/>\n<meta property=\"og:image\" content=\"https:\/\/www.diocesitn.it\/area-annuncio\/wp-content\/uploads\/sites\/39\/2021\/09\/og-logo-annuncio-e-sacramenti.jpg\" \/>\n\t<meta property=\"og:image:width\" content=\"1200\" \/>\n\t<meta property=\"og:image:height\" content=\"630\" \/>\n\t<meta property=\"og:image:type\" content=\"image\/jpeg\" \/>\n<meta name=\"twitter:card\" content=\"summary_large_image\" \/>\n<meta name=\"twitter:label1\" content=\"Tempo di lettura stimato\" \/>\n\t<meta name=\"twitter:data1\" content=\"7 minuti\" \/>\n<script type=\"application\/ld+json\" class=\"yoast-schema-graph\">{\"@context\":\"https:\/\/schema.org\",\"@graph\":[{\"@type\":\"WebPage\",\"@id\":\"https:\/\/www.diocesitn.it\/area-annuncio\/materiale-a-disposizione\/schede-amoris-laetitia\/capitolo-6\/\",\"url\":\"https:\/\/www.diocesitn.it\/area-annuncio\/materiale-a-disposizione\/schede-amoris-laetitia\/capitolo-6\/\",\"name\":\"Capitolo 6 - Annuncio e Sacramenti\",\"isPartOf\":{\"@id\":\"https:\/\/www.diocesitn.it\/area-annuncio\/#website\"},\"datePublished\":\"2017-10-25T13:35:06+00:00\",\"dateModified\":\"2017-10-25T13:35:06+00:00\",\"breadcrumb\":{\"@id\":\"https:\/\/www.diocesitn.it\/area-annuncio\/materiale-a-disposizione\/schede-amoris-laetitia\/capitolo-6\/#breadcrumb\"},\"inLanguage\":\"it-IT\",\"potentialAction\":[{\"@type\":\"ReadAction\",\"target\":[\"https:\/\/www.diocesitn.it\/area-annuncio\/materiale-a-disposizione\/schede-amoris-laetitia\/capitolo-6\/\"]}]},{\"@type\":\"BreadcrumbList\",\"@id\":\"https:\/\/www.diocesitn.it\/area-annuncio\/materiale-a-disposizione\/schede-amoris-laetitia\/capitolo-6\/#breadcrumb\",\"itemListElement\":[{\"@type\":\"ListItem\",\"position\":1,\"name\":\"Home\",\"item\":\"https:\/\/www.diocesitn.it\/area-annuncio\/\"},{\"@type\":\"ListItem\",\"position\":2,\"name\":\"MATERIALE A DISPOSIZIONE\",\"item\":\"https:\/\/www.diocesitn.it\/area-annuncio\/materiale-a-disposizione\/\"},{\"@type\":\"ListItem\",\"position\":3,\"name\":\"La grande bellezza\",\"item\":\"https:\/\/www.diocesitn.it\/area-annuncio\/materiale-a-disposizione\/schede-amoris-laetitia\/\"},{\"@type\":\"ListItem\",\"position\":4,\"name\":\"Capitolo 6\"}]},{\"@type\":\"WebSite\",\"@id\":\"https:\/\/www.diocesitn.it\/area-annuncio\/#website\",\"url\":\"https:\/\/www.diocesitn.it\/area-annuncio\/\",\"name\":\"Annuncio e Sacramenti\",\"description\":\"Chiesa di Trento\",\"publisher\":{\"@id\":\"https:\/\/www.diocesitn.it\/area-annuncio\/#organization\"},\"potentialAction\":[{\"@type\":\"SearchAction\",\"target\":{\"@type\":\"EntryPoint\",\"urlTemplate\":\"https:\/\/www.diocesitn.it\/area-annuncio\/?s={search_term_string}\"},\"query-input\":\"required name=search_term_string\"}],\"inLanguage\":\"it-IT\"},{\"@type\":[\"Organization\",\"Place\"],\"@id\":\"https:\/\/www.diocesitn.it\/area-annuncio\/#organization\",\"name\":\"Area Annuncio e Sacramenti - Chiesa di Trento\",\"url\":\"https:\/\/www.diocesitn.it\/area-annuncio\/\",\"logo\":{\"@id\":\"https:\/\/www.diocesitn.it\/area-annuncio\/materiale-a-disposizione\/schede-amoris-laetitia\/capitolo-6\/#local-main-organization-logo\"},\"image\":{\"@id\":\"https:\/\/www.diocesitn.it\/area-annuncio\/materiale-a-disposizione\/schede-amoris-laetitia\/capitolo-6\/#local-main-organization-logo\"},\"sameAs\":[\"https:\/\/www.facebook.com\/pastoralegiovanile.trento\/\",\"https:\/\/www.instagram.com\/pastoralegiovaniletrento\/\",\"https:\/\/www.youtube.com\/channel\/UCGt7hyJaIQIkrQPos4K6L6w\"],\"openingHoursSpecification\":[{\"@type\":\"OpeningHoursSpecification\",\"dayOfWeek\":[\"Monday\",\"Tuesday\",\"Wednesday\",\"Thursday\",\"Friday\",\"Saturday\",\"Sunday\"],\"opens\":\"09:00\",\"closes\":\"17:00\"}]},{\"@type\":\"ImageObject\",\"inLanguage\":\"it-IT\",\"@id\":\"https:\/\/www.diocesitn.it\/area-annuncio\/materiale-a-disposizione\/schede-amoris-laetitia\/capitolo-6\/#local-main-organization-logo\",\"url\":\"https:\/\/www.diocesitn.it\/area-annuncio\/wp-content\/uploads\/sites\/39\/2021\/09\/og-logo-annuncio-e-sacramenti.jpg\",\"contentUrl\":\"https:\/\/www.diocesitn.it\/area-annuncio\/wp-content\/uploads\/sites\/39\/2021\/09\/og-logo-annuncio-e-sacramenti.jpg\",\"width\":1200,\"height\":630,\"caption\":\"Area Annuncio e Sacramenti - Chiesa di Trento\"}]}<\/script>\n<!-- \/ Yoast SEO Premium plugin. -->","yoast_head_json":{"title":"Capitolo 6 - Annuncio e Sacramenti","robots":{"index":"index","follow":"follow","max-snippet":"max-snippet:-1","max-image-preview":"max-image-preview:large","max-video-preview":"max-video-preview:-1"},"canonical":"https:\/\/www.diocesitn.it\/area-annuncio\/materiale-a-disposizione\/schede-amoris-laetitia\/capitolo-6\/","og_locale":"it_IT","og_type":"article","og_title":"Capitolo 6","og_description":"ALCUNE PROSPETTIVE PASTORALI Una parola ed un cuore che abbraccino tutte le famiglie &nbsp; Film Good bye, Lenin! (Wolfgang Becker, Germania 2003) Per aiutare i propri familiari nel momento del bisogno ci vuole anche una","og_url":"https:\/\/www.diocesitn.it\/area-annuncio\/materiale-a-disposizione\/schede-amoris-laetitia\/capitolo-6\/","og_site_name":"Annuncio e Sacramenti","article_publisher":"https:\/\/www.facebook.com\/pastoralegiovanile.trento\/","og_image":[{"width":1200,"height":630,"url":"https:\/\/www.diocesitn.it\/area-annuncio\/wp-content\/uploads\/sites\/39\/2021\/09\/og-logo-annuncio-e-sacramenti.jpg","type":"image\/jpeg"}],"twitter_card":"summary_large_image","twitter_misc":{"Tempo di lettura stimato":"7 minuti"},"schema":{"@context":"https:\/\/schema.org","@graph":[{"@type":"WebPage","@id":"https:\/\/www.diocesitn.it\/area-annuncio\/materiale-a-disposizione\/schede-amoris-laetitia\/capitolo-6\/","url":"https:\/\/www.diocesitn.it\/area-annuncio\/materiale-a-disposizione\/schede-amoris-laetitia\/capitolo-6\/","name":"Capitolo 6 - Annuncio e Sacramenti","isPartOf":{"@id":"https:\/\/www.diocesitn.it\/area-annuncio\/#website"},"datePublished":"2017-10-25T13:35:06+00:00","dateModified":"2017-10-25T13:35:06+00:00","breadcrumb":{"@id":"https:\/\/www.diocesitn.it\/area-annuncio\/materiale-a-disposizione\/schede-amoris-laetitia\/capitolo-6\/#breadcrumb"},"inLanguage":"it-IT","potentialAction":[{"@type":"ReadAction","target":["https:\/\/www.diocesitn.it\/area-annuncio\/materiale-a-disposizione\/schede-amoris-laetitia\/capitolo-6\/"]}]},{"@type":"BreadcrumbList","@id":"https:\/\/www.diocesitn.it\/area-annuncio\/materiale-a-disposizione\/schede-amoris-laetitia\/capitolo-6\/#breadcrumb","itemListElement":[{"@type":"ListItem","position":1,"name":"Home","item":"https:\/\/www.diocesitn.it\/area-annuncio\/"},{"@type":"ListItem","position":2,"name":"MATERIALE A DISPOSIZIONE","item":"https:\/\/www.diocesitn.it\/area-annuncio\/materiale-a-disposizione\/"},{"@type":"ListItem","position":3,"name":"La grande bellezza","item":"https:\/\/www.diocesitn.it\/area-annuncio\/materiale-a-disposizione\/schede-amoris-laetitia\/"},{"@type":"ListItem","position":4,"name":"Capitolo 6"}]},{"@type":"WebSite","@id":"https:\/\/www.diocesitn.it\/area-annuncio\/#website","url":"https:\/\/www.diocesitn.it\/area-annuncio\/","name":"Annuncio e Sacramenti","description":"Chiesa di Trento","publisher":{"@id":"https:\/\/www.diocesitn.it\/area-annuncio\/#organization"},"potentialAction":[{"@type":"SearchAction","target":{"@type":"EntryPoint","urlTemplate":"https:\/\/www.diocesitn.it\/area-annuncio\/?s={search_term_string}"},"query-input":"required name=search_term_string"}],"inLanguage":"it-IT"},{"@type":["Organization","Place"],"@id":"https:\/\/www.diocesitn.it\/area-annuncio\/#organization","name":"Area Annuncio e Sacramenti - Chiesa di Trento","url":"https:\/\/www.diocesitn.it\/area-annuncio\/","logo":{"@id":"https:\/\/www.diocesitn.it\/area-annuncio\/materiale-a-disposizione\/schede-amoris-laetitia\/capitolo-6\/#local-main-organization-logo"},"image":{"@id":"https:\/\/www.diocesitn.it\/area-annuncio\/materiale-a-disposizione\/schede-amoris-laetitia\/capitolo-6\/#local-main-organization-logo"},"sameAs":["https:\/\/www.facebook.com\/pastoralegiovanile.trento\/","https:\/\/www.instagram.com\/pastoralegiovaniletrento\/","https:\/\/www.youtube.com\/channel\/UCGt7hyJaIQIkrQPos4K6L6w"],"openingHoursSpecification":[{"@type":"OpeningHoursSpecification","dayOfWeek":["Monday","Tuesday","Wednesday","Thursday","Friday","Saturday","Sunday"],"opens":"09:00","closes":"17:00"}]},{"@type":"ImageObject","inLanguage":"it-IT","@id":"https:\/\/www.diocesitn.it\/area-annuncio\/materiale-a-disposizione\/schede-amoris-laetitia\/capitolo-6\/#local-main-organization-logo","url":"https:\/\/www.diocesitn.it\/area-annuncio\/wp-content\/uploads\/sites\/39\/2021\/09\/og-logo-annuncio-e-sacramenti.jpg","contentUrl":"https:\/\/www.diocesitn.it\/area-annuncio\/wp-content\/uploads\/sites\/39\/2021\/09\/og-logo-annuncio-e-sacramenti.jpg","width":1200,"height":630,"caption":"Area Annuncio e Sacramenti - Chiesa di Trento"}]}},"_links":{"self":[{"href":"https:\/\/www.diocesitn.it\/area-annuncio\/wp-json\/wp\/v2\/pages\/2236","targetHints":{"allow":["GET"]}}],"collection":[{"href":"https:\/\/www.diocesitn.it\/area-annuncio\/wp-json\/wp\/v2\/pages"}],"about":[{"href":"https:\/\/www.diocesitn.it\/area-annuncio\/wp-json\/wp\/v2\/types\/page"}],"author":[{"embeddable":true,"href":"https:\/\/www.diocesitn.it\/area-annuncio\/wp-json\/wp\/v2\/users\/14"}],"replies":[{"embeddable":true,"href":"https:\/\/www.diocesitn.it\/area-annuncio\/wp-json\/wp\/v2\/comments?post=2236"}],"version-history":[{"count":0,"href":"https:\/\/www.diocesitn.it\/area-annuncio\/wp-json\/wp\/v2\/pages\/2236\/revisions"}],"up":[{"embeddable":true,"href":"https:\/\/www.diocesitn.it\/area-annuncio\/wp-json\/wp\/v2\/pages\/463"}],"wp:attachment":[{"href":"https:\/\/www.diocesitn.it\/area-annuncio\/wp-json\/wp\/v2\/media?parent=2236"}],"curies":[{"name":"wp","href":"https:\/\/api.w.org\/{rel}","templated":true}]}}