{"id":2232,"date":"2017-10-25T15:32:02","date_gmt":"2017-10-25T13:32:02","guid":{"rendered":"https:\/\/www.diocesitn.it\/famiglia\/materiale-a-disposizione\/schede-amoris-laetitia\/capitolo-1-2-2-2-2\/"},"modified":"2017-10-25T15:32:02","modified_gmt":"2017-10-25T13:32:02","slug":"capitolo-5","status":"publish","type":"page","link":"https:\/\/www.diocesitn.it\/area-annuncio\/materiale-a-disposizione\/schede-amoris-laetitia\/capitolo-5\/","title":{"rendered":"Capitolo 5"},"content":{"rendered":"<h1 class=\"c2\" style=\"padding-left: 30px;text-align: center\"><strong><span class=\"c18\">L\u2019AMORE CHE DIVENTA FECONDO<\/span><\/strong><\/h1>\n<p class=\"c2\" style=\"text-align: center\"><em><span class=\"c3\">La risposta ad un dono<\/span><\/em><\/p>\n<p>&nbsp;<\/p>\n<p class=\"c4\"><strong><span class=\"c8\">Film<\/span><\/strong><\/p>\n<ul>\n<li class=\"c4\"><span class=\"c1\"><a class=\"c0\" href=\"https:\/\/www.google.com\/url?q=http:\/\/www.familycinematv.it\/node\/798&amp;sa=D&amp;ust=1508941864191000&amp;usg=AFQjCNFS9icBScD2QqvA9TIFzuohdmUtww\">Alla ricerca di Nemo<\/a><\/span><\/li>\n<\/ul>\n<p class=\"c9\" style=\"padding-left: 30px\"><span class=\"c5\">(Andrew Stanton, USA 2003, 104\u2019)<\/span><\/p>\n<p class=\"c9\" style=\"padding-left: 30px\"><span class=\"c5\">Il celebre cartone animato \u00e8 la storia di un padre che di fronte a un figlio che si \u00e8 perduto deve non solo ritrovarlo, ma anche farlo \u201cnascere di nuovo\u201d.<\/span><\/p>\n<ul>\n<li class=\"c9\"><span class=\"c1\"><a class=\"c0\" href=\"https:\/\/www.google.com\/url?q=http:\/\/www.familycinematv.it\/node\/1371&amp;sa=D&amp;ust=1508941864192000&amp;usg=AFQjCNF_6W69GFZaTMZpxkhD2sQWbX7Zig\">Courageous<\/a><\/span><span class=\"c7 c12\">\u00a0<\/span><span class=\"c5\">&#8211; La sfida pi\u00f9 grande<\/span><\/li>\n<\/ul>\n<p class=\"c9\" style=\"padding-left: 30px\"><span class=\"c5\">(Alex Kendrick, USA 2011, 124\u2019)<\/span><\/p>\n<p class=\"c9\" style=\"padding-left: 30px\"><span class=\"c5\">Il film mette in evidenza il valore della paternit\u00e0 all\u2019interno della famiglia per un sereno sviluppo della crescita dei figli. \u00a0<\/span><\/p>\n<ul>\n<li class=\"c9\"><span class=\"c1\"><a class=\"c0\" href=\"https:\/\/www.google.com\/url?q=http:\/\/www.saledellacomunita.it\/wp-content\/uploads\/2016\/10\/05_Schede_AmorisLaetitia_Se_permetti_non_parlarmi_di_bambini.pdf&amp;sa=D&amp;ust=1508941864193000&amp;usg=AFQjCNHf3hI5WWSEybxZ0LcZVserEIQhVg\">Se permetti non parlarmi di bambini<\/a><\/span><\/li>\n<\/ul>\n<p class=\"c9\" style=\"padding-left: 30px\"><span class=\"c7\">(Ariel Winograd, Argentina Spagna 2015, commedia, 100<\/span><span class=\"c7\">\u2019)<\/span><span class=\"c7\">\u00a0\u00a0\u00a0\u00a0\u00a0\u00a0\u00a0\u00a0<\/span><\/p>\n<p class=\"c9\" style=\"padding-left: 30px\"><span class=\"c5\">Dietro questa affermazione, titolo del film, si nascondono insidie attorno a cui non \u00e8 facile costruire una nuova famiglia dopo una separazione e, soprattutto, capire cosa significhi davvero sentirsi liberi.<\/span><\/p>\n<ul>\n<li class=\"c9\"><span class=\"c1\"><a class=\"c0\" href=\"https:\/\/www.google.com\/url?q=http:\/\/www.sentieridelcinema.it\/tutti-i-santi-giorni-2\/&amp;sa=D&amp;ust=1508941864194000&amp;usg=AFQjCNF4KwaXsoz8z07bInerPbzEXAT0Dw\">Tutti i santi giorni<\/a><\/span><\/li>\n<\/ul>\n<p class=\"c9\" style=\"padding-left: 30px\"><span class=\"c5\">(Paolo Virz\u00ec, Italia 2012, commedia, 102\u2019)<\/span><\/p>\n<p class=\"c9\" style=\"padding-left: 30px\"><span class=\"c5\">Due giovani, precari e molto innamorati, desiderano un figlio. E su questo desiderio la loro storia d\u2019amore rischia di saltar per aria.<\/span><\/p>\n<ul>\n<li class=\"c9\"><span class=\"c1\"><a class=\"c0\" href=\"https:\/\/www.google.com\/url?q=http:\/\/news.mtv.it\/cinema\/la-scelta-2\/&amp;sa=D&amp;ust=1508941864195000&amp;usg=AFQjCNHBGohDQiyhcspklgvmQdBmFdTMVA\">La scelta<\/a><\/span><\/li>\n<\/ul>\n<p class=\"c9\" style=\"padding-left: 30px\"><span class=\"c7\">(Michele Placido, Italia 2015, drammatico, 86\u2019)<\/span><\/p>\n<p class=\"c9\" style=\"padding-left: 30px\"><span class=\"c5\">Maternit\u00e0 mancata, violenza subita, vita da difendere, equilibrio di coppia: sono i temi importanti che emergono e possono essere oggetto di dibattito.<\/span><\/p>\n<ul>\n<li class=\"c4\"><span class=\"c1\"><a class=\"c0\" href=\"https:\/\/www.google.com\/url?q=http:\/\/www.saledellacomunita.it\/wp-content\/uploads\/2016\/11\/09_Schede_AmorisLaetitia_Rara_Una_famiglia_strana.pdf&amp;sa=D&amp;ust=1508941864196000&amp;usg=AFQjCNHiaZuqCD9EFEzVj570ei1eAxllrw\">Rara una strana famiglia<\/a><\/span><\/li>\n<\/ul>\n<p class=\"c4\" style=\"padding-left: 30px\"><span class=\"c5\">(Pepa San Mart\u00ccn, Cile &#8211; Argentina 2016, drammatico, 90\u2019)<\/span><\/p>\n<p class=\"c9\" style=\"padding-left: 30px\"><span class=\"c5\">Le separazioni sono un dramma per gli adulti, ma non meno per i figli; Sara e la sorella minore Catalina saranno chiamate a confrontarsi con un nuovo panorama affettivo per niente lineare.<\/span><\/p>\n<ul>\n<li class=\"c9\"><span class=\"c7 c16\"><a class=\"c0\" href=\"https:\/\/www.google.com\/url?q=http:\/\/www.saledellacomunita.it\/wp-content\/uploads\/2017\/03\/16_Schede_AmorisLaetitia_Julieta.pdf&amp;sa=D&amp;ust=1508941864197000&amp;usg=AFQjCNG1WH8WcLUioDS0XrfZ_MvkDJqHRg\">Julieta<\/a><\/span><\/li>\n<\/ul>\n<p class=\"c4\" style=\"padding-left: 30px\"><span class=\"c5\">(Pedro Almod\u00f3var, Spagna 2016, drammatico, 99\u2019)<\/span><\/p>\n<p class=\"c9\" style=\"padding-left: 30px\"><span class=\"c5\">Film dedicato al tema della donna e della maternit\u00e0. Julieta, nei volti giovane e adulto di due donne meravigliose, ci accompagna alla forza intramontabile delle madri.<\/span><\/p>\n<p>&nbsp;<\/p>\n<p class=\"c4\"><strong><span class=\"c8\">Musica<\/span><\/strong><\/p>\n<ul>\n<li class=\"c4\"><span class=\"c1\"><a class=\"c0\" href=\"https:\/\/www.google.com\/url?q=https:\/\/www.youtube.com\/watch?v%3DvHposECYW5A&amp;sa=D&amp;ust=1508941864198000&amp;usg=AFQjCNHpsvgX8HrLuG_I9ZO9V11bcRihnw\">La vita \u00e8 un dono<\/a><\/span><span class=\"c5\">\u00a0&#8211; Renato Zero<\/span><\/li>\n<\/ul>\n<p class=\"c4\" style=\"padding-left: 30px\"><span class=\"c5\">La vita \u00e8 un dono che si deve accettare, condividere e poi restituire.<\/span><\/p>\n<ul>\n<li class=\"c4\"><span class=\"c7 c16\"><a class=\"c0\" href=\"https:\/\/www.google.com\/url?q=https:\/\/www.youtube.com\/watch?v%3DFb9A2Ac7p4g&amp;sa=D&amp;ust=1508941864199000&amp;usg=AFQjCNFBF7zOwF2_bTApWPDQDiRn7tu9XA\">Da adesso in poi<\/a><\/span><span class=\"c5\">\u00a0&#8211; Luciano Ligabue<\/span><\/li>\n<\/ul>\n<p class=\"c4\" style=\"padding-left: 30px\"><span class=\"c5\">Tutto cambia con l\u2019arrivo di un figlio; soprattutto, realizzi che vale la pena vivere<\/span><\/p>\n<p>&nbsp;<\/p>\n<p class=\"c4\"><strong><span class=\"c8\">Letture<\/span><\/strong><\/p>\n<ul>\n<li class=\"c21\"><span class=\"c7\">Scocchera<\/span><span class=\"c7\">, A.,\u00a0<\/span><span class=\"c1\"><a class=\"c0\" href=\"https:\/\/www.google.com\/url?q=https:\/\/books.google.it\/books\/about\/Maria_Montessori.html?id%3Dpw-KAQAACAAJ%26redir_esc%3Dy&amp;sa=D&amp;ust=1508941864200000&amp;usg=AFQjCNFzlKn7fiC5GYoTEdSeCul4XqAeyA\">Maria Montessori: Una storia per il nostro tempo<\/a><\/span><span class=\"c5\">, Ed. Opera Nazionale Montessori, 2005, 29-30.<\/span><\/li>\n<li class=\"c14\"><span class=\"c7 c16\"><a class=\"c0\" href=\"https:\/\/www.google.com\/url?q=http:\/\/www.operanazionalemontessori.it\/index.php?option%3Dcom_content%26task%3Dview%26id%3D82&amp;sa=D&amp;ust=1508941864201000&amp;usg=AFQjCNF5L0gF_IjkwPXdHYoODa_4dH5oHg\">Approfondimento sull\u2019Opera Nazionale Montessori<\/a><\/span><\/li>\n<\/ul>\n<p>&nbsp;<\/p>\n<p class=\"c4\"><strong><span class=\"c8\">Video<\/span><\/strong><\/p>\n<ul>\n<li class=\"c9\"><span class=\"c1\"><a class=\"c0\" href=\"https:\/\/www.google.com\/url?q=https:\/\/www.youtube.com\/watch?v%3DPe0jFDPHkzo%26feature%3Dyoutu.be&amp;sa=D&amp;ust=1508941864202000&amp;usg=AFQjCNGtBMZuOjKtYdYf9jpxzc2KOW9AKg\">L&#8217;amore non \u00e8 cieco. Il narcisismo s\u00ec\u2026<\/a><\/span><\/li>\n<\/ul>\n<p class=\"c9\" style=\"padding-left: 30px\"><span class=\"c7\">L\u2019amore \u00e8 dono di s\u00e9; \u00e8 dimenticare se stessi per andare incontro all\u2019altro\/a e costruire con lui\/lei una storia nuova.<\/span><\/p>\n<ul>\n<li class=\"c9\"><span class=\"c1\"><a class=\"c0\" href=\"https:\/\/www.google.com\/url?q=https:\/\/www.youtube.com\/watch?v%3DDRoqk_z2Lgg%26feature%3Dyoutu.be&amp;sa=D&amp;ust=1508941864203000&amp;usg=AFQjCNHwriktAlHFeA-99xPqMBuyKRN4hw\">The unique connection<\/a><\/span><\/li>\n<\/ul>\n<p class=\"c9\" style=\"padding-left: 30px\"><span class=\"c7\">Il legame con la propria madre \u00e8 unico.<\/span><\/p>\n<p class=\"c14\"><span class=\"c7 c12\">\u00a0\u00a0\u00a0\u00a0\u00a0\u00a0\u00a0\u00a0<\/span><\/p>\n<h1 class=\"c10\" style=\"text-align: center\"><\/h1>\n","protected":false},"excerpt":{"rendered":"<p>L\u2019AMORE CHE DIVENTA FECONDO La risposta ad un dono &nbsp; Film Alla ricerca di Nemo (Andrew Stanton, USA 2003, 104\u2019) Il celebre cartone animato \u00e8 la storia di un padre che di fronte a un<\/p>\n","protected":false},"author":14,"featured_media":0,"parent":463,"menu_order":4,"comment_status":"closed","ping_status":"closed","template":"","meta":{"footnotes":""},"class_list":["post-2232","page","type-page","status-publish","hentry"],"acf":{"seed-localization-paese-cod":"IT","seed-localization-address":"","seed-localization-citta":"Trento","seed-localization-regione-cod-istat":"04","seed-localization-citta-cod-istat":"022205","seed-localization-localita":"","seed-localization-cap":"","seed-localization-marker-visibility":false,"seed-localization-children-visibility":false,"seed-localization-kml":null,"seed-localization-custom-marker":null},"yoast_head":"<!-- This site is optimized with the Yoast SEO Premium plugin v20.2.1 (Yoast SEO v22.2) - https:\/\/yoast.com\/wordpress\/plugins\/seo\/ -->\n<title>Capitolo 5 - Annuncio e Sacramenti<\/title>\n<meta name=\"robots\" content=\"index, follow, max-snippet:-1, max-image-preview:large, max-video-preview:-1\" \/>\n<link rel=\"canonical\" href=\"https:\/\/www.diocesitn.it\/area-annuncio\/materiale-a-disposizione\/schede-amoris-laetitia\/capitolo-5\/\" \/>\n<meta property=\"og:locale\" content=\"it_IT\" \/>\n<meta property=\"og:type\" content=\"article\" \/>\n<meta property=\"og:title\" content=\"Capitolo 5\" \/>\n<meta property=\"og:description\" content=\"L\u2019AMORE CHE DIVENTA FECONDO La risposta ad un dono &nbsp; Film Alla ricerca di Nemo (Andrew Stanton, USA 2003, 104\u2019) Il celebre cartone animato \u00e8 la storia di un padre che di fronte a un\" \/>\n<meta property=\"og:url\" content=\"https:\/\/www.diocesitn.it\/area-annuncio\/materiale-a-disposizione\/schede-amoris-laetitia\/capitolo-5\/\" \/>\n<meta property=\"og:site_name\" content=\"Annuncio e Sacramenti\" \/>\n<meta property=\"article:publisher\" content=\"https:\/\/www.facebook.com\/pastoralegiovanile.trento\/\" \/>\n<meta property=\"og:image\" content=\"https:\/\/www.diocesitn.it\/area-annuncio\/wp-content\/uploads\/sites\/39\/2021\/09\/og-logo-annuncio-e-sacramenti.jpg\" \/>\n\t<meta property=\"og:image:width\" content=\"1200\" \/>\n\t<meta property=\"og:image:height\" content=\"630\" \/>\n\t<meta property=\"og:image:type\" content=\"image\/jpeg\" \/>\n<meta name=\"twitter:card\" content=\"summary_large_image\" \/>\n<meta name=\"twitter:label1\" content=\"Tempo di lettura stimato\" \/>\n\t<meta name=\"twitter:data1\" content=\"2 minuti\" \/>\n<script type=\"application\/ld+json\" class=\"yoast-schema-graph\">{\"@context\":\"https:\/\/schema.org\",\"@graph\":[{\"@type\":\"WebPage\",\"@id\":\"https:\/\/www.diocesitn.it\/area-annuncio\/materiale-a-disposizione\/schede-amoris-laetitia\/capitolo-5\/\",\"url\":\"https:\/\/www.diocesitn.it\/area-annuncio\/materiale-a-disposizione\/schede-amoris-laetitia\/capitolo-5\/\",\"name\":\"Capitolo 5 - Annuncio e Sacramenti\",\"isPartOf\":{\"@id\":\"https:\/\/www.diocesitn.it\/area-annuncio\/#website\"},\"datePublished\":\"2017-10-25T13:32:02+00:00\",\"dateModified\":\"2017-10-25T13:32:02+00:00\",\"breadcrumb\":{\"@id\":\"https:\/\/www.diocesitn.it\/area-annuncio\/materiale-a-disposizione\/schede-amoris-laetitia\/capitolo-5\/#breadcrumb\"},\"inLanguage\":\"it-IT\",\"potentialAction\":[{\"@type\":\"ReadAction\",\"target\":[\"https:\/\/www.diocesitn.it\/area-annuncio\/materiale-a-disposizione\/schede-amoris-laetitia\/capitolo-5\/\"]}]},{\"@type\":\"BreadcrumbList\",\"@id\":\"https:\/\/www.diocesitn.it\/area-annuncio\/materiale-a-disposizione\/schede-amoris-laetitia\/capitolo-5\/#breadcrumb\",\"itemListElement\":[{\"@type\":\"ListItem\",\"position\":1,\"name\":\"Home\",\"item\":\"https:\/\/www.diocesitn.it\/area-annuncio\/\"},{\"@type\":\"ListItem\",\"position\":2,\"name\":\"MATERIALE A DISPOSIZIONE\",\"item\":\"https:\/\/www.diocesitn.it\/area-annuncio\/materiale-a-disposizione\/\"},{\"@type\":\"ListItem\",\"position\":3,\"name\":\"La grande bellezza\",\"item\":\"https:\/\/www.diocesitn.it\/area-annuncio\/materiale-a-disposizione\/schede-amoris-laetitia\/\"},{\"@type\":\"ListItem\",\"position\":4,\"name\":\"Capitolo 5\"}]},{\"@type\":\"WebSite\",\"@id\":\"https:\/\/www.diocesitn.it\/area-annuncio\/#website\",\"url\":\"https:\/\/www.diocesitn.it\/area-annuncio\/\",\"name\":\"Annuncio e Sacramenti\",\"description\":\"Chiesa di Trento\",\"publisher\":{\"@id\":\"https:\/\/www.diocesitn.it\/area-annuncio\/#organization\"},\"potentialAction\":[{\"@type\":\"SearchAction\",\"target\":{\"@type\":\"EntryPoint\",\"urlTemplate\":\"https:\/\/www.diocesitn.it\/area-annuncio\/?s={search_term_string}\"},\"query-input\":\"required name=search_term_string\"}],\"inLanguage\":\"it-IT\"},{\"@type\":[\"Organization\",\"Place\"],\"@id\":\"https:\/\/www.diocesitn.it\/area-annuncio\/#organization\",\"name\":\"Area Annuncio e Sacramenti - Chiesa di Trento\",\"url\":\"https:\/\/www.diocesitn.it\/area-annuncio\/\",\"logo\":{\"@id\":\"https:\/\/www.diocesitn.it\/area-annuncio\/materiale-a-disposizione\/schede-amoris-laetitia\/capitolo-5\/#local-main-organization-logo\"},\"image\":{\"@id\":\"https:\/\/www.diocesitn.it\/area-annuncio\/materiale-a-disposizione\/schede-amoris-laetitia\/capitolo-5\/#local-main-organization-logo\"},\"sameAs\":[\"https:\/\/www.facebook.com\/pastoralegiovanile.trento\/\",\"https:\/\/www.instagram.com\/pastoralegiovaniletrento\/\",\"https:\/\/www.youtube.com\/channel\/UCGt7hyJaIQIkrQPos4K6L6w\"],\"openingHoursSpecification\":[{\"@type\":\"OpeningHoursSpecification\",\"dayOfWeek\":[\"Monday\",\"Tuesday\",\"Wednesday\",\"Thursday\",\"Friday\",\"Saturday\",\"Sunday\"],\"opens\":\"09:00\",\"closes\":\"17:00\"}]},{\"@type\":\"ImageObject\",\"inLanguage\":\"it-IT\",\"@id\":\"https:\/\/www.diocesitn.it\/area-annuncio\/materiale-a-disposizione\/schede-amoris-laetitia\/capitolo-5\/#local-main-organization-logo\",\"url\":\"https:\/\/www.diocesitn.it\/area-annuncio\/wp-content\/uploads\/sites\/39\/2021\/09\/og-logo-annuncio-e-sacramenti.jpg\",\"contentUrl\":\"https:\/\/www.diocesitn.it\/area-annuncio\/wp-content\/uploads\/sites\/39\/2021\/09\/og-logo-annuncio-e-sacramenti.jpg\",\"width\":1200,\"height\":630,\"caption\":\"Area Annuncio e Sacramenti - Chiesa di Trento\"}]}<\/script>\n<!-- \/ Yoast SEO Premium plugin. -->","yoast_head_json":{"title":"Capitolo 5 - Annuncio e Sacramenti","robots":{"index":"index","follow":"follow","max-snippet":"max-snippet:-1","max-image-preview":"max-image-preview:large","max-video-preview":"max-video-preview:-1"},"canonical":"https:\/\/www.diocesitn.it\/area-annuncio\/materiale-a-disposizione\/schede-amoris-laetitia\/capitolo-5\/","og_locale":"it_IT","og_type":"article","og_title":"Capitolo 5","og_description":"L\u2019AMORE CHE DIVENTA FECONDO La risposta ad un dono &nbsp; Film Alla ricerca di Nemo (Andrew Stanton, USA 2003, 104\u2019) Il celebre cartone animato \u00e8 la storia di un padre che di fronte a un","og_url":"https:\/\/www.diocesitn.it\/area-annuncio\/materiale-a-disposizione\/schede-amoris-laetitia\/capitolo-5\/","og_site_name":"Annuncio e Sacramenti","article_publisher":"https:\/\/www.facebook.com\/pastoralegiovanile.trento\/","og_image":[{"width":1200,"height":630,"url":"https:\/\/www.diocesitn.it\/area-annuncio\/wp-content\/uploads\/sites\/39\/2021\/09\/og-logo-annuncio-e-sacramenti.jpg","type":"image\/jpeg"}],"twitter_card":"summary_large_image","twitter_misc":{"Tempo di lettura stimato":"2 minuti"},"schema":{"@context":"https:\/\/schema.org","@graph":[{"@type":"WebPage","@id":"https:\/\/www.diocesitn.it\/area-annuncio\/materiale-a-disposizione\/schede-amoris-laetitia\/capitolo-5\/","url":"https:\/\/www.diocesitn.it\/area-annuncio\/materiale-a-disposizione\/schede-amoris-laetitia\/capitolo-5\/","name":"Capitolo 5 - Annuncio e Sacramenti","isPartOf":{"@id":"https:\/\/www.diocesitn.it\/area-annuncio\/#website"},"datePublished":"2017-10-25T13:32:02+00:00","dateModified":"2017-10-25T13:32:02+00:00","breadcrumb":{"@id":"https:\/\/www.diocesitn.it\/area-annuncio\/materiale-a-disposizione\/schede-amoris-laetitia\/capitolo-5\/#breadcrumb"},"inLanguage":"it-IT","potentialAction":[{"@type":"ReadAction","target":["https:\/\/www.diocesitn.it\/area-annuncio\/materiale-a-disposizione\/schede-amoris-laetitia\/capitolo-5\/"]}]},{"@type":"BreadcrumbList","@id":"https:\/\/www.diocesitn.it\/area-annuncio\/materiale-a-disposizione\/schede-amoris-laetitia\/capitolo-5\/#breadcrumb","itemListElement":[{"@type":"ListItem","position":1,"name":"Home","item":"https:\/\/www.diocesitn.it\/area-annuncio\/"},{"@type":"ListItem","position":2,"name":"MATERIALE A DISPOSIZIONE","item":"https:\/\/www.diocesitn.it\/area-annuncio\/materiale-a-disposizione\/"},{"@type":"ListItem","position":3,"name":"La grande bellezza","item":"https:\/\/www.diocesitn.it\/area-annuncio\/materiale-a-disposizione\/schede-amoris-laetitia\/"},{"@type":"ListItem","position":4,"name":"Capitolo 5"}]},{"@type":"WebSite","@id":"https:\/\/www.diocesitn.it\/area-annuncio\/#website","url":"https:\/\/www.diocesitn.it\/area-annuncio\/","name":"Annuncio e Sacramenti","description":"Chiesa di Trento","publisher":{"@id":"https:\/\/www.diocesitn.it\/area-annuncio\/#organization"},"potentialAction":[{"@type":"SearchAction","target":{"@type":"EntryPoint","urlTemplate":"https:\/\/www.diocesitn.it\/area-annuncio\/?s={search_term_string}"},"query-input":"required name=search_term_string"}],"inLanguage":"it-IT"},{"@type":["Organization","Place"],"@id":"https:\/\/www.diocesitn.it\/area-annuncio\/#organization","name":"Area Annuncio e Sacramenti - Chiesa di Trento","url":"https:\/\/www.diocesitn.it\/area-annuncio\/","logo":{"@id":"https:\/\/www.diocesitn.it\/area-annuncio\/materiale-a-disposizione\/schede-amoris-laetitia\/capitolo-5\/#local-main-organization-logo"},"image":{"@id":"https:\/\/www.diocesitn.it\/area-annuncio\/materiale-a-disposizione\/schede-amoris-laetitia\/capitolo-5\/#local-main-organization-logo"},"sameAs":["https:\/\/www.facebook.com\/pastoralegiovanile.trento\/","https:\/\/www.instagram.com\/pastoralegiovaniletrento\/","https:\/\/www.youtube.com\/channel\/UCGt7hyJaIQIkrQPos4K6L6w"],"openingHoursSpecification":[{"@type":"OpeningHoursSpecification","dayOfWeek":["Monday","Tuesday","Wednesday","Thursday","Friday","Saturday","Sunday"],"opens":"09:00","closes":"17:00"}]},{"@type":"ImageObject","inLanguage":"it-IT","@id":"https:\/\/www.diocesitn.it\/area-annuncio\/materiale-a-disposizione\/schede-amoris-laetitia\/capitolo-5\/#local-main-organization-logo","url":"https:\/\/www.diocesitn.it\/area-annuncio\/wp-content\/uploads\/sites\/39\/2021\/09\/og-logo-annuncio-e-sacramenti.jpg","contentUrl":"https:\/\/www.diocesitn.it\/area-annuncio\/wp-content\/uploads\/sites\/39\/2021\/09\/og-logo-annuncio-e-sacramenti.jpg","width":1200,"height":630,"caption":"Area Annuncio e Sacramenti - Chiesa di Trento"}]}},"_links":{"self":[{"href":"https:\/\/www.diocesitn.it\/area-annuncio\/wp-json\/wp\/v2\/pages\/2232","targetHints":{"allow":["GET"]}}],"collection":[{"href":"https:\/\/www.diocesitn.it\/area-annuncio\/wp-json\/wp\/v2\/pages"}],"about":[{"href":"https:\/\/www.diocesitn.it\/area-annuncio\/wp-json\/wp\/v2\/types\/page"}],"author":[{"embeddable":true,"href":"https:\/\/www.diocesitn.it\/area-annuncio\/wp-json\/wp\/v2\/users\/14"}],"replies":[{"embeddable":true,"href":"https:\/\/www.diocesitn.it\/area-annuncio\/wp-json\/wp\/v2\/comments?post=2232"}],"version-history":[{"count":0,"href":"https:\/\/www.diocesitn.it\/area-annuncio\/wp-json\/wp\/v2\/pages\/2232\/revisions"}],"up":[{"embeddable":true,"href":"https:\/\/www.diocesitn.it\/area-annuncio\/wp-json\/wp\/v2\/pages\/463"}],"wp:attachment":[{"href":"https:\/\/www.diocesitn.it\/area-annuncio\/wp-json\/wp\/v2\/media?parent=2232"}],"curies":[{"name":"wp","href":"https:\/\/api.w.org\/{rel}","templated":true}]}}