{"id":2228,"date":"2017-10-25T15:28:27","date_gmt":"2017-10-25T13:28:27","guid":{"rendered":"https:\/\/www.diocesitn.it\/famiglia\/materiale-a-disposizione\/schede-amoris-laetitia\/capitolo-1-2-2-2\/"},"modified":"2017-10-25T15:28:27","modified_gmt":"2017-10-25T13:28:27","slug":"capitolo-4","status":"publish","type":"page","link":"https:\/\/www.diocesitn.it\/area-annuncio\/materiale-a-disposizione\/schede-amoris-laetitia\/capitolo-4\/","title":{"rendered":"Capitolo 4"},"content":{"rendered":"<h1 class=\"c10\" style=\"text-align: center\"><strong><span class=\"c4 c14\">L\u2019AMORE NEL MATRIMONIO<\/span><\/strong><\/h1>\n<p class=\"c10\" style=\"text-align: center\"><em><span class=\"c6 c4\">Le caratteristiche del vero amore<\/span><\/em><\/p>\n<p class=\"c3\"><strong><span class=\"c9\">Film<\/span><\/strong><\/p>\n<ul>\n<li class=\"c1\"><span class=\"c5 c4\"><a class=\"c7\" href=\"https:\/\/www.google.com\/url?q=http:\/\/www.familycinematv.it\/node\/201&amp;sa=D&amp;ust=1508941646279000&amp;usg=AFQjCNFdpofixwaAmR-d0T3hGm7tt7xcTA\">Gran Torino<\/a><\/span><\/li>\n<\/ul>\n<p class=\"c1\" style=\"padding-left: 30px\"><span class=\"c0\">(Clint Eastwood, 2008, 116\u2019)<\/span><\/p>\n<p class=\"c1\" style=\"padding-left: 30px\"><span class=\"c4\">In chiave americana e contemporanea, il martirio come unica risposta possibile al Male.<\/span><\/p>\n<ul>\n<li class=\"c3\"><span class=\"c5 c4\"><a class=\"c7\" href=\"https:\/\/www.google.com\/url?q=http:\/\/www.saledellacomunita.it\/wp-content\/uploads\/2016\/09\/01_Schede_AmorisLaetitia_MonRoi.pdf&amp;sa=D&amp;ust=1508941646280000&amp;usg=AFQjCNH5uFiZfYzN1i_pnFnboFC389EGDQ\">MonRoi<\/a><\/span><\/li>\n<\/ul>\n<p class=\"c3\" style=\"padding-left: 30px\"><span class=\"c0\">(Ma\u00efwenn Le Besco, Francia 2015, drammatico, 124\u2019)<\/span><\/p>\n<p class=\"c3\" style=\"padding-left: 30px\"><span class=\"c0\">Il film ci propone l\u2019occasione di meditare sulla possibilit\u00e0 di riconoscere un amore malato e se \u00e8 possibile, al contempo, guarirlo assieme.<\/span><\/p>\n<ul>\n<li class=\"c3\"><span class=\"c5 c4\"><a class=\"c7\" href=\"https:\/\/www.google.com\/url?q=http:\/\/www.saledellacomunita.it\/wp-content\/uploads\/2016\/09\/02_Schede_AmorisLaetitia_Noi4.pdf&amp;sa=D&amp;ust=1508941646281000&amp;usg=AFQjCNG2bPxyJwkzl1eNqWq73w2E1bpqYQ\">Noi 4<\/a><\/span><\/li>\n<\/ul>\n<p class=\"c3\" style=\"padding-left: 30px\"><span class=\"c0\">(Francesco Bruni, Italia 2014, commedia, 90\u2019)<\/span><\/p>\n<p class=\"c1\" style=\"padding-left: 30px\"><span class=\"c4\">Il\u00a0<\/span><span class=\"c4 c11\"><a class=\"c7\" href=\"https:\/\/www.google.com\/url?q=http:\/\/www.siti.chiesacattolica.it\/pls\/siti\/datafilm_cnvf.dati_film?c_doc%3D7005%26origine%3D0&amp;sa=D&amp;ust=1508941646281000&amp;usg=AFQjCNExN_MYbEXuwO6Jl6ikwxRjhmXOAw\">film\u00a0<\/a><\/span><span class=\"c0\">del regista toscano aiuta a mettere in luce quanto facilmente si possa arrivare a idealizzare la vita familiare, matrimoniale e di coppia. L\u2019amore, invece, \u00e8 un\u2019esperienza imperfetta, come coloro che la vivono. Percepirsi in cammino \u00e8 una delle fatiche pi\u00f9 grandi.<\/span><\/p>\n<ul>\n<li class=\"c3\"><span class=\"c5 c4\"><a class=\"c7\" href=\"https:\/\/www.google.com\/url?q=http:\/\/www.saledellacomunita.it\/wp-content\/uploads\/2016\/10\/03_Schede_AmorisLaetitia.pdf&amp;sa=D&amp;ust=1508941646282000&amp;usg=AFQjCNHm4Lk7NciWm8NjO727Qt7BuIGujQ\">Demolition &#8211; Amare e vivere<\/a><\/span><\/li>\n<\/ul>\n<p class=\"c3\" style=\"padding-left: 30px\"><span class=\"c0\">(Di Jean \u2013 Marc Vall\u00e9e, USA 2015, drammatico, 100\u2019)<\/span><\/p>\n<p class=\"c1\" style=\"padding-left: 30px\"><span class=\"c0\">Come si fa a salvare l\u2019amore, a non lasciarlo andare via travolto da separazioni inattese e menzogne non calcolate?<\/span><\/p>\n<ul>\n<li class=\"c1\"><span class=\"c5 c4\"><a class=\"c7\" href=\"https:\/\/www.google.com\/url?q=https:\/\/www.key4biz.it\/brooklyn\/153754\/&amp;sa=D&amp;ust=1508941646282000&amp;usg=AFQjCNEaXVKXNLvmc3hAAycPuL5UIaY9ig\">Brooklyn<\/a><\/span><\/li>\n<\/ul>\n<p class=\"c1\" style=\"padding-left: 30px\"><span class=\"c4\">(John Crowley,\u00a0<\/span><span class=\"c0\">Irlanda &#8211; Gran Bretagna &#8211; Canada 2015, drammatico, 113\u2019)<\/span><\/p>\n<p class=\"c1\" style=\"padding-left: 30px\"><span class=\"c4\">\u00c8 la storia di una donna che trova il modo di esprimere ci\u00f2 che \u00e8 veramente e sviluppa la capacit\u00e0 di scegliere, specialmente in un periodo storico in cui molte scelte, alle donne, erano limitate.<\/span><\/p>\n<ul>\n<li class=\"c3\"><span class=\"c5 c4\"><a class=\"c7\" href=\"https:\/\/www.google.com\/url?q=http:\/\/www.saledellacomunita.it\/wp-content\/uploads\/2017\/01\/11_Schede_AmorisLaetitia_il_piano_di_Maggie.pdf&amp;sa=D&amp;ust=1508941646283000&amp;usg=AFQjCNGI9IuJAMeDkVjS1J7JI2SY7eFSZw\">Il piano di Maggie<\/a><\/span><\/li>\n<\/ul>\n<p class=\"c3\" style=\"padding-left: 30px\"><span class=\"c0\">(Rebecca Miller, USA, commedia, \u201898)<\/span><\/p>\n<p class=\"c1\" style=\"padding-left: 30px\"><span class=\"c0\">Divertente come i litigi in amore. Geniale come l\u2019ironia nell\u2019amore. Sorprendente come lo sviluppo di un amore. Amare \u00e8 fare esperienza del caos e cercarvi un senso \u00e8 un\u2019esperienza che richiede coraggio, tenacia e generosit\u00e0.<\/span><\/p>\n<ul>\n<li class=\"c1\"><span class=\"c5 c4\"><a class=\"c7\" href=\"https:\/\/www.google.com\/url?q=http:\/\/www.saledellacomunita.it\/wp-content\/uploads\/2017\/02\/14_Schede_AmorisLaetitia.pdf&amp;sa=D&amp;ust=1508941646284000&amp;usg=AFQjCNFJZOR53yiT28EwtgoeXo5DeJ7Z0A\">Dopo l\u2019amore<\/a><\/span><\/li>\n<\/ul>\n<p class=\"c1\" style=\"padding-left: 30px\"><span class=\"c0\">(Joachim Lafosse, Francia-Belgio 2016, drammatico, 100\u2019)<\/span><\/p>\n<p class=\"c1\" style=\"padding-left: 30px\"><span class=\"c0\">\u00c9 un film che incarna la realt\u00e0 faticosa di molte famiglie odierne: la sofferta convivenza di due coniugi separati che vivono sotto lo stesso tetto, in bilico tra vendetta economica e desiderio di tornare ad amarsi.<\/span><\/p>\n<ul>\n<li class=\"c1\"><span class=\"c5 c4\"><a class=\"c7\" href=\"https:\/\/www.google.com\/url?q=http:\/\/www.saledellacomunita.it\/wp-content\/uploads\/2017\/03\/15_Schede_AmorisLaetitia_Paterson.pdf&amp;sa=D&amp;ust=1508941646284000&amp;usg=AFQjCNFLvD8Awsrz_sixsuNWIjX6xPgCyg\">Paterson<\/a><\/span><\/li>\n<\/ul>\n<p class=\"c1\" style=\"padding-left: 30px\"><span class=\"c0\">(Jim Jarmush, USA 2016, drammatico, 113\u2019)<\/span><\/p>\n<p class=\"c1\" style=\"padding-left: 30px\"><span class=\"c0\">Oggi, domani, dopodomani, \u2026 \u00e8 il \u201csempre\u201d della storia d\u2019amore dei due protagonisti. La routine pu\u00f2 diventare poesia, antidoto all\u2019abitudine e alla noia quotidiana.<\/span><\/p>\n<ul>\n<li class=\"c1\"><span class=\"c5 c4\"><a class=\"c7\" href=\"https:\/\/www.google.com\/url?q=http:\/\/www.saledellacomunita.it\/wp-content\/uploads\/2017\/03\/17_Schede_AmorisLaetitia_Lalaland.pdf&amp;sa=D&amp;ust=1508941646285000&amp;usg=AFQjCNHuXL2qDQIC8nhj-tcG7LCAgeuSDw\">La La Land<\/a><\/span><\/li>\n<\/ul>\n<p class=\"c1\" style=\"padding-left: 30px\"><span class=\"c0\">(Damien Chazelle, USA 2016, commedia, 126\u2019)<\/span><\/p>\n<p class=\"c1\" style=\"padding-left: 30px\"><span class=\"c0\">Film dedicato al tema del sogno, delle aspirazioni e dell\u2019autorealizzazione. \u00c8 possibile far convivere le proprie ambizioni col desiderio di amare qualcuno?<\/span><\/p>\n<p>&nbsp;<\/p>\n<p class=\"c3\"><strong><span class=\"c9\">Musica<\/span><\/strong><\/p>\n<ul>\n<li class=\"c1\"><span class=\"c5 c4\"><a class=\"c7\" href=\"https:\/\/www.google.com\/url?q=https:\/\/www.youtube.com\/watch?v%3DeTOKcxIujgE&amp;sa=D&amp;ust=1508941646285000&amp;usg=AFQjCNEGmL1CcYOwYH3gGvlnstxrA2Wx5A\">Pi\u00f9 Bella Cosa<\/a><\/span><span class=\"c12 c15\">\u00a0&#8211;\u00a0<\/span><span class=\"c0\">Eros Ramazzotti<\/span><\/li>\n<\/ul>\n<p class=\"c3\" style=\"padding-left: 30px\"><span class=\"c0\">La passione, nel matrimonio, non deve mancare mai.<\/span><\/p>\n<ul>\n<li class=\"c1\"><span class=\"c5 c4\"><a class=\"c7\" href=\"https:\/\/www.google.com\/url?q=https:\/\/www.youtube.com\/watch?v%3DcVbwhOBfT4Y&amp;sa=D&amp;ust=1508941646286000&amp;usg=AFQjCNEM6r6prhnb9tay_cLmUavfaMTG3A\">Il mio giorno pi\u00f9 bello nel mondo<\/a><\/span><span class=\"c4 c15\">\u00a0&#8211;\u00a0<\/span><span class=\"c0\">Francesco Renga<\/span><\/li>\n<\/ul>\n<p class=\"c1\" style=\"padding-left: 30px\"><span class=\"c4\">\u00c9 una dichiarazione d\u2019amore che ricorda che \u00e8 sempre possibile ricominciare, perch\u00e9 \u201c<\/span><span class=\"c4 c15\">\u00e8 con te che \u00e8 iniziato il mio viaggio pi\u00f9 bello nel mondo<\/span><span class=\"c0\">\u201d.<\/span><\/p>\n<ul>\n<li class=\"c1\"><span class=\"c5 c4\"><a class=\"c7\" href=\"https:\/\/www.google.com\/url?q=https:\/\/www.youtube.com\/watch?v%3DBVRxNcQivnI&amp;sa=D&amp;ust=1508941646286000&amp;usg=AFQjCNH8Gpq7kleFCd3dIHm0v1ANuNT9BA\">Sempre e Per Sempre<\/a><\/span><span class=\"c4 c11\"><a class=\"c7\" href=\"https:\/\/www.google.com\/url?q=https:\/\/www.youtube.com\/watch?v%3DBVRxNcQivnI&amp;sa=D&amp;ust=1508941646286000&amp;usg=AFQjCNH8Gpq7kleFCd3dIHm0v1ANuNT9BA\">\u00a0<\/a><\/span><span class=\"c0\">&#8211; Francesco De Gregori<\/span><\/li>\n<\/ul>\n<p class=\"c1\" style=\"padding-left: 30px\"><span class=\"c0\">L\u2019amore vero non muore mai, perch\u00e9 sa andare oltre gli anni che passano, i problemi della vita, i sentieri percorsi che portano lontano e dividono.\u00a0\u00a0\u00a0\u00a0\u00a0\u00a0\u00a0\u00a0<\/span><\/p>\n<ul>\n<li class=\"c1\"><span class=\"c5 c4\"><a class=\"c7\" href=\"https:\/\/www.google.com\/url?q=https:\/\/www.youtube.com\/watch?v%3Db617FReb9YI&amp;sa=D&amp;ust=1508941646287000&amp;usg=AFQjCNGUn12BXNp-Xn-2JQNwnX21bBSlTA\">Quanto amore sei<\/a><\/span><span class=\"c0\">\u00a0&#8211; Eros Ramazzotti<\/span><\/li>\n<\/ul>\n<p class=\"c1\" style=\"padding-left: 30px\"><span class=\"c4\">Eros canta la voglia di<\/span><span class=\"c12\">\u00a0<\/span><span class=\"c0\">stare insieme e quanto la vita sia pi\u00f9 ricca, se la si condivide con la persona del cuore.<\/span><\/p>\n<p>&nbsp;<\/p>\n<p class=\"c3\"><strong><span class=\"c9\">Lettura<\/span><\/strong><\/p>\n<ul>\n<li class=\"c1\"><span class=\"c4 c5\"><a class=\"c7\" href=\"https:\/\/www.google.com\/url?q=https:\/\/press.vatican.va\/content\/salastampa\/it\/bollettino\/pubblico\/2016\/04\/08\/0241\/00531.html%23mia&amp;sa=D&amp;ust=1508941646288000&amp;usg=AFQjCNFsmncswiEF5BMRxmSWujk4UScvlw\">Coniugi Francesco e Giuseppina Miano<\/a><\/span><span class=\"c4\">\u00a0&#8211;\u00a0<\/span><span class=\"c0\">Conferenza Stampa per la presentazione dell\u2019Esortazione Apostolica post-sinodale del Santo Padre Francesco \u201cAmoris laetitia\u201d, sull\u2019amore nella famiglia.<\/span><\/li>\n<li class=\"c3\"><span class=\"c5 c4\"><a class=\"c7\" href=\"https:\/\/www.google.com\/url?q=http:\/\/www.webdiocesi.chiesacattolica.it\/cci_new\/documenti_diocesi\/132\/2016-09\/28-98\/AMORIS%2520LAETITIA.pdf&amp;sa=D&amp;ust=1508941646288000&amp;usg=AFQjCNEkAm7SFo-zuqvrXz7oDH5nC5HFRw\">Intervista al vescovo di Novara Franco Giulio Brambilla su Amoris laetizia a cura di Marco Canali<\/a><\/span><span class=\"c4 c15\">\u00a0<\/span><\/li>\n<\/ul>\n<h1 class=\"c10\" style=\"text-align: center\"><\/h1>\n","protected":false},"excerpt":{"rendered":"<p>L\u2019AMORE NEL MATRIMONIO Le caratteristiche del vero amore Film Gran Torino (Clint Eastwood, 2008, 116\u2019) In chiave americana e contemporanea, il martirio come unica risposta possibile al Male. MonRoi (Ma\u00efwenn Le Besco, Francia 2015, drammatico,<\/p>\n","protected":false},"author":14,"featured_media":0,"parent":463,"menu_order":3,"comment_status":"closed","ping_status":"closed","template":"","meta":{"footnotes":""},"class_list":["post-2228","page","type-page","status-publish","hentry"],"acf":{"seed-localization-paese-cod":"IT","seed-localization-address":"","seed-localization-citta":"Trento","seed-localization-regione-cod-istat":"04","seed-localization-citta-cod-istat":"022205","seed-localization-localita":"","seed-localization-cap":"","seed-localization-marker-visibility":false,"seed-localization-children-visibility":false,"seed-localization-kml":null,"seed-localization-custom-marker":null},"yoast_head":"<!-- This site is optimized with the Yoast SEO Premium plugin v20.2.1 (Yoast SEO v22.2) - https:\/\/yoast.com\/wordpress\/plugins\/seo\/ -->\n<title>Capitolo 4 - Annuncio e Sacramenti<\/title>\n<meta name=\"robots\" content=\"index, follow, max-snippet:-1, max-image-preview:large, max-video-preview:-1\" \/>\n<link rel=\"canonical\" href=\"https:\/\/www.diocesitn.it\/area-annuncio\/materiale-a-disposizione\/schede-amoris-laetitia\/capitolo-4\/\" \/>\n<meta property=\"og:locale\" content=\"it_IT\" \/>\n<meta property=\"og:type\" content=\"article\" \/>\n<meta property=\"og:title\" content=\"Capitolo 4\" \/>\n<meta property=\"og:description\" content=\"L\u2019AMORE NEL MATRIMONIO Le caratteristiche del vero amore Film Gran Torino (Clint Eastwood, 2008, 116\u2019) In chiave americana e contemporanea, il martirio come unica risposta possibile al Male. MonRoi (Ma\u00efwenn Le Besco, Francia 2015, drammatico,\" \/>\n<meta property=\"og:url\" content=\"https:\/\/www.diocesitn.it\/area-annuncio\/materiale-a-disposizione\/schede-amoris-laetitia\/capitolo-4\/\" \/>\n<meta property=\"og:site_name\" content=\"Annuncio e Sacramenti\" \/>\n<meta property=\"article:publisher\" content=\"https:\/\/www.facebook.com\/pastoralegiovanile.trento\/\" \/>\n<meta property=\"og:image\" content=\"https:\/\/www.diocesitn.it\/area-annuncio\/wp-content\/uploads\/sites\/39\/2021\/09\/og-logo-annuncio-e-sacramenti.jpg\" \/>\n\t<meta property=\"og:image:width\" content=\"1200\" \/>\n\t<meta property=\"og:image:height\" content=\"630\" \/>\n\t<meta property=\"og:image:type\" content=\"image\/jpeg\" \/>\n<meta name=\"twitter:card\" content=\"summary_large_image\" \/>\n<meta name=\"twitter:label1\" content=\"Tempo di lettura stimato\" \/>\n\t<meta name=\"twitter:data1\" content=\"2 minuti\" \/>\n<script type=\"application\/ld+json\" class=\"yoast-schema-graph\">{\"@context\":\"https:\/\/schema.org\",\"@graph\":[{\"@type\":\"WebPage\",\"@id\":\"https:\/\/www.diocesitn.it\/area-annuncio\/materiale-a-disposizione\/schede-amoris-laetitia\/capitolo-4\/\",\"url\":\"https:\/\/www.diocesitn.it\/area-annuncio\/materiale-a-disposizione\/schede-amoris-laetitia\/capitolo-4\/\",\"name\":\"Capitolo 4 - Annuncio e Sacramenti\",\"isPartOf\":{\"@id\":\"https:\/\/www.diocesitn.it\/area-annuncio\/#website\"},\"datePublished\":\"2017-10-25T13:28:27+00:00\",\"dateModified\":\"2017-10-25T13:28:27+00:00\",\"breadcrumb\":{\"@id\":\"https:\/\/www.diocesitn.it\/area-annuncio\/materiale-a-disposizione\/schede-amoris-laetitia\/capitolo-4\/#breadcrumb\"},\"inLanguage\":\"it-IT\",\"potentialAction\":[{\"@type\":\"ReadAction\",\"target\":[\"https:\/\/www.diocesitn.it\/area-annuncio\/materiale-a-disposizione\/schede-amoris-laetitia\/capitolo-4\/\"]}]},{\"@type\":\"BreadcrumbList\",\"@id\":\"https:\/\/www.diocesitn.it\/area-annuncio\/materiale-a-disposizione\/schede-amoris-laetitia\/capitolo-4\/#breadcrumb\",\"itemListElement\":[{\"@type\":\"ListItem\",\"position\":1,\"name\":\"Home\",\"item\":\"https:\/\/www.diocesitn.it\/area-annuncio\/\"},{\"@type\":\"ListItem\",\"position\":2,\"name\":\"MATERIALE A DISPOSIZIONE\",\"item\":\"https:\/\/www.diocesitn.it\/area-annuncio\/materiale-a-disposizione\/\"},{\"@type\":\"ListItem\",\"position\":3,\"name\":\"La grande bellezza\",\"item\":\"https:\/\/www.diocesitn.it\/area-annuncio\/materiale-a-disposizione\/schede-amoris-laetitia\/\"},{\"@type\":\"ListItem\",\"position\":4,\"name\":\"Capitolo 4\"}]},{\"@type\":\"WebSite\",\"@id\":\"https:\/\/www.diocesitn.it\/area-annuncio\/#website\",\"url\":\"https:\/\/www.diocesitn.it\/area-annuncio\/\",\"name\":\"Annuncio e Sacramenti\",\"description\":\"Chiesa di Trento\",\"publisher\":{\"@id\":\"https:\/\/www.diocesitn.it\/area-annuncio\/#organization\"},\"potentialAction\":[{\"@type\":\"SearchAction\",\"target\":{\"@type\":\"EntryPoint\",\"urlTemplate\":\"https:\/\/www.diocesitn.it\/area-annuncio\/?s={search_term_string}\"},\"query-input\":\"required name=search_term_string\"}],\"inLanguage\":\"it-IT\"},{\"@type\":[\"Organization\",\"Place\"],\"@id\":\"https:\/\/www.diocesitn.it\/area-annuncio\/#organization\",\"name\":\"Area Annuncio e Sacramenti - Chiesa di Trento\",\"url\":\"https:\/\/www.diocesitn.it\/area-annuncio\/\",\"logo\":{\"@id\":\"https:\/\/www.diocesitn.it\/area-annuncio\/materiale-a-disposizione\/schede-amoris-laetitia\/capitolo-4\/#local-main-organization-logo\"},\"image\":{\"@id\":\"https:\/\/www.diocesitn.it\/area-annuncio\/materiale-a-disposizione\/schede-amoris-laetitia\/capitolo-4\/#local-main-organization-logo\"},\"sameAs\":[\"https:\/\/www.facebook.com\/pastoralegiovanile.trento\/\",\"https:\/\/www.instagram.com\/pastoralegiovaniletrento\/\",\"https:\/\/www.youtube.com\/channel\/UCGt7hyJaIQIkrQPos4K6L6w\"],\"openingHoursSpecification\":[{\"@type\":\"OpeningHoursSpecification\",\"dayOfWeek\":[\"Monday\",\"Tuesday\",\"Wednesday\",\"Thursday\",\"Friday\",\"Saturday\",\"Sunday\"],\"opens\":\"09:00\",\"closes\":\"17:00\"}]},{\"@type\":\"ImageObject\",\"inLanguage\":\"it-IT\",\"@id\":\"https:\/\/www.diocesitn.it\/area-annuncio\/materiale-a-disposizione\/schede-amoris-laetitia\/capitolo-4\/#local-main-organization-logo\",\"url\":\"https:\/\/www.diocesitn.it\/area-annuncio\/wp-content\/uploads\/sites\/39\/2021\/09\/og-logo-annuncio-e-sacramenti.jpg\",\"contentUrl\":\"https:\/\/www.diocesitn.it\/area-annuncio\/wp-content\/uploads\/sites\/39\/2021\/09\/og-logo-annuncio-e-sacramenti.jpg\",\"width\":1200,\"height\":630,\"caption\":\"Area Annuncio e Sacramenti - Chiesa di Trento\"}]}<\/script>\n<!-- \/ Yoast SEO Premium plugin. -->","yoast_head_json":{"title":"Capitolo 4 - Annuncio e Sacramenti","robots":{"index":"index","follow":"follow","max-snippet":"max-snippet:-1","max-image-preview":"max-image-preview:large","max-video-preview":"max-video-preview:-1"},"canonical":"https:\/\/www.diocesitn.it\/area-annuncio\/materiale-a-disposizione\/schede-amoris-laetitia\/capitolo-4\/","og_locale":"it_IT","og_type":"article","og_title":"Capitolo 4","og_description":"L\u2019AMORE NEL MATRIMONIO Le caratteristiche del vero amore Film Gran Torino (Clint Eastwood, 2008, 116\u2019) In chiave americana e contemporanea, il martirio come unica risposta possibile al Male. MonRoi (Ma\u00efwenn Le Besco, Francia 2015, drammatico,","og_url":"https:\/\/www.diocesitn.it\/area-annuncio\/materiale-a-disposizione\/schede-amoris-laetitia\/capitolo-4\/","og_site_name":"Annuncio e Sacramenti","article_publisher":"https:\/\/www.facebook.com\/pastoralegiovanile.trento\/","og_image":[{"width":1200,"height":630,"url":"https:\/\/www.diocesitn.it\/area-annuncio\/wp-content\/uploads\/sites\/39\/2021\/09\/og-logo-annuncio-e-sacramenti.jpg","type":"image\/jpeg"}],"twitter_card":"summary_large_image","twitter_misc":{"Tempo di lettura stimato":"2 minuti"},"schema":{"@context":"https:\/\/schema.org","@graph":[{"@type":"WebPage","@id":"https:\/\/www.diocesitn.it\/area-annuncio\/materiale-a-disposizione\/schede-amoris-laetitia\/capitolo-4\/","url":"https:\/\/www.diocesitn.it\/area-annuncio\/materiale-a-disposizione\/schede-amoris-laetitia\/capitolo-4\/","name":"Capitolo 4 - Annuncio e Sacramenti","isPartOf":{"@id":"https:\/\/www.diocesitn.it\/area-annuncio\/#website"},"datePublished":"2017-10-25T13:28:27+00:00","dateModified":"2017-10-25T13:28:27+00:00","breadcrumb":{"@id":"https:\/\/www.diocesitn.it\/area-annuncio\/materiale-a-disposizione\/schede-amoris-laetitia\/capitolo-4\/#breadcrumb"},"inLanguage":"it-IT","potentialAction":[{"@type":"ReadAction","target":["https:\/\/www.diocesitn.it\/area-annuncio\/materiale-a-disposizione\/schede-amoris-laetitia\/capitolo-4\/"]}]},{"@type":"BreadcrumbList","@id":"https:\/\/www.diocesitn.it\/area-annuncio\/materiale-a-disposizione\/schede-amoris-laetitia\/capitolo-4\/#breadcrumb","itemListElement":[{"@type":"ListItem","position":1,"name":"Home","item":"https:\/\/www.diocesitn.it\/area-annuncio\/"},{"@type":"ListItem","position":2,"name":"MATERIALE A DISPOSIZIONE","item":"https:\/\/www.diocesitn.it\/area-annuncio\/materiale-a-disposizione\/"},{"@type":"ListItem","position":3,"name":"La grande bellezza","item":"https:\/\/www.diocesitn.it\/area-annuncio\/materiale-a-disposizione\/schede-amoris-laetitia\/"},{"@type":"ListItem","position":4,"name":"Capitolo 4"}]},{"@type":"WebSite","@id":"https:\/\/www.diocesitn.it\/area-annuncio\/#website","url":"https:\/\/www.diocesitn.it\/area-annuncio\/","name":"Annuncio e Sacramenti","description":"Chiesa di Trento","publisher":{"@id":"https:\/\/www.diocesitn.it\/area-annuncio\/#organization"},"potentialAction":[{"@type":"SearchAction","target":{"@type":"EntryPoint","urlTemplate":"https:\/\/www.diocesitn.it\/area-annuncio\/?s={search_term_string}"},"query-input":"required name=search_term_string"}],"inLanguage":"it-IT"},{"@type":["Organization","Place"],"@id":"https:\/\/www.diocesitn.it\/area-annuncio\/#organization","name":"Area Annuncio e Sacramenti - Chiesa di Trento","url":"https:\/\/www.diocesitn.it\/area-annuncio\/","logo":{"@id":"https:\/\/www.diocesitn.it\/area-annuncio\/materiale-a-disposizione\/schede-amoris-laetitia\/capitolo-4\/#local-main-organization-logo"},"image":{"@id":"https:\/\/www.diocesitn.it\/area-annuncio\/materiale-a-disposizione\/schede-amoris-laetitia\/capitolo-4\/#local-main-organization-logo"},"sameAs":["https:\/\/www.facebook.com\/pastoralegiovanile.trento\/","https:\/\/www.instagram.com\/pastoralegiovaniletrento\/","https:\/\/www.youtube.com\/channel\/UCGt7hyJaIQIkrQPos4K6L6w"],"openingHoursSpecification":[{"@type":"OpeningHoursSpecification","dayOfWeek":["Monday","Tuesday","Wednesday","Thursday","Friday","Saturday","Sunday"],"opens":"09:00","closes":"17:00"}]},{"@type":"ImageObject","inLanguage":"it-IT","@id":"https:\/\/www.diocesitn.it\/area-annuncio\/materiale-a-disposizione\/schede-amoris-laetitia\/capitolo-4\/#local-main-organization-logo","url":"https:\/\/www.diocesitn.it\/area-annuncio\/wp-content\/uploads\/sites\/39\/2021\/09\/og-logo-annuncio-e-sacramenti.jpg","contentUrl":"https:\/\/www.diocesitn.it\/area-annuncio\/wp-content\/uploads\/sites\/39\/2021\/09\/og-logo-annuncio-e-sacramenti.jpg","width":1200,"height":630,"caption":"Area Annuncio e Sacramenti - Chiesa di Trento"}]}},"_links":{"self":[{"href":"https:\/\/www.diocesitn.it\/area-annuncio\/wp-json\/wp\/v2\/pages\/2228","targetHints":{"allow":["GET"]}}],"collection":[{"href":"https:\/\/www.diocesitn.it\/area-annuncio\/wp-json\/wp\/v2\/pages"}],"about":[{"href":"https:\/\/www.diocesitn.it\/area-annuncio\/wp-json\/wp\/v2\/types\/page"}],"author":[{"embeddable":true,"href":"https:\/\/www.diocesitn.it\/area-annuncio\/wp-json\/wp\/v2\/users\/14"}],"replies":[{"embeddable":true,"href":"https:\/\/www.diocesitn.it\/area-annuncio\/wp-json\/wp\/v2\/comments?post=2228"}],"version-history":[{"count":0,"href":"https:\/\/www.diocesitn.it\/area-annuncio\/wp-json\/wp\/v2\/pages\/2228\/revisions"}],"up":[{"embeddable":true,"href":"https:\/\/www.diocesitn.it\/area-annuncio\/wp-json\/wp\/v2\/pages\/463"}],"wp:attachment":[{"href":"https:\/\/www.diocesitn.it\/area-annuncio\/wp-json\/wp\/v2\/media?parent=2228"}],"curies":[{"name":"wp","href":"https:\/\/api.w.org\/{rel}","templated":true}]}}