{"id":13911,"date":"2021-11-19T12:19:23","date_gmt":"2021-11-19T11:19:23","guid":{"rendered":"https:\/\/www.diocesitn.it\/area-annuncio\/?page_id=13911"},"modified":"2024-11-28T09:59:22","modified_gmt":"2024-11-28T08:59:22","slug":"avvento-natale-2024-2025-pagine-dei-giorni","status":"publish","type":"page","link":"https:\/\/www.diocesitn.it\/area-annuncio\/avvento-natale-2024-2025-pagine-dei-giorni\/","title":{"rendered":"AVVENTO-NATALE 2024-2025: pagine dei giorni"},"content":{"rendered":"<h5><\/h5>\n<table style=\"border-collapse: collapse;width: 100%;height: 251px\">\n<tbody>\n<tr style=\"height: 251px\">\n<td style=\"width: 50%;height: 251px\"><span style=\"color: #000000\"><strong>Prima settimana<\/strong><\/span><\/p>\n<ul>\n<li><a href=\"https:\/\/www.diocesitn.it\/area-annuncio\/wp-content\/uploads\/sites\/39\/2024\/11\/1-dicembre-1aDOMENICAvv.pdf\" target=\"_blank\" rel=\"noopener\">Domenica 1 dicembre<\/a><\/li>\n<li><a href=\"https:\/\/www.diocesitn.it\/area-annuncio\/wp-content\/uploads\/sites\/39\/2024\/11\/2-dicembre-LUNEDI.pdf\" target=\"_blank\" rel=\"noopener\">Luned\u00ec 2 dicembre<\/a><\/li>\n<li><a href=\"https:\/\/www.diocesitn.it\/area-annuncio\/wp-content\/uploads\/sites\/39\/2024\/11\/3-dicembre-MARTEDI.pdf\" target=\"_blank\" rel=\"noopener\">Marted\u00ec 3 dicembre<\/a><\/li>\n<li><a href=\"https:\/\/www.diocesitn.it\/area-annuncio\/wp-content\/uploads\/sites\/39\/2024\/11\/4-dicembre-MERCOLEDI.pdf\" target=\"_blank\" rel=\"noopener\">Mercoled\u00ec 4 dicembre<\/a><\/li>\n<li><a href=\"https:\/\/www.diocesitn.it\/area-annuncio\/wp-content\/uploads\/sites\/39\/2024\/11\/5-dicembre-GIOVEDI.pdf\" target=\"_blank\" rel=\"noopener\">Gioved\u00ec 5 dicembre<\/a><\/li>\n<li><a href=\"https:\/\/www.diocesitn.it\/area-annuncio\/wp-content\/uploads\/sites\/39\/2024\/11\/6-dicembre-VENERDI.pdf\" target=\"_blank\" rel=\"noopener\">Venerd\u00ec 6 dicembre<\/a><\/li>\n<li><a href=\"https:\/\/www.diocesitn.it\/area-annuncio\/wp-content\/uploads\/sites\/39\/2024\/11\/7-dicembre-SABATO.pdf\" target=\"_blank\" rel=\"noopener\">Sabato 7 dicembre<\/a><\/li>\n<\/ul>\n<\/td>\n<td style=\"width: 50%;height: 251px\"><span style=\"color: #000000\"><strong>Seconda settimana<\/strong><\/span><\/p>\n<ul>\n<li><a href=\"https:\/\/www.diocesitn.it\/area-annuncio\/wp-content\/uploads\/sites\/39\/2024\/11\/8-dicembre-2aDOMENICAvv.pdf\" target=\"_blank\" rel=\"noopener\">Domenica 8 dicembre<\/a><\/li>\n<li><a href=\"https:\/\/www.diocesitn.it\/area-annuncio\/wp-content\/uploads\/sites\/39\/2024\/11\/9-dicembre-LUNEDI.pdf\" target=\"_blank\" rel=\"noopener\">Luned\u00ec 9 dicembre<\/a><\/li>\n<li><a href=\"https:\/\/www.diocesitn.it\/area-annuncio\/wp-content\/uploads\/sites\/39\/2024\/11\/10-dicembre-MARTEDI.pdf\" target=\"_blank\" rel=\"noopener\">Marted\u00ec 10 dicembre<\/a><\/li>\n<li><a href=\"https:\/\/www.diocesitn.it\/area-annuncio\/wp-content\/uploads\/sites\/39\/2024\/11\/11-dicembre-MERCOLEDI.pdf\" target=\"_blank\" rel=\"noopener\">Mercoled\u00ec 11 dicembre<\/a><\/li>\n<li><a href=\"https:\/\/www.diocesitn.it\/area-annuncio\/wp-content\/uploads\/sites\/39\/2024\/11\/12-dicembre-GIOVEDI.pdf\" target=\"_blank\" rel=\"noopener\">Gioved\u00ec 12 dicembre<\/a><\/li>\n<li><a href=\"https:\/\/www.diocesitn.it\/area-annuncio\/wp-content\/uploads\/sites\/39\/2024\/11\/13-dicembre-VENERDI.pdf\" target=\"_blank\" rel=\"noopener\">Venerd\u00ec 13 dicembre<\/a><\/li>\n<li><a href=\"https:\/\/www.diocesitn.it\/area-annuncio\/wp-content\/uploads\/sites\/39\/2024\/11\/14-dicembre-SABATO.pdf\" target=\"_blank\" rel=\"noopener\">Sabato 14 dicembre<\/a><\/li>\n<\/ul>\n<\/td>\n<\/tr>\n<\/tbody>\n<\/table>\n<table style=\"border-collapse: collapse;width: 100%;height: 523px\">\n<tbody>\n<tr style=\"height: 523px\">\n<td style=\"width: 50%;height: 523px\"><span style=\"color: #000000\"><strong>Terza settimana<\/strong><\/span><\/p>\n<ul>\n<li><a href=\"https:\/\/www.diocesitn.it\/area-annuncio\/wp-content\/uploads\/sites\/39\/2024\/11\/15-dicembre-3aDOMENICAvv.pdf\" target=\"_blank\" rel=\"noopener\">Domenica 15 dicembre<\/a><\/li>\n<li><a href=\"https:\/\/www.diocesitn.it\/area-annuncio\/wp-content\/uploads\/sites\/39\/2024\/11\/16-dicembre-LUNEDI.pdf\" target=\"_blank\" rel=\"noopener\">Luned\u00ec 16 dicembre<\/a><\/li>\n<li><a href=\"https:\/\/www.diocesitn.it\/area-annuncio\/wp-content\/uploads\/sites\/39\/2024\/11\/17-dicembre-MARTEDI.pdf\" target=\"_blank\" rel=\"noopener\">Marted\u00ec 17 dicembre<\/a><\/li>\n<li><a href=\"https:\/\/www.diocesitn.it\/area-annuncio\/wp-content\/uploads\/sites\/39\/2024\/11\/18-dicembre-MERCOLEDI.pdf\" target=\"_blank\" rel=\"noopener\">Mercoled\u00ec 18 dicembre<\/a><\/li>\n<li><a href=\"https:\/\/www.diocesitn.it\/area-annuncio\/wp-content\/uploads\/sites\/39\/2024\/11\/19-dicembre-GIOVEDI.pdf\" target=\"_blank\" rel=\"noopener\">Gioved\u00ec 19 dicembre<\/a><\/li>\n<li><a href=\"https:\/\/www.diocesitn.it\/area-annuncio\/wp-content\/uploads\/sites\/39\/2024\/11\/20-dicembre-VENERDI.pdf\" target=\"_blank\" rel=\"noopener\">Venerd\u00ec 20 dicembre<\/a><\/li>\n<li><a href=\"https:\/\/www.diocesitn.it\/area-annuncio\/wp-content\/uploads\/sites\/39\/2024\/11\/21-dicembre-SABATO.pdf\" target=\"_blank\" rel=\"noopener\">Sabato 21 dicembre<\/a><\/li>\n<\/ul>\n<\/td>\n<td style=\"width: 50%;height: 523px\">\n<p style=\"text-align: left\"><span style=\"color: #000000\"><strong>Quarta settimana &#8211; Natale<\/strong><\/span><\/p>\n<ul>\n<li><a href=\"https:\/\/www.diocesitn.it\/area-annuncio\/wp-content\/uploads\/sites\/39\/2024\/11\/22-dicembre-4aDOMENICAvv.pdf\" target=\"_blank\" rel=\"noopener\">Domenica 22 dicembre<\/a><\/li>\n<li><a href=\"https:\/\/www.diocesitn.it\/area-annuncio\/wp-content\/uploads\/sites\/39\/2024\/11\/23-dicembre-LUNEDI.pdf\" target=\"_blank\" rel=\"noopener\">Luned\u00ec 23 dicembre<\/a><\/li>\n<li><a href=\"https:\/\/www.diocesitn.it\/area-annuncio\/wp-content\/uploads\/sites\/39\/2024\/11\/24-dicembre-MARTEDI.pdf\" target=\"_blank\" rel=\"noopener\">Marted\u00ec 24 dicembre<\/a><\/li>\n<li><a href=\"https:\/\/www.diocesitn.it\/area-annuncio\/wp-content\/uploads\/sites\/39\/2024\/11\/25-dicembre-NATALE.pdf\" target=\"_blank\" rel=\"noopener\">Mercoled\u00ec 25 dicembre<\/a><\/li>\n<li><a href=\"https:\/\/www.diocesitn.it\/area-annuncio\/wp-content\/uploads\/sites\/39\/2024\/11\/26-dicembre-GIOVEDI.pdf\" target=\"_blank\" rel=\"noopener\">Gioved\u00ec 26 dicembre<\/a><\/li>\n<li><a href=\"https:\/\/www.diocesitn.it\/area-annuncio\/wp-content\/uploads\/sites\/39\/2024\/11\/27-dicembre-VENERDI.pdf\" target=\"_blank\" rel=\"noopener\">Venerd\u00ec 27 dicembre<\/a><\/li>\n<li><a href=\"https:\/\/www.diocesitn.it\/area-annuncio\/wp-content\/uploads\/sites\/39\/2024\/11\/28-dicembre-SABATO.pdf\" target=\"_blank\" rel=\"noopener\">Sabato 28 dicembre<\/a><\/li>\n<li><a href=\"https:\/\/www.diocesitn.it\/area-annuncio\/wp-content\/uploads\/sites\/39\/2024\/11\/29-dicembre-DOMENICA.pdf\" target=\"_blank\" rel=\"noopener\">Domenica 29 gennaio<\/a><\/li>\n<li><a href=\"https:\/\/www.diocesitn.it\/area-annuncio\/wp-content\/uploads\/sites\/39\/2024\/11\/30-dicembre-LUNEDI.pdf\" target=\"_blank\" rel=\"noopener\">Luned\u00ec 30 gennaio<\/a><\/li>\n<li><a href=\"https:\/\/www.diocesitn.it\/area-annuncio\/wp-content\/uploads\/sites\/39\/2024\/11\/31-dicembre-MARTEDI.pdf\" target=\"_blank\" rel=\"noopener\">Marted\u00ec 31 gennaio<\/a><\/li>\n<li><a href=\"https:\/\/www.diocesitn.it\/area-annuncio\/wp-content\/uploads\/sites\/39\/2024\/11\/a1-gennaio-MERCOLEDI.pdf\" target=\"_blank\" rel=\"noopener\">Mercoled\u00ec 1 gennaio<\/a><\/li>\n<li><a href=\"https:\/\/www.diocesitn.it\/area-annuncio\/wp-content\/uploads\/sites\/39\/2024\/11\/a2-gennaio-GIOVEDI.pdf\" target=\"_blank\" rel=\"noopener\">Gioved\u00ec 2 gennaio<\/a><\/li>\n<li><a href=\"https:\/\/www.diocesitn.it\/area-annuncio\/wp-content\/uploads\/sites\/39\/2024\/11\/a3-gennaio-VENERDI.pdf\" target=\"_blank\" rel=\"noopener\">Venerd\u00ec 3 gennaio<\/a><\/li>\n<li><a href=\"https:\/\/www.diocesitn.it\/area-annuncio\/wp-content\/uploads\/sites\/39\/2024\/11\/a4-gennaio-SABATO.pdf\" target=\"_blank\" rel=\"noopener\">Sabato 4 gennaio <\/a><\/li>\n<li><a href=\"https:\/\/www.diocesitn.it\/area-annuncio\/wp-content\/uploads\/sites\/39\/2024\/11\/a5-gennaio-DOMENICA.pdf\">Domenica 5 gennaio<\/a><\/li>\n<li><a href=\"https:\/\/www.diocesitn.it\/area-annuncio\/wp-content\/uploads\/sites\/39\/2024\/11\/a6-gennaio-EPIFANIA.pdf\">Epifania<\/a><\/li>\n<\/ul>\n<p>&nbsp;<\/td>\n<\/tr>\n<\/tbody>\n<\/table>\n<p>&nbsp;<\/p>\n","protected":false},"excerpt":{"rendered":"<p>Prima settimana Domenica 1 dicembre Luned\u00ec 2 dicembre Marted\u00ec 3 dicembre Mercoled\u00ec 4 dicembre Gioved\u00ec 5 dicembre Venerd\u00ec 6 dicembre Sabato 7 dicembre Seconda settimana Domenica 8 dicembre Luned\u00ec 9 dicembre Marted\u00ec 10 dicembre Mercoled\u00ec<\/p>\n","protected":false},"author":14,"featured_media":0,"parent":0,"menu_order":0,"comment_status":"closed","ping_status":"closed","template":"","meta":{"footnotes":""},"class_list":["post-13911","page","type-page","status-publish","hentry"],"acf":{"seed-localization-paese-cod":"IT","seed-localization-address":"","seed-localization-citta":"Trento","seed-localization-regione-cod-istat":"04","seed-localization-citta-cod-istat":"022205","seed-localization-localita":"","seed-localization-cap":"","seed-localization-marker-visibility":false,"seed-localization-children-visibility":false,"seed-localization-kml":"","seed-localization-custom-marker":""},"yoast_head":"<!-- This site is optimized with the Yoast SEO Premium plugin v20.2.1 (Yoast SEO v22.2) - https:\/\/yoast.com\/wordpress\/plugins\/seo\/ -->\n<title>AVVENTO-NATALE 2024-2025: pagine dei giorni - Annuncio e Sacramenti<\/title>\n<meta name=\"robots\" content=\"index, follow, max-snippet:-1, max-image-preview:large, max-video-preview:-1\" \/>\n<link rel=\"canonical\" href=\"https:\/\/www.diocesitn.it\/area-annuncio\/avvento-natale-2024-2025-pagine-dei-giorni\/\" \/>\n<meta property=\"og:locale\" content=\"it_IT\" \/>\n<meta property=\"og:type\" content=\"article\" \/>\n<meta property=\"og:title\" content=\"AVVENTO-NATALE 2024-2025: pagine dei giorni\" \/>\n<meta property=\"og:description\" content=\"Prima settimana Domenica 1 dicembre Luned\u00ec 2 dicembre Marted\u00ec 3 dicembre Mercoled\u00ec 4 dicembre Gioved\u00ec 5 dicembre Venerd\u00ec 6 dicembre Sabato 7 dicembre Seconda settimana Domenica 8 dicembre Luned\u00ec 9 dicembre Marted\u00ec 10 dicembre Mercoled\u00ec\" \/>\n<meta property=\"og:url\" content=\"https:\/\/www.diocesitn.it\/area-annuncio\/avvento-natale-2024-2025-pagine-dei-giorni\/\" \/>\n<meta property=\"og:site_name\" content=\"Annuncio e Sacramenti\" \/>\n<meta property=\"article:publisher\" content=\"https:\/\/www.facebook.com\/pastoralegiovanile.trento\/\" \/>\n<meta property=\"article:modified_time\" content=\"2024-11-28T08:59:22+00:00\" \/>\n<meta property=\"og:image\" content=\"https:\/\/www.diocesitn.it\/area-annuncio\/wp-content\/uploads\/sites\/39\/2021\/09\/og-logo-annuncio-e-sacramenti.jpg\" \/>\n\t<meta property=\"og:image:width\" content=\"1200\" \/>\n\t<meta property=\"og:image:height\" content=\"630\" \/>\n\t<meta property=\"og:image:type\" content=\"image\/jpeg\" \/>\n<meta name=\"twitter:card\" content=\"summary_large_image\" \/>\n<meta name=\"twitter:label1\" content=\"Tempo di lettura stimato\" \/>\n\t<meta name=\"twitter:data1\" content=\"1 minuto\" \/>\n<script type=\"application\/ld+json\" class=\"yoast-schema-graph\">{\"@context\":\"https:\/\/schema.org\",\"@graph\":[{\"@type\":\"WebPage\",\"@id\":\"https:\/\/www.diocesitn.it\/area-annuncio\/avvento-natale-2024-2025-pagine-dei-giorni\/\",\"url\":\"https:\/\/www.diocesitn.it\/area-annuncio\/avvento-natale-2024-2025-pagine-dei-giorni\/\",\"name\":\"AVVENTO-NATALE 2024-2025: pagine dei giorni - Annuncio e Sacramenti\",\"isPartOf\":{\"@id\":\"https:\/\/www.diocesitn.it\/area-annuncio\/#website\"},\"datePublished\":\"2021-11-19T11:19:23+00:00\",\"dateModified\":\"2024-11-28T08:59:22+00:00\",\"breadcrumb\":{\"@id\":\"https:\/\/www.diocesitn.it\/area-annuncio\/avvento-natale-2024-2025-pagine-dei-giorni\/#breadcrumb\"},\"inLanguage\":\"it-IT\",\"potentialAction\":[{\"@type\":\"ReadAction\",\"target\":[\"https:\/\/www.diocesitn.it\/area-annuncio\/avvento-natale-2024-2025-pagine-dei-giorni\/\"]}]},{\"@type\":\"BreadcrumbList\",\"@id\":\"https:\/\/www.diocesitn.it\/area-annuncio\/avvento-natale-2024-2025-pagine-dei-giorni\/#breadcrumb\",\"itemListElement\":[{\"@type\":\"ListItem\",\"position\":1,\"name\":\"Home\",\"item\":\"https:\/\/www.diocesitn.it\/area-annuncio\/\"},{\"@type\":\"ListItem\",\"position\":2,\"name\":\"AVVENTO-NATALE 2024-2025: pagine dei giorni\"}]},{\"@type\":\"WebSite\",\"@id\":\"https:\/\/www.diocesitn.it\/area-annuncio\/#website\",\"url\":\"https:\/\/www.diocesitn.it\/area-annuncio\/\",\"name\":\"Annuncio e Sacramenti\",\"description\":\"Chiesa di Trento\",\"publisher\":{\"@id\":\"https:\/\/www.diocesitn.it\/area-annuncio\/#organization\"},\"potentialAction\":[{\"@type\":\"SearchAction\",\"target\":{\"@type\":\"EntryPoint\",\"urlTemplate\":\"https:\/\/www.diocesitn.it\/area-annuncio\/?s={search_term_string}\"},\"query-input\":\"required name=search_term_string\"}],\"inLanguage\":\"it-IT\"},{\"@type\":[\"Organization\",\"Place\"],\"@id\":\"https:\/\/www.diocesitn.it\/area-annuncio\/#organization\",\"name\":\"Area Annuncio e Sacramenti - Chiesa di Trento\",\"url\":\"https:\/\/www.diocesitn.it\/area-annuncio\/\",\"logo\":{\"@id\":\"https:\/\/www.diocesitn.it\/area-annuncio\/avvento-natale-2024-2025-pagine-dei-giorni\/#local-main-organization-logo\"},\"image\":{\"@id\":\"https:\/\/www.diocesitn.it\/area-annuncio\/avvento-natale-2024-2025-pagine-dei-giorni\/#local-main-organization-logo\"},\"sameAs\":[\"https:\/\/www.facebook.com\/pastoralegiovanile.trento\/\",\"https:\/\/www.instagram.com\/pastoralegiovaniletrento\/\",\"https:\/\/www.youtube.com\/channel\/UCGt7hyJaIQIkrQPos4K6L6w\"],\"openingHoursSpecification\":[{\"@type\":\"OpeningHoursSpecification\",\"dayOfWeek\":[\"Monday\",\"Tuesday\",\"Wednesday\",\"Thursday\",\"Friday\",\"Saturday\",\"Sunday\"],\"opens\":\"09:00\",\"closes\":\"17:00\"}]},{\"@type\":\"ImageObject\",\"inLanguage\":\"it-IT\",\"@id\":\"https:\/\/www.diocesitn.it\/area-annuncio\/avvento-natale-2024-2025-pagine-dei-giorni\/#local-main-organization-logo\",\"url\":\"https:\/\/www.diocesitn.it\/area-annuncio\/wp-content\/uploads\/sites\/39\/2021\/09\/og-logo-annuncio-e-sacramenti.jpg\",\"contentUrl\":\"https:\/\/www.diocesitn.it\/area-annuncio\/wp-content\/uploads\/sites\/39\/2021\/09\/og-logo-annuncio-e-sacramenti.jpg\",\"width\":1200,\"height\":630,\"caption\":\"Area Annuncio e Sacramenti - Chiesa di Trento\"}]}<\/script>\n<!-- \/ Yoast SEO Premium plugin. -->","yoast_head_json":{"title":"AVVENTO-NATALE 2024-2025: pagine dei giorni - Annuncio e Sacramenti","robots":{"index":"index","follow":"follow","max-snippet":"max-snippet:-1","max-image-preview":"max-image-preview:large","max-video-preview":"max-video-preview:-1"},"canonical":"https:\/\/www.diocesitn.it\/area-annuncio\/avvento-natale-2024-2025-pagine-dei-giorni\/","og_locale":"it_IT","og_type":"article","og_title":"AVVENTO-NATALE 2024-2025: pagine dei giorni","og_description":"Prima settimana Domenica 1 dicembre Luned\u00ec 2 dicembre Marted\u00ec 3 dicembre Mercoled\u00ec 4 dicembre Gioved\u00ec 5 dicembre Venerd\u00ec 6 dicembre Sabato 7 dicembre Seconda settimana Domenica 8 dicembre Luned\u00ec 9 dicembre Marted\u00ec 10 dicembre Mercoled\u00ec","og_url":"https:\/\/www.diocesitn.it\/area-annuncio\/avvento-natale-2024-2025-pagine-dei-giorni\/","og_site_name":"Annuncio e Sacramenti","article_publisher":"https:\/\/www.facebook.com\/pastoralegiovanile.trento\/","article_modified_time":"2024-11-28T08:59:22+00:00","og_image":[{"width":1200,"height":630,"url":"https:\/\/www.diocesitn.it\/area-annuncio\/wp-content\/uploads\/sites\/39\/2021\/09\/og-logo-annuncio-e-sacramenti.jpg","type":"image\/jpeg"}],"twitter_card":"summary_large_image","twitter_misc":{"Tempo di lettura stimato":"1 minuto"},"schema":{"@context":"https:\/\/schema.org","@graph":[{"@type":"WebPage","@id":"https:\/\/www.diocesitn.it\/area-annuncio\/avvento-natale-2024-2025-pagine-dei-giorni\/","url":"https:\/\/www.diocesitn.it\/area-annuncio\/avvento-natale-2024-2025-pagine-dei-giorni\/","name":"AVVENTO-NATALE 2024-2025: pagine dei giorni - Annuncio e Sacramenti","isPartOf":{"@id":"https:\/\/www.diocesitn.it\/area-annuncio\/#website"},"datePublished":"2021-11-19T11:19:23+00:00","dateModified":"2024-11-28T08:59:22+00:00","breadcrumb":{"@id":"https:\/\/www.diocesitn.it\/area-annuncio\/avvento-natale-2024-2025-pagine-dei-giorni\/#breadcrumb"},"inLanguage":"it-IT","potentialAction":[{"@type":"ReadAction","target":["https:\/\/www.diocesitn.it\/area-annuncio\/avvento-natale-2024-2025-pagine-dei-giorni\/"]}]},{"@type":"BreadcrumbList","@id":"https:\/\/www.diocesitn.it\/area-annuncio\/avvento-natale-2024-2025-pagine-dei-giorni\/#breadcrumb","itemListElement":[{"@type":"ListItem","position":1,"name":"Home","item":"https:\/\/www.diocesitn.it\/area-annuncio\/"},{"@type":"ListItem","position":2,"name":"AVVENTO-NATALE 2024-2025: pagine dei giorni"}]},{"@type":"WebSite","@id":"https:\/\/www.diocesitn.it\/area-annuncio\/#website","url":"https:\/\/www.diocesitn.it\/area-annuncio\/","name":"Annuncio e Sacramenti","description":"Chiesa di Trento","publisher":{"@id":"https:\/\/www.diocesitn.it\/area-annuncio\/#organization"},"potentialAction":[{"@type":"SearchAction","target":{"@type":"EntryPoint","urlTemplate":"https:\/\/www.diocesitn.it\/area-annuncio\/?s={search_term_string}"},"query-input":"required name=search_term_string"}],"inLanguage":"it-IT"},{"@type":["Organization","Place"],"@id":"https:\/\/www.diocesitn.it\/area-annuncio\/#organization","name":"Area Annuncio e Sacramenti - Chiesa di Trento","url":"https:\/\/www.diocesitn.it\/area-annuncio\/","logo":{"@id":"https:\/\/www.diocesitn.it\/area-annuncio\/avvento-natale-2024-2025-pagine-dei-giorni\/#local-main-organization-logo"},"image":{"@id":"https:\/\/www.diocesitn.it\/area-annuncio\/avvento-natale-2024-2025-pagine-dei-giorni\/#local-main-organization-logo"},"sameAs":["https:\/\/www.facebook.com\/pastoralegiovanile.trento\/","https:\/\/www.instagram.com\/pastoralegiovaniletrento\/","https:\/\/www.youtube.com\/channel\/UCGt7hyJaIQIkrQPos4K6L6w"],"openingHoursSpecification":[{"@type":"OpeningHoursSpecification","dayOfWeek":["Monday","Tuesday","Wednesday","Thursday","Friday","Saturday","Sunday"],"opens":"09:00","closes":"17:00"}]},{"@type":"ImageObject","inLanguage":"it-IT","@id":"https:\/\/www.diocesitn.it\/area-annuncio\/avvento-natale-2024-2025-pagine-dei-giorni\/#local-main-organization-logo","url":"https:\/\/www.diocesitn.it\/area-annuncio\/wp-content\/uploads\/sites\/39\/2021\/09\/og-logo-annuncio-e-sacramenti.jpg","contentUrl":"https:\/\/www.diocesitn.it\/area-annuncio\/wp-content\/uploads\/sites\/39\/2021\/09\/og-logo-annuncio-e-sacramenti.jpg","width":1200,"height":630,"caption":"Area Annuncio e Sacramenti - Chiesa di Trento"}]}},"_links":{"self":[{"href":"https:\/\/www.diocesitn.it\/area-annuncio\/wp-json\/wp\/v2\/pages\/13911","targetHints":{"allow":["GET"]}}],"collection":[{"href":"https:\/\/www.diocesitn.it\/area-annuncio\/wp-json\/wp\/v2\/pages"}],"about":[{"href":"https:\/\/www.diocesitn.it\/area-annuncio\/wp-json\/wp\/v2\/types\/page"}],"author":[{"embeddable":true,"href":"https:\/\/www.diocesitn.it\/area-annuncio\/wp-json\/wp\/v2\/users\/14"}],"replies":[{"embeddable":true,"href":"https:\/\/www.diocesitn.it\/area-annuncio\/wp-json\/wp\/v2\/comments?post=13911"}],"version-history":[{"count":4,"href":"https:\/\/www.diocesitn.it\/area-annuncio\/wp-json\/wp\/v2\/pages\/13911\/revisions"}],"predecessor-version":[{"id":22834,"href":"https:\/\/www.diocesitn.it\/area-annuncio\/wp-json\/wp\/v2\/pages\/13911\/revisions\/22834"}],"wp:attachment":[{"href":"https:\/\/www.diocesitn.it\/area-annuncio\/wp-json\/wp\/v2\/media?parent=13911"}],"curies":[{"name":"wp","href":"https:\/\/api.w.org\/{rel}","templated":true}]}}