{"id":1064,"date":"2017-01-17T09:54:51","date_gmt":"2017-01-17T08:54:51","guid":{"rendered":"https:\/\/www.diocesitn.it\/famiglia\/materiale-a-disposizione\/incontri-di-preghiera\/monastero-invisibile\/"},"modified":"2017-01-17T09:54:51","modified_gmt":"2017-01-17T08:54:51","slug":"monastero-invisibile","status":"publish","type":"page","link":"https:\/\/www.diocesitn.it\/area-annuncio\/materiale-a-disposizione\/incontri-di-preghiera\/monastero-invisibile\/","title":{"rendered":"Monastero invisibile"},"content":{"rendered":"<p><img loading=\"lazy\" decoding=\"async\" class=\"size-full wp-image-450 alignleft\" src=\"https:\/\/www.diocesitn.it\/area-annuncio\/wp-content\/uploads\/sites\/39\/2016\/10\/Monastero-invisibile.png\" alt=\"\" width=\"168\" height=\"138\" \/><\/p>\n<p>In una delle sue omelie mattutine (3 marzo 2014) papa Francesco ha detto che bisogna \u00absempre stare attenti, perch\u00e9 le vocazioni ci sono. Dobbiamo aiutare affinch\u00e9 crescano, affinch\u00e9 il Signore possa entrare in quei cuori e dare questa gioia indicibile e gloriosa che ha ogni persona che segue da vicino Ges\u00f9\u00bb. E per aiutare questa crescita ha invitato tutti a pregare per le vocazioni e a pregare tanto.<br \/>\nPer farlo insieme, anche quest\u2019anno la Diocesi offre due schemi di preghiera, ispirati a quello proposto dall\u2019Ufficio CEI per le vocazioni: uno per le parrocchie e le comunit\u00e0, l\u2019altro, pi\u00f9 breve e semplice, per le famiglie come preghiera prima del pasto o come preghiera della sera. Esso pu\u00f2 essere utilizzati anche dai\u00a0gruppi famiglie per il momento di preghiera cui sempre si fa spazio durante l\u2019incontro, sia esso iniziale o conclusivo. La proposta \u00e8 di mettersi tutti in sintonia il primo gioved\u00ec o il primo venerd\u00ec del mese, formando un Monastero Invisibile; invisibile agli occhi nostri ma non a quelli del Signore!<\/p>\n<p><strong>Monastero invisibile 2018<\/strong><\/p>\n<ul>\n<li><a href=\"https:\/\/www.diocesitn.it\/area-annuncio\/wp-content\/uploads\/sites\/2\/2017\/09\/1.-Gennaio-2018-MI-famiglie.pdf\">Gennaio<\/a><\/li>\n<li><a href=\"https:\/\/www.diocesitn.it\/area-annuncio\/wp-content\/uploads\/sites\/2\/2017\/10\/2.-Febbraio-2018-MI-famiglie.pdf\" target=\"_blank\" rel=\"noopener\">Febbraio<\/a><\/li>\n<li><a href=\"https:\/\/www.diocesitn.it\/area-annuncio\/wp-content\/uploads\/sites\/2\/2017\/10\/3.-Marzo-2018-MI-famiglie.pdf\">Marzo<\/a><\/li>\n<li><a href=\"https:\/\/www.diocesitn.it\/area-annuncio\/wp-content\/uploads\/sites\/2\/2017\/10\/4.-Aprile-2018-MI-famiglie.pdf\" target=\"_blank\" rel=\"noopener\">Aprile<\/a><\/li>\n<li><a href=\"https:\/\/www.diocesitn.it\/area-annuncio\/wp-content\/uploads\/sites\/2\/2017\/10\/05-maggio-2018-MI-famiglie.pdf\" target=\"_blank\" rel=\"noopener\">Maggio<\/a><\/li>\n<li><a href=\"https:\/\/www.diocesitn.it\/area-annuncio\/wp-content\/uploads\/sites\/2\/2017\/10\/6.-Giugno-2018-MI-famiglie.pdf\" target=\"_blank\" rel=\"noopener\">Giugno<\/a><\/li>\n<li><a href=\"https:\/\/www.diocesitn.it\/area-annuncio\/wp-content\/uploads\/sites\/2\/2017\/10\/7.-Ottobre-2018-MI-famiglie.pdf\" target=\"_blank\" rel=\"noopener\">Ottobre<\/a><\/li>\n<li><a href=\"https:\/\/www.diocesitn.it\/area-annuncio\/wp-content\/uploads\/sites\/2\/2017\/10\/8.-Novembre-2018-MI-famiglie.pdf\" target=\"_blank\" rel=\"noopener\">Novembre<\/a><\/li>\n<\/ul>\n<p><strong>Monastero invisibile 2017<\/strong><\/p>\n<ul>\n<li><a href=\"https:\/\/www.diocesitn.it\/area-annuncio\/wp-content\/uploads\/sites\/39\/2017\/01\/01-MI-famiglie-gennaio-2017-1.pdf\">Gennaio<\/a><\/li>\n<li><a href=\"https:\/\/www.diocesitn.it\/area-annuncio\/wp-content\/uploads\/sites\/39\/2017\/01\/02-MI-famiglie-febbraio-2017.pdf\">Febbraio<\/a><\/li>\n<li><a href=\"https:\/\/www.diocesitn.it\/area-annuncio\/wp-content\/uploads\/sites\/2\/2017\/02\/03-MI-famiglie-marzo-2017.pdf\" target=\"_blank\" rel=\"noopener\">Marzo<\/a><\/li>\n<li><a href=\"https:\/\/www.diocesitn.it\/area-annuncio\/wp-content\/uploads\/sites\/2\/2017\/03\/04-MI-famiglie-aprile-2017.pdf\" target=\"_blank\" rel=\"noopener\">Aprile<\/a><\/li>\n<li><a href=\"https:\/\/www.diocesitn.it\/area-annuncio\/wp-content\/uploads\/sites\/2\/2017\/05\/05-MI-famiglie-maggio-2017.pdf\" target=\"_blank\" rel=\"noopener\">Maggio<\/a><\/li>\n<li><a href=\"https:\/\/www.diocesitn.it\/area-annuncio\/wp-content\/uploads\/sites\/2\/2017\/09\/07-MI-famiglie-ottobre-2017.pdf\" target=\"_blank\" rel=\"noopener\">Ottobre<\/a><\/li>\n<li><a href=\"https:\/\/www.diocesitn.it\/area-annuncio\/wp-content\/uploads\/sites\/2\/2017\/10\/08-MI-famiglie-novembre-2017.pdf\" target=\"_blank\" rel=\"noopener\">Novembre<\/a><\/li>\n<li><a href=\"https:\/\/www.diocesitn.it\/area-annuncio\/wp-content\/uploads\/sites\/2\/2017\/11\/09-MI-famiglie-dicembre-2017.pdf\" target=\"_blank\" rel=\"noopener\">Dicembre<\/a><\/li>\n<\/ul>\n<p>&nbsp;<\/p>\n<p><strong>Archivio<\/strong><\/p>\n<ul>\n<li><a href=\"https:\/\/www.diocesitn.it\/area-annuncio\/wp-content\/uploads\/sites\/39\/2017\/01\/Monastero-Invisibile-2016-completo.pdf\">Monastero Invisibile 2016<\/a><\/li>\n<li><a href=\"https:\/\/www.diocesitn.it\/area-annuncio\/wp-content\/uploads\/sites\/39\/2017\/01\/Monastero-Invisible-completo.pdf\" target=\"_blank\" rel=\"noopener\">Monastero Invisibile 2014 &#8211; 2015<\/a><\/li>\n<li><a href=\"https:\/\/www.diocesitn.it\/area-annuncio\/wp-content\/uploads\/sites\/39\/2017\/01\/MI-completo-definitivo.pdf\" target=\"_blank\" rel=\"noopener\">Monastero Invisibile 2013 &#8211; 2014<\/a><\/li>\n<li><a href=\"https:\/\/www.diocesitn.it\/area-annuncio\/wp-content\/uploads\/sites\/39\/2017\/01\/Monastero-Invisibile-impaginato-completo.pdf\" target=\"_blank\" rel=\"noopener\">Monastero Invisibile 2012 &#8211; 2013<\/a><\/li>\n<li><a href=\"https:\/\/www.diocesitn.it\/area-annuncio\/wp-content\/uploads\/sites\/39\/2017\/01\/Monastero-invisibile-2011-2012-completo.pdf\" target=\"_blank\" rel=\"noopener\">Monastero invisibile 2011-2012<\/a><\/li>\n<\/ul>\n","protected":false},"excerpt":{"rendered":"<p>In una delle sue omelie mattutine (3 marzo 2014) papa Francesco ha detto che bisogna \u00absempre stare attenti, perch\u00e9 le vocazioni ci sono. Dobbiamo aiutare affinch\u00e9 crescano, affinch\u00e9 il Signore possa entrare in quei cuori<\/p>\n","protected":false},"author":14,"featured_media":0,"parent":1053,"menu_order":0,"comment_status":"closed","ping_status":"closed","template":"","meta":{"footnotes":""},"class_list":["post-1064","page","type-page","status-publish","hentry"],"acf":{"seed-localization-paese-cod":"IT","seed-localization-address":"","seed-localization-citta":"Trento","seed-localization-regione-cod-istat":"04","seed-localization-citta-cod-istat":"022205","seed-localization-localita":"","seed-localization-cap":"","seed-localization-marker-visibility":false,"seed-localization-children-visibility":false,"seed-localization-kml":"","seed-localization-custom-marker":""},"yoast_head":"<!-- This site is optimized with the Yoast SEO Premium plugin v20.2.1 (Yoast SEO v22.2) - https:\/\/yoast.com\/wordpress\/plugins\/seo\/ -->\n<title>Monastero invisibile - Annuncio e Sacramenti<\/title>\n<meta name=\"robots\" content=\"index, follow, max-snippet:-1, max-image-preview:large, max-video-preview:-1\" \/>\n<link rel=\"canonical\" href=\"https:\/\/www.diocesitn.it\/area-annuncio\/materiale-a-disposizione\/incontri-di-preghiera\/monastero-invisibile\/\" \/>\n<meta property=\"og:locale\" content=\"it_IT\" \/>\n<meta property=\"og:type\" content=\"article\" \/>\n<meta property=\"og:title\" content=\"Monastero invisibile\" \/>\n<meta property=\"og:description\" content=\"In una delle sue omelie mattutine (3 marzo 2014) papa Francesco ha detto che bisogna \u00absempre stare attenti, perch\u00e9 le vocazioni ci sono. Dobbiamo aiutare affinch\u00e9 crescano, affinch\u00e9 il Signore possa entrare in quei cuori\" \/>\n<meta property=\"og:url\" content=\"https:\/\/www.diocesitn.it\/area-annuncio\/materiale-a-disposizione\/incontri-di-preghiera\/monastero-invisibile\/\" \/>\n<meta property=\"og:site_name\" content=\"Annuncio e Sacramenti\" \/>\n<meta property=\"article:publisher\" content=\"https:\/\/www.facebook.com\/pastoralegiovanile.trento\/\" \/>\n<meta property=\"og:image\" content=\"https:\/\/www.diocesitn.it\/area-annuncio\/wp-content\/uploads\/sites\/39\/2016\/10\/Monastero-invisibile.png\" \/>\n<meta name=\"twitter:card\" content=\"summary_large_image\" \/>\n<meta name=\"twitter:label1\" content=\"Tempo di lettura stimato\" \/>\n\t<meta name=\"twitter:data1\" content=\"1 minuto\" \/>\n<script type=\"application\/ld+json\" class=\"yoast-schema-graph\">{\"@context\":\"https:\/\/schema.org\",\"@graph\":[{\"@type\":\"WebPage\",\"@id\":\"https:\/\/www.diocesitn.it\/area-annuncio\/materiale-a-disposizione\/incontri-di-preghiera\/monastero-invisibile\/\",\"url\":\"https:\/\/www.diocesitn.it\/area-annuncio\/materiale-a-disposizione\/incontri-di-preghiera\/monastero-invisibile\/\",\"name\":\"Monastero invisibile - Annuncio e Sacramenti\",\"isPartOf\":{\"@id\":\"https:\/\/www.diocesitn.it\/area-annuncio\/#website\"},\"primaryImageOfPage\":{\"@id\":\"https:\/\/www.diocesitn.it\/area-annuncio\/materiale-a-disposizione\/incontri-di-preghiera\/monastero-invisibile\/#primaryimage\"},\"image\":{\"@id\":\"https:\/\/www.diocesitn.it\/area-annuncio\/materiale-a-disposizione\/incontri-di-preghiera\/monastero-invisibile\/#primaryimage\"},\"thumbnailUrl\":\"https:\/\/www.diocesitn.it\/area-annuncio\/wp-content\/uploads\/sites\/39\/2016\/10\/Monastero-invisibile.png\",\"datePublished\":\"2017-01-17T08:54:51+00:00\",\"dateModified\":\"2017-01-17T08:54:51+00:00\",\"breadcrumb\":{\"@id\":\"https:\/\/www.diocesitn.it\/area-annuncio\/materiale-a-disposizione\/incontri-di-preghiera\/monastero-invisibile\/#breadcrumb\"},\"inLanguage\":\"it-IT\",\"potentialAction\":[{\"@type\":\"ReadAction\",\"target\":[\"https:\/\/www.diocesitn.it\/area-annuncio\/materiale-a-disposizione\/incontri-di-preghiera\/monastero-invisibile\/\"]}]},{\"@type\":\"ImageObject\",\"inLanguage\":\"it-IT\",\"@id\":\"https:\/\/www.diocesitn.it\/area-annuncio\/materiale-a-disposizione\/incontri-di-preghiera\/monastero-invisibile\/#primaryimage\",\"url\":\"https:\/\/www.diocesitn.it\/area-annuncio\/wp-content\/uploads\/sites\/39\/2016\/10\/Monastero-invisibile.png\",\"contentUrl\":\"https:\/\/www.diocesitn.it\/area-annuncio\/wp-content\/uploads\/sites\/39\/2016\/10\/Monastero-invisibile.png\",\"width\":168,\"height\":138},{\"@type\":\"BreadcrumbList\",\"@id\":\"https:\/\/www.diocesitn.it\/area-annuncio\/materiale-a-disposizione\/incontri-di-preghiera\/monastero-invisibile\/#breadcrumb\",\"itemListElement\":[{\"@type\":\"ListItem\",\"position\":1,\"name\":\"Home\",\"item\":\"https:\/\/www.diocesitn.it\/area-annuncio\/\"},{\"@type\":\"ListItem\",\"position\":2,\"name\":\"MATERIALE A DISPOSIZIONE\",\"item\":\"https:\/\/www.diocesitn.it\/area-annuncio\/materiale-a-disposizione\/\"},{\"@type\":\"ListItem\",\"position\":3,\"name\":\"Incontri di preghiera\",\"item\":\"https:\/\/www.diocesitn.it\/area-annuncio\/materiale-a-disposizione\/incontri-di-preghiera\/\"},{\"@type\":\"ListItem\",\"position\":4,\"name\":\"Monastero invisibile\"}]},{\"@type\":\"WebSite\",\"@id\":\"https:\/\/www.diocesitn.it\/area-annuncio\/#website\",\"url\":\"https:\/\/www.diocesitn.it\/area-annuncio\/\",\"name\":\"Annuncio e Sacramenti\",\"description\":\"Chiesa di Trento\",\"publisher\":{\"@id\":\"https:\/\/www.diocesitn.it\/area-annuncio\/#organization\"},\"potentialAction\":[{\"@type\":\"SearchAction\",\"target\":{\"@type\":\"EntryPoint\",\"urlTemplate\":\"https:\/\/www.diocesitn.it\/area-annuncio\/?s={search_term_string}\"},\"query-input\":\"required name=search_term_string\"}],\"inLanguage\":\"it-IT\"},{\"@type\":[\"Organization\",\"Place\"],\"@id\":\"https:\/\/www.diocesitn.it\/area-annuncio\/#organization\",\"name\":\"Area Annuncio e Sacramenti - Chiesa di Trento\",\"url\":\"https:\/\/www.diocesitn.it\/area-annuncio\/\",\"logo\":{\"@id\":\"https:\/\/www.diocesitn.it\/area-annuncio\/materiale-a-disposizione\/incontri-di-preghiera\/monastero-invisibile\/#local-main-organization-logo\"},\"image\":{\"@id\":\"https:\/\/www.diocesitn.it\/area-annuncio\/materiale-a-disposizione\/incontri-di-preghiera\/monastero-invisibile\/#local-main-organization-logo\"},\"sameAs\":[\"https:\/\/www.facebook.com\/pastoralegiovanile.trento\/\",\"https:\/\/www.instagram.com\/pastoralegiovaniletrento\/\",\"https:\/\/www.youtube.com\/channel\/UCGt7hyJaIQIkrQPos4K6L6w\"],\"openingHoursSpecification\":[{\"@type\":\"OpeningHoursSpecification\",\"dayOfWeek\":[\"Monday\",\"Tuesday\",\"Wednesday\",\"Thursday\",\"Friday\",\"Saturday\",\"Sunday\"],\"opens\":\"09:00\",\"closes\":\"17:00\"}]},{\"@type\":\"ImageObject\",\"inLanguage\":\"it-IT\",\"@id\":\"https:\/\/www.diocesitn.it\/area-annuncio\/materiale-a-disposizione\/incontri-di-preghiera\/monastero-invisibile\/#local-main-organization-logo\",\"url\":\"https:\/\/www.diocesitn.it\/area-annuncio\/wp-content\/uploads\/sites\/39\/2021\/09\/og-logo-annuncio-e-sacramenti.jpg\",\"contentUrl\":\"https:\/\/www.diocesitn.it\/area-annuncio\/wp-content\/uploads\/sites\/39\/2021\/09\/og-logo-annuncio-e-sacramenti.jpg\",\"width\":1200,\"height\":630,\"caption\":\"Area Annuncio e Sacramenti - Chiesa di Trento\"}]}<\/script>\n<!-- \/ Yoast SEO Premium plugin. -->","yoast_head_json":{"title":"Monastero invisibile - Annuncio e Sacramenti","robots":{"index":"index","follow":"follow","max-snippet":"max-snippet:-1","max-image-preview":"max-image-preview:large","max-video-preview":"max-video-preview:-1"},"canonical":"https:\/\/www.diocesitn.it\/area-annuncio\/materiale-a-disposizione\/incontri-di-preghiera\/monastero-invisibile\/","og_locale":"it_IT","og_type":"article","og_title":"Monastero invisibile","og_description":"In una delle sue omelie mattutine (3 marzo 2014) papa Francesco ha detto che bisogna \u00absempre stare attenti, perch\u00e9 le vocazioni ci sono. Dobbiamo aiutare affinch\u00e9 crescano, affinch\u00e9 il Signore possa entrare in quei cuori","og_url":"https:\/\/www.diocesitn.it\/area-annuncio\/materiale-a-disposizione\/incontri-di-preghiera\/monastero-invisibile\/","og_site_name":"Annuncio e Sacramenti","article_publisher":"https:\/\/www.facebook.com\/pastoralegiovanile.trento\/","og_image":[{"url":"https:\/\/www.diocesitn.it\/area-annuncio\/wp-content\/uploads\/sites\/39\/2016\/10\/Monastero-invisibile.png"}],"twitter_card":"summary_large_image","twitter_misc":{"Tempo di lettura stimato":"1 minuto"},"schema":{"@context":"https:\/\/schema.org","@graph":[{"@type":"WebPage","@id":"https:\/\/www.diocesitn.it\/area-annuncio\/materiale-a-disposizione\/incontri-di-preghiera\/monastero-invisibile\/","url":"https:\/\/www.diocesitn.it\/area-annuncio\/materiale-a-disposizione\/incontri-di-preghiera\/monastero-invisibile\/","name":"Monastero invisibile - Annuncio e Sacramenti","isPartOf":{"@id":"https:\/\/www.diocesitn.it\/area-annuncio\/#website"},"primaryImageOfPage":{"@id":"https:\/\/www.diocesitn.it\/area-annuncio\/materiale-a-disposizione\/incontri-di-preghiera\/monastero-invisibile\/#primaryimage"},"image":{"@id":"https:\/\/www.diocesitn.it\/area-annuncio\/materiale-a-disposizione\/incontri-di-preghiera\/monastero-invisibile\/#primaryimage"},"thumbnailUrl":"https:\/\/www.diocesitn.it\/area-annuncio\/wp-content\/uploads\/sites\/39\/2016\/10\/Monastero-invisibile.png","datePublished":"2017-01-17T08:54:51+00:00","dateModified":"2017-01-17T08:54:51+00:00","breadcrumb":{"@id":"https:\/\/www.diocesitn.it\/area-annuncio\/materiale-a-disposizione\/incontri-di-preghiera\/monastero-invisibile\/#breadcrumb"},"inLanguage":"it-IT","potentialAction":[{"@type":"ReadAction","target":["https:\/\/www.diocesitn.it\/area-annuncio\/materiale-a-disposizione\/incontri-di-preghiera\/monastero-invisibile\/"]}]},{"@type":"ImageObject","inLanguage":"it-IT","@id":"https:\/\/www.diocesitn.it\/area-annuncio\/materiale-a-disposizione\/incontri-di-preghiera\/monastero-invisibile\/#primaryimage","url":"https:\/\/www.diocesitn.it\/area-annuncio\/wp-content\/uploads\/sites\/39\/2016\/10\/Monastero-invisibile.png","contentUrl":"https:\/\/www.diocesitn.it\/area-annuncio\/wp-content\/uploads\/sites\/39\/2016\/10\/Monastero-invisibile.png","width":168,"height":138},{"@type":"BreadcrumbList","@id":"https:\/\/www.diocesitn.it\/area-annuncio\/materiale-a-disposizione\/incontri-di-preghiera\/monastero-invisibile\/#breadcrumb","itemListElement":[{"@type":"ListItem","position":1,"name":"Home","item":"https:\/\/www.diocesitn.it\/area-annuncio\/"},{"@type":"ListItem","position":2,"name":"MATERIALE A DISPOSIZIONE","item":"https:\/\/www.diocesitn.it\/area-annuncio\/materiale-a-disposizione\/"},{"@type":"ListItem","position":3,"name":"Incontri di preghiera","item":"https:\/\/www.diocesitn.it\/area-annuncio\/materiale-a-disposizione\/incontri-di-preghiera\/"},{"@type":"ListItem","position":4,"name":"Monastero invisibile"}]},{"@type":"WebSite","@id":"https:\/\/www.diocesitn.it\/area-annuncio\/#website","url":"https:\/\/www.diocesitn.it\/area-annuncio\/","name":"Annuncio e Sacramenti","description":"Chiesa di Trento","publisher":{"@id":"https:\/\/www.diocesitn.it\/area-annuncio\/#organization"},"potentialAction":[{"@type":"SearchAction","target":{"@type":"EntryPoint","urlTemplate":"https:\/\/www.diocesitn.it\/area-annuncio\/?s={search_term_string}"},"query-input":"required name=search_term_string"}],"inLanguage":"it-IT"},{"@type":["Organization","Place"],"@id":"https:\/\/www.diocesitn.it\/area-annuncio\/#organization","name":"Area Annuncio e Sacramenti - Chiesa di Trento","url":"https:\/\/www.diocesitn.it\/area-annuncio\/","logo":{"@id":"https:\/\/www.diocesitn.it\/area-annuncio\/materiale-a-disposizione\/incontri-di-preghiera\/monastero-invisibile\/#local-main-organization-logo"},"image":{"@id":"https:\/\/www.diocesitn.it\/area-annuncio\/materiale-a-disposizione\/incontri-di-preghiera\/monastero-invisibile\/#local-main-organization-logo"},"sameAs":["https:\/\/www.facebook.com\/pastoralegiovanile.trento\/","https:\/\/www.instagram.com\/pastoralegiovaniletrento\/","https:\/\/www.youtube.com\/channel\/UCGt7hyJaIQIkrQPos4K6L6w"],"openingHoursSpecification":[{"@type":"OpeningHoursSpecification","dayOfWeek":["Monday","Tuesday","Wednesday","Thursday","Friday","Saturday","Sunday"],"opens":"09:00","closes":"17:00"}]},{"@type":"ImageObject","inLanguage":"it-IT","@id":"https:\/\/www.diocesitn.it\/area-annuncio\/materiale-a-disposizione\/incontri-di-preghiera\/monastero-invisibile\/#local-main-organization-logo","url":"https:\/\/www.diocesitn.it\/area-annuncio\/wp-content\/uploads\/sites\/39\/2021\/09\/og-logo-annuncio-e-sacramenti.jpg","contentUrl":"https:\/\/www.diocesitn.it\/area-annuncio\/wp-content\/uploads\/sites\/39\/2021\/09\/og-logo-annuncio-e-sacramenti.jpg","width":1200,"height":630,"caption":"Area Annuncio e Sacramenti - Chiesa di Trento"}]}},"_links":{"self":[{"href":"https:\/\/www.diocesitn.it\/area-annuncio\/wp-json\/wp\/v2\/pages\/1064","targetHints":{"allow":["GET"]}}],"collection":[{"href":"https:\/\/www.diocesitn.it\/area-annuncio\/wp-json\/wp\/v2\/pages"}],"about":[{"href":"https:\/\/www.diocesitn.it\/area-annuncio\/wp-json\/wp\/v2\/types\/page"}],"author":[{"embeddable":true,"href":"https:\/\/www.diocesitn.it\/area-annuncio\/wp-json\/wp\/v2\/users\/14"}],"replies":[{"embeddable":true,"href":"https:\/\/www.diocesitn.it\/area-annuncio\/wp-json\/wp\/v2\/comments?post=1064"}],"version-history":[{"count":1,"href":"https:\/\/www.diocesitn.it\/area-annuncio\/wp-json\/wp\/v2\/pages\/1064\/revisions"}],"predecessor-version":[{"id":7143,"href":"https:\/\/www.diocesitn.it\/area-annuncio\/wp-json\/wp\/v2\/pages\/1064\/revisions\/7143"}],"up":[{"embeddable":true,"href":"https:\/\/www.diocesitn.it\/area-annuncio\/wp-json\/wp\/v2\/pages\/1053"}],"wp:attachment":[{"href":"https:\/\/www.diocesitn.it\/area-annuncio\/wp-json\/wp\/v2\/media?parent=1064"}],"curies":[{"name":"wp","href":"https:\/\/api.w.org\/{rel}","templated":true}]}}